{"id":7495,"date":"2025-01-23T16:30:51","date_gmt":"2025-01-23T15:30:51","guid":{"rendered":"https:\/\/agora.xtec.cat\/ceipjventallo\/?page_id=7495"},"modified":"2026-02-10T15:45:05","modified_gmt":"2026-02-10T14:45:05","slug":"xarxa-enfocament-restauratiu-global","status":"publish","type":"page","link":"https:\/\/agora.xtec.cat\/ceipjventallo\/documents-i-projectes\/xarxa-enfocament-restauratiu-global\/","title":{"rendered":"Xarxa Enfocament restauratiu global"},"content":{"rendered":"<p>La Xarxa d&#8217;Enfocament restauratiu global promou el canvi cap a una comunitat educativa restaurativa, les noves habilitats a aprendre per construir relacions i crear comunitat, donar resposta positiva al conflicte, reparar danys i restaurar relacions definint els elements estructurals i organitzatius dins del projecte de conviv\u00e8ncia de centre.<\/p>\n<p>Els objectius del Programa ERG s\u00f3n els seg\u00fcents:<\/p>\n<ul>\n<li>Incorporar procediments i estrat\u00e8gies que possibilitin la participaci\u00f3, la implicaci\u00f3 i el comprom\u00eds de la comunitat educativa per construir una conviv\u00e8ncia positiva.<\/li>\n<li>Facilitar el desenvolupament d&#8217;habilitats relacionals per fomentar una cultura del di\u00e0leg, de pau i no-viol\u00e8ncia, juntament amb els valors i principis del respecte, la inclusi\u00f3 i l&#8217;honestedat.<\/li>\n<li>Apoderar els centres educatius en el marc de les pr\u00e0ctiques restauratives preventives per promoure en l&#8217;alumnat la ciutadania democr\u00e0tica, la consci\u00e8ncia global i el benestar emocional, alhora que s&#8217;implementen les pr\u00e0ctiques restauratives responsives per a la gesti\u00f3 positiva dels conflictes.<\/li>\n<li>Establir mecanismes de reparaci\u00f3 de relacions i danys per superar la punici\u00f3 i optar per processos inclusius i la millora de la conviv\u00e8ncia.<a href=\"https:\/\/agora.xtec.cat\/ceipjventallo\/wp-content\/uploads\/usu802\/2025\/01\/xerg.webp\"><img loading=\"lazy\" decoding=\"async\" class=\"aligncenter size-full wp-image-7496\" src=\"https:\/\/agora.xtec.cat\/ceipjventallo\/wp-content\/uploads\/usu802\/2025\/01\/xerg.webp\" alt=\"\" width=\"320\" height=\"320\" srcset=\"https:\/\/agora.xtec.cat\/ceipjventallo\/wp-content\/uploads\/usu802\/2025\/01\/xerg.webp 320w, https:\/\/agora.xtec.cat\/ceipjventallo\/wp-content\/uploads\/usu802\/2025\/01\/xerg-300x300.webp 300w, https:\/\/agora.xtec.cat\/ceipjventallo\/wp-content\/uploads\/usu802\/2025\/01\/xerg-150x150.webp 150w\" sizes=\"auto, (max-width: 320px) 100vw, 320px\" \/><\/a><\/li>\n<\/ul>\n","protected":false},"excerpt":{"rendered":"<p>La Xarxa d&#8217;Enfocament restauratiu global promou el canvi cap a una comunitat educativa restaurativa, les noves habilitats a aprendre per construir relacions i crear comunitat, donar resposta positiva al conflicte, reparar danys i restaurar relacions definint els elements estructurals i organitzatius dins del projecte de conviv\u00e8ncia de centre. Els objectius del Programa ERG s\u00f3n els [&hellip;]<\/p>\n","protected":false},"author":1,"featured_media":0,"parent":7548,"menu_order":80,"comment_status":"closed","ping_status":"closed","template":"","meta":{"_bbp_topic_count":0,"_bbp_reply_count":0,"_bbp_total_topic_count":0,"_bbp_total_reply_count":0,"_bbp_voice_count":0,"_bbp_anonymous_reply_count":0,"_bbp_topic_count_hidden":0,"_bbp_reply_count_hidden":0,"_bbp_forum_subforum_count":0,"site-sidebar-layout":"default","site-content-layout":"","ast-site-content-layout":"default","site-content-style":"default","site-sidebar-style":"default","ast-global-header-display":"","ast-banner-title-visibility":"","ast-main-header-display":"","ast-hfb-above-header-display":"","ast-hfb-below-header-display":"","ast-hfb-mobile-header-display":"","site-post-title":"","ast-breadcrumbs-content":"","ast-featured-img":"","footer-sml-layout":"","theme-transparent-header-meta":"default","adv-header-id-meta":"","stick-header-meta":"","header-above-stick-meta":"","header-main-stick-meta":"","header-below-stick-meta":"","astra-migrate-meta-layouts":"set","ast-page-background-enabled":"default","ast-page-background-meta":{"desktop":{"background-color":"var(--ast-global-color-4)","background-image":"","background-repeat":"repeat","background-position":"center center","background-size":"auto","background-attachment":"scroll","background-type":"","background-media":"","overlay-type":"","overlay-color":"","overlay-opacity":"","overlay-gradient":""},"tablet":{"background-color":"","background-image":"","background-repeat":"repeat","background-position":"center center","background-size":"auto","background-attachment":"scroll","background-type":"","background-media":"","overlay-type":"","overlay-color":"","overlay-opacity":"","overlay-gradient":""},"mobile":{"background-color":"","background-image":"","background-repeat":"repeat","background-position":"center center","background-size":"auto","background-attachment":"scroll","background-type":"","background-media":"","overlay-type":"","overlay-color":"","overlay-opacity":"","overlay-gradient":""}},"ast-content-background-meta":{"desktop":{"background-color":"var(--ast-global-color-5)","background-image":"","background-repeat":"repeat","background-position":"center center","background-size":"auto","background-attachment":"scroll","background-type":"","background-media":"","overlay-type":"","overlay-color":"","overlay-opacity":"","overlay-gradient":""},"tablet":{"background-color":"var(--ast-global-color-5)","background-image":"","background-repeat":"repeat","background-position":"center center","background-size":"auto","background-attachment":"scroll","background-type":"","background-media":"","overlay-type":"","overlay-color":"","overlay-opacity":"","overlay-gradient":""},"mobile":{"background-color":"var(--ast-global-color-5)","background-image":"","background-repeat":"repeat","background-position":"center center","background-size":"auto","background-attachment":"scroll","background-type":"","background-media":"","overlay-type":"","overlay-color":"","overlay-opacity":"","overlay-gradient":""}},"footnotes":""},"class_list":["post-7495","page","type-page","status-publish","hentry"],"post_mailing_queue_ids":[],"_links":{"self":[{"href":"https:\/\/agora.xtec.cat\/ceipjventallo\/wp-json\/wp\/v2\/pages\/7495","targetHints":{"allow":["GET"]}}],"collection":[{"href":"https:\/\/agora.xtec.cat\/ceipjventallo\/wp-json\/wp\/v2\/pages"}],"about":[{"href":"https:\/\/agora.xtec.cat\/ceipjventallo\/wp-json\/wp\/v2\/types\/page"}],"author":[{"embeddable":true,"href":"https:\/\/agora.xtec.cat\/ceipjventallo\/wp-json\/wp\/v2\/users\/1"}],"replies":[{"embeddable":true,"href":"https:\/\/agora.xtec.cat\/ceipjventallo\/wp-json\/wp\/v2\/comments?post=7495"}],"version-history":[{"count":1,"href":"https:\/\/agora.xtec.cat\/ceipjventallo\/wp-json\/wp\/v2\/pages\/7495\/revisions"}],"predecessor-version":[{"id":7497,"href":"https:\/\/agora.xtec.cat\/ceipjventallo\/wp-json\/wp\/v2\/pages\/7495\/revisions\/7497"}],"up":[{"embeddable":true,"href":"https:\/\/agora.xtec.cat\/ceipjventallo\/wp-json\/wp\/v2\/pages\/7548"}],"wp:attachment":[{"href":"https:\/\/agora.xtec.cat\/ceipjventallo\/wp-json\/wp\/v2\/media?parent=7495"}],"curies":[{"name":"wp","href":"https:\/\/api.w.org\/{rel}","templated":true}]}}