{"id":7413,"date":"2025-01-22T13:46:44","date_gmt":"2025-01-22T12:46:44","guid":{"rendered":"https:\/\/agora.xtec.cat\/ceipjventallo\/?page_id=7413"},"modified":"2026-02-11T16:11:30","modified_gmt":"2026-02-11T15:11:30","slug":"programa-tecnics-dintegracio-social-i-educadors-socials-fse","status":"publish","type":"page","link":"https:\/\/agora.xtec.cat\/ceipjventallo\/documents-i-projectes\/programa-tecnics-dintegracio-social-i-educadors-socials-fse\/","title":{"rendered":"Programa T\u00e8cnics d\u2019integraci\u00f3 social i educadors socials (FSE+)"},"content":{"rendered":"<p><strong>Programa de contractaci\u00f3 de t\u00e8cnics d\u2019integraci\u00f3 social i educadors socials<\/strong><\/p>\n<p>El centre Escola Josep Ventall\u00f3 i Vintr\u00f3 disposa de professionals d\u2019atenci\u00f3 educativa amb la finalitat de garantir l\u2019equitat en l\u2019acc\u00e9s a l\u2019educaci\u00f3: T\u00e8cnica d\u2019integraci\u00f3 social.<\/p>\n<p>La contractaci\u00f3 d\u2019aquesta professional est\u00e0 cofinan\u00e7ada en un 40 % per la Uni\u00f3 Europea i la resta pel Departament d\u2019Educaci\u00f3 i Formaci\u00f3 Professional, fet que comporta complir unes mesures de publicitat i comunicaci\u00f3.<\/p>\n<p>La incorporaci\u00f3 de t\u00e8cnics d\u2019integraci\u00f3 social<strong>\u00a0t\u00e9 com a objecte<\/strong> suplementar amb professionals d&#8217;atenci\u00f3 educativa l&#8217;activitat que es presta en els centres educatius, amb la finalitat de garantir l&#8217;equitat en l&#8217;acc\u00e9s a l\u2019educaci\u00f3.<\/p>\n<p>Els objectius del <strong>Programa de t\u00e8cnics d\u2019integraci\u00f3 social i educadors socials<\/strong>, <strong>cofinan\u00e7at per la Uni\u00f3 Europea<\/strong>, s\u00f3n:<\/p>\n<ul>\n<li>Prevenir l\u2019abandonament prematur i el frac\u00e0s escolar.<\/li>\n<li>Procurar el benestar emocional dels alumnes.<\/li>\n<li>Facilitar una bona conviv\u00e8ncia en els centres educatius.<\/li>\n<li>Contribuir a l\u2019orientaci\u00f3 dels alumnes.<\/li>\n<li>Fomentar la implicaci\u00f3 de les fam\u00edlies.<\/li>\n<li>Fomentar el vincle entre l\u2019escola i el seu entorn.<\/li>\n<li>Contribuir al desenvolupament de plans d\u2019\u00e0mbit comunitari.<\/li>\n<\/ul>\n<p>El resultat esperat del programa \u00e9s reduir l\u2019absentisme escolar i l\u2019abandonament prematur.<\/p>\n<p style=\"text-align: center;\"><a href=\"https:\/\/agora.xtec.cat\/ceipjventallo\/wp-content\/uploads\/usu802\/2025\/01\/logo-cofinancament-1.png\"><img loading=\"lazy\" decoding=\"async\" class=\"alignnone size-full wp-image-7414\" src=\"https:\/\/agora.xtec.cat\/ceipjventallo\/wp-content\/uploads\/usu802\/2025\/01\/logo-cofinancament-1.png\" alt=\"\" width=\"750\" height=\"200\" srcset=\"https:\/\/agora.xtec.cat\/ceipjventallo\/wp-content\/uploads\/usu802\/2025\/01\/logo-cofinancament-1.png 750w, https:\/\/agora.xtec.cat\/ceipjventallo\/wp-content\/uploads\/usu802\/2025\/01\/logo-cofinancament-1-300x80.png 300w\" sizes=\"auto, (max-width: 750px) 100vw, 750px\" \/><\/a><\/p>\n","protected":false},"excerpt":{"rendered":"<p>Programa de contractaci\u00f3 de t\u00e8cnics d\u2019integraci\u00f3 social i educadors socials El centre Escola Josep Ventall\u00f3 i Vintr\u00f3 disposa de professionals d\u2019atenci\u00f3 educativa amb la finalitat de garantir l\u2019equitat en l\u2019acc\u00e9s a l\u2019educaci\u00f3: T\u00e8cnica d\u2019integraci\u00f3 social. La contractaci\u00f3 d\u2019aquesta professional est\u00e0 cofinan\u00e7ada en un 40 % per la Uni\u00f3 Europea i la resta pel Departament d\u2019Educaci\u00f3 [&hellip;]<\/p>\n","protected":false},"author":1,"featured_media":0,"parent":7548,"menu_order":70,"comment_status":"closed","ping_status":"closed","template":"","meta":{"_bbp_topic_count":0,"_bbp_reply_count":0,"_bbp_total_topic_count":0,"_bbp_total_reply_count":0,"_bbp_voice_count":0,"_bbp_anonymous_reply_count":0,"_bbp_topic_count_hidden":0,"_bbp_reply_count_hidden":0,"_bbp_forum_subforum_count":0,"site-sidebar-layout":"default","site-content-layout":"","ast-site-content-layout":"default","site-content-style":"default","site-sidebar-style":"default","ast-global-header-display":"","ast-banner-title-visibility":"","ast-main-header-display":"","ast-hfb-above-header-display":"","ast-hfb-below-header-display":"","ast-hfb-mobile-header-display":"","site-post-title":"","ast-breadcrumbs-content":"","ast-featured-img":"","footer-sml-layout":"","theme-transparent-header-meta":"default","adv-header-id-meta":"","stick-header-meta":"","header-above-stick-meta":"","header-main-stick-meta":"","header-below-stick-meta":"","astra-migrate-meta-layouts":"set","ast-page-background-enabled":"default","ast-page-background-meta":{"desktop":{"background-color":"var(--ast-global-color-4)","background-image":"","background-repeat":"repeat","background-position":"center center","background-size":"auto","background-attachment":"scroll","background-type":"","background-media":"","overlay-type":"","overlay-color":"","overlay-opacity":"","overlay-gradient":""},"tablet":{"background-color":"","background-image":"","background-repeat":"repeat","background-position":"center center","background-size":"auto","background-attachment":"scroll","background-type":"","background-media":"","overlay-type":"","overlay-color":"","overlay-opacity":"","overlay-gradient":""},"mobile":{"background-color":"","background-image":"","background-repeat":"repeat","background-position":"center center","background-size":"auto","background-attachment":"scroll","background-type":"","background-media":"","overlay-type":"","overlay-color":"","overlay-opacity":"","overlay-gradient":""}},"ast-content-background-meta":{"desktop":{"background-color":"var(--ast-global-color-5)","background-image":"","background-repeat":"repeat","background-position":"center center","background-size":"auto","background-attachment":"scroll","background-type":"","background-media":"","overlay-type":"","overlay-color":"","overlay-opacity":"","overlay-gradient":""},"tablet":{"background-color":"var(--ast-global-color-5)","background-image":"","background-repeat":"repeat","background-position":"center center","background-size":"auto","background-attachment":"scroll","background-type":"","background-media":"","overlay-type":"","overlay-color":"","overlay-opacity":"","overlay-gradient":""},"mobile":{"background-color":"var(--ast-global-color-5)","background-image":"","background-repeat":"repeat","background-position":"center center","background-size":"auto","background-attachment":"scroll","background-type":"","background-media":"","overlay-type":"","overlay-color":"","overlay-opacity":"","overlay-gradient":""}},"footnotes":""},"class_list":["post-7413","page","type-page","status-publish","hentry"],"post_mailing_queue_ids":[],"_links":{"self":[{"href":"https:\/\/agora.xtec.cat\/ceipjventallo\/wp-json\/wp\/v2\/pages\/7413","targetHints":{"allow":["GET"]}}],"collection":[{"href":"https:\/\/agora.xtec.cat\/ceipjventallo\/wp-json\/wp\/v2\/pages"}],"about":[{"href":"https:\/\/agora.xtec.cat\/ceipjventallo\/wp-json\/wp\/v2\/types\/page"}],"author":[{"embeddable":true,"href":"https:\/\/agora.xtec.cat\/ceipjventallo\/wp-json\/wp\/v2\/users\/1"}],"replies":[{"embeddable":true,"href":"https:\/\/agora.xtec.cat\/ceipjventallo\/wp-json\/wp\/v2\/comments?post=7413"}],"version-history":[{"count":2,"href":"https:\/\/agora.xtec.cat\/ceipjventallo\/wp-json\/wp\/v2\/pages\/7413\/revisions"}],"predecessor-version":[{"id":7416,"href":"https:\/\/agora.xtec.cat\/ceipjventallo\/wp-json\/wp\/v2\/pages\/7413\/revisions\/7416"}],"up":[{"embeddable":true,"href":"https:\/\/agora.xtec.cat\/ceipjventallo\/wp-json\/wp\/v2\/pages\/7548"}],"wp:attachment":[{"href":"https:\/\/agora.xtec.cat\/ceipjventallo\/wp-json\/wp\/v2\/media?parent=7413"}],"curies":[{"name":"wp","href":"https:\/\/api.w.org\/{rel}","templated":true}]}}