{"id":4477,"date":"2021-03-26T22:10:56","date_gmt":"2021-03-26T21:10:56","guid":{"rendered":"http:\/\/agora.xtec.cat\/ceipjventallo\/?page_id=4477"},"modified":"2021-03-26T22:10:56","modified_gmt":"2021-03-26T21:10:56","slug":"manisfest-no-al-canvi-climatic","status":"publish","type":"page","link":"https:\/\/agora.xtec.cat\/ceipjventallo\/manisfest-no-al-canvi-climatic\/","title":{"rendered":"Manisfest No al Canvi Clim\u00e0tic"},"content":{"rendered":"<h3>MANIFEST<\/h3>\n<h4>No al Canvi Clim\u00e0tic. No tenim un Planeta de recanvi<\/h4>\n<p>Escola Josep Ventall\u00f3 i Vintr\u00f3. Terrassa, 26 de mar\u00e7 del 2021<\/p>\n<p><span style=\"color: #339966;\">Les nenes i els nens, mestres i fam\u00edlies de l\u2019Escola Josep Ventall\u00f3 i Vintr\u00f3 <\/span><br \/>\n<span style=\"color: #339966;\">som conscients de la nostra responsabilitat i del paper determinant que exercim en defensa del futur, d\u2019un planeta viu i d\u2019un m\u00f3n just, per aix\u00f2 <strong>ens comprometem a<\/strong>:<\/span><\/p>\n<p><span style=\"color: #339966;\">NO LLEN\u00c7AR BROSSA AL TERRA. LLEN\u00c7AR-LA ALS CONTENIDORS<\/span><\/p>\n<p><span style=\"color: #339966;\">CUIDAR ELS BOSCOS I A PROTEGIR-LOS DELS INCENDIS I LA DESFORESTACI\u00d3<\/span><\/p>\n<p><span style=\"color: #339966;\">UTILITZAR NOM\u00c9S L\u2019AIGUA QUE NECESSITEM PER NO MALGASTAR-LA<\/span><\/p>\n<p><span style=\"color: #339966;\">REDUIR EL CONSUM DE PL\u00c0STICS EN GENERAL<\/span><\/p>\n<p><span style=\"color: #339966;\">ESTAR BEN INFORMATS I SER M\u00c9S CONSCIENTS DEL NOSTRE PAPER COM A CONSUMIDORS, FENT SERVIR M\u00c9S PRODUCTES DE PROXIMITAT<\/span><\/p>\n<p><span style=\"color: #339966;\">COMPLIR LES RRR I EVITAR L\u2019\u00daS DEL VEHICLE EL M\u00c0XIM QUE PODEM<\/span><\/p>\n<p><span style=\"color: #339966;\">CUIDAR I MANTENIR ELS ESPAIS VERDS<\/span><\/p>\n","protected":false},"excerpt":{"rendered":"<p>MANIFEST No al Canvi Clim\u00e0tic. No tenim un Planeta de recanvi Escola Josep Ventall\u00f3 i Vintr\u00f3. Terrassa, 26 de mar\u00e7 del 2021 Les nenes i els nens, mestres i fam\u00edlies de l\u2019Escola Josep Ventall\u00f3 i Vintr\u00f3 som conscients de la nostra responsabilitat i del paper determinant que exercim en defensa del futur, d\u2019un planeta viu [&hellip;]<\/p>\n","protected":false},"author":1,"featured_media":0,"parent":0,"menu_order":0,"comment_status":"closed","ping_status":"closed","template":"","meta":{"_bbp_topic_count":0,"_bbp_reply_count":0,"_bbp_total_topic_count":0,"_bbp_total_reply_count":0,"_bbp_voice_count":0,"_bbp_anonymous_reply_count":0,"_bbp_topic_count_hidden":0,"_bbp_reply_count_hidden":0,"_bbp_forum_subforum_count":0,"site-sidebar-layout":"default","site-content-layout":"","ast-site-content-layout":"","site-content-style":"default","site-sidebar-style":"default","ast-global-header-display":"","ast-banner-title-visibility":"","ast-main-header-display":"","ast-hfb-above-header-display":"","ast-hfb-below-header-display":"","ast-hfb-mobile-header-display":"","site-post-title":"","ast-breadcrumbs-content":"","ast-featured-img":"","footer-sml-layout":"","theme-transparent-header-meta":"","adv-header-id-meta":"","stick-header-meta":"","header-above-stick-meta":"","header-main-stick-meta":"","header-below-stick-meta":"","astra-migrate-meta-layouts":"default","ast-page-background-enabled":"default","ast-page-background-meta":{"desktop":{"background-color":"var(--ast-global-color-4)","background-image":"","background-repeat":"repeat","background-position":"center center","background-size":"auto","background-attachment":"scroll","background-type":"","background-media":"","overlay-type":"","overlay-color":"","overlay-opacity":"","overlay-gradient":""},"tablet":{"background-color":"","background-image":"","background-repeat":"repeat","background-position":"center center","background-size":"auto","background-attachment":"scroll","background-type":"","background-media":"","overlay-type":"","overlay-color":"","overlay-opacity":"","overlay-gradient":""},"mobile":{"background-color":"","background-image":"","background-repeat":"repeat","background-position":"center center","background-size":"auto","background-attachment":"scroll","background-type":"","background-media":"","overlay-type":"","overlay-color":"","overlay-opacity":"","overlay-gradient":""}},"ast-content-background-meta":{"desktop":{"background-color":"var(--ast-global-color-5)","background-image":"","background-repeat":"repeat","background-position":"center center","background-size":"auto","background-attachment":"scroll","background-type":"","background-media":"","overlay-type":"","overlay-color":"","overlay-opacity":"","overlay-gradient":""},"tablet":{"background-color":"var(--ast-global-color-5)","background-image":"","background-repeat":"repeat","background-position":"center center","background-size":"auto","background-attachment":"scroll","background-type":"","background-media":"","overlay-type":"","overlay-color":"","overlay-opacity":"","overlay-gradient":""},"mobile":{"background-color":"var(--ast-global-color-5)","background-image":"","background-repeat":"repeat","background-position":"center center","background-size":"auto","background-attachment":"scroll","background-type":"","background-media":"","overlay-type":"","overlay-color":"","overlay-opacity":"","overlay-gradient":""}},"footnotes":""},"class_list":["post-4477","page","type-page","status-publish","hentry"],"post_mailing_queue_ids":[],"_links":{"self":[{"href":"https:\/\/agora.xtec.cat\/ceipjventallo\/wp-json\/wp\/v2\/pages\/4477","targetHints":{"allow":["GET"]}}],"collection":[{"href":"https:\/\/agora.xtec.cat\/ceipjventallo\/wp-json\/wp\/v2\/pages"}],"about":[{"href":"https:\/\/agora.xtec.cat\/ceipjventallo\/wp-json\/wp\/v2\/types\/page"}],"author":[{"embeddable":true,"href":"https:\/\/agora.xtec.cat\/ceipjventallo\/wp-json\/wp\/v2\/users\/1"}],"replies":[{"embeddable":true,"href":"https:\/\/agora.xtec.cat\/ceipjventallo\/wp-json\/wp\/v2\/comments?post=4477"}],"version-history":[{"count":1,"href":"https:\/\/agora.xtec.cat\/ceipjventallo\/wp-json\/wp\/v2\/pages\/4477\/revisions"}],"predecessor-version":[{"id":4478,"href":"https:\/\/agora.xtec.cat\/ceipjventallo\/wp-json\/wp\/v2\/pages\/4477\/revisions\/4478"}],"wp:attachment":[{"href":"https:\/\/agora.xtec.cat\/ceipjventallo\/wp-json\/wp\/v2\/media?parent=4477"}],"curies":[{"name":"wp","href":"https:\/\/api.w.org\/{rel}","templated":true}]}}