{"id":4138,"date":"2020-07-09T10:23:00","date_gmt":"2020-07-09T08:23:00","guid":{"rendered":"http:\/\/agora.xtec.cat\/ceipjventallo\/?page_id=4138"},"modified":"2026-04-24T13:03:20","modified_gmt":"2026-04-24T11:03:20","slug":"menjador-escolar-2","status":"publish","type":"page","link":"https:\/\/agora.xtec.cat\/ceipjventallo\/serveis\/menjador-escolar-2\/","title":{"rendered":"Menjador Escolar"},"content":{"rendered":"<p>L\u2019escola ofereix un servei de menjador al migdia de 12:30h a 15 h. L\u2019empresa que gestiona aquest servei \u00e9s <strong>Mediterr\u00e1nea<\/strong><\/p>\n<p>La comissi\u00f3 de menjador del Consell Escolar vetlla pel seu funcionament i fa un seguiment i supervisi\u00f3 del servei.<\/p>\n<p>En cas de qualsevol dubte sobre el funcionament podeu adre\u00e7ar-vos directament a la responsable del centre, en el nostre cas la <strong>Susi Bar\u00f3n.<\/strong><\/p>\n<ul>\n<li><strong>Tel\u00e8fon Coordinadora de menjador (Susi):<\/strong> <strong>610 615 071<\/strong> de 12h a 15h<\/li>\n<li><strong>Correu Coordinadora de menjador (Susi): <a href=\"mailto:col.joanventallo@mediterranea-group.com\">col.joanventallo@mediterranea-group.com <\/a><\/strong>\n<ul>\n<li style=\"list-style-type: none;\">\n<ul>\n<li style=\"list-style-type: none;\">\n<ul>\n<li style=\"list-style-type: none;\">\n<ul>\n<li style=\"list-style-type: none;\">\n<ul>\n<li style=\"list-style-type: none;\">\n<ul>\n<li style=\"list-style-type: none;\">\n<ul>\n<li style=\"list-style-type: none;\">\n<ul>\n<li style=\"list-style-type: none;\">\n<ul>\n<li style=\"list-style-type: none;\">\n<ul>\n<li style=\"list-style-type: none;\">\n<ul>\n<li style=\"list-style-type: none;\">\n<ul>\n<li style=\"list-style-type: none;\">\n<ul>\n<li style=\"list-style-type: none;\"><\/li>\n<\/ul>\n<\/li>\n<\/ul>\n<\/li>\n<\/ul>\n<\/li>\n<\/ul>\n<\/li>\n<\/ul>\n<\/li>\n<\/ul>\n<\/li>\n<\/ul>\n<\/li>\n<\/ul>\n<\/li>\n<\/ul>\n<\/li>\n<\/ul>\n<\/li>\n<\/ul>\n<\/li>\n<\/ul>\n<\/li>\n<\/ul>\n<\/li>\n<\/ul>\n<ul>\n<li><strong>Oficina Mediterr\u00e1nea Terrassa: <\/strong>Raval de Montserrat, 22 Entresol A &#8211; 697 570 739 (Neus)<strong><br \/>\n<\/strong><\/li>\n<li><strong>Correu oficina:<\/strong> <a href=\"mailto:atencionclientesterrassa@mediterranea-group.com\">atencionclientesterrassa@<wbr \/>mediterranea-group.com\u00a0<\/a><\/li>\n<li><strong>Web: <\/strong><a href=\"https:\/\/www.mediterranea-group.com\/ca\/\">https:\/\/www.mediterranea-group.com\/ca\/\u00a0<\/a><\/li>\n<\/ul>\n<p><strong>MEN\u00da <a href=\"https:\/\/agora.xtec.cat\/ceipjventallo\/wp-content\/uploads\/usu802\/2026\/04\/menu-basal-maig-2026_terrassa-v4.pdf\">BASAL MAIG<\/a><\/strong><\/p>\n<p><strong>MEN\u00daS <a href=\"https:\/\/agora.xtec.cat\/ceipjventallo\/wp-content\/uploads\/usu802\/2026\/04\/menus-derivades-maig-2025_joan-ventallo-i-vintro.pdf\">DIETES MAIG<\/a><\/strong><\/p>\n<p style=\"font-weight: 400;\"><strong style=\"font-family: inherit; font-size: 1em;\">PREU SERVEI DE MENJADOR CURS 25-26 :<\/strong><\/p>\n<ul>\n<li>Usuari fix:\u00a0<strong>6,33\u20ac<\/strong><\/li>\n<li>Usuari espor\u00e0dic:\u00a0<strong>6,96\u20ac<\/strong><\/li>\n<\/ul>\n<p><strong>COMPRA DE T\u00cdQUETS<\/strong><\/p>\n<ul>\n<li>Compra\u00a0<a href=\"https:\/\/play.google.com\/store\/apps\/details?id=com.medi.mediterrassa&amp;hl=ca&amp;pli=1\" target=\"_blank\" rel=\"noopener\"><strong>APP On Mediterr\u00e1nea<\/strong><\/a><\/li>\n<li>Oficina: De dilluns a dijous de 9h a 14h i de 15h a 17h i divendres de 9h a 14h<\/li>\n<\/ul>\n<p><strong>\u00a0INSCRIPCI\u00d3<\/strong><\/p>\n<ul>\n<li><a href=\"https:\/\/agora.xtec.cat\/ceipjventallo\/wp-content\/uploads\/usu802\/2025\/07\/Fitxa-Inscripcio-2025-2026.pdf\">Fitxa d&#8217;inscripci\u00f3<\/a><\/li>\n<li><a href=\"https:\/\/agora.xtec.cat\/ceipjventallo\/wp-content\/uploads\/usu802\/2024\/09\/Normativa-Menjadors-Mediterranea.pdf\">Normativa del servei de menjador<\/a><\/li>\n<li><a href=\"https:\/\/agora.xtec.cat\/ceipjventallo\/wp-content\/uploads\/usu802\/2025\/07\/Informacio-Administrativa-Menjador-25-26.pdf\">Informaci\u00f3 servei de menjador<\/a><\/li>\n<li><a href=\"https:\/\/agora.xtec.cat\/ceipjventallo\/wp-content\/uploads\/usu802\/2024\/09\/Manual-IARA-Terrasa-App.pdf\">Guia d&#8217;\u00fas WEB i app Mediterr\u00e1nea<\/a><\/li>\n<\/ul>\n","protected":false},"excerpt":{"rendered":"<p>L\u2019escola ofereix un servei de menjador al migdia de 12:30h a 15 h. L\u2019empresa que gestiona aquest servei \u00e9s Mediterr\u00e1nea La comissi\u00f3 de menjador del Consell Escolar vetlla pel seu funcionament i fa un seguiment i supervisi\u00f3 del servei. En cas de qualsevol dubte sobre el funcionament podeu adre\u00e7ar-vos directament a la responsable del centre, [&hellip;]<\/p>\n","protected":false},"author":9,"featured_media":0,"parent":66,"menu_order":0,"comment_status":"closed","ping_status":"closed","template":"","meta":{"_bbp_topic_count":0,"_bbp_reply_count":0,"_bbp_total_topic_count":0,"_bbp_total_reply_count":0,"_bbp_voice_count":0,"_bbp_anonymous_reply_count":0,"_bbp_topic_count_hidden":0,"_bbp_reply_count_hidden":0,"_bbp_forum_subforum_count":0,"site-sidebar-layout":"default","site-content-layout":"","ast-site-content-layout":"default","site-content-style":"default","site-sidebar-style":"default","ast-global-header-display":"","ast-banner-title-visibility":"","ast-main-header-display":"","ast-hfb-above-header-display":"","ast-hfb-below-header-display":"","ast-hfb-mobile-header-display":"","site-post-title":"","ast-breadcrumbs-content":"","ast-featured-img":"","footer-sml-layout":"","theme-transparent-header-meta":"","adv-header-id-meta":"","stick-header-meta":"","header-above-stick-meta":"","header-main-stick-meta":"","header-below-stick-meta":"","astra-migrate-meta-layouts":"set","ast-page-background-enabled":"default","ast-page-background-meta":{"desktop":{"background-color":"var(--ast-global-color-4)","background-image":"","background-repeat":"repeat","background-position":"center center","background-size":"auto","background-attachment":"scroll","background-type":"","background-media":"","overlay-type":"","overlay-color":"","overlay-opacity":"","overlay-gradient":""},"tablet":{"background-color":"","background-image":"","background-repeat":"repeat","background-position":"center center","background-size":"auto","background-attachment":"scroll","background-type":"","background-media":"","overlay-type":"","overlay-color":"","overlay-opacity":"","overlay-gradient":""},"mobile":{"background-color":"","background-image":"","background-repeat":"repeat","background-position":"center center","background-size":"auto","background-attachment":"scroll","background-type":"","background-media":"","overlay-type":"","overlay-color":"","overlay-opacity":"","overlay-gradient":""}},"ast-content-background-meta":{"desktop":{"background-color":"var(--ast-global-color-5)","background-image":"","background-repeat":"repeat","background-position":"center center","background-size":"auto","background-attachment":"scroll","background-type":"","background-media":"","overlay-type":"","overlay-color":"","overlay-opacity":"","overlay-gradient":""},"tablet":{"background-color":"var(--ast-global-color-5)","background-image":"","background-repeat":"repeat","background-position":"center center","background-size":"auto","background-attachment":"scroll","background-type":"","background-media":"","overlay-type":"","overlay-color":"","overlay-opacity":"","overlay-gradient":""},"mobile":{"background-color":"var(--ast-global-color-5)","background-image":"","background-repeat":"repeat","background-position":"center center","background-size":"auto","background-attachment":"scroll","background-type":"","background-media":"","overlay-type":"","overlay-color":"","overlay-opacity":"","overlay-gradient":""}},"footnotes":""},"class_list":["post-4138","page","type-page","status-publish","hentry"],"post_mailing_queue_ids":[],"_links":{"self":[{"href":"https:\/\/agora.xtec.cat\/ceipjventallo\/wp-json\/wp\/v2\/pages\/4138","targetHints":{"allow":["GET"]}}],"collection":[{"href":"https:\/\/agora.xtec.cat\/ceipjventallo\/wp-json\/wp\/v2\/pages"}],"about":[{"href":"https:\/\/agora.xtec.cat\/ceipjventallo\/wp-json\/wp\/v2\/types\/page"}],"author":[{"embeddable":true,"href":"https:\/\/agora.xtec.cat\/ceipjventallo\/wp-json\/wp\/v2\/users\/9"}],"replies":[{"embeddable":true,"href":"https:\/\/agora.xtec.cat\/ceipjventallo\/wp-json\/wp\/v2\/comments?post=4138"}],"version-history":[{"count":6,"href":"https:\/\/agora.xtec.cat\/ceipjventallo\/wp-json\/wp\/v2\/pages\/4138\/revisions"}],"predecessor-version":[{"id":8864,"href":"https:\/\/agora.xtec.cat\/ceipjventallo\/wp-json\/wp\/v2\/pages\/4138\/revisions\/8864"}],"up":[{"embeddable":true,"href":"https:\/\/agora.xtec.cat\/ceipjventallo\/wp-json\/wp\/v2\/pages\/66"}],"wp:attachment":[{"href":"https:\/\/agora.xtec.cat\/ceipjventallo\/wp-json\/wp\/v2\/media?parent=4138"}],"curies":[{"name":"wp","href":"https:\/\/api.w.org\/{rel}","templated":true}]}}