{"id":32,"date":"2014-09-18T12:31:33","date_gmt":"2014-09-18T11:31:33","guid":{"rendered":"http:\/\/agora.xtec.cat\/ceipjventallo\/?page_id=32"},"modified":"2026-02-11T16:30:52","modified_gmt":"2026-02-11T15:30:52","slug":"calendari-del-curs","status":"publish","type":"page","link":"https:\/\/agora.xtec.cat\/ceipjventallo\/lescola\/calendari-del-curs\/","title":{"rendered":"Calendari del curs"},"content":{"rendered":"<p><a href=\"https:\/\/agora.xtec.cat\/ceipjventallo\/wp-content\/uploads\/usu802\/2025\/10\/Calendari-25-26-Families_modificat.pdf\" target=\"_blank\" rel=\"noopener\">Descarregueu el calendari del curs 2025-2026<\/a><\/p>\n<p>Inici de les classes:<strong> 8 de setembre de 2025<\/strong><\/p>\n<p>Finalitzaci\u00f3 de les classes:<strong> 19 de juny de 2026<\/strong><\/p>\n<p><span style=\"color: #ff6600;\"><strong>HORARI INFANTIL I PRIM\u00c0RIA:<\/strong><\/span><\/p>\n<ul>\n<li>Mat\u00ed:<strong>\u00a0De 9.00 a 12.30 h<\/strong><\/li>\n<li>Servei de<strong>\u00a0menjador<\/strong>\u00a0(qui en faci \u00fas):\u00a0<strong>de 12.30 a 15 h<\/strong><\/li>\n<li>Tarda:<strong> De 15.00 a 16.30 h<\/strong><\/li>\n<\/ul>\n<p><span style=\"color: #ff6600;\"><strong>VACANCES ESCOLARS:<\/strong><\/span><\/p>\n<ul>\n<li>Nadal:<strong> Del 20 de desembre de 2025 al 7 de gener de 2026<\/strong><\/li>\n<li>Setmana Santa:<strong> Del 28 de mar\u00e7 al 6 d\u2019abril de 2026<\/strong><\/li>\n<\/ul>\n<p><span style=\"color: #ff6600;\"><strong>JORNADA CONTINUADA<\/strong><strong>\u00a0de 9.00 h a 13.00 h:<\/strong><\/span><\/p>\n<ul>\n<li><strong>19 de desembre de 2025<\/strong><\/li>\n<li><strong>Des del 8 de juny fins al 19 de juny de 2026<\/strong><\/li>\n<\/ul>\n<p><span style=\"color: #ff6600;\"><strong>\u00a0<\/strong><strong>INCORPORACI\u00d3 GRADUAL ALUMNES D&#8217; I3:<\/strong><\/span><\/p>\n<ul>\n<li><strong>8 i 9 de setembre de 2025<\/strong><\/li>\n<\/ul>\n<p><span style=\"color: #ff6600;\"><strong>DIES FESTIUS DE LLIURE DISPOSICI\u00d3:<\/strong><\/span><\/p>\n<ul>\n<li><strong>10 d\u2019octubre de 2025<\/strong><\/li>\n<li><strong>3 de novembre de 2025<\/strong><\/li>\n<li><strong>5 de desembre de 2025<\/strong><\/li>\n<li><strong>16 de febrer de 2026<\/strong><\/li>\n<li><strong>30 d&#8217;abril de 2026<\/strong><\/li>\n<li><strong>25 de maig de 2026<\/strong><\/li>\n<\/ul>\n<p>&nbsp;<\/p>\n","protected":false},"excerpt":{"rendered":"<p>Descarregueu el calendari del curs 2025-2026 Inici de les classes: 8 de setembre de 2025 Finalitzaci\u00f3 de les classes: 19 de juny de 2026 HORARI INFANTIL I PRIM\u00c0RIA: Mat\u00ed:\u00a0De 9.00 a 12.30 h Servei de\u00a0menjador\u00a0(qui en faci \u00fas):\u00a0de 12.30 a 15 h Tarda: De 15.00 a 16.30 h VACANCES ESCOLARS: Nadal: Del 20 de desembre [&hellip;]<\/p>\n","protected":false},"author":1,"featured_media":0,"parent":22,"menu_order":50,"comment_status":"closed","ping_status":"closed","template":"","meta":{"_bbp_topic_count":0,"_bbp_reply_count":0,"_bbp_total_topic_count":0,"_bbp_total_reply_count":0,"_bbp_voice_count":0,"_bbp_anonymous_reply_count":0,"_bbp_topic_count_hidden":0,"_bbp_reply_count_hidden":0,"_bbp_forum_subforum_count":0,"site-sidebar-layout":"default","site-content-layout":"","ast-site-content-layout":"default","site-content-style":"default","site-sidebar-style":"default","ast-global-header-display":"","ast-banner-title-visibility":"","ast-main-header-display":"","ast-hfb-above-header-display":"","ast-hfb-below-header-display":"","ast-hfb-mobile-header-display":"","site-post-title":"","ast-breadcrumbs-content":"","ast-featured-img":"","footer-sml-layout":"","theme-transparent-header-meta":"default","adv-header-id-meta":"","stick-header-meta":"","header-above-stick-meta":"","header-main-stick-meta":"","header-below-stick-meta":"","astra-migrate-meta-layouts":"set","ast-page-background-enabled":"default","ast-page-background-meta":{"desktop":{"background-color":"var(--ast-global-color-4)","background-image":"","background-repeat":"repeat","background-position":"center center","background-size":"auto","background-attachment":"scroll","background-type":"","background-media":"","overlay-type":"","overlay-color":"","overlay-opacity":"","overlay-gradient":""},"tablet":{"background-color":"","background-image":"","background-repeat":"repeat","background-position":"center center","background-size":"auto","background-attachment":"scroll","background-type":"","background-media":"","overlay-type":"","overlay-color":"","overlay-opacity":"","overlay-gradient":""},"mobile":{"background-color":"","background-image":"","background-repeat":"repeat","background-position":"center center","background-size":"auto","background-attachment":"scroll","background-type":"","background-media":"","overlay-type":"","overlay-color":"","overlay-opacity":"","overlay-gradient":""}},"ast-content-background-meta":{"desktop":{"background-color":"var(--ast-global-color-5)","background-image":"","background-repeat":"repeat","background-position":"center center","background-size":"auto","background-attachment":"scroll","background-type":"","background-media":"","overlay-type":"","overlay-color":"","overlay-opacity":"","overlay-gradient":""},"tablet":{"background-color":"var(--ast-global-color-5)","background-image":"","background-repeat":"repeat","background-position":"center center","background-size":"auto","background-attachment":"scroll","background-type":"","background-media":"","overlay-type":"","overlay-color":"","overlay-opacity":"","overlay-gradient":""},"mobile":{"background-color":"var(--ast-global-color-5)","background-image":"","background-repeat":"repeat","background-position":"center center","background-size":"auto","background-attachment":"scroll","background-type":"","background-media":"","overlay-type":"","overlay-color":"","overlay-opacity":"","overlay-gradient":""}},"footnotes":""},"class_list":["post-32","page","type-page","status-publish","hentry"],"post_mailing_queue_ids":[],"_links":{"self":[{"href":"https:\/\/agora.xtec.cat\/ceipjventallo\/wp-json\/wp\/v2\/pages\/32","targetHints":{"allow":["GET"]}}],"collection":[{"href":"https:\/\/agora.xtec.cat\/ceipjventallo\/wp-json\/wp\/v2\/pages"}],"about":[{"href":"https:\/\/agora.xtec.cat\/ceipjventallo\/wp-json\/wp\/v2\/types\/page"}],"author":[{"embeddable":true,"href":"https:\/\/agora.xtec.cat\/ceipjventallo\/wp-json\/wp\/v2\/users\/1"}],"replies":[{"embeddable":true,"href":"https:\/\/agora.xtec.cat\/ceipjventallo\/wp-json\/wp\/v2\/comments?post=32"}],"version-history":[{"count":6,"href":"https:\/\/agora.xtec.cat\/ceipjventallo\/wp-json\/wp\/v2\/pages\/32\/revisions"}],"predecessor-version":[{"id":8685,"href":"https:\/\/agora.xtec.cat\/ceipjventallo\/wp-json\/wp\/v2\/pages\/32\/revisions\/8685"}],"up":[{"embeddable":true,"href":"https:\/\/agora.xtec.cat\/ceipjventallo\/wp-json\/wp\/v2\/pages\/22"}],"wp:attachment":[{"href":"https:\/\/agora.xtec.cat\/ceipjventallo\/wp-json\/wp\/v2\/media?parent=32"}],"curies":[{"name":"wp","href":"https:\/\/api.w.org\/{rel}","templated":true}]}}