{"id":28,"date":"2014-09-18T12:29:35","date_gmt":"2014-09-18T11:29:35","guid":{"rendered":"http:\/\/agora.xtec.cat\/ceipjventallo\/?page_id=28"},"modified":"2026-02-18T16:34:58","modified_gmt":"2026-02-18T15:34:58","slug":"consell-escolar","status":"publish","type":"page","link":"https:\/\/agora.xtec.cat\/ceipjventallo\/lescola\/comunitat-educativa\/consell-escolar\/","title":{"rendered":"Consell escolar"},"content":{"rendered":"<header class=\"entry-header\">\n<h5>Qu\u00e8 \u00e9s?<\/h5>\n<p>El Consell Escolar \u00e9s l\u2019\u00f2rgan col\u00b7legiat de participaci\u00f3 de la comunitat escolar en el govern del centre. Les mares i els pares dels alumnes matriculats en un centre educatiu, per mitj\u00e0 dels representants escollits en les eleccions, formen part del Consell Escolar del centre.<\/p>\n<h5>Qui en forma part?<\/h5>\n<p>Est\u00e0 format pels representants de tota la comunitat educativa: direcci\u00f3, claustre, fam\u00edlies, personal d\u2019administraci\u00f3 i serveis, representant de l\u2019administraci\u00f3 local i altres persones que el mateix consell consideri necess\u00e0ries.<\/p>\n<p>El nostre Consell Escolar est\u00e0 representat per:<\/p>\n<\/header>\n\n\n<div class=\"wp-block-columns is-layout-flex wp-container-core-columns-is-layout-1 wp-block-columns-is-layout-flex\">\n<div class=\"wp-block-column is-layout-flow wp-container-core-column-is-layout-1 wp-block-column-is-layout-flow\">\n<h6 class=\"wp-block-heading\"><strong>Directora:<\/strong><\/h6>\n\n\n\n<ul class=\"wp-block-list\">\n<li>Gemma Fern\u00e1ndez Ruz<\/li>\n<\/ul>\n\n\n\n<h6 class=\"wp-block-heading\"><strong>Cap d\u2019estudis:<\/strong><\/h6>\n\n\n\n<ul class=\"wp-block-list\">\n<li>M. Teresa Rodrigo Catal\u00e1n<\/li>\n<\/ul>\n\n\n\n<h6 class=\"wp-block-heading\"><strong>Secret\u00e0ria:<\/strong><\/h6>\n\n\n\n<ul class=\"wp-block-list\">\n<li>Estefania Ros God\u00e9<\/li>\n<\/ul>\n<\/div>\n\n\n\n<div class=\"wp-block-column is-layout-flow wp-block-column-is-layout-flow\">\n<h6 class=\"wp-block-heading\"><strong>Representants dels mestres:<\/strong><\/h6>\n\n\n\n<ul class=\"wp-block-list\">\n<li>Sandra Cera<\/li>\n\n\n\n<li>Sandra Consola<\/li>\n\n\n\n<li>Yolanda de Pablo<\/li>\n\n\n\n<li>Marta Gimeno<\/li>\n\n\n\n<li>M. Jose L\u00f3pez<\/li>\n\n\n\n<li>Andrea Urqu\u00eda<\/li>\n<\/ul>\n\n\n\n<h6 class=\"wp-block-heading\"><strong>Representants dels pares:<\/strong><\/h6>\n\n\n\n<ul class=\"wp-block-list\">\n<li>Khadija Amrouch<\/li>\n\n\n\n<li>Sara Fern\u00e1ndez Moreno<\/li>\n\n\n\n<li>Asma Mrigle<\/li>\n\n\n\n<li>Diana Ortiz Castillo<\/li>\n\n\n\n<li>V\u00edctor A. Vizca\u00edno<\/li>\n<\/ul>\n<\/div>\n\n\n\n<div class=\"wp-block-column is-layout-flow wp-block-column-is-layout-flow\">\n<h6 class=\"wp-block-heading\"><strong>Representant de l\u2019Ajuntament:<\/strong><\/h6>\n\n\n\n<ul class=\"wp-block-list\">\n<li>Ruth Hibernon<\/li>\n<\/ul>\n\n\n\n<h6 class=\"wp-block-heading\"><strong>Representant de l\u2019AFA:<\/strong><\/h6>\n\n\n\n<ul class=\"wp-block-list\">\n<li>Miguel \u00c1ngel Calero<\/li>\n<\/ul>\n\n\n\n<h6 class=\"wp-block-heading\"><strong>Representant del PAE:<\/strong><\/h6>\n\n\n\n<ul class=\"wp-block-list\">\n<li>Veronica Cobos<\/li>\n<\/ul>\n\n\n\n<h6 class=\"wp-block-heading\"><strong>Representant del PAS:<\/strong><\/h6>\n\n\n\n<ul class=\"wp-block-list\">\n<li>Sonia Aragoncillo<\/li>\n<\/ul>\n\n\n\n<p>10\/12\/2025<\/p>\n<\/div>\n<\/div>\n\n\n\n<div class=\"wp-block-columns is-layout-flex wp-container-core-columns-is-layout-2 wp-block-columns-is-layout-flex\">\n<div class=\"wp-block-column is-layout-flow wp-block-column-is-layout-flow\"><\/div>\n\n\n\n<div class=\"wp-block-column is-layout-flow wp-block-column-is-layout-flow\"><\/div>\n\n\n\n<div class=\"wp-block-column is-layout-flow wp-block-column-is-layout-flow\"><\/div>\n<\/div>\n\n\n\n<p><\/p>\n","protected":false},"excerpt":{"rendered":"<p>Qu\u00e8 \u00e9s? El Consell Escolar \u00e9s l\u2019\u00f2rgan col\u00b7legiat de participaci\u00f3 de la comunitat escolar en el govern del centre. Les mares i els pares dels alumnes matriculats en un centre educatiu, per mitj\u00e0 dels representants escollits en les eleccions, formen part del Consell Escolar del centre. Qui en forma part? Est\u00e0 format pels representants de [&hellip;]<\/p>\n","protected":false},"author":1,"featured_media":0,"parent":7573,"menu_order":30,"comment_status":"closed","ping_status":"closed","template":"","meta":{"_bbp_topic_count":0,"_bbp_reply_count":0,"_bbp_total_topic_count":0,"_bbp_total_reply_count":0,"_bbp_voice_count":0,"_bbp_anonymous_reply_count":0,"_bbp_topic_count_hidden":0,"_bbp_reply_count_hidden":0,"_bbp_forum_subforum_count":0,"site-sidebar-layout":"default","site-content-layout":"","ast-site-content-layout":"default","site-content-style":"default","site-sidebar-style":"default","ast-global-header-display":"","ast-banner-title-visibility":"","ast-main-header-display":"","ast-hfb-above-header-display":"","ast-hfb-below-header-display":"","ast-hfb-mobile-header-display":"","site-post-title":"","ast-breadcrumbs-content":"","ast-featured-img":"","footer-sml-layout":"","theme-transparent-header-meta":"default","adv-header-id-meta":"","stick-header-meta":"","header-above-stick-meta":"","header-main-stick-meta":"","header-below-stick-meta":"","astra-migrate-meta-layouts":"set","ast-page-background-enabled":"default","ast-page-background-meta":{"desktop":{"background-color":"var(--ast-global-color-4)","background-image":"","background-repeat":"repeat","background-position":"center center","background-size":"auto","background-attachment":"scroll","background-type":"","background-media":"","overlay-type":"","overlay-color":"","overlay-opacity":"","overlay-gradient":""},"tablet":{"background-color":"","background-image":"","background-repeat":"repeat","background-position":"center center","background-size":"auto","background-attachment":"scroll","background-type":"","background-media":"","overlay-type":"","overlay-color":"","overlay-opacity":"","overlay-gradient":""},"mobile":{"background-color":"","background-image":"","background-repeat":"repeat","background-position":"center center","background-size":"auto","background-attachment":"scroll","background-type":"","background-media":"","overlay-type":"","overlay-color":"","overlay-opacity":"","overlay-gradient":""}},"ast-content-background-meta":{"desktop":{"background-color":"var(--ast-global-color-5)","background-image":"","background-repeat":"repeat","background-position":"center center","background-size":"auto","background-attachment":"scroll","background-type":"","background-media":"","overlay-type":"","overlay-color":"","overlay-opacity":"","overlay-gradient":""},"tablet":{"background-color":"var(--ast-global-color-5)","background-image":"","background-repeat":"repeat","background-position":"center center","background-size":"auto","background-attachment":"scroll","background-type":"","background-media":"","overlay-type":"","overlay-color":"","overlay-opacity":"","overlay-gradient":""},"mobile":{"background-color":"var(--ast-global-color-5)","background-image":"","background-repeat":"repeat","background-position":"center center","background-size":"auto","background-attachment":"scroll","background-type":"","background-media":"","overlay-type":"","overlay-color":"","overlay-opacity":"","overlay-gradient":""}},"footnotes":""},"class_list":["post-28","page","type-page","status-publish","hentry"],"post_mailing_queue_ids":[],"_links":{"self":[{"href":"https:\/\/agora.xtec.cat\/ceipjventallo\/wp-json\/wp\/v2\/pages\/28","targetHints":{"allow":["GET"]}}],"collection":[{"href":"https:\/\/agora.xtec.cat\/ceipjventallo\/wp-json\/wp\/v2\/pages"}],"about":[{"href":"https:\/\/agora.xtec.cat\/ceipjventallo\/wp-json\/wp\/v2\/types\/page"}],"author":[{"embeddable":true,"href":"https:\/\/agora.xtec.cat\/ceipjventallo\/wp-json\/wp\/v2\/users\/1"}],"replies":[{"embeddable":true,"href":"https:\/\/agora.xtec.cat\/ceipjventallo\/wp-json\/wp\/v2\/comments?post=28"}],"version-history":[{"count":6,"href":"https:\/\/agora.xtec.cat\/ceipjventallo\/wp-json\/wp\/v2\/pages\/28\/revisions"}],"predecessor-version":[{"id":8746,"href":"https:\/\/agora.xtec.cat\/ceipjventallo\/wp-json\/wp\/v2\/pages\/28\/revisions\/8746"}],"up":[{"embeddable":true,"href":"https:\/\/agora.xtec.cat\/ceipjventallo\/wp-json\/wp\/v2\/pages\/7573"}],"wp:attachment":[{"href":"https:\/\/agora.xtec.cat\/ceipjventallo\/wp-json\/wp\/v2\/media?parent=28"}],"curies":[{"name":"wp","href":"https:\/\/api.w.org\/{rel}","templated":true}]}}