{"id":26,"date":"2014-09-18T12:24:32","date_gmt":"2014-09-18T11:24:32","guid":{"rendered":"http:\/\/agora.xtec.cat\/ceipjventallo\/?page_id=26"},"modified":"2026-02-12T11:23:06","modified_gmt":"2026-02-12T10:23:06","slug":"historia","status":"publish","type":"page","link":"https:\/\/agora.xtec.cat\/ceipjventallo\/lescola\/historia\/","title":{"rendered":"El nostre nom"},"content":{"rendered":"<div>\n<div dir=\"ltr\">\n<div dir=\"ltr\">\n<div id=\"block-views-block-fitxa-tecnica-block-6\" class=\"views-element-container block block-views block-views-blockfitxa-tecnica-block-6\">\n<div class=\"content\">\n<div>\n<div class=\"work-sidebar view view-fitxa-tecnica view-id-fitxa_tecnica view-display-id-block_6 js-view-dom-id-c669fd7cda9e5c367262fc883d4ba3527133af5963e2feae5259b8f627efc880\">\n<div class=\"view-content row\">\n<div class=\"views-row\">\n<div class=\"views-field views-field-title\">\n<h4><a href=\"https:\/\/agora.xtec.cat\/ceipjventallo\/wp-content\/uploads\/usu802\/2025\/01\/Josep_Ventallo.jpg\"><img loading=\"lazy\" decoding=\"async\" class=\"alignnone size-full wp-image-7278\" src=\"https:\/\/agora.xtec.cat\/ceipjventallo\/wp-content\/uploads\/usu802\/2025\/01\/Josep_Ventallo.jpg\" alt=\"\" width=\"336\" height=\"388\" srcset=\"https:\/\/agora.xtec.cat\/ceipjventallo\/wp-content\/uploads\/usu802\/2025\/01\/Josep_Ventallo.jpg 336w, https:\/\/agora.xtec.cat\/ceipjventallo\/wp-content\/uploads\/usu802\/2025\/01\/Josep_Ventallo-260x300.jpg 260w\" sizes=\"auto, (max-width: 336px) 100vw, 336px\" \/><\/a><\/h4>\n<h4 style=\"text-align: left;\">Josep Ventall\u00f3 i Vintr\u00f3<\/h4>\n<\/div>\n<\/div>\n<\/div>\n<\/div>\n<\/div>\n<\/div>\n<\/div>\n<div id=\"block-views-block-fitxa-tecnica-block-13\" class=\"views-element-container block block-views block-views-blockfitxa-tecnica-block-13\" style=\"text-align: left;\">\n<div class=\"content\">\n<div>\n<div class=\"work-sidebar view view-fitxa-tecnica view-id-fitxa_tecnica view-display-id-block_13 js-view-dom-id-a6b499156f96fd85bc6fe412dbef1c64681fb5f7530e13c2b67c7da640913f48\">\n<div class=\"view-content row\">\n<div class=\"views-row\">\n<div class=\"views-field views-field-view\">\n<div class=\"field-content altnamenou\">\n<div class=\"view view-alternative-name-nou- view-id-alternative_name_nou_ view-display-id-block_1 js-view-dom-id-5ad38c9c0ada16b527cd08ff82854733c2774cb821c935a80704e7c382f62449\"><\/div>\n<\/div>\n<\/div>\n<\/div>\n<\/div>\n<\/div>\n<\/div>\n<\/div>\n<\/div>\n<div id=\"block-views-block-fitxa-tecnica-block-15\" class=\"views-element-container block block-views block-views-blockfitxa-tecnica-block-15\" style=\"text-align: left;\">\n<div class=\"content\">\n<div>\n<div class=\"work-sidebar view view-fitxa-tecnica view-id-fitxa_tecnica view-display-id-block_15 js-view-dom-id-9bc63e3be93d41974d920f7975635155d6352f0a99037050d1d7627e0d0363ca\">\n<div class=\"view-content row\">\n<div class=\"views-row\">\n<div class=\"views-field views-field-nothing\"><span class=\"field-content\">(Terrassa, Vall\u00e8s Occidental, 1856 \u2014 Terrassa, Vall\u00e8s Occidental, 1919)<\/span><\/div>\n<\/div>\n<\/div>\n<\/div>\n<\/div>\n<\/div>\n<\/div>\n<div id=\"block-gec-views-block-fitxa-tecnica-cos-block-6\" class=\"views-element-container block block-views block-views-blockfitxa-tecnica-cos-block-6\" style=\"text-align: left;\">\n<div class=\"content\">\n<div>\n<div class=\"view view-fitxa-tecnica-cos view-id-fitxa_tecnica_cos view-display-id-block_6 js-view-dom-id-fd86ce9199afbd4e8815c0cae5239f2b68b890f0edaffd7b8eb5046909d82f3e\">\n<div class=\"view-content row\">\n<div class=\"views-row\">\n<div class=\"views-field views-field-view\">\n<div class=\"view view-fitxa-tecnica-cos view-id-fitxa_tecnica_cos view-display-id-block_2 js-view-dom-id-d58a1a7ae8a929643f9e66611996e840df605acdd1e81db78dd57a9dfdf39505\">\n<div class=\"view-content row\">\n<div class=\"views-row\"><\/div>\n<\/div>\n<\/div>\n<\/div>\n<div class=\"views-field views-field-view-4\">\n<div class=\"view view-fitxa-tecnica-cos view-id-fitxa_tecnica_cos view-display-id-block_5 js-view-dom-id-e958b227c54003dba93fdd40d31ba9263a85877b1ba01765c76a4fc91675da3d\"><\/div>\n<\/div>\n<\/div>\n<\/div>\n<\/div>\n<\/div>\n<\/div>\n<\/div>\n<div id=\"block-views-block-fitxa-tecnica-block-11\" class=\"views-element-container block block-views block-views-blockfitxa-tecnica-block-11\">\n<div class=\"content\">\n<div>\n<div class=\"work-sidebar view view-fitxa-tecnica view-id-fitxa_tecnica view-display-id-block_11 js-view-dom-id-2e2fd4da3dabaac155902ea1b574813676271bf57b68675f34935c365193e8f6\">\n<div class=\"view-content row\">\n<div class=\"views-row\">\n<div class=\"views-field views-field-field-brief\" style=\"text-align: left;\">\n<div class=\"field-content\">\n<p>Metge, periodista i pol\u00edtic.<\/p>\n<\/div>\n<\/div>\n<div class=\"views-field views-field-body\">\n<div class=\"field-content\">\n<p style=\"text-align: left;\">Fill d\u2019una fam\u00edlia d\u2019apotecaris, era\u00a0germ\u00e0 de\u00a0Pere Antoni Ventall\u00f3, estudi\u00e0 medicina a Granada, on cre\u00e0 i dirig\u00ed diverses publicacions. A Terrassa fund\u00e0\u00a0<span class=\"div-italic\">La Revista Tarrasense<\/span>\u00a0i, juntament amb l\u2019historiador Josep Soler i Palet,\u00a0<span class=\"div-italic\">El Tarrasense<\/span>\u00a0i\u00a0<span class=\"div-italic\">La Comarca del Vall\u00e9s<\/span>, que dirig\u00ed. Adscrit al Partit Conservador, fou alcalde de Terrassa el 1895.<\/p>\n<p style=\"text-align: left;\">\n<\/div>\n<\/div>\n<\/div>\n<\/div>\n<\/div>\n<\/div>\n<\/div>\n<\/div>\n<\/div>\n<\/div>\n<\/div>\n","protected":false},"excerpt":{"rendered":"<p>Josep Ventall\u00f3 i Vintr\u00f3 (Terrassa, Vall\u00e8s Occidental, 1856 \u2014 Terrassa, Vall\u00e8s Occidental, 1919) Metge, periodista i pol\u00edtic. Fill d\u2019una fam\u00edlia d\u2019apotecaris, era\u00a0germ\u00e0 de\u00a0Pere Antoni Ventall\u00f3, estudi\u00e0 medicina a Granada, on cre\u00e0 i dirig\u00ed diverses publicacions. A Terrassa fund\u00e0\u00a0La Revista Tarrasense\u00a0i, juntament amb l\u2019historiador Josep Soler i Palet,\u00a0El Tarrasense\u00a0i\u00a0La Comarca del Vall\u00e9s, que dirig\u00ed. Adscrit al [&hellip;]<\/p>\n","protected":false},"author":1,"featured_media":0,"parent":22,"menu_order":20,"comment_status":"closed","ping_status":"closed","template":"","meta":{"_bbp_topic_count":0,"_bbp_reply_count":0,"_bbp_total_topic_count":0,"_bbp_total_reply_count":0,"_bbp_voice_count":0,"_bbp_anonymous_reply_count":0,"_bbp_topic_count_hidden":0,"_bbp_reply_count_hidden":0,"_bbp_forum_subforum_count":0,"site-sidebar-layout":"default","site-content-layout":"","ast-site-content-layout":"default","site-content-style":"default","site-sidebar-style":"default","ast-global-header-display":"","ast-banner-title-visibility":"","ast-main-header-display":"","ast-hfb-above-header-display":"","ast-hfb-below-header-display":"","ast-hfb-mobile-header-display":"","site-post-title":"","ast-breadcrumbs-content":"","ast-featured-img":"","footer-sml-layout":"","theme-transparent-header-meta":"default","adv-header-id-meta":"","stick-header-meta":"","header-above-stick-meta":"","header-main-stick-meta":"","header-below-stick-meta":"","astra-migrate-meta-layouts":"set","ast-page-background-enabled":"default","ast-page-background-meta":{"desktop":{"background-color":"var(--ast-global-color-4)","background-image":"","background-repeat":"repeat","background-position":"center center","background-size":"auto","background-attachment":"scroll","background-type":"","background-media":"","overlay-type":"","overlay-color":"","overlay-opacity":"","overlay-gradient":""},"tablet":{"background-color":"","background-image":"","background-repeat":"repeat","background-position":"center center","background-size":"auto","background-attachment":"scroll","background-type":"","background-media":"","overlay-type":"","overlay-color":"","overlay-opacity":"","overlay-gradient":""},"mobile":{"background-color":"","background-image":"","background-repeat":"repeat","background-position":"center center","background-size":"auto","background-attachment":"scroll","background-type":"","background-media":"","overlay-type":"","overlay-color":"","overlay-opacity":"","overlay-gradient":""}},"ast-content-background-meta":{"desktop":{"background-color":"var(--ast-global-color-5)","background-image":"","background-repeat":"repeat","background-position":"center center","background-size":"auto","background-attachment":"scroll","background-type":"","background-media":"","overlay-type":"","overlay-color":"","overlay-opacity":"","overlay-gradient":""},"tablet":{"background-color":"var(--ast-global-color-5)","background-image":"","background-repeat":"repeat","background-position":"center center","background-size":"auto","background-attachment":"scroll","background-type":"","background-media":"","overlay-type":"","overlay-color":"","overlay-opacity":"","overlay-gradient":""},"mobile":{"background-color":"var(--ast-global-color-5)","background-image":"","background-repeat":"repeat","background-position":"center center","background-size":"auto","background-attachment":"scroll","background-type":"","background-media":"","overlay-type":"","overlay-color":"","overlay-opacity":"","overlay-gradient":""}},"footnotes":""},"class_list":["post-26","page","type-page","status-publish","hentry"],"post_mailing_queue_ids":[],"_links":{"self":[{"href":"https:\/\/agora.xtec.cat\/ceipjventallo\/wp-json\/wp\/v2\/pages\/26","targetHints":{"allow":["GET"]}}],"collection":[{"href":"https:\/\/agora.xtec.cat\/ceipjventallo\/wp-json\/wp\/v2\/pages"}],"about":[{"href":"https:\/\/agora.xtec.cat\/ceipjventallo\/wp-json\/wp\/v2\/types\/page"}],"author":[{"embeddable":true,"href":"https:\/\/agora.xtec.cat\/ceipjventallo\/wp-json\/wp\/v2\/users\/1"}],"replies":[{"embeddable":true,"href":"https:\/\/agora.xtec.cat\/ceipjventallo\/wp-json\/wp\/v2\/comments?post=26"}],"version-history":[{"count":6,"href":"https:\/\/agora.xtec.cat\/ceipjventallo\/wp-json\/wp\/v2\/pages\/26\/revisions"}],"predecessor-version":[{"id":8689,"href":"https:\/\/agora.xtec.cat\/ceipjventallo\/wp-json\/wp\/v2\/pages\/26\/revisions\/8689"}],"up":[{"embeddable":true,"href":"https:\/\/agora.xtec.cat\/ceipjventallo\/wp-json\/wp\/v2\/pages\/22"}],"wp:attachment":[{"href":"https:\/\/agora.xtec.cat\/ceipjventallo\/wp-json\/wp\/v2\/media?parent=26"}],"curies":[{"name":"wp","href":"https:\/\/api.w.org\/{rel}","templated":true}]}}