{"id":8911,"date":"2025-10-09T12:41:55","date_gmt":"2025-10-09T10:41:55","guid":{"rendered":"https:\/\/agora.xtec.cat\/ceipjvallmajo\/?page_id=8911"},"modified":"2025-11-14T10:50:52","modified_gmt":"2025-11-14T09:50:52","slug":"projectes","status":"publish","type":"page","link":"https:\/\/agora.xtec.cat\/ceipjvallmajo\/projectes\/","title":{"rendered":"Activitats"},"content":{"rendered":"\n<h2 class=\"wp-block-heading\">Neda a l&#8217;escola<\/h2>\n\n\n\n<p>El Consell Comarcal, conjuntament amb el Consell Esportiu de l\u2019Alt Empord\u00e0, impulsa aquest programa per fomentar l\u2019aprenentatge de la nataci\u00f3 entre l\u2019alumnat<strong> <\/strong>de prim\u00e0ria. L\u2019activitat compta amb el suport i la col\u00b7laboraci\u00f3 de la Diputaci\u00f3 de Girona<\/p>\n\n\n\n<p>El programa consta de 10 sessions, que s\u2019integren dins de les classes d\u2019educaci\u00f3 f\u00edsica i es desenvolupen al llarg del segon trimestre.<\/p>\n\n\n\n<p>Anualment, els alumnes de <strong>3r<\/strong> participen en aquesta activitat que t\u00e9 com a objectiu millorar les habilitats aqu\u00e0tiques, promoure la seguretat a l\u2019aigua i fomentar h\u00e0bits saludables.<\/p>\n\n\n\n<p><a href=\"https:\/\/www.cealtemporda.cat\/ca\/neda-a-lescola\" target=\"_blank\" rel=\"noreferrer noopener\">Consell Esportiu Alt Empord\u00e0<\/a><\/p>\n\n\n\n<h2 class=\"wp-block-heading\">Cant\u00e0nia<\/h2>\n\n\n\n<p>La <strong><a href=\"https:\/\/www.auditori.cat\/ca\/cantania\" target=\"_blank\" rel=\"noreferrer noopener\">Cant\u00e0nia<\/a><\/strong> \u00e9s una activitat musical participativa adre\u00e7ada als alumnes de cicle mitj\u00e0 i superior de prim\u00e0ria de tot Catalunya. Cada any es crea una obra nova, encarregada a compositors i escriptors catalans de reconegut prestigi, pensada especialment per a ser interpretada per un <strong>gran cor d\u2019infants<\/strong>.<\/p>\n\n\n\n<p>Cada any, els alumnes de <strong>6\u00e8<\/strong> de la nostra escola participen a aquesta cantata.<\/p>\n\n\n\n<p>Els alumnes treballen les can\u00e7ons durant el curs i, com a cloenda, les interpreten en un <strong>gran concert col\u00b7lectiu<\/strong> que reuneix escoles de tota la comarca.<\/p>\n\n\n\n<p>Aquesta iniciativa \u00e9s una proposta del Servei Educatiu de l\u2019Auditori de Barcelona, que es va iniciar l\u2019any 1999. A Figueres, la Cant\u00e0nia es celebra des de l\u2019any 2009.<\/p>\n\n\n\n<p>\u00c9s una experi\u00e8ncia musical i educativa \u00fanica que fomenta la creativitat, la cooperaci\u00f3 i el gust per la m\u00fasica.<\/p>\n\n\n\n<h2 class=\"wp-block-heading\">Rodajoc<\/h2>\n\n\n\n<p>El <strong>Rodajoc<\/strong> \u00e9s una activitat esportiva i educativa impulsada pels docents especialistes d&#8217;educaci\u00f3 f\u00edsica de les escoles de la comarca, amb el suport del Consell Esportiu de l\u2019Alt Empord\u00e0.<\/p>\n\n\n\n<p>Els alumnes de <strong>4t <\/strong>participen en aquesta activitat que t\u00e9 com a objectiu promoure la cooperaci\u00f3, la diversitat cultural i l&#8217;activitat f\u00edsica a trav\u00e9s del joc.<\/p>\n\n\n\n<h2 class=\"wp-block-heading\">Rodaesport<\/h2>\n\n\n\n<p>El <strong>Rodaesport<\/strong> \u00e9s una activitat esportiva i educativa dirigida als alumnes de <strong>6\u00e8 de prim\u00e0ria<\/strong> i impulsada pels docents especialistes d\u2019educaci\u00f3 f\u00edsica de les escoles de la comarca, amb el suport del Consell Esportiu de l\u2019Alt Empord\u00e0.<\/p>\n\n\n\n<p>L\u2019objectiu del programa \u00e9s fomentar l\u2019activitat f\u00edsica, el treball en equip i la cooperaci\u00f3 entre els alumnes, alhora que es promou un estil de vida saludable i el gust per l\u2019esport.<\/p>\n\n\n\n<p>Els participants gaudeixen de jocs esportius variats i activitats multiesportives, adaptades a les seves edats i habilitats, en un entorn segur i motivador. Aquesta experi\u00e8ncia permet als alumnes con\u00e8ixer noves disciplines esportives, millorar les seves habilitats motrius i refor\u00e7ar valors com la toler\u00e0ncia i el respecte.<\/p>\n\n\n\n<h2 class=\"wp-block-heading\">Sigues tu<\/h2>\n\n\n\n<p><strong>\u00abSigues tu, eines i actius per a la salut\u00bb <\/strong>\u00e9s un programa dissenyat per entrenar les habilitats per a la vida d\u2019infants i adolescents. Es promoure l&#8217;aprenentatge de&nbsp;destreses psicosocials (com, per exemple, la capacitat de resoldre problemes o de gestionar les emocions) que complementen i optimitzen la intel\u00b7lig\u00e8ncia i els coneixements.<\/p>\n\n\n\n<p>Anualment, es duen a terme activitats d&#8217;aquest programa a diferents cursos, tant d&#8217;educaci\u00f3 infantil com d&#8217;educaci\u00f3 prim\u00e0ria.<\/p>\n\n\n\n<p><a href=\"https:\/\/www.siguestu.cat\">https:\/\/www.siguestu.cat<\/a><\/p>\n\n\n\n<h2 class=\"wp-block-heading\">Activitats mediambientals<\/h2>\n\n\n\n<p>Amb la col\u00b7laboraci\u00f3 de <a href=\"https:\/\/www.global21.cat\/\" target=\"_blank\" rel=\"noreferrer noopener\">Global 21<\/a> i el suport de l\u2019Ajuntament de Navata, l\u2019escola impulsa activitats mediambientals amb l\u2019objectiu de sensibilitzar els alumnes sobre la import\u00e0ncia de <strong>cuidar i respectar el nostre entorn.<\/strong><\/p>\n\n\n\n<p>A trav\u00e9s de tallers, sortides i projectes pr\u00e0ctics, els infants aprenen a valorar la natura, reduir residus, estalviar energia i promoure la sostenibilitat en el seu dia a dia.<\/p>\n","protected":false},"excerpt":{"rendered":"<p>Neda a l&#8217;escola El Consell Comarcal, conjuntament amb el Consell Esportiu de l\u2019Alt Empord\u00e0, impulsa aquest programa per fomentar l\u2019aprenentatge de la nataci\u00f3 entre l\u2019alumnat de prim\u00e0ria. L\u2019activitat compta amb el suport i la col\u00b7laboraci\u00f3 de la Diputaci\u00f3 de Girona El programa consta de 10 sessions, que s\u2019integren dins de les classes d\u2019educaci\u00f3 f\u00edsica i [&hellip;]<\/p>\n","protected":false},"author":1,"featured_media":0,"parent":0,"menu_order":0,"comment_status":"closed","ping_status":"close","template":"","meta":{"_bbp_topic_count":0,"_bbp_reply_count":0,"_bbp_total_topic_count":0,"_bbp_total_reply_count":0,"_bbp_voice_count":0,"_bbp_anonymous_reply_count":0,"_bbp_topic_count_hidden":0,"_bbp_reply_count_hidden":0,"_bbp_forum_subforum_count":0,"site-sidebar-layout":"left-sidebar","site-content-layout":"","ast-site-content-layout":"normal-width-container","site-content-style":"default","site-sidebar-style":"default","ast-global-header-display":"","ast-banner-title-visibility":"","ast-main-header-display":"","ast-hfb-above-header-display":"","ast-hfb-below-header-display":"","ast-hfb-mobile-header-display":"","site-post-title":"","ast-breadcrumbs-content":"","ast-featured-img":"","footer-sml-layout":"","theme-transparent-header-meta":"","adv-header-id-meta":"","stick-header-meta":"","header-above-stick-meta":"","header-main-stick-meta":"","header-below-stick-meta":"","astra-migrate-meta-layouts":"set","ast-page-background-enabled":"default","ast-page-background-meta":{"desktop":{"background-color":"var(--ast-global-color-4)","background-image":"","background-repeat":"repeat","background-position":"center center","background-size":"auto","background-attachment":"scroll","background-type":"","background-media":"","overlay-type":"","overlay-color":"","overlay-opacity":"","overlay-gradient":""},"tablet":{"background-color":"","background-image":"","background-repeat":"repeat","background-position":"center center","background-size":"auto","background-attachment":"scroll","background-type":"","background-media":"","overlay-type":"","overlay-color":"","overlay-opacity":"","overlay-gradient":""},"mobile":{"background-color":"","background-image":"","background-repeat":"repeat","background-position":"center center","background-size":"auto","background-attachment":"scroll","background-type":"","background-media":"","overlay-type":"","overlay-color":"","overlay-opacity":"","overlay-gradient":""}},"ast-content-background-meta":{"desktop":{"background-color":"var(--ast-global-color-5)","background-image":"","background-repeat":"repeat","background-position":"center center","background-size":"auto","background-attachment":"scroll","background-type":"","background-media":"","overlay-type":"","overlay-color":"","overlay-opacity":"","overlay-gradient":""},"tablet":{"background-color":"var(--ast-global-color-5)","background-image":"","background-repeat":"repeat","background-position":"center center","background-size":"auto","background-attachment":"scroll","background-type":"","background-media":"","overlay-type":"","overlay-color":"","overlay-opacity":"","overlay-gradient":""},"mobile":{"background-color":"var(--ast-global-color-5)","background-image":"","background-repeat":"repeat","background-position":"center center","background-size":"auto","background-attachment":"scroll","background-type":"","background-media":"","overlay-type":"","overlay-color":"","overlay-opacity":"","overlay-gradient":""}},"footnotes":""},"class_list":["post-8911","page","type-page","status-publish","hentry"],"post_mailing_queue_ids":[],"_links":{"self":[{"href":"https:\/\/agora.xtec.cat\/ceipjvallmajo\/wp-json\/wp\/v2\/pages\/8911","targetHints":{"allow":["GET"]}}],"collection":[{"href":"https:\/\/agora.xtec.cat\/ceipjvallmajo\/wp-json\/wp\/v2\/pages"}],"about":[{"href":"https:\/\/agora.xtec.cat\/ceipjvallmajo\/wp-json\/wp\/v2\/types\/page"}],"author":[{"embeddable":true,"href":"https:\/\/agora.xtec.cat\/ceipjvallmajo\/wp-json\/wp\/v2\/users\/1"}],"replies":[{"embeddable":true,"href":"https:\/\/agora.xtec.cat\/ceipjvallmajo\/wp-json\/wp\/v2\/comments?post=8911"}],"version-history":[{"count":6,"href":"https:\/\/agora.xtec.cat\/ceipjvallmajo\/wp-json\/wp\/v2\/pages\/8911\/revisions"}],"predecessor-version":[{"id":9154,"href":"https:\/\/agora.xtec.cat\/ceipjvallmajo\/wp-json\/wp\/v2\/pages\/8911\/revisions\/9154"}],"wp:attachment":[{"href":"https:\/\/agora.xtec.cat\/ceipjvallmajo\/wp-json\/wp\/v2\/media?parent=8911"}],"curies":[{"name":"wp","href":"https:\/\/api.w.org\/{rel}","templated":true}]}}