{"id":8869,"date":"2025-09-29T19:09:55","date_gmt":"2025-09-29T17:09:55","guid":{"rendered":"https:\/\/agora.xtec.cat\/ceipjvallmajo\/?page_id=8869"},"modified":"2025-10-09T09:55:27","modified_gmt":"2025-10-09T07:55:27","slug":"consell-dinfants","status":"publish","type":"page","link":"https:\/\/agora.xtec.cat\/ceipjvallmajo\/lescola\/consell-dinfants\/","title":{"rendered":"Consell d&#8217;infants"},"content":{"rendered":"\n<p>El <strong>Consell d\u2019Infants<\/strong> \u00e9s un \u00f2rgan de participaci\u00f3 destinat a donar veu als nens i nenes del nostre poble. T\u00e9 un car\u00e0cter <strong>consultiu, educatiu i representatiu<\/strong>, i t\u00e9 com a objectiu fomentar la implicaci\u00f3 dels infants en la vida p\u00fablica i en la construcci\u00f3 d\u2019un poble adaptat a les seves necessitats.<\/p>\n\n\n\n<p>Aix\u00ed, A.M. Novella, va proposar una definici\u00f3 del Consell d\u2019Infants atenent a una triple funci\u00f3<sup data-fn=\"fceb1055-0c47-4bb7-bacd-b611cab2ab4b\" class=\"fn\"><a href=\"#fceb1055-0c47-4bb7-bacd-b611cab2ab4b\" id=\"fceb1055-0c47-4bb7-bacd-b611cab2ab4b-link\">1<\/a><\/sup>:<\/p>\n\n\n\n<ul class=\"wp-block-list\">\n<li><em>\u00c9s un <\/em><strong><em>OBSERVATORI DEL MUNICIPI<\/em><\/strong><em> on, a partir de la mirada i l\u2019al\u00e7ada dels infants, es poden detectar aquells aspectes i temes millorables del municipi que passen desapercebuts per als adults.<\/em><\/li>\n\n\n\n<li><em>\u00c9s un <\/em><strong><em>ESPAI DE PARTICIPACI\u00d3<\/em><\/strong><em> on els nens i les nenes poden exercir els seus drets civils com a ciutadans en els temes que estan directament relacionats amb el seu col\u00b7lectiu.<\/em><\/li>\n\n\n\n<li><em>\u201c\u00c9s un <\/em><strong><em>OBSERVATORI DEL MUNICIPI<\/em><\/strong><em> <\/em><em>on, a partir de la mirada i l\u2019al\u00e7ada dels infants, es poden detectar aquells aspectes i temes millorables del municipi que passen desapercebuts per als adults.<\/em><\/li>\n<\/ul>\n\n\n\n<p class=\"has-medium-font-size\"><strong>Funcionament del Consell d&#8217;infants<\/strong><\/p>\n\n\n\n<p><strong>Elecci\u00f3 de representants<\/strong><\/p>\n\n\n\n<p>A principi de curs es trien democr\u00e0ticament els representants d\u2019aula:<\/p>\n\n\n\n<ul class=\"wp-block-list\">\n<li><strong>Infantil:<\/strong> 2 representants d&#8217;I5 que actuen com a representants de l&#8217;alumnat d&#8217;I3, I4 i I5.<\/li>\n\n\n\n<li><strong>Prim\u00e0ria: <\/strong>1 representant per aula.<\/li>\n<\/ul>\n\n\n\n<p><strong>Assemblees d\u2019aula<\/strong><\/p>\n\n\n\n<ul class=\"wp-block-list\">\n<li>Cada classe debat propostes per millorar l\u2019escola i el poble.<\/li>\n\n\n\n<li>S\u2019escullen les idees m\u00e9s rellevants per traslladar al Consell.<\/li>\n<\/ul>\n\n\n\n<p><strong>Assemblea de representants<\/strong><\/p>\n\n\n\n<ul class=\"wp-block-list\">\n<li>Els delegats es reuneixen amb les coordinadores de cicle i membres de l\u2019equip directiu per posar en com\u00fa les propostes i consensuar quines es faran arribar a l\u2019Ajuntament.<\/li>\n\n\n\n<li>Cada representant retorna la informaci\u00f3 a la seva classe.<\/li>\n<\/ul>\n\n\n\n<p><strong>Reuni\u00f3 amb l\u2019alcaldessa<\/strong><\/p>\n\n\n\n<ul class=\"wp-block-list\">\n<li>Els consellers presenten les propostes a l\u2019alcaldessa.<\/li>\n<\/ul>\n\n\n\n<p><strong>Retorn de l\u2019Ajuntament<\/strong><\/p>\n\n\n\n<ul class=\"wp-block-list\">\n<li>L\u2019alcaldessa visita l\u2019escola per respondre les propostes.<\/li>\n\n\n\n<li>Els representants traslladen la informaci\u00f3 final a les seves aules.<\/li>\n<\/ul>\n\n\n<ol class=\"wp-block-footnotes has-small-font-size\"><li id=\"fceb1055-0c47-4bb7-bacd-b611cab2ab4b\"><em>A.M. NOVELLA \u201cLa participaci\u00f3 dels infants: l\u2019experi\u00e8ncia del Consell d\u2019Infants de Sant Feliu de Llobregat\u201d en Drets i responsabilitats d\u2019infants i joves<\/em> <a href=\"#fceb1055-0c47-4bb7-bacd-b611cab2ab4b-link\" aria-label=\"Ves a la refer\u00e8ncia de la nota al peu 1\">\u21a9\ufe0e<\/a><\/li><\/ol>","protected":false},"excerpt":{"rendered":"<p>El Consell d\u2019Infants \u00e9s un \u00f2rgan de participaci\u00f3 destinat a donar veu als nens i nenes del nostre poble. T\u00e9 un car\u00e0cter consultiu, educatiu i representatiu, i t\u00e9 com a objectiu fomentar la implicaci\u00f3 dels infants en la vida p\u00fablica i en la construcci\u00f3 d\u2019un poble adaptat a les seves necessitats. Aix\u00ed, A.M. Novella, va [&hellip;]<\/p>\n","protected":false},"author":1,"featured_media":0,"parent":22,"menu_order":25,"comment_status":"closed","ping_status":"closed","template":"","meta":{"_bbp_topic_count":0,"_bbp_reply_count":0,"_bbp_total_topic_count":0,"_bbp_total_reply_count":0,"_bbp_voice_count":0,"_bbp_anonymous_reply_count":0,"_bbp_topic_count_hidden":0,"_bbp_reply_count_hidden":0,"_bbp_forum_subforum_count":0,"site-sidebar-layout":"default","site-content-layout":"","ast-site-content-layout":"default","site-content-style":"default","site-sidebar-style":"default","ast-global-header-display":"","ast-banner-title-visibility":"","ast-main-header-display":"","ast-hfb-above-header-display":"","ast-hfb-below-header-display":"","ast-hfb-mobile-header-display":"","site-post-title":"","ast-breadcrumbs-content":"","ast-featured-img":"","footer-sml-layout":"","theme-transparent-header-meta":"","adv-header-id-meta":"","stick-header-meta":"","header-above-stick-meta":"","header-main-stick-meta":"","header-below-stick-meta":"","astra-migrate-meta-layouts":"set","ast-page-background-enabled":"default","ast-page-background-meta":{"desktop":{"background-color":"var(--ast-global-color-4)","background-image":"","background-repeat":"repeat","background-position":"center center","background-size":"auto","background-attachment":"scroll","background-type":"","background-media":"","overlay-type":"","overlay-color":"","overlay-opacity":"","overlay-gradient":""},"tablet":{"background-color":"","background-image":"","background-repeat":"repeat","background-position":"center center","background-size":"auto","background-attachment":"scroll","background-type":"","background-media":"","overlay-type":"","overlay-color":"","overlay-opacity":"","overlay-gradient":""},"mobile":{"background-color":"","background-image":"","background-repeat":"repeat","background-position":"center center","background-size":"auto","background-attachment":"scroll","background-type":"","background-media":"","overlay-type":"","overlay-color":"","overlay-opacity":"","overlay-gradient":""}},"ast-content-background-meta":{"desktop":{"background-color":"var(--ast-global-color-5)","background-image":"","background-repeat":"repeat","background-position":"center center","background-size":"auto","background-attachment":"scroll","background-type":"","background-media":"","overlay-type":"","overlay-color":"","overlay-opacity":"","overlay-gradient":""},"tablet":{"background-color":"var(--ast-global-color-5)","background-image":"","background-repeat":"repeat","background-position":"center center","background-size":"auto","background-attachment":"scroll","background-type":"","background-media":"","overlay-type":"","overlay-color":"","overlay-opacity":"","overlay-gradient":""},"mobile":{"background-color":"var(--ast-global-color-5)","background-image":"","background-repeat":"repeat","background-position":"center center","background-size":"auto","background-attachment":"scroll","background-type":"","background-media":"","overlay-type":"","overlay-color":"","overlay-opacity":"","overlay-gradient":""}},"footnotes":"[{\"content\":\"<em>A.M. NOVELLA \u201cLa participaci\u00f3 dels infants: l\u2019experi\u00e8ncia del Consell d\u2019Infants de Sant Feliu de Llobregat\u201d en Drets i responsabilitats d\u2019infants i joves<\/em>\",\"id\":\"fceb1055-0c47-4bb7-bacd-b611cab2ab4b\"}]"},"class_list":["post-8869","page","type-page","status-publish","hentry"],"post_mailing_queue_ids":[],"_links":{"self":[{"href":"https:\/\/agora.xtec.cat\/ceipjvallmajo\/wp-json\/wp\/v2\/pages\/8869","targetHints":{"allow":["GET"]}}],"collection":[{"href":"https:\/\/agora.xtec.cat\/ceipjvallmajo\/wp-json\/wp\/v2\/pages"}],"about":[{"href":"https:\/\/agora.xtec.cat\/ceipjvallmajo\/wp-json\/wp\/v2\/types\/page"}],"author":[{"embeddable":true,"href":"https:\/\/agora.xtec.cat\/ceipjvallmajo\/wp-json\/wp\/v2\/users\/1"}],"replies":[{"embeddable":true,"href":"https:\/\/agora.xtec.cat\/ceipjvallmajo\/wp-json\/wp\/v2\/comments?post=8869"}],"version-history":[{"count":5,"href":"https:\/\/agora.xtec.cat\/ceipjvallmajo\/wp-json\/wp\/v2\/pages\/8869\/revisions"}],"predecessor-version":[{"id":8909,"href":"https:\/\/agora.xtec.cat\/ceipjvallmajo\/wp-json\/wp\/v2\/pages\/8869\/revisions\/8909"}],"up":[{"embeddable":true,"href":"https:\/\/agora.xtec.cat\/ceipjvallmajo\/wp-json\/wp\/v2\/pages\/22"}],"wp:attachment":[{"href":"https:\/\/agora.xtec.cat\/ceipjvallmajo\/wp-json\/wp\/v2\/media?parent=8869"}],"curies":[{"name":"wp","href":"https:\/\/api.w.org\/{rel}","templated":true}]}}