{"id":5784,"date":"2022-05-05T10:52:04","date_gmt":"2022-05-05T08:52:04","guid":{"rendered":"https:\/\/agora.xtec.cat\/ceipjvallmajo\/?page_id=5784"},"modified":"2023-03-14T13:25:37","modified_gmt":"2023-03-14T12:25:37","slug":"docents","status":"publish","type":"page","link":"https:\/\/agora.xtec.cat\/ceipjvallmajo\/projecte-educatiu\/estrategia-digital-de-centre\/part-estrategia-digital\/diagnosi\/docents\/","title":{"rendered":"Docents"},"content":{"rendered":"<h5>Punts febles<\/h5>\n<p>L&#8217;avaluaci\u00f3 i retroalimentaci\u00f3 digitals.<\/p>\n<p>Els suports i recursos digitals (\u00fas d&#8217;entorns virtuals d&#8217;aprenentatge).<\/p>\n<p>Implementaci\u00f3 a l&#8217;aula de les tecnologies digitals per a l&#8217;aprenentatge.<\/p>\n<p>\u00das de les noves tecnologies per part de l&#8217;alumnat (c<span data-sheets-formula-bar-text-style=\"font-size:13px;color:#000000;font-weight:normal;text-decoration:none;font-family:'Arial';font-style:normal;text-decoration-skip-ink:none;\">omportament segur i responsable i verificaci\u00f3 de la qualitat de la informaci\u00f3).<br \/>\n<\/span><\/p>\n<h5>Punts forts<\/h5>\n<p>Desenvolupament de l&#8217;estrat\u00e8gia digital amb els docents.<\/p>\n<p>Dispositius digitals per a l&#8217;ensenyament.<\/p>\n<p>Acc\u00e9s a internet.<\/p>\n<p>Participaci\u00f3 a la formaci\u00f3 permanent.<\/p>\n<p>Recursos educatius en l\u00ednia.<\/p>\n","protected":false},"excerpt":{"rendered":"<p>Punts febles L&#8217;avaluaci\u00f3 i retroalimentaci\u00f3 digitals. Els suports i recursos digitals (\u00fas d&#8217;entorns virtuals d&#8217;aprenentatge). Implementaci\u00f3 a l&#8217;aula de les tecnologies digitals per a l&#8217;aprenentatge. \u00das de les noves tecnologies per part de l&#8217;alumnat (comportament segur i responsable i verificaci\u00f3 de la qualitat de la informaci\u00f3). Punts forts Desenvolupament de l&#8217;estrat\u00e8gia digital amb els docents. [&hellip;]<\/p>\n","protected":false},"author":1,"featured_media":0,"parent":5776,"menu_order":0,"comment_status":"closed","ping_status":"closed","template":"page-templates\/side-menu.php","meta":{"_bbp_topic_count":0,"_bbp_reply_count":0,"_bbp_total_topic_count":0,"_bbp_total_reply_count":0,"_bbp_voice_count":0,"_bbp_anonymous_reply_count":0,"_bbp_topic_count_hidden":0,"_bbp_reply_count_hidden":0,"_bbp_forum_subforum_count":0,"site-sidebar-layout":"default","site-content-layout":"","ast-site-content-layout":"","site-content-style":"default","site-sidebar-style":"default","ast-global-header-display":"","ast-banner-title-visibility":"","ast-main-header-display":"","ast-hfb-above-header-display":"","ast-hfb-below-header-display":"","ast-hfb-mobile-header-display":"","site-post-title":"","ast-breadcrumbs-content":"","ast-featured-img":"","footer-sml-layout":"","theme-transparent-header-meta":"","adv-header-id-meta":"","stick-header-meta":"","header-above-stick-meta":"","header-main-stick-meta":"","header-below-stick-meta":"","astra-migrate-meta-layouts":"default","ast-page-background-enabled":"default","ast-page-background-meta":{"desktop":{"background-color":"var(--ast-global-color-4)","background-image":"","background-repeat":"repeat","background-position":"center center","background-size":"auto","background-attachment":"scroll","background-type":"","background-media":"","overlay-type":"","overlay-color":"","overlay-opacity":"","overlay-gradient":""},"tablet":{"background-color":"","background-image":"","background-repeat":"repeat","background-position":"center center","background-size":"auto","background-attachment":"scroll","background-type":"","background-media":"","overlay-type":"","overlay-color":"","overlay-opacity":"","overlay-gradient":""},"mobile":{"background-color":"","background-image":"","background-repeat":"repeat","background-position":"center center","background-size":"auto","background-attachment":"scroll","background-type":"","background-media":"","overlay-type":"","overlay-color":"","overlay-opacity":"","overlay-gradient":""}},"ast-content-background-meta":{"desktop":{"background-color":"var(--ast-global-color-5)","background-image":"","background-repeat":"repeat","background-position":"center center","background-size":"auto","background-attachment":"scroll","background-type":"","background-media":"","overlay-type":"","overlay-color":"","overlay-opacity":"","overlay-gradient":""},"tablet":{"background-color":"var(--ast-global-color-5)","background-image":"","background-repeat":"repeat","background-position":"center center","background-size":"auto","background-attachment":"scroll","background-type":"","background-media":"","overlay-type":"","overlay-color":"","overlay-opacity":"","overlay-gradient":""},"mobile":{"background-color":"var(--ast-global-color-5)","background-image":"","background-repeat":"repeat","background-position":"center center","background-size":"auto","background-attachment":"scroll","background-type":"","background-media":"","overlay-type":"","overlay-color":"","overlay-opacity":"","overlay-gradient":""}},"footnotes":""},"class_list":["post-5784","page","type-page","status-publish","hentry"],"post_mailing_queue_ids":[],"_links":{"self":[{"href":"https:\/\/agora.xtec.cat\/ceipjvallmajo\/wp-json\/wp\/v2\/pages\/5784","targetHints":{"allow":["GET"]}}],"collection":[{"href":"https:\/\/agora.xtec.cat\/ceipjvallmajo\/wp-json\/wp\/v2\/pages"}],"about":[{"href":"https:\/\/agora.xtec.cat\/ceipjvallmajo\/wp-json\/wp\/v2\/types\/page"}],"author":[{"embeddable":true,"href":"https:\/\/agora.xtec.cat\/ceipjvallmajo\/wp-json\/wp\/v2\/users\/1"}],"replies":[{"embeddable":true,"href":"https:\/\/agora.xtec.cat\/ceipjvallmajo\/wp-json\/wp\/v2\/comments?post=5784"}],"version-history":[{"count":4,"href":"https:\/\/agora.xtec.cat\/ceipjvallmajo\/wp-json\/wp\/v2\/pages\/5784\/revisions"}],"predecessor-version":[{"id":6640,"href":"https:\/\/agora.xtec.cat\/ceipjvallmajo\/wp-json\/wp\/v2\/pages\/5784\/revisions\/6640"}],"up":[{"embeddable":true,"href":"https:\/\/agora.xtec.cat\/ceipjvallmajo\/wp-json\/wp\/v2\/pages\/5776"}],"wp:attachment":[{"href":"https:\/\/agora.xtec.cat\/ceipjvallmajo\/wp-json\/wp\/v2\/media?parent=5784"}],"curies":[{"name":"wp","href":"https:\/\/api.w.org\/{rel}","templated":true}]}}