{"id":5782,"date":"2022-05-05T10:51:50","date_gmt":"2022-05-05T08:51:50","guid":{"rendered":"https:\/\/agora.xtec.cat\/ceipjvallmajo\/?page_id=5782"},"modified":"2023-03-14T13:35:58","modified_gmt":"2023-03-14T12:35:58","slug":"centre","status":"publish","type":"page","link":"https:\/\/agora.xtec.cat\/ceipjvallmajo\/projecte-educatiu\/estrategia-digital-de-centre\/part-estrategia-digital\/diagnosi\/centre\/","title":{"rendered":"Centre"},"content":{"rendered":"<h5>Punts febles<\/h5>\n<p>Avaluaci\u00f3 digital.<\/p>\n<p>Debat sobre l&#8217;\u00fas de la tecnologia.<\/p>\n<p>Intercanvi d&#8217;experi\u00e8ncies.<\/p>\n<p>Compet\u00e8ncies digitals de l&#8217;alumnat (comportament segur i verificar la qualitat de la informaci\u00f3).<\/p>\n<h5>Punts forts<\/h5>\n<p>Desenvolupament de l&#8217;estrat\u00e8gia amb els docents.<\/p>\n<p>Dispositius digitals per a l&#8217;ensenyament i per a l&#8217;aprenentatge.<\/p>\n<p>Acc\u00e9s a internet.<\/p>\n<p>Inclusi\u00f3 i col\u00b7laboraci\u00f3 de l&#8217;alumnat.<\/p>\n<p>Participaci\u00f3 a la formaci\u00f3 permanent.<\/p>\n<p>\u00das d&#8217;entorns virtuals d&#8217;aprenentatge.<\/p>\n<p>Comunicaci\u00f3 amb la comunitat educativa.<\/p>\n","protected":false},"excerpt":{"rendered":"<p>Punts febles Avaluaci\u00f3 digital. Debat sobre l&#8217;\u00fas de la tecnologia. Intercanvi d&#8217;experi\u00e8ncies. Compet\u00e8ncies digitals de l&#8217;alumnat (comportament segur i verificar la qualitat de la informaci\u00f3). Punts forts Desenvolupament de l&#8217;estrat\u00e8gia amb els docents. Dispositius digitals per a l&#8217;ensenyament i per a l&#8217;aprenentatge. Acc\u00e9s a internet. Inclusi\u00f3 i col\u00b7laboraci\u00f3 de l&#8217;alumnat. Participaci\u00f3 a la formaci\u00f3 permanent. [&hellip;]<\/p>\n","protected":false},"author":1,"featured_media":0,"parent":5776,"menu_order":0,"comment_status":"closed","ping_status":"closed","template":"page-templates\/side-menu.php","meta":{"_bbp_topic_count":0,"_bbp_reply_count":0,"_bbp_total_topic_count":0,"_bbp_total_reply_count":0,"_bbp_voice_count":0,"_bbp_anonymous_reply_count":0,"_bbp_topic_count_hidden":0,"_bbp_reply_count_hidden":0,"_bbp_forum_subforum_count":0,"site-sidebar-layout":"default","site-content-layout":"","ast-site-content-layout":"","site-content-style":"default","site-sidebar-style":"default","ast-global-header-display":"","ast-banner-title-visibility":"","ast-main-header-display":"","ast-hfb-above-header-display":"","ast-hfb-below-header-display":"","ast-hfb-mobile-header-display":"","site-post-title":"","ast-breadcrumbs-content":"","ast-featured-img":"","footer-sml-layout":"","theme-transparent-header-meta":"","adv-header-id-meta":"","stick-header-meta":"","header-above-stick-meta":"","header-main-stick-meta":"","header-below-stick-meta":"","astra-migrate-meta-layouts":"default","ast-page-background-enabled":"default","ast-page-background-meta":{"desktop":{"background-color":"var(--ast-global-color-4)","background-image":"","background-repeat":"repeat","background-position":"center center","background-size":"auto","background-attachment":"scroll","background-type":"","background-media":"","overlay-type":"","overlay-color":"","overlay-opacity":"","overlay-gradient":""},"tablet":{"background-color":"","background-image":"","background-repeat":"repeat","background-position":"center center","background-size":"auto","background-attachment":"scroll","background-type":"","background-media":"","overlay-type":"","overlay-color":"","overlay-opacity":"","overlay-gradient":""},"mobile":{"background-color":"","background-image":"","background-repeat":"repeat","background-position":"center center","background-size":"auto","background-attachment":"scroll","background-type":"","background-media":"","overlay-type":"","overlay-color":"","overlay-opacity":"","overlay-gradient":""}},"ast-content-background-meta":{"desktop":{"background-color":"var(--ast-global-color-5)","background-image":"","background-repeat":"repeat","background-position":"center center","background-size":"auto","background-attachment":"scroll","background-type":"","background-media":"","overlay-type":"","overlay-color":"","overlay-opacity":"","overlay-gradient":""},"tablet":{"background-color":"var(--ast-global-color-5)","background-image":"","background-repeat":"repeat","background-position":"center center","background-size":"auto","background-attachment":"scroll","background-type":"","background-media":"","overlay-type":"","overlay-color":"","overlay-opacity":"","overlay-gradient":""},"mobile":{"background-color":"var(--ast-global-color-5)","background-image":"","background-repeat":"repeat","background-position":"center center","background-size":"auto","background-attachment":"scroll","background-type":"","background-media":"","overlay-type":"","overlay-color":"","overlay-opacity":"","overlay-gradient":""}},"footnotes":""},"class_list":["post-5782","page","type-page","status-publish","hentry"],"post_mailing_queue_ids":[],"_links":{"self":[{"href":"https:\/\/agora.xtec.cat\/ceipjvallmajo\/wp-json\/wp\/v2\/pages\/5782","targetHints":{"allow":["GET"]}}],"collection":[{"href":"https:\/\/agora.xtec.cat\/ceipjvallmajo\/wp-json\/wp\/v2\/pages"}],"about":[{"href":"https:\/\/agora.xtec.cat\/ceipjvallmajo\/wp-json\/wp\/v2\/types\/page"}],"author":[{"embeddable":true,"href":"https:\/\/agora.xtec.cat\/ceipjvallmajo\/wp-json\/wp\/v2\/users\/1"}],"replies":[{"embeddable":true,"href":"https:\/\/agora.xtec.cat\/ceipjvallmajo\/wp-json\/wp\/v2\/comments?post=5782"}],"version-history":[{"count":3,"href":"https:\/\/agora.xtec.cat\/ceipjvallmajo\/wp-json\/wp\/v2\/pages\/5782\/revisions"}],"predecessor-version":[{"id":6643,"href":"https:\/\/agora.xtec.cat\/ceipjvallmajo\/wp-json\/wp\/v2\/pages\/5782\/revisions\/6643"}],"up":[{"embeddable":true,"href":"https:\/\/agora.xtec.cat\/ceipjvallmajo\/wp-json\/wp\/v2\/pages\/5776"}],"wp:attachment":[{"href":"https:\/\/agora.xtec.cat\/ceipjvallmajo\/wp-json\/wp\/v2\/media?parent=5782"}],"curies":[{"name":"wp","href":"https:\/\/api.w.org\/{rel}","templated":true}]}}