{"id":5767,"date":"2022-05-05T10:45:16","date_gmt":"2022-05-05T08:45:16","guid":{"rendered":"https:\/\/agora.xtec.cat\/ceipjvallmajo\/?page_id=5767"},"modified":"2026-01-12T13:44:00","modified_gmt":"2026-01-12T12:44:00","slug":"comunicacio","status":"publish","type":"page","link":"https:\/\/agora.xtec.cat\/ceipjvallmajo\/projecte-educatiu\/estrategia-digital-de-centre\/cultura-digital-de-centre\/comunicacio\/","title":{"rendered":"Comunicaci\u00f3"},"content":{"rendered":"\n<p class=\"has-text-align-right has-small-font-size\">Data actualitzaci\u00f3: 13\/01\/2026<\/p>\n\n\n\n<h4 class=\"wp-block-heading\">Espai web<\/h4>\n\n\n\n<p>El centre t\u00e9 aquest espai web a NODES, un servei del Departament d\u2019Educaci\u00f3 que proporciona un web amb funcionalitats avan\u00e7ades per als centres educatius de Catalunya.<\/p>\n\n\n\n<p>\u00c9s un dels canals de comunicaci\u00f3 entre l&#8217;escola i les fam\u00edlies, aix\u00ed com amb la resta de la comunitat educativa.<\/p>\n\n\n\n<h4 class=\"wp-block-heading\">Correu electr\u00f2nic<\/h4>\n\n\n\n<p>Les informacions i\/o notificacions d&#8217;inter\u00e8s per a les fam\u00edlies, es comuniquen per correu electr\u00f2nic. De la mateixa manera, les fam\u00edlies poden utilitzar aquest canal de comunicaci\u00f3 per notificar a l&#8217;escola, qualsevol aspecte relacionat amb el seu fill\/a.<\/p>\n\n\n\n<h4 class=\"wp-block-heading\">Entorn d\u2019Aprenentatge Virtual (EVA) &#8211; GSuite<\/h4>\n\n\n\n<p>Un <strong>Entorn Virtual d\u2019Aprenentatge<\/strong> (EVA) \u00e9s una plataforma dissenyada per afavorir la gesti\u00f3 digital de les tasques pr\u00f2pies dels processos d\u2019ensenyament i aprenentatge. L&#8217;EVA que utilitzem \u00e9s el <strong>Classroom<\/strong>.<\/p>\n\n\n\n<h4 class=\"wp-block-heading\">Xarxes socials<\/h4>\n\n\n\n<p>La nostra escola no t\u00e9 cap perfil activat a alguna xarxa social. S\u00ed que s&#8217;utilitzen plataformes com Youtube per enlla\u00e7ar-hi documents audiovisuals de creaci\u00f3 pr\u00f2pia o altres llocs web per compartir altres tipus de documents.<\/p>\n\n\n\n<p>&nbsp;<\/p>\n\n\n\n<p>&nbsp;<\/p>\n\n\n\n<p>&nbsp;<\/p>\n","protected":false},"excerpt":{"rendered":"<p>Data actualitzaci\u00f3: 13\/01\/2026 Espai web El centre t\u00e9 aquest espai web a NODES, un servei del Departament d\u2019Educaci\u00f3 que proporciona un web amb funcionalitats avan\u00e7ades per als centres educatius de Catalunya. \u00c9s un dels canals de comunicaci\u00f3 entre l&#8217;escola i les fam\u00edlies, aix\u00ed com amb la resta de la comunitat educativa. Correu electr\u00f2nic Les informacions [&hellip;]<\/p>\n","protected":false},"author":1,"featured_media":0,"parent":5755,"menu_order":0,"comment_status":"closed","ping_status":"closed","template":"","meta":{"_bbp_topic_count":0,"_bbp_reply_count":0,"_bbp_total_topic_count":0,"_bbp_total_reply_count":0,"_bbp_voice_count":0,"_bbp_anonymous_reply_count":0,"_bbp_topic_count_hidden":0,"_bbp_reply_count_hidden":0,"_bbp_forum_subforum_count":0,"site-sidebar-layout":"default","site-content-layout":"","ast-site-content-layout":"default","site-content-style":"default","site-sidebar-style":"default","ast-global-header-display":"","ast-banner-title-visibility":"","ast-main-header-display":"","ast-hfb-above-header-display":"","ast-hfb-below-header-display":"","ast-hfb-mobile-header-display":"","site-post-title":"","ast-breadcrumbs-content":"","ast-featured-img":"","footer-sml-layout":"","theme-transparent-header-meta":"","adv-header-id-meta":"","stick-header-meta":"","header-above-stick-meta":"","header-main-stick-meta":"","header-below-stick-meta":"","astra-migrate-meta-layouts":"set","ast-page-background-enabled":"default","ast-page-background-meta":{"desktop":{"background-color":"var(--ast-global-color-4)","background-image":"","background-repeat":"repeat","background-position":"center center","background-size":"auto","background-attachment":"scroll","background-type":"","background-media":"","overlay-type":"","overlay-color":"","overlay-opacity":"","overlay-gradient":""},"tablet":{"background-color":"","background-image":"","background-repeat":"repeat","background-position":"center center","background-size":"auto","background-attachment":"scroll","background-type":"","background-media":"","overlay-type":"","overlay-color":"","overlay-opacity":"","overlay-gradient":""},"mobile":{"background-color":"","background-image":"","background-repeat":"repeat","background-position":"center center","background-size":"auto","background-attachment":"scroll","background-type":"","background-media":"","overlay-type":"","overlay-color":"","overlay-opacity":"","overlay-gradient":""}},"ast-content-background-meta":{"desktop":{"background-color":"var(--ast-global-color-5)","background-image":"","background-repeat":"repeat","background-position":"center center","background-size":"auto","background-attachment":"scroll","background-type":"","background-media":"","overlay-type":"","overlay-color":"","overlay-opacity":"","overlay-gradient":""},"tablet":{"background-color":"var(--ast-global-color-5)","background-image":"","background-repeat":"repeat","background-position":"center center","background-size":"auto","background-attachment":"scroll","background-type":"","background-media":"","overlay-type":"","overlay-color":"","overlay-opacity":"","overlay-gradient":""},"mobile":{"background-color":"var(--ast-global-color-5)","background-image":"","background-repeat":"repeat","background-position":"center center","background-size":"auto","background-attachment":"scroll","background-type":"","background-media":"","overlay-type":"","overlay-color":"","overlay-opacity":"","overlay-gradient":""}},"footnotes":""},"class_list":["post-5767","page","type-page","status-publish","hentry"],"post_mailing_queue_ids":[],"_links":{"self":[{"href":"https:\/\/agora.xtec.cat\/ceipjvallmajo\/wp-json\/wp\/v2\/pages\/5767","targetHints":{"allow":["GET"]}}],"collection":[{"href":"https:\/\/agora.xtec.cat\/ceipjvallmajo\/wp-json\/wp\/v2\/pages"}],"about":[{"href":"https:\/\/agora.xtec.cat\/ceipjvallmajo\/wp-json\/wp\/v2\/types\/page"}],"author":[{"embeddable":true,"href":"https:\/\/agora.xtec.cat\/ceipjvallmajo\/wp-json\/wp\/v2\/users\/1"}],"replies":[{"embeddable":true,"href":"https:\/\/agora.xtec.cat\/ceipjvallmajo\/wp-json\/wp\/v2\/comments?post=5767"}],"version-history":[{"count":3,"href":"https:\/\/agora.xtec.cat\/ceipjvallmajo\/wp-json\/wp\/v2\/pages\/5767\/revisions"}],"predecessor-version":[{"id":9350,"href":"https:\/\/agora.xtec.cat\/ceipjvallmajo\/wp-json\/wp\/v2\/pages\/5767\/revisions\/9350"}],"up":[{"embeddable":true,"href":"https:\/\/agora.xtec.cat\/ceipjvallmajo\/wp-json\/wp\/v2\/pages\/5755"}],"wp:attachment":[{"href":"https:\/\/agora.xtec.cat\/ceipjvallmajo\/wp-json\/wp\/v2\/media?parent=5767"}],"curies":[{"name":"wp","href":"https:\/\/api.w.org\/{rel}","templated":true}]}}