{"id":5765,"date":"2022-05-05T10:44:26","date_gmt":"2022-05-05T08:44:26","guid":{"rendered":"https:\/\/agora.xtec.cat\/ceipjvallmajo\/?page_id=5765"},"modified":"2023-06-09T12:25:26","modified_gmt":"2023-06-09T10:25:26","slug":"competencia-docent","status":"publish","type":"page","link":"https:\/\/agora.xtec.cat\/ceipjvallmajo\/projecte-educatiu\/estrategia-digital-de-centre\/cultura-digital-de-centre\/competencia-docent\/","title":{"rendered":"Compet\u00e8ncia digital docent (CDD)"},"content":{"rendered":"<p>Durant el curs 22-23, els docents de l&#8217;escola fan una formaci\u00f3 en centre relacionada amb l&#8217;elaboraci\u00f3 de l&#8217;estrat\u00e8gia digital de centre i de disseny de situacions d&#8217;aprenentatge amb tecnologia digital, per tal d&#8217;obtenir un nivell de compet\u00e8ncia digital docent.<\/p>\n<p>En funci\u00f3 de les necessitats dels docents es duen a terme formacions espec\u00edfiques de pedagogia i compet\u00e8ncia digital.<\/p>\n<p>En cas que es detecti una necessitat espec\u00edfica, l\u2019equip directiu pot proposar una formaci\u00f3 interna de centre relacionada amb temes de cultura digital.<\/p>\n<p>Sempre que sigui necessari es faran c\u00e0psules de formaci\u00f3 per a l\u2019\u00fas de les plataformes de treball de l\u2019escola, les eines que ofereix el Google Workspace o sobre algun tema relacionat amb les TIC.<\/p>\n","protected":false},"excerpt":{"rendered":"<p>Durant el curs 22-23, els docents de l&#8217;escola fan una formaci\u00f3 en centre relacionada amb l&#8217;elaboraci\u00f3 de l&#8217;estrat\u00e8gia digital de centre i de disseny de situacions d&#8217;aprenentatge amb tecnologia digital, per tal d&#8217;obtenir un nivell de compet\u00e8ncia digital docent. En funci\u00f3 de les necessitats dels docents es duen a terme formacions espec\u00edfiques de pedagogia i [&hellip;]<\/p>\n","protected":false},"author":1,"featured_media":0,"parent":5755,"menu_order":0,"comment_status":"closed","ping_status":"closed","template":"page-templates\/side-menu.php","meta":{"_bbp_topic_count":0,"_bbp_reply_count":0,"_bbp_total_topic_count":0,"_bbp_total_reply_count":0,"_bbp_voice_count":0,"_bbp_anonymous_reply_count":0,"_bbp_topic_count_hidden":0,"_bbp_reply_count_hidden":0,"_bbp_forum_subforum_count":0,"site-sidebar-layout":"default","site-content-layout":"","ast-site-content-layout":"","site-content-style":"default","site-sidebar-style":"default","ast-global-header-display":"","ast-banner-title-visibility":"","ast-main-header-display":"","ast-hfb-above-header-display":"","ast-hfb-below-header-display":"","ast-hfb-mobile-header-display":"","site-post-title":"","ast-breadcrumbs-content":"","ast-featured-img":"","footer-sml-layout":"","theme-transparent-header-meta":"","adv-header-id-meta":"","stick-header-meta":"","header-above-stick-meta":"","header-main-stick-meta":"","header-below-stick-meta":"","astra-migrate-meta-layouts":"default","ast-page-background-enabled":"default","ast-page-background-meta":{"desktop":{"background-color":"var(--ast-global-color-4)","background-image":"","background-repeat":"repeat","background-position":"center center","background-size":"auto","background-attachment":"scroll","background-type":"","background-media":"","overlay-type":"","overlay-color":"","overlay-opacity":"","overlay-gradient":""},"tablet":{"background-color":"","background-image":"","background-repeat":"repeat","background-position":"center center","background-size":"auto","background-attachment":"scroll","background-type":"","background-media":"","overlay-type":"","overlay-color":"","overlay-opacity":"","overlay-gradient":""},"mobile":{"background-color":"","background-image":"","background-repeat":"repeat","background-position":"center center","background-size":"auto","background-attachment":"scroll","background-type":"","background-media":"","overlay-type":"","overlay-color":"","overlay-opacity":"","overlay-gradient":""}},"ast-content-background-meta":{"desktop":{"background-color":"var(--ast-global-color-5)","background-image":"","background-repeat":"repeat","background-position":"center center","background-size":"auto","background-attachment":"scroll","background-type":"","background-media":"","overlay-type":"","overlay-color":"","overlay-opacity":"","overlay-gradient":""},"tablet":{"background-color":"var(--ast-global-color-5)","background-image":"","background-repeat":"repeat","background-position":"center center","background-size":"auto","background-attachment":"scroll","background-type":"","background-media":"","overlay-type":"","overlay-color":"","overlay-opacity":"","overlay-gradient":""},"mobile":{"background-color":"var(--ast-global-color-5)","background-image":"","background-repeat":"repeat","background-position":"center center","background-size":"auto","background-attachment":"scroll","background-type":"","background-media":"","overlay-type":"","overlay-color":"","overlay-opacity":"","overlay-gradient":""}},"footnotes":""},"class_list":["post-5765","page","type-page","status-publish","hentry"],"post_mailing_queue_ids":[],"_links":{"self":[{"href":"https:\/\/agora.xtec.cat\/ceipjvallmajo\/wp-json\/wp\/v2\/pages\/5765","targetHints":{"allow":["GET"]}}],"collection":[{"href":"https:\/\/agora.xtec.cat\/ceipjvallmajo\/wp-json\/wp\/v2\/pages"}],"about":[{"href":"https:\/\/agora.xtec.cat\/ceipjvallmajo\/wp-json\/wp\/v2\/types\/page"}],"author":[{"embeddable":true,"href":"https:\/\/agora.xtec.cat\/ceipjvallmajo\/wp-json\/wp\/v2\/users\/1"}],"replies":[{"embeddable":true,"href":"https:\/\/agora.xtec.cat\/ceipjvallmajo\/wp-json\/wp\/v2\/comments?post=5765"}],"version-history":[{"count":3,"href":"https:\/\/agora.xtec.cat\/ceipjvallmajo\/wp-json\/wp\/v2\/pages\/5765\/revisions"}],"predecessor-version":[{"id":6990,"href":"https:\/\/agora.xtec.cat\/ceipjvallmajo\/wp-json\/wp\/v2\/pages\/5765\/revisions\/6990"}],"up":[{"embeddable":true,"href":"https:\/\/agora.xtec.cat\/ceipjvallmajo\/wp-json\/wp\/v2\/pages\/5755"}],"wp:attachment":[{"href":"https:\/\/agora.xtec.cat\/ceipjvallmajo\/wp-json\/wp\/v2\/media?parent=5765"}],"curies":[{"name":"wp","href":"https:\/\/api.w.org\/{rel}","templated":true}]}}