{"id":4294,"date":"2020-05-10T16:29:14","date_gmt":"2020-05-10T14:29:14","guid":{"rendered":"http:\/\/agora.xtec.cat\/ceipjvallmajo\/?page_id=4294"},"modified":"2025-11-14T11:02:42","modified_gmt":"2025-11-14T10:02:42","slug":"installacions","status":"publish","type":"page","link":"https:\/\/agora.xtec.cat\/ceipjvallmajo\/lescola\/installacions\/","title":{"rendered":"Instal\u00b7lacions"},"content":{"rendered":"<p>L&#8217;escola est\u00e0 distribu\u00efda en tres edificis.<\/p>\n<p>A l&#8217;<strong>edifici vermell o principal<\/strong>, hi ha les aules de cicle superior, d&#8217;angl\u00e8s, de m\u00fasica, de pl\u00e0stica, d&#8217;inform\u00e0tica, l&#8217;aula d&#8217;acollida i els despatxos. Amb la segona fase d&#8217;ampliaci\u00f3 de l&#8217;escola, s&#8217;hi van adherir el menjador i la biblioteca.<\/p>\n<p>El passad\u00eds central de l&#8217;escola uneix l&#8217;edifici principal amb els dos edificis constru\u00efts durant les fases d&#8217;ampliaci\u00f3.<\/p>\n<p>A l&#8217;<strong>ala dreta<\/strong> del centre (2007) hi trobem les aules d&#8217;educaci\u00f3 infantil, l&#8217;aula de psicomotricitat i una aula de desdoblament, mentre que a l&#8217;<strong>ala esquerra<\/strong> (2012) hi ha ubicades les aules dels cicles inicial i mitj\u00e0, dues aules de desdoblament i un despatx.<\/p>\n<p>Al costat de l&#8217;escola i dins del recinte escolar, hi ha el gimm\u00e0s.<\/p>\n<p>L&#8217;escola gaudeix d&#8217;una \u00e0mplia zona d&#8217;esbarjo que es divideix en tres espais. El pati dels petits (educaci\u00f3 infantil), el pati dels grans (educaci\u00f3 prim\u00e0ria) i la pista esportiva.<\/p>\n","protected":false},"excerpt":{"rendered":"<p>L&#8217;escola est\u00e0 distribu\u00efda en tres edificis. A l&#8217;edifici vermell o principal, hi ha les aules de cicle superior, d&#8217;angl\u00e8s, de m\u00fasica, de pl\u00e0stica, d&#8217;inform\u00e0tica, l&#8217;aula d&#8217;acollida i els despatxos. Amb la segona fase d&#8217;ampliaci\u00f3 de l&#8217;escola, s&#8217;hi van adherir el menjador i la biblioteca. El passad\u00eds central de l&#8217;escola uneix l&#8217;edifici principal amb els dos [&hellip;]<\/p>\n","protected":false},"author":1,"featured_media":0,"parent":22,"menu_order":19,"comment_status":"closed","ping_status":"closed","template":"","meta":{"_bbp_topic_count":0,"_bbp_reply_count":0,"_bbp_total_topic_count":0,"_bbp_total_reply_count":0,"_bbp_voice_count":0,"_bbp_anonymous_reply_count":0,"_bbp_topic_count_hidden":0,"_bbp_reply_count_hidden":0,"_bbp_forum_subforum_count":0,"site-sidebar-layout":"default","site-content-layout":"","ast-site-content-layout":"default","site-content-style":"default","site-sidebar-style":"default","ast-global-header-display":"","ast-banner-title-visibility":"","ast-main-header-display":"","ast-hfb-above-header-display":"","ast-hfb-below-header-display":"","ast-hfb-mobile-header-display":"","site-post-title":"","ast-breadcrumbs-content":"","ast-featured-img":"","footer-sml-layout":"","theme-transparent-header-meta":"","adv-header-id-meta":"","stick-header-meta":"","header-above-stick-meta":"","header-main-stick-meta":"","header-below-stick-meta":"","astra-migrate-meta-layouts":"set","ast-page-background-enabled":"default","ast-page-background-meta":{"desktop":{"background-color":"var(--ast-global-color-4)","background-image":"","background-repeat":"repeat","background-position":"center center","background-size":"auto","background-attachment":"scroll","background-type":"","background-media":"","overlay-type":"","overlay-color":"","overlay-opacity":"","overlay-gradient":""},"tablet":{"background-color":"","background-image":"","background-repeat":"repeat","background-position":"center center","background-size":"auto","background-attachment":"scroll","background-type":"","background-media":"","overlay-type":"","overlay-color":"","overlay-opacity":"","overlay-gradient":""},"mobile":{"background-color":"","background-image":"","background-repeat":"repeat","background-position":"center center","background-size":"auto","background-attachment":"scroll","background-type":"","background-media":"","overlay-type":"","overlay-color":"","overlay-opacity":"","overlay-gradient":""}},"ast-content-background-meta":{"desktop":{"background-color":"var(--ast-global-color-5)","background-image":"","background-repeat":"repeat","background-position":"center center","background-size":"auto","background-attachment":"scroll","background-type":"","background-media":"","overlay-type":"","overlay-color":"","overlay-opacity":"","overlay-gradient":""},"tablet":{"background-color":"var(--ast-global-color-5)","background-image":"","background-repeat":"repeat","background-position":"center center","background-size":"auto","background-attachment":"scroll","background-type":"","background-media":"","overlay-type":"","overlay-color":"","overlay-opacity":"","overlay-gradient":""},"mobile":{"background-color":"var(--ast-global-color-5)","background-image":"","background-repeat":"repeat","background-position":"center center","background-size":"auto","background-attachment":"scroll","background-type":"","background-media":"","overlay-type":"","overlay-color":"","overlay-opacity":"","overlay-gradient":""}},"footnotes":""},"class_list":["post-4294","page","type-page","status-publish","hentry"],"post_mailing_queue_ids":[],"_links":{"self":[{"href":"https:\/\/agora.xtec.cat\/ceipjvallmajo\/wp-json\/wp\/v2\/pages\/4294","targetHints":{"allow":["GET"]}}],"collection":[{"href":"https:\/\/agora.xtec.cat\/ceipjvallmajo\/wp-json\/wp\/v2\/pages"}],"about":[{"href":"https:\/\/agora.xtec.cat\/ceipjvallmajo\/wp-json\/wp\/v2\/types\/page"}],"author":[{"embeddable":true,"href":"https:\/\/agora.xtec.cat\/ceipjvallmajo\/wp-json\/wp\/v2\/users\/1"}],"replies":[{"embeddable":true,"href":"https:\/\/agora.xtec.cat\/ceipjvallmajo\/wp-json\/wp\/v2\/comments?post=4294"}],"version-history":[{"count":3,"href":"https:\/\/agora.xtec.cat\/ceipjvallmajo\/wp-json\/wp\/v2\/pages\/4294\/revisions"}],"predecessor-version":[{"id":9211,"href":"https:\/\/agora.xtec.cat\/ceipjvallmajo\/wp-json\/wp\/v2\/pages\/4294\/revisions\/9211"}],"up":[{"embeddable":true,"href":"https:\/\/agora.xtec.cat\/ceipjvallmajo\/wp-json\/wp\/v2\/pages\/22"}],"wp:attachment":[{"href":"https:\/\/agora.xtec.cat\/ceipjvallmajo\/wp-json\/wp\/v2\/media?parent=4294"}],"curies":[{"name":"wp","href":"https:\/\/api.w.org\/{rel}","templated":true}]}}