{"id":4290,"date":"2020-05-10T16:21:37","date_gmt":"2020-05-10T14:21:37","guid":{"rendered":"http:\/\/agora.xtec.cat\/ceipjvallmajo\/?page_id=4290"},"modified":"2025-10-01T12:22:50","modified_gmt":"2025-10-01T10:22:50","slug":"historia","status":"publish","type":"page","link":"https:\/\/agora.xtec.cat\/ceipjvallmajo\/lescola\/historia\/","title":{"rendered":"Hist\u00f2ria"},"content":{"rendered":"\n<ul class=\"wp-block-list\">\n<li>Antigament l\u2019Escola de Navata (Alt Empord\u00e0) estava situada a la pla\u00e7a Era de l\u2019Obra.<\/li>\n\n\n\n<li>L\u2019any <strong>1954<\/strong> el centre es va traslladar a l\u2019actual edifici del dispensari del poble.<\/li>\n\n\n\n<li>El <strong>1994<\/strong> es van inaugurar les noves instal\u00b7lacions (edifici vermell).<\/li>\n\n\n\n<li>Actualment en aquesta part del centre hi ha les aules de cicle superior, la biblioteca, l&#8217;aula d&#8217;inform\u00e0tica, de m\u00fasica i angl\u00e8s, l&#8217;aula de pl\u00e0stica, l&#8217;aula d&#8217;acollida, els despatxos i la sala de mestres.<\/li>\n\n\n\n<li>Des del curs <strong>1994-1995<\/strong> el centre rep el nom d\u2019<strong>Escola <a href=\"https:\/\/agora.xtec.cat\/ceipjvallmajo\/joaquim-vallmajo\/\" target=\"_blank\" rel=\"noopener noreferrer\">Joaquim Vallmaj\u00f3<\/a>, <\/strong>en record del missioner del poble que va dedicar la seva vida a ajudar els m\u00e9s desafavorits de la zona dels Grans Llacs a Rwanda.<\/li>\n\n\n\n<li>Com a conseq\u00fc\u00e8ncia de l\u2019augment d\u2019alumnat, va ser necessari ampliar el centre. Aix\u00ed, el mes de setembre de <strong>2007<\/strong> es van estrenar les aules d\u2019educaci\u00f3 infantil i psicomotricitat (primera fase d\u2019ampliaci\u00f3 \u2013 edifici verd).<\/li>\n\n\n\n<li>El setembre de <strong>2011<\/strong> es van inaugurar les aules de suport i dels cicles inicial i mitj\u00e0, corresponents a la segona fase d\u2019ampliaci\u00f3.<\/li>\n\n\n\n<li>Durant la primavera del <strong>2012<\/strong>, es van comen\u00e7ar a utilitzar la biblioteca, el menjador, el pavell\u00f3 i la pista poliesportiva, finalitzant aix\u00ed la segona i definitiva fase d\u2019ampliaci\u00f3 de l\u2019escola.<\/li>\n\n\n\n<li>El segell identificatiu de l\u2019escola representa el mapa de Rwanda.<\/li>\n<\/ul>\n\n\n\n<figure class=\"wp-block-image aligncenter\"><a href=\"https:\/\/agora.xtec.cat\/ceipjvallmajo\/wp-content\/uploads\/usu1198\/2019\/04\/LOGO-SEGELL-ESCOLA-sense-fons.jpg\"><img loading=\"lazy\" decoding=\"async\" width=\"150\" height=\"150\" src=\"https:\/\/agora.xtec.cat\/ceipjvallmajo\/wp-content\/uploads\/usu1198\/2019\/04\/LOGO-SEGELL-ESCOLA-sense-fons-150x150.jpg\" alt=\"\" class=\"wp-image-3337\"\/><\/a><\/figure>\n\n\n\n<ul class=\"wp-block-list\">\n<li>El mes d&#8217;octubre de <strong>2019<\/strong>, v\u00e0rem celebrar els 25 anys de l&#8217;edifici actual de l&#8217;escola.<\/li>\n<\/ul>\n\n\n\n<figure class=\"wp-block-image aligncenter size-full is-resized\"><a href=\"https:\/\/agora.xtec.cat\/ceipjvallmajo\/wp-content\/uploads\/usu1198\/2019\/10\/LOGO-25-anys-escola-nova-1.png\"><img loading=\"lazy\" decoding=\"async\" width=\"500\" height=\"500\" src=\"https:\/\/agora.xtec.cat\/ceipjvallmajo\/wp-content\/uploads\/usu1198\/2019\/10\/LOGO-25-anys-escola-nova-1.png\" alt=\"\" class=\"wp-image-3572\" style=\"width:252px;height:auto\" srcset=\"https:\/\/agora.xtec.cat\/ceipjvallmajo\/wp-content\/uploads\/usu1198\/2019\/10\/LOGO-25-anys-escola-nova-1.png 500w, https:\/\/agora.xtec.cat\/ceipjvallmajo\/wp-content\/uploads\/usu1198\/2019\/10\/LOGO-25-anys-escola-nova-1-150x150.png 150w, https:\/\/agora.xtec.cat\/ceipjvallmajo\/wp-content\/uploads\/usu1198\/2019\/10\/LOGO-25-anys-escola-nova-1-300x300.png 300w\" sizes=\"auto, (max-width: 500px) 100vw, 500px\" \/><\/a><\/figure>\n","protected":false},"excerpt":{"rendered":"","protected":false},"author":1,"featured_media":0,"parent":22,"menu_order":5,"comment_status":"closed","ping_status":"closed","template":"","meta":{"_bbp_topic_count":0,"_bbp_reply_count":0,"_bbp_total_topic_count":0,"_bbp_total_reply_count":0,"_bbp_voice_count":0,"_bbp_anonymous_reply_count":0,"_bbp_topic_count_hidden":0,"_bbp_reply_count_hidden":0,"_bbp_forum_subforum_count":0,"site-sidebar-layout":"default","site-content-layout":"","ast-site-content-layout":"default","site-content-style":"default","site-sidebar-style":"default","ast-global-header-display":"","ast-banner-title-visibility":"","ast-main-header-display":"","ast-hfb-above-header-display":"","ast-hfb-below-header-display":"","ast-hfb-mobile-header-display":"","site-post-title":"","ast-breadcrumbs-content":"","ast-featured-img":"","footer-sml-layout":"","theme-transparent-header-meta":"","adv-header-id-meta":"","stick-header-meta":"","header-above-stick-meta":"","header-main-stick-meta":"","header-below-stick-meta":"","astra-migrate-meta-layouts":"set","ast-page-background-enabled":"default","ast-page-background-meta":{"desktop":{"background-color":"var(--ast-global-color-4)","background-image":"","background-repeat":"repeat","background-position":"center center","background-size":"auto","background-attachment":"scroll","background-type":"","background-media":"","overlay-type":"","overlay-color":"","overlay-opacity":"","overlay-gradient":""},"tablet":{"background-color":"","background-image":"","background-repeat":"repeat","background-position":"center center","background-size":"auto","background-attachment":"scroll","background-type":"","background-media":"","overlay-type":"","overlay-color":"","overlay-opacity":"","overlay-gradient":""},"mobile":{"background-color":"","background-image":"","background-repeat":"repeat","background-position":"center center","background-size":"auto","background-attachment":"scroll","background-type":"","background-media":"","overlay-type":"","overlay-color":"","overlay-opacity":"","overlay-gradient":""}},"ast-content-background-meta":{"desktop":{"background-color":"var(--ast-global-color-5)","background-image":"","background-repeat":"repeat","background-position":"center center","background-size":"auto","background-attachment":"scroll","background-type":"","background-media":"","overlay-type":"","overlay-color":"","overlay-opacity":"","overlay-gradient":""},"tablet":{"background-color":"var(--ast-global-color-5)","background-image":"","background-repeat":"repeat","background-position":"center center","background-size":"auto","background-attachment":"scroll","background-type":"","background-media":"","overlay-type":"","overlay-color":"","overlay-opacity":"","overlay-gradient":""},"mobile":{"background-color":"var(--ast-global-color-5)","background-image":"","background-repeat":"repeat","background-position":"center center","background-size":"auto","background-attachment":"scroll","background-type":"","background-media":"","overlay-type":"","overlay-color":"","overlay-opacity":"","overlay-gradient":""}},"footnotes":""},"class_list":["post-4290","page","type-page","status-publish","hentry"],"post_mailing_queue_ids":[],"_links":{"self":[{"href":"https:\/\/agora.xtec.cat\/ceipjvallmajo\/wp-json\/wp\/v2\/pages\/4290","targetHints":{"allow":["GET"]}}],"collection":[{"href":"https:\/\/agora.xtec.cat\/ceipjvallmajo\/wp-json\/wp\/v2\/pages"}],"about":[{"href":"https:\/\/agora.xtec.cat\/ceipjvallmajo\/wp-json\/wp\/v2\/types\/page"}],"author":[{"embeddable":true,"href":"https:\/\/agora.xtec.cat\/ceipjvallmajo\/wp-json\/wp\/v2\/users\/1"}],"replies":[{"embeddable":true,"href":"https:\/\/agora.xtec.cat\/ceipjvallmajo\/wp-json\/wp\/v2\/comments?post=4290"}],"version-history":[{"count":7,"href":"https:\/\/agora.xtec.cat\/ceipjvallmajo\/wp-json\/wp\/v2\/pages\/4290\/revisions"}],"predecessor-version":[{"id":9676,"href":"https:\/\/agora.xtec.cat\/ceipjvallmajo\/wp-json\/wp\/v2\/pages\/4290\/revisions\/9676"}],"up":[{"embeddable":true,"href":"https:\/\/agora.xtec.cat\/ceipjvallmajo\/wp-json\/wp\/v2\/pages\/22"}],"wp:attachment":[{"href":"https:\/\/agora.xtec.cat\/ceipjvallmajo\/wp-json\/wp\/v2\/media?parent=4290"}],"curies":[{"name":"wp","href":"https:\/\/api.w.org\/{rel}","templated":true}]}}