{"id":4221,"date":"2020-05-08T18:25:32","date_gmt":"2020-05-08T16:25:32","guid":{"rendered":"http:\/\/agora.xtec.cat\/ceipjvallmajo\/?page_id=4221"},"modified":"2026-04-16T10:07:59","modified_gmt":"2026-04-16T08:07:59","slug":"preinscripcio-i-matriculacio","status":"publish","type":"page","link":"https:\/\/agora.xtec.cat\/ceipjvallmajo\/informacions\/preinscripcio-i-matriculacio\/","title":{"rendered":"Preinscripci\u00f3 i matr\u00edcula"},"content":{"rendered":"\n<h3 class=\"wp-block-heading has-text-align-left has-x-large-font-size\" style=\"padding-top:var(--wp--preset--spacing--50);padding-bottom:var(--wp--preset--spacing--50)\"><strong>CURS 2026-202<\/strong>7<\/h3>\n\n\n\n<p class=\"has-text-align-right has-small-font-size\">(\u00daltima actualitzaci\u00f3: 16\/04\/2026)<\/p>\n\n\n\n<div class=\"wp-block-group is-content-justification-left is-nowrap is-layout-flex wp-container-core-group-is-layout-1 wp-block-group-is-layout-flex\" style=\"border-style:none;border-width:0px;border-radius:0px;min-height:0px;margin-top:var(--wp--preset--spacing--40);margin-bottom:var(--wp--preset--spacing--40);padding-top:0;padding-right:var(--wp--preset--spacing--20);padding-bottom:0;padding-left:var(--wp--preset--spacing--20)\">\n<p class=\"has-text-align-center has-white-color has-ast-global-color-0-background-color has-text-color has-background has-link-color has-medium-font-size wp-elements-d4c8078dd20a4d64554562d46f133190\" style=\"border-style:none;border-width:0px\">ATENCI\u00d3! Nom\u00e9s alumnes que el curs 2026-2027 han de comen\u00e7ar I3 i alumnes d\u2019altres cursos NOUS al centre<\/p>\n<\/div>\n\n\n\n<div style=\"height:92px\" aria-hidden=\"true\" class=\"wp-block-spacer\"><\/div>\n\n\n\n<div class=\"wp-block-columns is-layout-flex wp-container-core-columns-is-layout-1 wp-block-columns-is-layout-flex\" style=\"border-style:none;border-width:0px;padding-top:0;padding-right:0;padding-bottom:0\">\n<div class=\"wp-block-column is-layout-flow wp-block-column-is-layout-flow\">\n<figure class=\"wp-block-image aligncenter size-full is-resized\"><img loading=\"lazy\" decoding=\"async\" width=\"980\" height=\"653\" src=\"https:\/\/agora.xtec.cat\/ceipjvallmajo\/wp-content\/uploads\/usu1198\/2026\/01\/CALENDARI-edited-1.jpg\" alt=\"\" class=\"wp-image-9392\" style=\"width:121px;height:auto\" srcset=\"https:\/\/agora.xtec.cat\/ceipjvallmajo\/wp-content\/uploads\/usu1198\/2026\/01\/CALENDARI-edited-1.jpg 980w, https:\/\/agora.xtec.cat\/ceipjvallmajo\/wp-content\/uploads\/usu1198\/2026\/01\/CALENDARI-edited-1-300x200.jpg 300w, https:\/\/agora.xtec.cat\/ceipjvallmajo\/wp-content\/uploads\/usu1198\/2026\/01\/CALENDARI-edited-1-768x512.jpg 768w\" sizes=\"auto, (max-width: 980px) 100vw, 980px\" \/><\/figure>\n\n\n\n<p class=\"has-text-align-center\"><strong><a href=\"https:\/\/preinscripcio.gencat.cat\/ca\/detalls\/noticia\/dates-preinscripcio-2026-2027\" target=\"_blank\" rel=\"noreferrer noopener\">Calendari del proc\u00e9s<\/a><\/strong><\/p>\n<\/div>\n\n\n\n<div class=\"wp-block-column is-layout-flow wp-block-column-is-layout-flow\">\n<figure class=\"wp-block-image aligncenter size-full is-resized\"><img loading=\"lazy\" decoding=\"async\" width=\"980\" height=\"735\" src=\"https:\/\/agora.xtec.cat\/ceipjvallmajo\/wp-content\/uploads\/usu1198\/2026\/01\/lupa-edited.jpg\" alt=\"\" class=\"wp-image-9387\" style=\"width:112px;height:auto\" srcset=\"https:\/\/agora.xtec.cat\/ceipjvallmajo\/wp-content\/uploads\/usu1198\/2026\/01\/lupa-edited.jpg 980w, https:\/\/agora.xtec.cat\/ceipjvallmajo\/wp-content\/uploads\/usu1198\/2026\/01\/lupa-edited-300x225.jpg 300w, https:\/\/agora.xtec.cat\/ceipjvallmajo\/wp-content\/uploads\/usu1198\/2026\/01\/lupa-edited-768x576.jpg 768w\" sizes=\"auto, (max-width: 980px) 100vw, 980px\" \/><\/figure>\n\n\n\n<p class=\"has-text-align-center\"><strong><a href=\"https:\/\/agora.xtec.cat\/ceipjvallmajo\/wp-content\/uploads\/usu1198\/2026\/03\/20260303_INFORME_OFERTA_OME_2026_2027.pdf\">Oferta de places<\/a><\/strong><\/p>\n<\/div>\n\n\n\n<div class=\"wp-block-column is-layout-flow wp-block-column-is-layout-flow\">\n<figure class=\"wp-block-image aligncenter size-full is-resized\"><img loading=\"lazy\" decoding=\"async\" width=\"128\" height=\"128\" src=\"https:\/\/agora.xtec.cat\/ceipjvallmajo\/wp-content\/uploads\/usu1198\/2025\/04\/2904859.png\" alt=\"\" class=\"wp-image-8478\" style=\"width:86px;height:auto\"\/><\/figure>\n\n\n\n<p class=\"has-text-align-center\"><strong><a href=\"https:\/\/agora.xtec.cat\/ceipjvallmajo\/wp-content\/uploads\/usu1198\/2026\/04\/20260416_INFORME_BAREM_PROVISIONAL_2026_2027.pdf\">Llistat barem provisional<\/a><\/strong><\/p>\n<\/div>\n<\/div>\n\n\n\n<div style=\"height:92px\" aria-hidden=\"true\" class=\"wp-block-spacer\"><\/div>\n\n\n\n<h3 class=\"wp-block-heading has-text-align-left has-x-large-font-size\" style=\"padding-top:var(--wp--preset--spacing--50);padding-right:0;padding-bottom:var(--wp--preset--spacing--50);padding-left:0\"><strong>PREINSCRIPCI\u00d3<\/strong><\/h3>\n\n\n\n<p class=\"has-text-align-center has-medium-font-size\">Presentaci\u00f3 de sol\u00b7licituds: <strong>del 4 al 18 de mar\u00e7 de 2026, ambd\u00f3s inclosos.<\/strong><\/p>\n\n\n\n<div class=\"wp-block-buttons is-content-justification-center is-layout-flex wp-container-core-buttons-is-layout-1 wp-block-buttons-is-layout-flex\">\n<div class=\"wp-block-button has-custom-width wp-block-button__width-25 has-custom-font-size is-style-outline is-style-outline--1\" style=\"font-size:70px\"><a class=\"wp-block-button__link has-white-color has-text-color has-link-color has-text-align-center wp-element-button\" href=\"https:\/\/preinscripcio.gencat.cat\/ca\/estudis\/infantil-3-6\/preinscriute\/sollicitud\/\" style=\"padding-top:var(--wp--preset--spacing--40);padding-right:0;padding-bottom:var(--wp--preset--spacing--40);padding-left:0\"><strong>Sol\u00b7licitud<\/strong><\/a><\/div>\n<\/div>\n\n\n\n<div class=\"wp-block-group is-content-justification-center is-nowrap is-layout-flex wp-container-core-group-is-layout-2 wp-block-group-is-layout-flex\" style=\"padding-top:0;padding-bottom:0\">\n<figure class=\"wp-block-image size-full is-resized\"><a href=\"https:\/\/agora.xtec.cat\/ceipjvallmajo\/wp-content\/uploads\/usu1198\/2025\/01\/fletxa-e1738057510786.png\"><img loading=\"lazy\" decoding=\"async\" width=\"512\" height=\"512\" src=\"https:\/\/agora.xtec.cat\/ceipjvallmajo\/wp-content\/uploads\/usu1198\/2025\/01\/fletxa-e1738057510786.png\" alt=\"\" class=\"wp-image-8266\" style=\"width:100px;height:auto\" srcset=\"https:\/\/agora.xtec.cat\/ceipjvallmajo\/wp-content\/uploads\/usu1198\/2025\/01\/fletxa-e1738057510786.png 512w, https:\/\/agora.xtec.cat\/ceipjvallmajo\/wp-content\/uploads\/usu1198\/2025\/01\/fletxa-e1738057510786-300x300.png 300w, https:\/\/agora.xtec.cat\/ceipjvallmajo\/wp-content\/uploads\/usu1198\/2025\/01\/fletxa-e1738057510786-150x150.png 150w\" sizes=\"auto, (max-width: 512px) 100vw, 512px\" \/><\/a><\/figure>\n\n\n\n<p class=\"has-medium-font-size\"><strong>Dues opcions<\/strong><\/p>\n\n\n\n<figure class=\"wp-block-image size-full is-resized\"><a href=\"https:\/\/agora.xtec.cat\/ceipjvallmajo\/wp-content\/uploads\/usu1198\/2025\/01\/fletxa.png\"><img decoding=\"async\" src=\"https:\/\/agora.xtec.cat\/ceipjvallmajo\/wp-content\/uploads\/usu1198\/2025\/01\/fletxa.png\" alt=\"\" class=\"wp-image-8266\" style=\"width:100px\"\/><\/a><\/figure>\n<\/div>\n\n\n\n<div class=\"wp-block-columns is-layout-flex wp-container-core-columns-is-layout-2 wp-block-columns-is-layout-flex\">\n<div class=\"wp-block-column is-layout-flow wp-block-column-is-layout-flow\">\n<p class=\"has-text-align-center has-medium-font-size\"><strong>Sol\u00b7licitud electr\u00f2nica<\/strong><\/p>\n\n\n\n<p>Mitjan\u00e7ant <strong>certificat digital<\/strong> com: DNI electr\u00f2nic, Cl@ve, IdCAT,&#8230;<\/p>\n\n\n\n<p>Si no disposeu de cap certificat digital, us podeu generar l\u2019<a href=\"https:\/\/idcat.aoc.cat\/\" target=\"_blank\" rel=\"noreferrer noopener\">idCAT M\u00f2bil.<\/a><\/p>\n<\/div>\n\n\n\n<div class=\"wp-block-column is-layout-flow wp-block-column-is-layout-flow\">\n<p class=\"has-text-align-center has-medium-font-size\"><strong>Sol\u00b7licitud en suport inform\u00e0tic<\/strong><\/p>\n\n\n\n<p><strong>Si es disposa del codi RALC <\/strong>(codi identificador del Registre d&#8217;alumnes de Catalunya) caldr\u00e0 utilitzar-lo per<strong> identificar a l&#8217;alumne\/a, omplir el formulari <\/strong>(a l\u2019enviar-ho es far\u00e0 l\u2019intercanvi de dades amb les administracions implicades) i <strong>adjuntar<\/strong> escanejada o fotografiada la <strong>documentaci\u00f3 <\/strong>d\u2019identificaci\u00f3 i filiaci\u00f3:<\/p>\n\n\n\n<ul class=\"wp-block-list\">\n<li>DNI del pare, mare o tutor legal (o del NIE, en cas d\u2019estrangers).<\/li>\n\n\n\n<li>DNI de l\u2019alumne\/a (si en disposa).<\/li>\n\n\n\n<li>Certificat electr\u00f2nic de la inscripci\u00f3 de naixement o el llibre de fam\u00edlia (fotoc\u00f2pia del full dels pares i de la inscripci\u00f3 de l\u2019alumne\/a) o altres documents relatius a la filiaci\u00f3.<\/li>\n\n\n\n<li>Fotoc\u00f2pia de la documentaci\u00f3 que acrediti la resta de puntuaci\u00f3 (carnet de fam\u00edlia monoparental, nombrosa,&#8230;).<\/li>\n<\/ul>\n\n\n\n<p>Consulta el <a href=\"https:\/\/educacio.gencat.cat\/ca\/tramits\/tramits-temes\/identificador-alumne\" target=\"_blank\" rel=\"noreferrer noopener\"><strong>codi RALC<\/strong> <\/a>del teu fill\/a.<\/p>\n<\/div>\n<\/div>\n\n\n\n<p><strong>IMPORTANT! <\/strong>La sol\u00b7licitud de preinscripci\u00f3 s\u2019emplena i es presenta en l\u00ednia.<\/p>\n\n\n\n<p>El codi de la nostra escola \u00e9s: <strong>17002260<\/strong>.<\/p>\n\n\n\n<hr class=\"wp-block-separator has-alpha-channel-opacity\"\/>\n\n\n\n<h3 class=\"wp-block-heading has-text-align-left has-x-large-font-size\" style=\"border-style:none;border-width:0px;border-radius:0px;margin-top:0;margin-right:0;margin-bottom:0;margin-left:0;padding-top:var(--wp--preset--spacing--50);padding-right:0;padding-bottom:var(--wp--preset--spacing--50);padding-left:0\"><strong>MATR\u00cdCULA<\/strong><\/h3>\n\n\n\n<p class=\"has-medium-font-size\">La matr\u00edcula es far\u00e0 presencialment a l&#8217;escola del 22 al 30 de 2026, ambd\u00f3s inclosos (els dies 24 i 29 de juny s\u00f3n festius i per tant el centre romandr\u00e0 tancat).<\/p>\n\n\n\n<div class=\"wp-block-group is-nowrap is-layout-flex wp-container-core-group-is-layout-3 wp-block-group-is-layout-flex\" style=\"padding-top:0;padding-bottom:0\">\n<figure class=\"wp-block-image size-full is-resized\"><img loading=\"lazy\" decoding=\"async\" width=\"256\" height=\"256\" src=\"https:\/\/agora.xtec.cat\/ceipjvallmajo\/wp-content\/uploads\/usu1198\/2025\/01\/checklist.jpg\" alt=\"\" class=\"wp-image-8275\" style=\"width:91px;height:auto\" srcset=\"https:\/\/agora.xtec.cat\/ceipjvallmajo\/wp-content\/uploads\/usu1198\/2025\/01\/checklist.jpg 256w, https:\/\/agora.xtec.cat\/ceipjvallmajo\/wp-content\/uploads\/usu1198\/2025\/01\/checklist-150x150.jpg 150w\" sizes=\"auto, (max-width: 256px) 100vw, 256px\" \/><\/figure>\n\n\n\n<p class=\"has-medium-font-size\"><strong>Documentaci\u00f3 necess\u00e0ria:<\/strong><\/p>\n<\/div>\n\n\n\n<ul class=\"wp-block-list\">\n<li><a href=\"https:\/\/agora.xtec.cat\/ceipjvallmajo\/wp-content\/uploads\/usu1198\/2024\/06\/20240611_FITXA_MATRICULA.pdf\" target=\"_blank\" rel=\"noopener\"><strong>Fitxa matr\u00edcula<\/strong><\/a><strong>,<\/strong> degudament omplerta.<\/li>\n\n\n\n<li>Fotoc\u00f2pia DNI mare i pare de l\u2019alumne\/a o la targeta de resid\u00e8ncia on consta el NIE si es tracta de persones estrangeres.<\/li>\n\n\n\n<li>Fotoc\u00f2pia DNI alumne\/a (si en t\u00e9).<\/li>\n\n\n\n<li>Fotoc\u00f2pia TIS (targeta d\u2019identificaci\u00f3 sanit\u00e0ria) de l\u2019alumne\/a.<\/li>\n\n\n\n<li>Fotoc\u00f2pia carnet de vacunes o certificat equivalent. En cas de no haver estat vacunat per contraindicaci\u00f3 m\u00e8dica o altres circumst\u00e0ncies, cal presentar certificat m\u00e8dic oficial justificatiu.<\/li>\n\n\n\n<li>1 foto mida carnet.<\/li>\n<\/ul>\n\n\n\n<hr class=\"wp-block-separator has-alpha-channel-opacity\"\/>\n\n\n\n<div class=\"wp-block-group is-nowrap is-layout-flex wp-container-core-group-is-layout-4 wp-block-group-is-layout-flex\" style=\"padding-top:0;padding-bottom:0\">\n<figure class=\"wp-block-image size-full is-resized\"><a href=\"https:\/\/agora.xtec.cat\/ceipjvallmajo\/wp-content\/uploads\/usu1198\/2025\/01\/info-1.png\"><img loading=\"lazy\" decoding=\"async\" width=\"634\" height=\"574\" src=\"https:\/\/agora.xtec.cat\/ceipjvallmajo\/wp-content\/uploads\/usu1198\/2025\/01\/info-1.png\" alt=\"\" class=\"wp-image-8314\" style=\"width:88px;height:auto\" srcset=\"https:\/\/agora.xtec.cat\/ceipjvallmajo\/wp-content\/uploads\/usu1198\/2025\/01\/info-1.png 634w, https:\/\/agora.xtec.cat\/ceipjvallmajo\/wp-content\/uploads\/usu1198\/2025\/01\/info-1-300x272.png 300w\" sizes=\"auto, (max-width: 634px) 100vw, 634px\" \/><\/a><\/figure>\n\n\n\n<p class=\"has-medium-font-size\"><strong>Si tens dubtes&#8230; Posa&#8217;t en contacte amb nosaltres<\/strong>.<\/p>\n<\/div>\n\n\n\n<hr class=\"wp-block-separator has-alpha-channel-opacity\"\/>\n\n\n\n<p class=\"has-text-align-center\"><a href=\"https:\/\/preinscripcio.gencat.cat\/ca\/inici\/\" target=\"_blank\" rel=\"noopener noreferrer\"><span style=\"text-align: center;\">M\u00e9s informaci\u00f3 relacionada amb la preinscripci\u00f3 i matriculaci\u00f3<\/span><\/a><\/p>\n\n\n\n<p class=\"has-text-align-center\"><a href=\"http:\/\/queestudiar.gencat.cat\/ca\/index.html\" target=\"_blank\" rel=\"noopener noreferrer\">Tria educativa<\/a><\/p>\n\n\n\n<p class=\"has-text-align-center\"><a href=\"https:\/\/agora.xtec.cat\/ceipjvallmajo\/wp-content\/uploads\/usu1198\/2026\/02\/20260212_Resolucio_EDF2932026_Preinscripcio_matricula_26_27.pdf\">Resoluci\u00f3 EDF\/293\/2026 Preinscripci\u00f3 i matr\u00edcula 2026-2027<\/a><\/p>\n\n\n\n\n\n\n","protected":false},"excerpt":{"rendered":"<p>CURS 2026-2027 (\u00daltima actualitzaci\u00f3: 16\/04\/2026) ATENCI\u00d3! Nom\u00e9s alumnes que el curs 2026-2027 han de comen\u00e7ar I3 i alumnes d\u2019altres cursos NOUS al centre Calendari del proc\u00e9s Oferta de places Llistat barem provisional PREINSCRIPCI\u00d3 Presentaci\u00f3 de sol\u00b7licituds: del 4 al 18 de mar\u00e7 de 2026, ambd\u00f3s inclosos. Dues opcions Sol\u00b7licitud electr\u00f2nica Mitjan\u00e7ant certificat digital com: DNI [&hellip;]<\/p>\n","protected":false},"author":1,"featured_media":0,"parent":4207,"menu_order":50,"comment_status":"closed","ping_status":"closed","template":"","meta":{"_bbp_topic_count":0,"_bbp_reply_count":0,"_bbp_total_topic_count":0,"_bbp_total_reply_count":0,"_bbp_voice_count":0,"_bbp_anonymous_reply_count":0,"_bbp_topic_count_hidden":0,"_bbp_reply_count_hidden":0,"_bbp_forum_subforum_count":0,"site-sidebar-layout":"default","site-content-layout":"","ast-site-content-layout":"default","site-content-style":"default","site-sidebar-style":"default","ast-global-header-display":"","ast-banner-title-visibility":"","ast-main-header-display":"","ast-hfb-above-header-display":"","ast-hfb-below-header-display":"","ast-hfb-mobile-header-display":"","site-post-title":"","ast-breadcrumbs-content":"","ast-featured-img":"","footer-sml-layout":"","theme-transparent-header-meta":"","adv-header-id-meta":"","stick-header-meta":"","header-above-stick-meta":"","header-main-stick-meta":"","header-below-stick-meta":"","astra-migrate-meta-layouts":"set","ast-page-background-enabled":"default","ast-page-background-meta":{"desktop":{"background-color":"var(--ast-global-color-4)","background-image":"","background-repeat":"repeat","background-position":"center center","background-size":"auto","background-attachment":"scroll","background-type":"","background-media":"","overlay-type":"","overlay-color":"","overlay-opacity":"","overlay-gradient":""},"tablet":{"background-color":"","background-image":"","background-repeat":"repeat","background-position":"center center","background-size":"auto","background-attachment":"scroll","background-type":"","background-media":"","overlay-type":"","overlay-color":"","overlay-opacity":"","overlay-gradient":""},"mobile":{"background-color":"","background-image":"","background-repeat":"repeat","background-position":"center center","background-size":"auto","background-attachment":"scroll","background-type":"","background-media":"","overlay-type":"","overlay-color":"","overlay-opacity":"","overlay-gradient":""}},"ast-content-background-meta":{"desktop":{"background-color":"var(--ast-global-color-5)","background-image":"","background-repeat":"repeat","background-position":"center center","background-size":"auto","background-attachment":"scroll","background-type":"","background-media":"","overlay-type":"","overlay-color":"","overlay-opacity":"","overlay-gradient":""},"tablet":{"background-color":"var(--ast-global-color-5)","background-image":"","background-repeat":"repeat","background-position":"center center","background-size":"auto","background-attachment":"scroll","background-type":"","background-media":"","overlay-type":"","overlay-color":"","overlay-opacity":"","overlay-gradient":""},"mobile":{"background-color":"var(--ast-global-color-5)","background-image":"","background-repeat":"repeat","background-position":"center center","background-size":"auto","background-attachment":"scroll","background-type":"","background-media":"","overlay-type":"","overlay-color":"","overlay-opacity":"","overlay-gradient":""}},"footnotes":""},"class_list":["post-4221","page","type-page","status-publish","hentry"],"post_mailing_queue_ids":[],"_links":{"self":[{"href":"https:\/\/agora.xtec.cat\/ceipjvallmajo\/wp-json\/wp\/v2\/pages\/4221","targetHints":{"allow":["GET"]}}],"collection":[{"href":"https:\/\/agora.xtec.cat\/ceipjvallmajo\/wp-json\/wp\/v2\/pages"}],"about":[{"href":"https:\/\/agora.xtec.cat\/ceipjvallmajo\/wp-json\/wp\/v2\/types\/page"}],"author":[{"embeddable":true,"href":"https:\/\/agora.xtec.cat\/ceipjvallmajo\/wp-json\/wp\/v2\/users\/1"}],"replies":[{"embeddable":true,"href":"https:\/\/agora.xtec.cat\/ceipjvallmajo\/wp-json\/wp\/v2\/comments?post=4221"}],"version-history":[{"count":6,"href":"https:\/\/agora.xtec.cat\/ceipjvallmajo\/wp-json\/wp\/v2\/pages\/4221\/revisions"}],"predecessor-version":[{"id":9615,"href":"https:\/\/agora.xtec.cat\/ceipjvallmajo\/wp-json\/wp\/v2\/pages\/4221\/revisions\/9615"}],"up":[{"embeddable":true,"href":"https:\/\/agora.xtec.cat\/ceipjvallmajo\/wp-json\/wp\/v2\/pages\/4207"}],"wp:attachment":[{"href":"https:\/\/agora.xtec.cat\/ceipjvallmajo\/wp-json\/wp\/v2\/media?parent=4221"}],"curies":[{"name":"wp","href":"https:\/\/api.w.org\/{rel}","templated":true}]}}