{"id":38,"date":"2014-09-18T12:34:08","date_gmt":"2014-09-18T10:34:08","guid":{"rendered":"http:\/\/agora.xtec.cat\/ceipjvallmajo\/?page_id=38"},"modified":"2020-09-29T09:49:25","modified_gmt":"2020-09-29T07:49:25","slug":"salut","status":"publish","type":"page","link":"https:\/\/agora.xtec.cat\/ceipjvallmajo\/informacions\/salut\/","title":{"rendered":"Salut"},"content":{"rendered":"<p>Si un\/a alumne\/a pateix algun tipus d\u2019infecci\u00f3 contagiosa, \u00e9s aconsellable que romangui a casa fins que hi hagi una recomanaci\u00f3 m\u00e8dica que pot assistir amb normalitat a l&#8217;escola. Aquesta mesura s\u2019ha d\u2019entendre com a prevenci\u00f3 de contagi de malalties infeccioses o polls.<\/p>\n<p>Per poder administrar medicaci\u00f3 als alumnes cal una recepta o informe del metge on consti el nom de l\u2019alumne\/a, la pauta i el medicament que ha de prendre. Aix\u00ed mateix, el pare, mare, o tutor legal ha d\u2019aportar <a href=\"http:\/\/agora.xtec.cat\/ceipjvallmajo\/wp-content\/uploads\/usu1198\/2018\/01\/Administraci\u00f3-medicaments.pdf\" target=\"_blank\" rel=\"noopener noreferrer\">un document<\/a> on es demani i s\u2019autoritzi al personal del centre educatiu que administri al fill o filla la medicaci\u00f3 prescrita sempre que sigui imprescindible la seva administraci\u00f3 en horari lectiu.<\/p>\n<p>En cas d\u2019accident i\/o malaltia, el centre ho comunicar\u00e0 als pares o tutors per tal que prenguin les mesures oportunes. Si no fos possible localitzar-los, l\u2019escola ser\u00e0 qui prendr\u00e0 les decisions.<\/p>\n<p>&nbsp;<\/p>\n<p>&nbsp;<\/p>\n<p>&nbsp;<\/p>\n<p>&nbsp;<\/p>\n<p>&nbsp;<\/p>\n","protected":false},"excerpt":{"rendered":"<p>Si un\/a alumne\/a pateix algun tipus d\u2019infecci\u00f3 contagiosa, \u00e9s aconsellable que romangui a casa fins que hi hagi una recomanaci\u00f3 m\u00e8dica que pot assistir amb normalitat a l&#8217;escola. Aquesta mesura s\u2019ha d\u2019entendre com a prevenci\u00f3 de contagi de malalties infeccioses o polls. Per poder administrar medicaci\u00f3 als alumnes cal una recepta o informe del metge [&hellip;]<\/p>\n","protected":false},"author":1,"featured_media":0,"parent":4207,"menu_order":30,"comment_status":"closed","ping_status":"closed","template":"page-templates\/side-menu.php","meta":{"_bbp_topic_count":0,"_bbp_reply_count":0,"_bbp_total_topic_count":0,"_bbp_total_reply_count":0,"_bbp_voice_count":0,"_bbp_anonymous_reply_count":0,"_bbp_topic_count_hidden":0,"_bbp_reply_count_hidden":0,"_bbp_forum_subforum_count":0,"site-sidebar-layout":"default","site-content-layout":"","ast-site-content-layout":"","site-content-style":"default","site-sidebar-style":"default","ast-global-header-display":"","ast-banner-title-visibility":"","ast-main-header-display":"","ast-hfb-above-header-display":"","ast-hfb-below-header-display":"","ast-hfb-mobile-header-display":"","site-post-title":"","ast-breadcrumbs-content":"","ast-featured-img":"","footer-sml-layout":"","theme-transparent-header-meta":"","adv-header-id-meta":"","stick-header-meta":"","header-above-stick-meta":"","header-main-stick-meta":"","header-below-stick-meta":"","astra-migrate-meta-layouts":"default","ast-page-background-enabled":"default","ast-page-background-meta":{"desktop":{"background-color":"var(--ast-global-color-4)","background-image":"","background-repeat":"repeat","background-position":"center center","background-size":"auto","background-attachment":"scroll","background-type":"","background-media":"","overlay-type":"","overlay-color":"","overlay-opacity":"","overlay-gradient":""},"tablet":{"background-color":"","background-image":"","background-repeat":"repeat","background-position":"center center","background-size":"auto","background-attachment":"scroll","background-type":"","background-media":"","overlay-type":"","overlay-color":"","overlay-opacity":"","overlay-gradient":""},"mobile":{"background-color":"","background-image":"","background-repeat":"repeat","background-position":"center center","background-size":"auto","background-attachment":"scroll","background-type":"","background-media":"","overlay-type":"","overlay-color":"","overlay-opacity":"","overlay-gradient":""}},"ast-content-background-meta":{"desktop":{"background-color":"var(--ast-global-color-5)","background-image":"","background-repeat":"repeat","background-position":"center center","background-size":"auto","background-attachment":"scroll","background-type":"","background-media":"","overlay-type":"","overlay-color":"","overlay-opacity":"","overlay-gradient":""},"tablet":{"background-color":"var(--ast-global-color-5)","background-image":"","background-repeat":"repeat","background-position":"center center","background-size":"auto","background-attachment":"scroll","background-type":"","background-media":"","overlay-type":"","overlay-color":"","overlay-opacity":"","overlay-gradient":""},"mobile":{"background-color":"var(--ast-global-color-5)","background-image":"","background-repeat":"repeat","background-position":"center center","background-size":"auto","background-attachment":"scroll","background-type":"","background-media":"","overlay-type":"","overlay-color":"","overlay-opacity":"","overlay-gradient":""}},"footnotes":""},"class_list":["post-38","page","type-page","status-publish","hentry"],"post_mailing_queue_ids":[],"_links":{"self":[{"href":"https:\/\/agora.xtec.cat\/ceipjvallmajo\/wp-json\/wp\/v2\/pages\/38","targetHints":{"allow":["GET"]}}],"collection":[{"href":"https:\/\/agora.xtec.cat\/ceipjvallmajo\/wp-json\/wp\/v2\/pages"}],"about":[{"href":"https:\/\/agora.xtec.cat\/ceipjvallmajo\/wp-json\/wp\/v2\/types\/page"}],"author":[{"embeddable":true,"href":"https:\/\/agora.xtec.cat\/ceipjvallmajo\/wp-json\/wp\/v2\/users\/1"}],"replies":[{"embeddable":true,"href":"https:\/\/agora.xtec.cat\/ceipjvallmajo\/wp-json\/wp\/v2\/comments?post=38"}],"version-history":[{"count":3,"href":"https:\/\/agora.xtec.cat\/ceipjvallmajo\/wp-json\/wp\/v2\/pages\/38\/revisions"}],"predecessor-version":[{"id":2260,"href":"https:\/\/agora.xtec.cat\/ceipjvallmajo\/wp-json\/wp\/v2\/pages\/38\/revisions\/2260"}],"up":[{"embeddable":true,"href":"https:\/\/agora.xtec.cat\/ceipjvallmajo\/wp-json\/wp\/v2\/pages\/4207"}],"wp:attachment":[{"href":"https:\/\/agora.xtec.cat\/ceipjvallmajo\/wp-json\/wp\/v2\/media?parent=38"}],"curies":[{"name":"wp","href":"https:\/\/api.w.org\/{rel}","templated":true}]}}