{"id":36,"date":"2014-09-18T12:33:11","date_gmt":"2014-09-18T10:33:11","guid":{"rendered":"http:\/\/agora.xtec.cat\/ceipjvallmajo\/?page_id=36"},"modified":"2026-01-22T15:15:15","modified_gmt":"2026-01-22T14:15:15","slug":"material-escolar","status":"publish","type":"page","link":"https:\/\/agora.xtec.cat\/ceipjvallmajo\/informacions\/material-escolar\/","title":{"rendered":"Material escolar"},"content":{"rendered":"\n<h4 class=\"wp-block-heading has-medium-font-size\">Curs 2025-2026<\/h4>\n\n\n\n<p class=\"has-small-font-size\">(actualitzat 22\/01\/2026)<\/p>\n\n\n\n<p class=\"has-large-font-size\">Llistat de llibres i material per cursos.<\/p>\n\n\n\n<figure class=\"wp-block-table is-style-stripes\"><table><tbody><tr><td class=\"has-text-align-center\" data-align=\"center\"><br><h4 style=\"text-align: center;\"><strong>EDUCACI\u00d3 INFANTIL<\/strong><\/h4><\/td><td class=\"has-text-align-center\" data-align=\"center\"><br><h4><strong>CICLE INICIAL<\/strong><\/h4><\/td><td class=\"has-text-align-center\" data-align=\"center\"><br><h4><strong>CICLE MITJ\u00c0<\/strong><\/h4><\/td><td class=\"has-text-align-center\" data-align=\"center\"><br><h4 style=\"text-align: center;\"><strong>CICLE SUPERIOR<\/strong><\/h4><\/td><\/tr><tr><td class=\"has-text-align-center\" data-align=\"center\"><a href=\"https:\/\/agora.xtec.cat\/ceipjvallmajo\/wp-content\/uploads\/usu1198\/2025\/07\/I3_EI_Llistat_material_curs_2025_2026.pdf\" target=\"_blank\" rel=\"noreferrer noopener\">I3<\/a><\/td><td class=\"has-text-align-center\" data-align=\"center\"><a href=\"https:\/\/agora.xtec.cat\/ceipjvallmajo\/wp-content\/uploads\/usu1198\/2025\/07\/1r_CI_Llistat_material_curs_2025_2026.pdf\" target=\"_blank\" rel=\"noreferrer noopener\">1r<\/a><\/td><td class=\"has-text-align-center\" data-align=\"center\"><a href=\"https:\/\/agora.xtec.cat\/ceipjvallmajo\/wp-content\/uploads\/usu1198\/2025\/07\/3r_CM_Llistat_material_curs_2025_2026.pdf\" target=\"_blank\" rel=\"noreferrer noopener\">3r<\/a><\/td><td class=\"has-text-align-center\" data-align=\"center\"><a href=\"https:\/\/agora.xtec.cat\/ceipjvallmajo\/wp-content\/uploads\/usu1198\/2025\/07\/5e_CS_Llistat_material_curs_2025_2026.pdf\" target=\"_blank\" rel=\"noreferrer noopener\">5\u00e8<\/a><\/td><\/tr><tr><td class=\"has-text-align-center\" data-align=\"center\"><div id=\"mceu_56\" class=\"wp-link-preview\"><\/div><a href=\"https:\/\/agora.xtec.cat\/ceipjvallmajo\/wp-content\/uploads\/usu1198\/2025\/07\/I4_EI_Llistat_material_curs_2025_2026.pdf\" target=\"_blank\" rel=\"noreferrer noopener\">I4<\/a><\/td><td class=\"has-text-align-center\" data-align=\"center\"><a href=\"https:\/\/agora.xtec.cat\/ceipjvallmajo\/wp-content\/uploads\/usu1198\/2025\/07\/2n_CI_Llistat_material_curs_2025_2026.pdf\" target=\"_blank\" rel=\"noreferrer noopener\">2n<\/a><\/td><td class=\"has-text-align-center\" data-align=\"center\"><a href=\"https:\/\/agora.xtec.cat\/ceipjvallmajo\/wp-content\/uploads\/usu1198\/2025\/07\/4t_CM_Llistat_material_curs_2025_2026.pdf\" target=\"_blank\" rel=\"noreferrer noopener\">4t<\/a><\/td><td class=\"has-text-align-center\" data-align=\"center\"><a href=\"https:\/\/agora.xtec.cat\/ceipjvallmajo\/wp-content\/uploads\/usu1198\/2025\/07\/6e_CS_Llistat_material_curs_2025_2026.pdf\" target=\"_blank\" rel=\"noreferrer noopener\">6\u00e8<\/a><\/td><\/tr><tr><td class=\"has-text-align-center\" data-align=\"center\"><div id=\"mceu_56\" class=\"wp-link-preview\"><\/div><a href=\"https:\/\/agora.xtec.cat\/ceipjvallmajo\/wp-content\/uploads\/usu1198\/2025\/07\/I5_EI_Llistat_material_curs_2025_2026.pdf\" target=\"_blank\" rel=\"noreferrer noopener\">I5<\/a><\/td><td class=\"has-text-align-center\" data-align=\"center\">&nbsp;<\/td><td class=\"has-text-align-center\" data-align=\"center\">&nbsp;<\/td><td class=\"has-text-align-center\" data-align=\"center\">&nbsp;<\/td><\/tr><\/tbody><\/table><\/figure>\n\n\n\n<h3 class=\"wp-block-heading has-large-font-size\">Quotes de material &#8211; Val escolar<\/h3>\n\n\n\n<p><a href=\"https:\/\/agora.xtec.cat\/ceipjvallmajo\/wp-content\/uploads\/usu1198\/2025\/07\/Quota_material_curs_2025_2026.pdf\" target=\"_blank\" rel=\"noreferrer noopener\">Quotes de material curs 2025-2026<\/a><\/p>\n\n\n\n<h3 class=\"wp-block-heading has-large-font-size\">Cuida&#8217;m<\/h3>\n\n\n\n<p><a href=\"https:\/\/agora.xtec.cat\/ceipjvallmajo\/wp-content\/uploads\/usu1198\/2026\/01\/Informacio-families-Cuidam-2025-2026.pdf\" target=\"_blank\" rel=\"noreferrer noopener\">Programa de reutilitzaci\u00f3 de llibres de text 2025-2026<\/a><\/p>\n\n\n\n<p><\/p>\n","protected":false},"excerpt":{"rendered":"<p>Curs 2025-2026 (actualitzat 22\/01\/2026) Llistat de llibres i material per cursos. EDUCACI\u00d3 INFANTIL CICLE INICIAL CICLE MITJ\u00c0 CICLE SUPERIOR I3 1r 3r 5\u00e8 I4 2n 4t 6\u00e8 I5 &nbsp; &nbsp; &nbsp; Quotes de material &#8211; Val escolar Quotes de material curs 2025-2026 Cuida&#8217;m Programa de reutilitzaci\u00f3 de llibres de text 2025-2026<\/p>\n","protected":false},"author":1,"featured_media":0,"parent":4207,"menu_order":20,"comment_status":"closed","ping_status":"closed","template":"","meta":{"_bbp_topic_count":0,"_bbp_reply_count":0,"_bbp_total_topic_count":0,"_bbp_total_reply_count":0,"_bbp_voice_count":0,"_bbp_anonymous_reply_count":0,"_bbp_topic_count_hidden":0,"_bbp_reply_count_hidden":0,"_bbp_forum_subforum_count":0,"site-sidebar-layout":"default","site-content-layout":"","ast-site-content-layout":"default","site-content-style":"default","site-sidebar-style":"default","ast-global-header-display":"","ast-banner-title-visibility":"","ast-main-header-display":"","ast-hfb-above-header-display":"","ast-hfb-below-header-display":"","ast-hfb-mobile-header-display":"","site-post-title":"","ast-breadcrumbs-content":"","ast-featured-img":"","footer-sml-layout":"","theme-transparent-header-meta":"","adv-header-id-meta":"","stick-header-meta":"","header-above-stick-meta":"","header-main-stick-meta":"","header-below-stick-meta":"","astra-migrate-meta-layouts":"set","ast-page-background-enabled":"default","ast-page-background-meta":{"desktop":{"background-color":"var(--ast-global-color-4)","background-image":"","background-repeat":"repeat","background-position":"center center","background-size":"auto","background-attachment":"scroll","background-type":"","background-media":"","overlay-type":"","overlay-color":"","overlay-opacity":"","overlay-gradient":""},"tablet":{"background-color":"","background-image":"","background-repeat":"repeat","background-position":"center center","background-size":"auto","background-attachment":"scroll","background-type":"","background-media":"","overlay-type":"","overlay-color":"","overlay-opacity":"","overlay-gradient":""},"mobile":{"background-color":"","background-image":"","background-repeat":"repeat","background-position":"center center","background-size":"auto","background-attachment":"scroll","background-type":"","background-media":"","overlay-type":"","overlay-color":"","overlay-opacity":"","overlay-gradient":""}},"ast-content-background-meta":{"desktop":{"background-color":"var(--ast-global-color-5)","background-image":"","background-repeat":"repeat","background-position":"center center","background-size":"auto","background-attachment":"scroll","background-type":"","background-media":"","overlay-type":"","overlay-color":"","overlay-opacity":"","overlay-gradient":""},"tablet":{"background-color":"var(--ast-global-color-5)","background-image":"","background-repeat":"repeat","background-position":"center center","background-size":"auto","background-attachment":"scroll","background-type":"","background-media":"","overlay-type":"","overlay-color":"","overlay-opacity":"","overlay-gradient":""},"mobile":{"background-color":"var(--ast-global-color-5)","background-image":"","background-repeat":"repeat","background-position":"center center","background-size":"auto","background-attachment":"scroll","background-type":"","background-media":"","overlay-type":"","overlay-color":"","overlay-opacity":"","overlay-gradient":""}},"footnotes":""},"class_list":["post-36","page","type-page","status-publish","hentry"],"post_mailing_queue_ids":[],"_links":{"self":[{"href":"https:\/\/agora.xtec.cat\/ceipjvallmajo\/wp-json\/wp\/v2\/pages\/36","targetHints":{"allow":["GET"]}}],"collection":[{"href":"https:\/\/agora.xtec.cat\/ceipjvallmajo\/wp-json\/wp\/v2\/pages"}],"about":[{"href":"https:\/\/agora.xtec.cat\/ceipjvallmajo\/wp-json\/wp\/v2\/types\/page"}],"author":[{"embeddable":true,"href":"https:\/\/agora.xtec.cat\/ceipjvallmajo\/wp-json\/wp\/v2\/users\/1"}],"replies":[{"embeddable":true,"href":"https:\/\/agora.xtec.cat\/ceipjvallmajo\/wp-json\/wp\/v2\/comments?post=36"}],"version-history":[{"count":6,"href":"https:\/\/agora.xtec.cat\/ceipjvallmajo\/wp-json\/wp\/v2\/pages\/36\/revisions"}],"predecessor-version":[{"id":9381,"href":"https:\/\/agora.xtec.cat\/ceipjvallmajo\/wp-json\/wp\/v2\/pages\/36\/revisions\/9381"}],"up":[{"embeddable":true,"href":"https:\/\/agora.xtec.cat\/ceipjvallmajo\/wp-json\/wp\/v2\/pages\/4207"}],"wp:attachment":[{"href":"https:\/\/agora.xtec.cat\/ceipjvallmajo\/wp-json\/wp\/v2\/media?parent=36"}],"curies":[{"name":"wp","href":"https:\/\/api.w.org\/{rel}","templated":true}]}}