{"id":28,"date":"2014-09-18T12:29:35","date_gmt":"2014-09-18T11:29:35","guid":{"rendered":"http:\/\/agora.xtec.cat\/ceipjvallmajo\/?page_id=28"},"modified":"2025-11-14T11:00:13","modified_gmt":"2025-11-14T10:00:13","slug":"consell-escolar","status":"publish","type":"page","link":"https:\/\/agora.xtec.cat\/ceipjvallmajo\/lescola\/consell-escolar\/","title":{"rendered":"Consell escolar"},"content":{"rendered":"\n<p class=\"has-small-font-size\">(Data d&#8217;actualitzaci\u00f3 12\/11\/2025)<\/p>\n\n\n\n<figure class=\"wp-block-image aligncenter size-full is-resized\"><a href=\"https:\/\/agora.xtec.cat\/ceipjvallmajo\/wp-content\/uploads\/usu1198\/2025\/11\/consells-escolars-1.png_552031986-1.png\"><img loading=\"lazy\" decoding=\"async\" width=\"782\" height=\"191\" src=\"https:\/\/agora.xtec.cat\/ceipjvallmajo\/wp-content\/uploads\/usu1198\/2025\/11\/consells-escolars-1.png_552031986-1.png\" alt=\"\" class=\"wp-image-9143\" style=\"width:489px;height:auto\" srcset=\"https:\/\/agora.xtec.cat\/ceipjvallmajo\/wp-content\/uploads\/usu1198\/2025\/11\/consells-escolars-1.png_552031986-1.png 782w, https:\/\/agora.xtec.cat\/ceipjvallmajo\/wp-content\/uploads\/usu1198\/2025\/11\/consells-escolars-1.png_552031986-1-300x73.png 300w, https:\/\/agora.xtec.cat\/ceipjvallmajo\/wp-content\/uploads\/usu1198\/2025\/11\/consells-escolars-1.png_552031986-1-768x188.png 768w\" sizes=\"auto, (max-width: 782px) 100vw, 782px\" \/><\/a><\/figure>\n\n\n\n<figure class=\"wp-block-image aligncenter size-large is-resized\"><a href=\"https:\/\/agora.xtec.cat\/ceipjvallmajo\/wp-content\/uploads\/usu1198\/2025\/11\/CARTELL-ELECCCIONS-CONSELL-ESCOLAR-2025.png\"><img loading=\"lazy\" decoding=\"async\" width=\"724\" height=\"1024\" src=\"https:\/\/agora.xtec.cat\/ceipjvallmajo\/wp-content\/uploads\/usu1198\/2025\/11\/CARTELL-ELECCCIONS-CONSELL-ESCOLAR-2025-724x1024.png\" alt=\"\" class=\"wp-image-9194\" style=\"width:491px;height:auto\" srcset=\"https:\/\/agora.xtec.cat\/ceipjvallmajo\/wp-content\/uploads\/usu1198\/2025\/11\/CARTELL-ELECCCIONS-CONSELL-ESCOLAR-2025-724x1024.png 724w, https:\/\/agora.xtec.cat\/ceipjvallmajo\/wp-content\/uploads\/usu1198\/2025\/11\/CARTELL-ELECCCIONS-CONSELL-ESCOLAR-2025-212x300.png 212w, https:\/\/agora.xtec.cat\/ceipjvallmajo\/wp-content\/uploads\/usu1198\/2025\/11\/CARTELL-ELECCCIONS-CONSELL-ESCOLAR-2025-768x1086.png 768w, https:\/\/agora.xtec.cat\/ceipjvallmajo\/wp-content\/uploads\/usu1198\/2025\/11\/CARTELL-ELECCCIONS-CONSELL-ESCOLAR-2025-1086x1536.png 1086w, https:\/\/agora.xtec.cat\/ceipjvallmajo\/wp-content\/uploads\/usu1198\/2025\/11\/CARTELL-ELECCCIONS-CONSELL-ESCOLAR-2025.png 1414w\" sizes=\"auto, (max-width: 724px) 100vw, 724px\" \/><\/a><\/figure>\n\n\n\n<h6 class=\"wp-block-heading has-medium-font-size\">Calendari de les eleccions 2025<\/h6>\n\n\n\n<figure class=\"wp-block-table\"><table class=\"has-fixed-layout\"><tbody><tr><td><strong>Inici del proc\u00e9s:<\/strong> convocat\u00f2ria eleccions i publicaci\u00f3 cens electoral<\/td><td><strong>27 d\u2019octubre<\/strong> <strong>de 2025<\/strong><\/td><\/tr><tr><td>Reclamacions dels censos electorals<\/td><td>del 30 d&#8217;octubre al 3 de novembre<\/td><\/tr><tr><td>Resoluci\u00f3 de les reclamacions i publicaci\u00f3 dels censos electorals definitius<\/td><td>10 de novembre<\/td><\/tr><tr><td>Sorteig dels membres vocals de les meses electorals<\/td><td>3 de novembre<\/td><\/tr><tr><td>Constituci\u00f3 de les meses electorals<\/td><td>10 de novembre<\/td><\/tr><tr><td><strong>Presentaci\u00f3 de candidatures<\/strong><\/td><td><strong>Fins al 10 de novembre<\/strong><\/td><\/tr><tr><td>Publicaci\u00f3 de les candidatures<\/td><td>12 de novembre<\/td><\/tr><tr><td><strong>Votacions sector pares i mares o tutors legals<\/strong><\/td><td>18 de novembre de 16:15h a 17h<\/td><\/tr><tr><td>Constituci\u00f3 del consell escolar<\/td><td>9 de desembre<\/td><\/tr><\/tbody><\/table><\/figure>\n\n\n\n<p><a href=\"https:\/\/agora.xtec.cat\/ceipjvallmajo\/wp-content\/uploads\/usu1198\/2025\/11\/20251028_Informacio_families_eleccions_CE_2025.pdf\" target=\"_blank\" rel=\"noreferrer noopener\">Informaci\u00f3 fam\u00edlies eleccions 2025<\/a><\/p>\n\n\n\n<p>Per a m\u00e9s informaci\u00f3 podeu consulteu el <a href=\"http:\/\/ensenyament.gencat.cat\/ca\/arees-actuacio\/centres-serveis-educatius\/centres\/consells-escolars-centres\/\" target=\"_blank\" rel=\"noopener\">web del Departament d\u2019Educaci\u00f3<\/a>.<\/p>\n\n\n\n<hr class=\"wp-block-separator has-alpha-channel-opacity\"\/>\n\n\n\n<h4 class=\"wp-block-heading has-large-font-size\">El Consell Escolar<\/h4>\n\n\n\n<p>El Consell Escolar \u00e9s l\u2019\u00f2rgan de participaci\u00f3 de la comunitat escolar en el govern del centre. Est\u00e0 format per: el director, la cap d&#8217;estudis, la secret\u00e0ria, un representant de l&#8217;ajuntament, cinc representants de mestres, quatre representants del sector pares i mares, un representant de l&#8217;AMPA i un representant del PAS.<\/p>\n\n\n\n<p>La funci\u00f3 principal del consell escolar \u00e9s <strong>participar en la presa de decisions<\/strong> en relaci\u00f3 amb aquells temes importants per al funcionament i l&#8217;organitzaci\u00f3 del centre: el projecte educatiu, la programaci\u00f3 general, la gesti\u00f3 econ\u00f2mica,&#8230;<\/p>\n\n\n\n<p>Els membres del consell escolar s\u00f3n elegits per un per\u00edode de quatre anys i es renoven per meitats cada dos anys.<\/p>\n\n\n\n<hr class=\"wp-block-separator has-alpha-channel-opacity\"\/>\n\n\n\n<h4 class=\"wp-block-heading\">Manifest en defensa del model ling\u00fc\u00edstic de l&#8217;escola catalana<\/h4>\n\n\n\n<p class=\"has-small-font-size\">(15\/12\/2021)<\/p>\n\n\n\n<p>&nbsp;El claustre i el Consell Escolar de l&#8217;escola s&#8217;han adherit al <a href=\"https:\/\/agora.xtec.cat\/ceipjvallmajo\/wp-content\/uploads\/usu1198\/2022\/03\/Manifest-del-CEC-en-defensa-del-model-linguistic.pdf\" target=\"_blank\" rel=\"noopener\">manifest del Conselll Escolar de Catalunya en defensa del nostre model ling\u00fc\u00edstic<\/a>.<\/p>\n","protected":false},"excerpt":{"rendered":"<p>(Data d&#8217;actualitzaci\u00f3 12\/11\/2025) Calendari de les eleccions 2025 Inici del proc\u00e9s: convocat\u00f2ria eleccions i publicaci\u00f3 cens electoral 27 d\u2019octubre de 2025 Reclamacions dels censos electorals del 30 d&#8217;octubre al 3 de novembre Resoluci\u00f3 de les reclamacions i publicaci\u00f3 dels censos electorals definitius 10 de novembre Sorteig dels membres vocals de les meses electorals 3 de [&hellip;]<\/p>\n","protected":false},"author":1,"featured_media":0,"parent":22,"menu_order":20,"comment_status":"closed","ping_status":"closed","template":"","meta":{"_bbp_topic_count":0,"_bbp_reply_count":0,"_bbp_total_topic_count":0,"_bbp_total_reply_count":0,"_bbp_voice_count":0,"_bbp_anonymous_reply_count":0,"_bbp_topic_count_hidden":0,"_bbp_reply_count_hidden":0,"_bbp_forum_subforum_count":0,"site-sidebar-layout":"default","site-content-layout":"","ast-site-content-layout":"default","site-content-style":"default","site-sidebar-style":"default","ast-global-header-display":"","ast-banner-title-visibility":"","ast-main-header-display":"","ast-hfb-above-header-display":"","ast-hfb-below-header-display":"","ast-hfb-mobile-header-display":"","site-post-title":"","ast-breadcrumbs-content":"","ast-featured-img":"","footer-sml-layout":"","theme-transparent-header-meta":"","adv-header-id-meta":"","stick-header-meta":"","header-above-stick-meta":"","header-main-stick-meta":"","header-below-stick-meta":"","astra-migrate-meta-layouts":"set","ast-page-background-enabled":"default","ast-page-background-meta":{"desktop":{"background-color":"var(--ast-global-color-4)","background-image":"","background-repeat":"repeat","background-position":"center center","background-size":"auto","background-attachment":"scroll","background-type":"","background-media":"","overlay-type":"","overlay-color":"","overlay-opacity":"","overlay-gradient":""},"tablet":{"background-color":"","background-image":"","background-repeat":"repeat","background-position":"center center","background-size":"auto","background-attachment":"scroll","background-type":"","background-media":"","overlay-type":"","overlay-color":"","overlay-opacity":"","overlay-gradient":""},"mobile":{"background-color":"","background-image":"","background-repeat":"repeat","background-position":"center center","background-size":"auto","background-attachment":"scroll","background-type":"","background-media":"","overlay-type":"","overlay-color":"","overlay-opacity":"","overlay-gradient":""}},"ast-content-background-meta":{"desktop":{"background-color":"var(--ast-global-color-5)","background-image":"","background-repeat":"repeat","background-position":"center center","background-size":"auto","background-attachment":"scroll","background-type":"","background-media":"","overlay-type":"","overlay-color":"","overlay-opacity":"","overlay-gradient":""},"tablet":{"background-color":"var(--ast-global-color-5)","background-image":"","background-repeat":"repeat","background-position":"center center","background-size":"auto","background-attachment":"scroll","background-type":"","background-media":"","overlay-type":"","overlay-color":"","overlay-opacity":"","overlay-gradient":""},"mobile":{"background-color":"var(--ast-global-color-5)","background-image":"","background-repeat":"repeat","background-position":"center center","background-size":"auto","background-attachment":"scroll","background-type":"","background-media":"","overlay-type":"","overlay-color":"","overlay-opacity":"","overlay-gradient":""}},"footnotes":""},"class_list":["post-28","page","type-page","status-publish","hentry"],"post_mailing_queue_ids":[],"_links":{"self":[{"href":"https:\/\/agora.xtec.cat\/ceipjvallmajo\/wp-json\/wp\/v2\/pages\/28","targetHints":{"allow":["GET"]}}],"collection":[{"href":"https:\/\/agora.xtec.cat\/ceipjvallmajo\/wp-json\/wp\/v2\/pages"}],"about":[{"href":"https:\/\/agora.xtec.cat\/ceipjvallmajo\/wp-json\/wp\/v2\/types\/page"}],"author":[{"embeddable":true,"href":"https:\/\/agora.xtec.cat\/ceipjvallmajo\/wp-json\/wp\/v2\/users\/1"}],"replies":[{"embeddable":true,"href":"https:\/\/agora.xtec.cat\/ceipjvallmajo\/wp-json\/wp\/v2\/comments?post=28"}],"version-history":[{"count":6,"href":"https:\/\/agora.xtec.cat\/ceipjvallmajo\/wp-json\/wp\/v2\/pages\/28\/revisions"}],"predecessor-version":[{"id":9210,"href":"https:\/\/agora.xtec.cat\/ceipjvallmajo\/wp-json\/wp\/v2\/pages\/28\/revisions\/9210"}],"up":[{"embeddable":true,"href":"https:\/\/agora.xtec.cat\/ceipjvallmajo\/wp-json\/wp\/v2\/pages\/22"}],"wp:attachment":[{"href":"https:\/\/agora.xtec.cat\/ceipjvallmajo\/wp-json\/wp\/v2\/media?parent=28"}],"curies":[{"name":"wp","href":"https:\/\/api.w.org\/{rel}","templated":true}]}}