{"id":24,"date":"2014-09-18T12:23:15","date_gmt":"2014-09-18T11:23:15","guid":{"rendered":"http:\/\/agora.xtec.cat\/ceipjvallmajo\/?page_id=24"},"modified":"2025-11-14T10:15:13","modified_gmt":"2025-11-14T09:15:13","slug":"on-som","status":"publish","type":"page","link":"https:\/\/agora.xtec.cat\/ceipjvallmajo\/lescola\/on-som\/","title":{"rendered":"On som"},"content":{"rendered":"\n<iframe src=\"https:\/\/www.google.com\/maps\/embed?pb=!1m18!1m12!1m3!1d3673.906358852155!2d2.861654276603249!3d42.22484834363243!2m3!1f0!2f0!3f0!3m2!1i1024!2i768!4f13.1!3m3!1m2!1s0x12ba93669985d2cb%3A0xc5efd1bad885cc88!2sEscola%20Joaquim%20Vallmaj%C3%B3!5e1!3m2!1sca!2ses!4v1763110679380!5m2!1sca!2ses\" width=\"600\" height=\"450\" style=\"border:0;\" allowfullscreen=\"\" loading=\"lazy\" referrerpolicy=\"no-referrer-when-downgrade\"><\/iframe>\n\n\n\n<hr class=\"wp-block-separator has-alpha-channel-opacity\"\/>\n\n\n\n<p>L\u2019escola es troba a la part nord-est del municipi entre la llar d\u2019infants municipal Els Belluguets, el Centre d\u2019Atenci\u00f3 Prim\u00e0ria i les instal\u00b7lacions esportives municipals (camps de futbol i piscina).<\/p>\n\n\n\n<hr class=\"wp-block-separator has-alpha-channel-opacity\"\/>\n\n\n\n<p><em>Navata \u00e9s un poble pertany de ple a la comarca de l\u2019Alt Empord\u00e0, de la qual pr\u00e0cticament constitueix el l\u00edmit occidental, situat a prop de les terres de la Garrotxa, ja que m\u00e9s enll\u00e0, seguint la carretera de Figueres a Olot, nom\u00e9s queda el municipi de Cabanelles que ve a ser el punt de transici\u00f3 entre la Garrotxa i l\u2019Empord\u00e0.<\/em><\/p>\n\n\n\n<p><em>El terreny ja no \u00e9s gaire planer, per\u00f2 hi ha grans camps de cereals, oliveres i pinedes\u2026 La muntanya del Mont queda for\u00e7a a prop i s\u2019admira des de tot el terme municipal.<\/em><\/p>\n\n\n\n<p><em>El nucli urb\u00e0 es troba al bell mig d\u2019una plana lleugerament ondulada, adossada a unes muntanyes que s\u2019eleven per la banda nord i li donen l\u2019aspecte de terrassa orientada al mar. La seva altitud \u00e9s de 145 metres sobre el nivell del mar.<\/em><\/p>\n\n\n\n<p><em>El terme municipal afronta al nord Llad\u00f3, Cistella i Vilanant, a l\u2019est Avinyonet de Puigvent\u00f3s, Ordis i Pont\u00f3s, i al sud Vilademuls i el riu Fluvi\u00e0, i a l\u2019oest amb Cabanelles i Llad\u00f3.<\/em><\/p>\n\n\n\n<p class=\"has-small-font-size\">Font: Ajuntament de Navata<\/p>\n","protected":false},"excerpt":{"rendered":"<p>L\u2019escola es troba a la part nord-est del municipi entre la llar d\u2019infants municipal Els Belluguets, el Centre d\u2019Atenci\u00f3 Prim\u00e0ria i les instal\u00b7lacions esportives municipals (camps de futbol i piscina). Navata \u00e9s un poble pertany de ple a la comarca de l\u2019Alt Empord\u00e0, de la qual pr\u00e0cticament constitueix el l\u00edmit occidental, situat a prop de [&hellip;]<\/p>\n","protected":false},"author":1,"featured_media":0,"parent":22,"menu_order":10,"comment_status":"closed","ping_status":"closed","template":"","meta":{"_bbp_topic_count":0,"_bbp_reply_count":0,"_bbp_total_topic_count":0,"_bbp_total_reply_count":0,"_bbp_voice_count":0,"_bbp_anonymous_reply_count":0,"_bbp_topic_count_hidden":0,"_bbp_reply_count_hidden":0,"_bbp_forum_subforum_count":0,"site-sidebar-layout":"default","site-content-layout":"","ast-site-content-layout":"default","site-content-style":"default","site-sidebar-style":"default","ast-global-header-display":"","ast-banner-title-visibility":"","ast-main-header-display":"","ast-hfb-above-header-display":"","ast-hfb-below-header-display":"","ast-hfb-mobile-header-display":"","site-post-title":"","ast-breadcrumbs-content":"","ast-featured-img":"","footer-sml-layout":"","theme-transparent-header-meta":"","adv-header-id-meta":"","stick-header-meta":"","header-above-stick-meta":"","header-main-stick-meta":"","header-below-stick-meta":"","astra-migrate-meta-layouts":"set","ast-page-background-enabled":"default","ast-page-background-meta":{"desktop":{"background-color":"var(--ast-global-color-4)","background-image":"","background-repeat":"repeat","background-position":"center center","background-size":"auto","background-attachment":"scroll","background-type":"","background-media":"","overlay-type":"","overlay-color":"","overlay-opacity":"","overlay-gradient":""},"tablet":{"background-color":"","background-image":"","background-repeat":"repeat","background-position":"center center","background-size":"auto","background-attachment":"scroll","background-type":"","background-media":"","overlay-type":"","overlay-color":"","overlay-opacity":"","overlay-gradient":""},"mobile":{"background-color":"","background-image":"","background-repeat":"repeat","background-position":"center center","background-size":"auto","background-attachment":"scroll","background-type":"","background-media":"","overlay-type":"","overlay-color":"","overlay-opacity":"","overlay-gradient":""}},"ast-content-background-meta":{"desktop":{"background-color":"var(--ast-global-color-5)","background-image":"","background-repeat":"repeat","background-position":"center center","background-size":"auto","background-attachment":"scroll","background-type":"","background-media":"","overlay-type":"","overlay-color":"","overlay-opacity":"","overlay-gradient":""},"tablet":{"background-color":"var(--ast-global-color-5)","background-image":"","background-repeat":"repeat","background-position":"center center","background-size":"auto","background-attachment":"scroll","background-type":"","background-media":"","overlay-type":"","overlay-color":"","overlay-opacity":"","overlay-gradient":""},"mobile":{"background-color":"var(--ast-global-color-5)","background-image":"","background-repeat":"repeat","background-position":"center center","background-size":"auto","background-attachment":"scroll","background-type":"","background-media":"","overlay-type":"","overlay-color":"","overlay-opacity":"","overlay-gradient":""}},"footnotes":""},"class_list":["post-24","page","type-page","status-publish","hentry"],"post_mailing_queue_ids":[],"_links":{"self":[{"href":"https:\/\/agora.xtec.cat\/ceipjvallmajo\/wp-json\/wp\/v2\/pages\/24","targetHints":{"allow":["GET"]}}],"collection":[{"href":"https:\/\/agora.xtec.cat\/ceipjvallmajo\/wp-json\/wp\/v2\/pages"}],"about":[{"href":"https:\/\/agora.xtec.cat\/ceipjvallmajo\/wp-json\/wp\/v2\/types\/page"}],"author":[{"embeddable":true,"href":"https:\/\/agora.xtec.cat\/ceipjvallmajo\/wp-json\/wp\/v2\/users\/1"}],"replies":[{"embeddable":true,"href":"https:\/\/agora.xtec.cat\/ceipjvallmajo\/wp-json\/wp\/v2\/comments?post=24"}],"version-history":[{"count":6,"href":"https:\/\/agora.xtec.cat\/ceipjvallmajo\/wp-json\/wp\/v2\/pages\/24\/revisions"}],"predecessor-version":[{"id":9209,"href":"https:\/\/agora.xtec.cat\/ceipjvallmajo\/wp-json\/wp\/v2\/pages\/24\/revisions\/9209"}],"up":[{"embeddable":true,"href":"https:\/\/agora.xtec.cat\/ceipjvallmajo\/wp-json\/wp\/v2\/pages\/22"}],"wp:attachment":[{"href":"https:\/\/agora.xtec.cat\/ceipjvallmajo\/wp-json\/wp\/v2\/media?parent=24"}],"curies":[{"name":"wp","href":"https:\/\/api.w.org\/{rel}","templated":true}]}}