{"id":22,"date":"2014-09-18T12:19:57","date_gmt":"2014-09-18T10:19:57","guid":{"rendered":"http:\/\/agora.xtec.cat\/ceipjvallmajo\/?page_id=22"},"modified":"2025-10-17T11:31:21","modified_gmt":"2025-10-17T09:31:21","slug":"lescola","status":"publish","type":"page","link":"https:\/\/agora.xtec.cat\/ceipjvallmajo\/lescola\/","title":{"rendered":"L&#8217;escola"},"content":{"rendered":"\n<p>L\u2019escola Joaquim Vallmaj\u00f3 de Navata \u00e9s una escola p\u00fablica d\u2019educaci\u00f3 infantil i prim\u00e0ria d\u2019una l\u00ednia educativa.<\/p>\n\n\n\n<p>L\u2019oferta pedag\u00f2gica \u00e9s:<\/p>\n\n\n\n<ul class=\"wp-block-list\">\n<li>Educaci\u00f3 Infantil: 3 cursos (I3, I4 i I5).<\/li>\n\n\n\n<li>Educaci\u00f3 Prim\u00e0ria: 6 cursos (1r, 2n 3r, 4t, 5\u00e8 i 6\u00e8).<\/li>\n<\/ul>\n\n\n\n<p>Des de l\u2019any 1995 el centre rep el nom d\u2019Escola Joaquim Vallmaj\u00f3 en record del missioner del poble Joaquim Vallmaj\u00f3 i Sala (Navata, 1941 \u2013 Rwanda, 1994), que va dedicar la seva vida a ajudar els m\u00e9s desafavorits de la zona dels Grans Llacs a Rwanda.<\/p>\n\n\n\n<p class=\"has-text-align-left\">Els alumnes del nostre centre provenen majorit\u00e0riament de Navata, que inclou els nuclis de Canelles i Torremirona i els disseminats de Colomer i Can Mir\u00f3.<\/p>\n\n\n\n<p>El municipi lim\u00edtrof de Cabanelles, el qual t\u00e9 agregats els pobles d\u2019Espinavessa, L\u2019Estela, Queix\u00e0s, Sant Mart\u00ed Sesserres i Vilademires, aix\u00ed com els ve\u00efnats de Casamor, La Palma i La Cirera, est\u00e0 adscrit al nostre centre.<\/p>\n\n\n\n<p><strong>Car\u00e0cter propi<\/strong><\/p>\n\n\n\n<ul class=\"wp-block-list\">\n<li>Identitat catalana i arrelament a l\u2019entorn.<\/li>\n\n\n\n<li>Democr\u00e0cia, participaci\u00f3 i conviv\u00e8ncia.<\/li>\n\n\n\n<li>Inclusi\u00f3 i diversitat.<\/li>\n\n\n\n<li>Coeducaci\u00f3 i igualtat.<\/li>\n\n\n\n<li>Sostenibilitat.<\/li>\n\n\n\n<li>Aprenentatge significatiu i transversal.<\/li>\n\n\n\n<li>Educaci\u00f3 integral.<\/li>\n\n\n\n<li>Innovaci\u00f3 pedag\u00f2gica.<\/li>\n\n\n\n<li>Atenci\u00f3 a la diversitat i autonomia personal.<\/li>\n<\/ul>\n","protected":false},"excerpt":{"rendered":"<p>L\u2019escola Joaquim Vallmaj\u00f3 de Navata \u00e9s una escola p\u00fablica d\u2019educaci\u00f3 infantil i prim\u00e0ria d\u2019una l\u00ednia educativa. L\u2019oferta pedag\u00f2gica \u00e9s: Des de l\u2019any 1995 el centre rep el nom d\u2019Escola Joaquim Vallmaj\u00f3 en record del missioner del poble Joaquim Vallmaj\u00f3 i Sala (Navata, 1941 \u2013 Rwanda, 1994), que va dedicar la seva vida a ajudar els [&hellip;]<\/p>\n","protected":false},"author":1,"featured_media":0,"parent":0,"menu_order":0,"comment_status":"closed","ping_status":"closed","template":"","meta":{"_bbp_topic_count":0,"_bbp_reply_count":0,"_bbp_total_topic_count":0,"_bbp_total_reply_count":0,"_bbp_voice_count":0,"_bbp_anonymous_reply_count":0,"_bbp_topic_count_hidden":0,"_bbp_reply_count_hidden":0,"_bbp_forum_subforum_count":0,"site-sidebar-layout":"default","site-content-layout":"","ast-site-content-layout":"default","site-content-style":"default","site-sidebar-style":"default","ast-global-header-display":"","ast-banner-title-visibility":"","ast-main-header-display":"","ast-hfb-above-header-display":"","ast-hfb-below-header-display":"","ast-hfb-mobile-header-display":"","site-post-title":"","ast-breadcrumbs-content":"","ast-featured-img":"","footer-sml-layout":"","theme-transparent-header-meta":"","adv-header-id-meta":"","stick-header-meta":"","header-above-stick-meta":"","header-main-stick-meta":"","header-below-stick-meta":"","astra-migrate-meta-layouts":"set","ast-page-background-enabled":"default","ast-page-background-meta":{"desktop":{"background-color":"var(--ast-global-color-4)","background-image":"","background-repeat":"repeat","background-position":"center center","background-size":"auto","background-attachment":"scroll","background-type":"","background-media":"","overlay-type":"","overlay-color":"","overlay-opacity":"","overlay-gradient":""},"tablet":{"background-color":"","background-image":"","background-repeat":"repeat","background-position":"center center","background-size":"auto","background-attachment":"scroll","background-type":"","background-media":"","overlay-type":"","overlay-color":"","overlay-opacity":"","overlay-gradient":""},"mobile":{"background-color":"","background-image":"","background-repeat":"repeat","background-position":"center center","background-size":"auto","background-attachment":"scroll","background-type":"","background-media":"","overlay-type":"","overlay-color":"","overlay-opacity":"","overlay-gradient":""}},"ast-content-background-meta":{"desktop":{"background-color":"var(--ast-global-color-5)","background-image":"","background-repeat":"repeat","background-position":"center center","background-size":"auto","background-attachment":"scroll","background-type":"","background-media":"","overlay-type":"","overlay-color":"","overlay-opacity":"","overlay-gradient":""},"tablet":{"background-color":"var(--ast-global-color-5)","background-image":"","background-repeat":"repeat","background-position":"center center","background-size":"auto","background-attachment":"scroll","background-type":"","background-media":"","overlay-type":"","overlay-color":"","overlay-opacity":"","overlay-gradient":""},"mobile":{"background-color":"var(--ast-global-color-5)","background-image":"","background-repeat":"repeat","background-position":"center center","background-size":"auto","background-attachment":"scroll","background-type":"","background-media":"","overlay-type":"","overlay-color":"","overlay-opacity":"","overlay-gradient":""}},"footnotes":""},"class_list":["post-22","page","type-page","status-publish","hentry"],"post_mailing_queue_ids":[],"_links":{"self":[{"href":"https:\/\/agora.xtec.cat\/ceipjvallmajo\/wp-json\/wp\/v2\/pages\/22","targetHints":{"allow":["GET"]}}],"collection":[{"href":"https:\/\/agora.xtec.cat\/ceipjvallmajo\/wp-json\/wp\/v2\/pages"}],"about":[{"href":"https:\/\/agora.xtec.cat\/ceipjvallmajo\/wp-json\/wp\/v2\/types\/page"}],"author":[{"embeddable":true,"href":"https:\/\/agora.xtec.cat\/ceipjvallmajo\/wp-json\/wp\/v2\/users\/1"}],"replies":[{"embeddable":true,"href":"https:\/\/agora.xtec.cat\/ceipjvallmajo\/wp-json\/wp\/v2\/comments?post=22"}],"version-history":[{"count":5,"href":"https:\/\/agora.xtec.cat\/ceipjvallmajo\/wp-json\/wp\/v2\/pages\/22\/revisions"}],"predecessor-version":[{"id":9001,"href":"https:\/\/agora.xtec.cat\/ceipjvallmajo\/wp-json\/wp\/v2\/pages\/22\/revisions\/9001"}],"wp:attachment":[{"href":"https:\/\/agora.xtec.cat\/ceipjvallmajo\/wp-json\/wp\/v2\/media?parent=22"}],"curies":[{"name":"wp","href":"https:\/\/api.w.org\/{rel}","templated":true}]}}