{"id":26,"date":"2014-09-18T12:24:32","date_gmt":"2014-09-18T11:24:32","guid":{"rendered":"http:\/\/agora.xtec.cat\/ceipjuncadella\/?page_id=26"},"modified":"2026-01-30T19:59:08","modified_gmt":"2026-01-30T18:59:08","slug":"historia","status":"publish","type":"page","link":"https:\/\/agora.xtec.cat\/ceipjuncadella\/lescola\/historia\/","title":{"rendered":"Una mica d&#8217;hist\u00f2ria"},"content":{"rendered":"<p>L\u2019Escola Joan Juncadella \u00e9s un centre p\u00fablic d\u2019Educaci\u00f3 Infantil i Prim\u00e0ria que forma part del Departament d\u2019Educaci\u00f3 de la Generalitat de Catalunya i est\u00e0 adscrit a la Delegaci\u00f3 Territorial del Baix Llobregat.<\/p>\n<p>Fundada el <strong>2 d\u2019octubre de 1975<\/strong>, l\u2019escola va n\u00e9ixer amb vuit unitats i va ser publicada al BOE el 18 de novembre del mateix any. L\u2019edifici original estava ubicat a l\u2019espai on avui trobem el <strong>Parc del Mamut<\/strong> i el <strong>Centre Cultural Virginia Amposta<\/strong>. Durant la d\u00e8cada dels vuitanta, la creixent demanda d\u2019escolaritzaci\u00f3 va impulsar l\u2019ampliaci\u00f3 del centre.<\/p>\n<p>Amb el pas dels anys, l\u2019edifici original va quedar petit i va ser necessari construir un nou centre. Des del <strong>curs 2009-2010<\/strong>, l\u2019escola funciona a l\u2019<strong>edifici actual<\/strong>, que ha suposat una millora notable tant en les instal\u00b7lacions com en l\u2019entorn educatiu. El centre \u00e9s de <strong>doble l\u00ednia<\/strong>, tot i que en els darrers anys s\u2019ha ajustat l\u2019oferta en alguns cursos segons la planificaci\u00f3 municipal derivada de la baixa natalitat.<\/p>\n<p>El nom de l\u2019escola homenatja el vicent\u00ed <strong>Joan Juncadella i Carcereny (1895-1971)<\/strong>. El consistori, encap\u00e7alat pel batlle Joaquim Canalies, va acordar dedicar-li el centre en reconeixement a la seva tasca a Sant Vicen\u00e7 dels Horts.<\/p>\n","protected":false},"excerpt":{"rendered":"<p>L\u2019Escola Joan Juncadella \u00e9s un centre p\u00fablic d\u2019Educaci\u00f3 Infantil i Prim\u00e0ria que forma part del Departament d\u2019Educaci\u00f3 de la Generalitat de Catalunya i est\u00e0 adscrit a la Delegaci\u00f3 Territorial del Baix Llobregat. Fundada el 2 d\u2019octubre de 1975, l\u2019escola va n\u00e9ixer amb vuit unitats i va ser publicada al BOE el 18 de novembre del [&hellip;]<\/p>\n","protected":false},"author":1,"featured_media":0,"parent":22,"menu_order":2,"comment_status":"closed","ping_status":"closed","template":"","meta":{"_bbp_topic_count":0,"_bbp_reply_count":0,"_bbp_total_topic_count":0,"_bbp_total_reply_count":0,"_bbp_voice_count":0,"_bbp_anonymous_reply_count":0,"_bbp_topic_count_hidden":0,"_bbp_reply_count_hidden":0,"_bbp_forum_subforum_count":0,"site-sidebar-layout":"default","site-content-layout":"","ast-site-content-layout":"default","site-content-style":"default","site-sidebar-style":"default","ast-global-header-display":"","ast-banner-title-visibility":"","ast-main-header-display":"","ast-hfb-above-header-display":"","ast-hfb-below-header-display":"","ast-hfb-mobile-header-display":"","site-post-title":"","ast-breadcrumbs-content":"","ast-featured-img":"","footer-sml-layout":"","theme-transparent-header-meta":"default","adv-header-id-meta":"","stick-header-meta":"","header-above-stick-meta":"","header-main-stick-meta":"","header-below-stick-meta":"","astra-migrate-meta-layouts":"set","ast-page-background-enabled":"default","ast-page-background-meta":{"desktop":{"background-color":"var(--ast-global-color-4)","background-image":"","background-repeat":"repeat","background-position":"center center","background-size":"auto","background-attachment":"scroll","background-type":"","background-media":"","overlay-type":"","overlay-color":"","overlay-opacity":"","overlay-gradient":""},"tablet":{"background-color":"","background-image":"","background-repeat":"repeat","background-position":"center center","background-size":"auto","background-attachment":"scroll","background-type":"","background-media":"","overlay-type":"","overlay-color":"","overlay-opacity":"","overlay-gradient":""},"mobile":{"background-color":"","background-image":"","background-repeat":"repeat","background-position":"center center","background-size":"auto","background-attachment":"scroll","background-type":"","background-media":"","overlay-type":"","overlay-color":"","overlay-opacity":"","overlay-gradient":""}},"ast-content-background-meta":{"desktop":{"background-color":"var(--ast-global-color-5)","background-image":"","background-repeat":"repeat","background-position":"center center","background-size":"auto","background-attachment":"scroll","background-type":"","background-media":"","overlay-type":"","overlay-color":"","overlay-opacity":"","overlay-gradient":""},"tablet":{"background-color":"var(--ast-global-color-5)","background-image":"","background-repeat":"repeat","background-position":"center center","background-size":"auto","background-attachment":"scroll","background-type":"","background-media":"","overlay-type":"","overlay-color":"","overlay-opacity":"","overlay-gradient":""},"mobile":{"background-color":"var(--ast-global-color-5)","background-image":"","background-repeat":"repeat","background-position":"center center","background-size":"auto","background-attachment":"scroll","background-type":"","background-media":"","overlay-type":"","overlay-color":"","overlay-opacity":"","overlay-gradient":""}},"footnotes":""},"class_list":["post-26","page","type-page","status-publish","hentry"],"post_mailing_queue_ids":[],"_links":{"self":[{"href":"https:\/\/agora.xtec.cat\/ceipjuncadella\/wp-json\/wp\/v2\/pages\/26","targetHints":{"allow":["GET"]}}],"collection":[{"href":"https:\/\/agora.xtec.cat\/ceipjuncadella\/wp-json\/wp\/v2\/pages"}],"about":[{"href":"https:\/\/agora.xtec.cat\/ceipjuncadella\/wp-json\/wp\/v2\/types\/page"}],"author":[{"embeddable":true,"href":"https:\/\/agora.xtec.cat\/ceipjuncadella\/wp-json\/wp\/v2\/users\/1"}],"replies":[{"embeddable":true,"href":"https:\/\/agora.xtec.cat\/ceipjuncadella\/wp-json\/wp\/v2\/comments?post=26"}],"version-history":[{"count":6,"href":"https:\/\/agora.xtec.cat\/ceipjuncadella\/wp-json\/wp\/v2\/pages\/26\/revisions"}],"predecessor-version":[{"id":1871,"href":"https:\/\/agora.xtec.cat\/ceipjuncadella\/wp-json\/wp\/v2\/pages\/26\/revisions\/1871"}],"up":[{"embeddable":true,"href":"https:\/\/agora.xtec.cat\/ceipjuncadella\/wp-json\/wp\/v2\/pages\/22"}],"wp:attachment":[{"href":"https:\/\/agora.xtec.cat\/ceipjuncadella\/wp-json\/wp\/v2\/media?parent=26"}],"curies":[{"name":"wp","href":"https:\/\/api.w.org\/{rel}","templated":true}]}}