{"id":1677,"date":"2024-04-03T14:48:11","date_gmt":"2024-04-03T12:48:11","guid":{"rendered":"https:\/\/agora.xtec.cat\/ceipjuncadella\/?page_id=1677"},"modified":"2026-01-30T20:00:05","modified_gmt":"2026-01-30T19:00:05","slug":"biblioteca-escolar-joana-raspall","status":"publish","type":"page","link":"https:\/\/agora.xtec.cat\/ceipjuncadella\/projectes-escola\/biblioteca-escolar-joana-raspall\/","title":{"rendered":"Biblioteca escolar Joana Raspall"},"content":{"rendered":"<p><a href=\"https:\/\/sites.google.com\/d\/1-Dt5agFCdmmlQ2VtOcMWFsL_53aUkiQJ\/p\/1Huqjjpg5Zc5Pa_oshfOAB6tIjCqQZD_U\/edit\">Visita la nostra web\u00a0<\/a><\/p>\n<p dir=\"ltr\">La <a href=\"https:\/\/sites.google.com\/d\/1-Dt5agFCdmmlQ2VtOcMWFsL_53aUkiQJ\/p\/1Huqjjpg5Zc5Pa_oshfOAB6tIjCqQZD_U\/edit\">biblioteca escolar<\/a> \u00e9s un espai educatiu i din\u00e0mic, un centre de recursos que cont\u00e9 documents en tota mena de suport per a l\u2019aprenentatge, l\u2019ensenyament i la recerca. \u00c9s un servei per al desenvolupament del curr\u00edculum i del projecte educatiu de centre, adre\u00e7at al professorat, a l\u2019alumnat i a tota la comunitat educativa. La seva missi\u00f3 \u00e9s facilitar l\u2019acc\u00e9s i difondre els recursos d\u2019informaci\u00f3, afavorint els processos de creaci\u00f3 del coneixement.<\/p>\n<p dir=\"ltr\">La biblioteca escolar, com a espai i com a servei, te\u0301 unes especificitats que fan que sigui un entorn de treball i de gaudi que afavoreixi l&#8217;autonomia, l&#8217;autoconfianc\u0327a i la personalitzacio\u0301 de l&#8217;aprenentatge. Pot ser un recurs potent per a la inclusio\u0301 de l\u2019alumnat i un motor d\u2019innovaci\u00f3 en el centre educatiu. Esdev\u00e9 un element clau per al desenvolupament de les compet\u00e8ncies b\u00e0siques i l\u2019alfabetitzaci\u00f3 informacional i medi\u00e0tica (AMI).<\/p>\n<p dir=\"ltr\">La biblioteca escolar treballa en xarxa amb el seu entorn, estableix relacions amb altres centres educatius, biblioteca p\u00fablica, Serveis educatius i altres organismes i entitats del barri o municipi.<\/p>\n","protected":false},"excerpt":{"rendered":"<p>Visita la nostra web\u00a0 La biblioteca escolar \u00e9s un espai educatiu i din\u00e0mic, un centre de recursos que cont\u00e9 documents en tota mena de suport per a l\u2019aprenentatge, l\u2019ensenyament i la recerca. \u00c9s un servei per al desenvolupament del curr\u00edculum i del projecte educatiu de centre, adre\u00e7at al professorat, a l\u2019alumnat i a tota la [&hellip;]<\/p>\n","protected":false},"author":1,"featured_media":0,"parent":1667,"menu_order":2,"comment_status":"closed","ping_status":"closed","template":"","meta":{"_bbp_topic_count":0,"_bbp_reply_count":0,"_bbp_total_topic_count":0,"_bbp_total_reply_count":0,"_bbp_voice_count":0,"_bbp_anonymous_reply_count":0,"_bbp_topic_count_hidden":0,"_bbp_reply_count_hidden":0,"_bbp_forum_subforum_count":0,"site-sidebar-layout":"default","site-content-layout":"","ast-site-content-layout":"default","site-content-style":"default","site-sidebar-style":"default","ast-global-header-display":"","ast-banner-title-visibility":"","ast-main-header-display":"","ast-hfb-above-header-display":"","ast-hfb-below-header-display":"","ast-hfb-mobile-header-display":"","site-post-title":"","ast-breadcrumbs-content":"","ast-featured-img":"","footer-sml-layout":"","theme-transparent-header-meta":"default","adv-header-id-meta":"","stick-header-meta":"","header-above-stick-meta":"","header-main-stick-meta":"","header-below-stick-meta":"","astra-migrate-meta-layouts":"set","ast-page-background-enabled":"default","ast-page-background-meta":{"desktop":{"background-color":"var(--ast-global-color-4)","background-image":"","background-repeat":"repeat","background-position":"center center","background-size":"auto","background-attachment":"scroll","background-type":"","background-media":"","overlay-type":"","overlay-color":"","overlay-opacity":"","overlay-gradient":""},"tablet":{"background-color":"","background-image":"","background-repeat":"repeat","background-position":"center center","background-size":"auto","background-attachment":"scroll","background-type":"","background-media":"","overlay-type":"","overlay-color":"","overlay-opacity":"","overlay-gradient":""},"mobile":{"background-color":"","background-image":"","background-repeat":"repeat","background-position":"center center","background-size":"auto","background-attachment":"scroll","background-type":"","background-media":"","overlay-type":"","overlay-color":"","overlay-opacity":"","overlay-gradient":""}},"ast-content-background-meta":{"desktop":{"background-color":"var(--ast-global-color-5)","background-image":"","background-repeat":"repeat","background-position":"center center","background-size":"auto","background-attachment":"scroll","background-type":"","background-media":"","overlay-type":"","overlay-color":"","overlay-opacity":"","overlay-gradient":""},"tablet":{"background-color":"var(--ast-global-color-5)","background-image":"","background-repeat":"repeat","background-position":"center center","background-size":"auto","background-attachment":"scroll","background-type":"","background-media":"","overlay-type":"","overlay-color":"","overlay-opacity":"","overlay-gradient":""},"mobile":{"background-color":"var(--ast-global-color-5)","background-image":"","background-repeat":"repeat","background-position":"center center","background-size":"auto","background-attachment":"scroll","background-type":"","background-media":"","overlay-type":"","overlay-color":"","overlay-opacity":"","overlay-gradient":""}},"footnotes":""},"class_list":["post-1677","page","type-page","status-publish","hentry"],"post_mailing_queue_ids":[],"_links":{"self":[{"href":"https:\/\/agora.xtec.cat\/ceipjuncadella\/wp-json\/wp\/v2\/pages\/1677","targetHints":{"allow":["GET"]}}],"collection":[{"href":"https:\/\/agora.xtec.cat\/ceipjuncadella\/wp-json\/wp\/v2\/pages"}],"about":[{"href":"https:\/\/agora.xtec.cat\/ceipjuncadella\/wp-json\/wp\/v2\/types\/page"}],"author":[{"embeddable":true,"href":"https:\/\/agora.xtec.cat\/ceipjuncadella\/wp-json\/wp\/v2\/users\/1"}],"replies":[{"embeddable":true,"href":"https:\/\/agora.xtec.cat\/ceipjuncadella\/wp-json\/wp\/v2\/comments?post=1677"}],"version-history":[{"count":2,"href":"https:\/\/agora.xtec.cat\/ceipjuncadella\/wp-json\/wp\/v2\/pages\/1677\/revisions"}],"predecessor-version":[{"id":1680,"href":"https:\/\/agora.xtec.cat\/ceipjuncadella\/wp-json\/wp\/v2\/pages\/1677\/revisions\/1680"}],"up":[{"embeddable":true,"href":"https:\/\/agora.xtec.cat\/ceipjuncadella\/wp-json\/wp\/v2\/pages\/1667"}],"wp:attachment":[{"href":"https:\/\/agora.xtec.cat\/ceipjuncadella\/wp-json\/wp\/v2\/media?parent=1677"}],"curies":[{"name":"wp","href":"https:\/\/api.w.org\/{rel}","templated":true}]}}