{"id":1667,"date":"2024-03-05T22:46:33","date_gmt":"2024-03-05T21:46:33","guid":{"rendered":"https:\/\/agora.xtec.cat\/ceipjuncadella\/?page_id=1667"},"modified":"2026-01-30T20:16:44","modified_gmt":"2026-01-30T19:16:44","slug":"projectes-escola","status":"publish","type":"page","link":"https:\/\/agora.xtec.cat\/ceipjuncadella\/projectes-escola\/","title":{"rendered":"Projectes escola"},"content":{"rendered":"<p><span style=\"font-weight: 400;\">Potenciem els projectes que afavoreixen la innovaci\u00f3 pedag\u00f2gica en els \u00e0mbits de la metodologia i organitzaci\u00f3 de l\u2019escola.<\/span><\/p>\n<p><span style=\"font-weight: 400;\">\u00a0Actualment estem fent:\u00a0<\/span><\/p>\n<ul>\n<li style=\"font-weight: 400;\" aria-level=\"1\"><span style=\"font-weight: 400;\">Ambients d\u2019aprenentatge, projecte reconegut pel Departament d\u2019Educaci\u00f3.\u00a0<\/span><\/li>\n<li style=\"font-weight: 400;\" aria-level=\"1\"><span style=\"font-weight: 400;\">Projecte h\u00e0bits saludables (esport, alimentaci\u00f3).<\/span><\/li>\n<li style=\"font-weight: 400;\" aria-level=\"1\"><span style=\"font-weight: 400;\">M\u00fasica per a tots: violins a 2n, 3r, 4t i 5\u00e8.\u00a0 Conveni amb l\u2019Escola de m\u00fasica \u201cSant Vicen\u00e7\u201d.<\/span><\/li>\n<li style=\"font-weight: 400;\" aria-level=\"1\"><span style=\"font-weight: 400;\">Projectes art\u00edstics: musical 3r, cantata 4t, cant\u00e0nia 5\u00e8,\u00a0 concert de primavera infantil<\/span><\/li>\n<li style=\"font-weight: 400;\" aria-level=\"1\"><span style=\"font-weight: 400;\">Hort.<\/span><\/li>\n<li style=\"font-weight: 400;\" aria-level=\"1\"><span style=\"font-weight: 400;\">Tallers<\/span><\/li>\n<li style=\"font-weight: 400;\" aria-level=\"1\"><span style=\"font-weight: 400;\">Auxiliar de conversa en angl\u00e8s a 5\u00e8 i 6\u00e8.<\/span><\/li>\n<li style=\"font-weight: 400;\" aria-level=\"1\"><span style=\"font-weight: 400;\">Teatre a 2n i 6\u00e8.<\/span><\/li>\n<li style=\"font-weight: 400;\" aria-level=\"1\"><span style=\"font-weight: 400;\">Padrins lectors 1r-5\u00e8<\/span><\/li>\n<li style=\"font-weight: 400;\" aria-level=\"1\"><span style=\"font-weight: 400;\">Projecte de cuina a mitjans.<\/span><\/li>\n<li style=\"font-weight: 400;\" aria-level=\"1\"><span style=\"font-weight: 400;\">Projecte rob\u00f2tica educativa des d\u2019EI\u00a0 a 6\u00e8.<\/span><\/li>\n<li style=\"font-weight: 400;\" aria-level=\"1\"><span style=\"font-weight: 400;\">Compet\u00e8ncia digital de l\u2019alumnat: treball amb port\u00e0tils i tauletes.<\/span><\/li>\n<li style=\"font-weight: 400;\" aria-level=\"1\"><span style=\"font-weight: 400;\">Programa STEAM: potenciem les ci\u00e8ncies, tecnologia, matem\u00e0tiques i arts. Potenciant l\u2019inter\u00e8s de les nenes en aquest camp.<\/span><\/li>\n<li style=\"font-weight: 400;\" aria-level=\"1\"><span style=\"font-weight: 400;\">Projecte Pla Educatiu de l\u2019Entorn.<\/span><\/li>\n<li style=\"font-weight: 400;\" aria-level=\"1\"><span style=\"font-weight: 400;\">Pla Catal\u00e0 d\u2019Esport a l\u2019Escola.<\/span><\/li>\n<li style=\"font-weight: 400;\" aria-level=\"1\"><span style=\"font-weight: 400;\">Patis espais d\u2019aprenentatge.<\/span><\/li>\n<li style=\"font-weight: 400;\" aria-level=\"1\"><span style=\"font-weight: 400;\">Consell d\u2019alumnes i Consell Municipal d\u2019alumnes.<\/span><\/li>\n<li style=\"font-weight: 400;\" aria-level=\"1\"><span style=\"font-weight: 400;\">SIEI i atenci\u00f3 a la diversitat.<\/span><\/li>\n<li style=\"font-weight: 400;\" aria-level=\"1\"><span style=\"font-weight: 400;\">GLIFING alumnes amb dificultats en la lectoescriptura.<\/span><\/li>\n<li style=\"font-weight: 400;\" aria-level=\"1\"><span style=\"font-weight: 400;\">Revista escolar.<\/span><\/li>\n<li style=\"font-weight: 400;\" aria-level=\"1\"><span style=\"font-weight: 400;\">Fam\u00edlies volunt\u00e0ries de lectura i acompanyants en les sortides del poble<\/span><\/li>\n<li style=\"font-weight: 400;\" aria-level=\"1\"><span style=\"font-weight: 400;\">Grups interactius, on les fam\u00edlies participen de jocs matem\u00e0tics a l\u2019aula<\/span><\/li>\n<li style=\"font-weight: 400;\" aria-level=\"1\"><span style=\"font-weight: 400;\">Fam\u00edlies delegades.<\/span><\/li>\n<li style=\"font-weight: 400;\" aria-level=\"1\"><span style=\"font-weight: 400;\">Projecte LACM \u00e0rab en horari no lectiu.<\/span><\/li>\n<\/ul>\n","protected":false},"excerpt":{"rendered":"<p>Potenciem els projectes que afavoreixen la innovaci\u00f3 pedag\u00f2gica en els \u00e0mbits de la metodologia i organitzaci\u00f3 de l\u2019escola. \u00a0Actualment estem fent:\u00a0 Ambients d\u2019aprenentatge, projecte reconegut pel Departament d\u2019Educaci\u00f3.\u00a0 Projecte h\u00e0bits saludables (esport, alimentaci\u00f3). M\u00fasica per a tots: violins a 2n, 3r, 4t i 5\u00e8.\u00a0 Conveni amb l\u2019Escola de m\u00fasica \u201cSant Vicen\u00e7\u201d. Projectes art\u00edstics: musical 3r, [&hellip;]<\/p>\n","protected":false},"author":1,"featured_media":0,"parent":0,"menu_order":4,"comment_status":"closed","ping_status":"closed","template":"","meta":{"_bbp_topic_count":0,"_bbp_reply_count":0,"_bbp_total_topic_count":0,"_bbp_total_reply_count":0,"_bbp_voice_count":0,"_bbp_anonymous_reply_count":0,"_bbp_topic_count_hidden":0,"_bbp_reply_count_hidden":0,"_bbp_forum_subforum_count":0,"site-sidebar-layout":"default","site-content-layout":"","ast-site-content-layout":"default","site-content-style":"default","site-sidebar-style":"default","ast-global-header-display":"","ast-banner-title-visibility":"","ast-main-header-display":"","ast-hfb-above-header-display":"","ast-hfb-below-header-display":"","ast-hfb-mobile-header-display":"","site-post-title":"","ast-breadcrumbs-content":"","ast-featured-img":"","footer-sml-layout":"","theme-transparent-header-meta":"default","adv-header-id-meta":"","stick-header-meta":"","header-above-stick-meta":"","header-main-stick-meta":"","header-below-stick-meta":"","astra-migrate-meta-layouts":"set","ast-page-background-enabled":"default","ast-page-background-meta":{"desktop":{"background-color":"var(--ast-global-color-4)","background-image":"","background-repeat":"repeat","background-position":"center center","background-size":"auto","background-attachment":"scroll","background-type":"","background-media":"","overlay-type":"","overlay-color":"","overlay-opacity":"","overlay-gradient":""},"tablet":{"background-color":"","background-image":"","background-repeat":"repeat","background-position":"center center","background-size":"auto","background-attachment":"scroll","background-type":"","background-media":"","overlay-type":"","overlay-color":"","overlay-opacity":"","overlay-gradient":""},"mobile":{"background-color":"","background-image":"","background-repeat":"repeat","background-position":"center center","background-size":"auto","background-attachment":"scroll","background-type":"","background-media":"","overlay-type":"","overlay-color":"","overlay-opacity":"","overlay-gradient":""}},"ast-content-background-meta":{"desktop":{"background-color":"var(--ast-global-color-5)","background-image":"","background-repeat":"repeat","background-position":"center center","background-size":"auto","background-attachment":"scroll","background-type":"","background-media":"","overlay-type":"","overlay-color":"","overlay-opacity":"","overlay-gradient":""},"tablet":{"background-color":"var(--ast-global-color-5)","background-image":"","background-repeat":"repeat","background-position":"center center","background-size":"auto","background-attachment":"scroll","background-type":"","background-media":"","overlay-type":"","overlay-color":"","overlay-opacity":"","overlay-gradient":""},"mobile":{"background-color":"var(--ast-global-color-5)","background-image":"","background-repeat":"repeat","background-position":"center center","background-size":"auto","background-attachment":"scroll","background-type":"","background-media":"","overlay-type":"","overlay-color":"","overlay-opacity":"","overlay-gradient":""}},"footnotes":""},"class_list":["post-1667","page","type-page","status-publish","hentry"],"post_mailing_queue_ids":[],"_links":{"self":[{"href":"https:\/\/agora.xtec.cat\/ceipjuncadella\/wp-json\/wp\/v2\/pages\/1667","targetHints":{"allow":["GET"]}}],"collection":[{"href":"https:\/\/agora.xtec.cat\/ceipjuncadella\/wp-json\/wp\/v2\/pages"}],"about":[{"href":"https:\/\/agora.xtec.cat\/ceipjuncadella\/wp-json\/wp\/v2\/types\/page"}],"author":[{"embeddable":true,"href":"https:\/\/agora.xtec.cat\/ceipjuncadella\/wp-json\/wp\/v2\/users\/1"}],"replies":[{"embeddable":true,"href":"https:\/\/agora.xtec.cat\/ceipjuncadella\/wp-json\/wp\/v2\/comments?post=1667"}],"version-history":[{"count":2,"href":"https:\/\/agora.xtec.cat\/ceipjuncadella\/wp-json\/wp\/v2\/pages\/1667\/revisions"}],"predecessor-version":[{"id":1886,"href":"https:\/\/agora.xtec.cat\/ceipjuncadella\/wp-json\/wp\/v2\/pages\/1667\/revisions\/1886"}],"wp:attachment":[{"href":"https:\/\/agora.xtec.cat\/ceipjuncadella\/wp-json\/wp\/v2\/media?parent=1667"}],"curies":[{"name":"wp","href":"https:\/\/api.w.org\/{rel}","templated":true}]}}