{"id":32,"date":"2019-09-03T18:20:33","date_gmt":"2019-09-03T16:20:33","guid":{"rendered":"http:\/\/agora.xtec.cat\/ceipjrjsabadell\/?page_id=32"},"modified":"2024-07-24T21:17:42","modified_gmt":"2024-07-24T19:17:42","slug":"calendari-del-curs","status":"publish","type":"page","link":"https:\/\/agora.xtec.cat\/ceipjrjsabadell\/lescola\/calendari-del-curs\/","title":{"rendered":"Calendari del curs"},"content":{"rendered":"<h4><strong>Inici de curs:<\/strong><\/h4>\n<p>10 de setembre de 2024<\/p>\n<p>&nbsp;<\/p>\n<h4><strong>Vacances:<\/strong><\/h4>\n<p><strong>Nadal:<\/strong> del 21 de desembre de 2024 al 7 de gener de 2025 (ambd\u00f3s inclosos)<\/p>\n<p><strong>Setmana Santa:<\/strong> del 12 de mar\u00e7 al 21 d&#8217;abril de 2025 (ambd\u00f3s inclosos)<\/p>\n<p><strong>Estiu:<\/strong> a partir del 20 de juny de 2025 (aquest \u00e9s l&#8217;\u00faltim dia d&#8217;escola)<\/p>\n<p>&nbsp;<\/p>\n<h4><strong>Dies festius i de lliure disposici\u00f3:<\/strong><\/h4>\n<p>09 de setembre de 2024 (festa Major de Sabadell)<\/p>\n<p>11 de setembre de 2024 (Diada de Catalunya)<\/p>\n<p>01 i 04 de novembre de 2024 (festivitat nacional i lliure elecci\u00f3)<\/p>\n<p>06 de desembre de 2024<\/p>\n<p>07 de febrer de 2025 (lliure elecci\u00f3)<\/p>\n<p>03 de mar\u00e7 de 2025 (lliure elecci\u00f3)<\/p>\n<p>01, 02 i 12 de maig de 20254 (festa nacional, lliure elecci\u00f3 i festiu local)<\/p>\n<p>&nbsp;<\/p>\n<h4>Horari lectiu:<\/h4>\n<ul>\n<li><strong>Educaci\u00f3 infantil:<\/strong> 9:30 a 13 i de 15 a 16:30 h.<\/li>\n<li><strong>Educaci\u00f3 prim\u00e0ria:<\/strong> 8:30 a 13 i de 15 a 16:30 h.<\/li>\n<\/ul>\n<p>Per als alumnes que inicien l\u2019escolaritzaci\u00f3 a I3 s\u2019organitza un breu per\u00edode d\u2019adaptaci\u00f3 que suposa una certa modificaci\u00f3 dels horaris els primers dies de classe, i que es fa saber a les fam\u00edlies en les reunions pr\u00e8vies corresponents.<\/p>\n<h4><\/h4>\n<h4><strong>Jornada intensiva:<\/strong><\/h4>\n<p>20 de desembre de 2024 i del 06 al 20 de juny de 2025 (ambd\u00f3s inclosos).<\/p>\n<p>L&#8217;horari \u00e9s de 9 a 13 h per a tots els alumnes del centre. Els alumnes que utilitzen el servei de menjador surten a les 15:00\u202fh.<\/p>\n<p>&nbsp;<\/p>\n","protected":false},"excerpt":{"rendered":"<p>Inici de curs:<br \/>\n10 de setembre de 2024<br \/>\n&nbsp;<br \/>\nVacances:<br \/>\nNadal: del 21 de desembre de 2024 al 7 de gener de 2025 (ambd\u00f3s inclosos)<br \/>\nSetmana Santa: del 12 de mar\u00e7 al 21 d&#8217;abril de 2025 (ambd\u00f3s inclosos)<br \/>\nEstiu: a partir del 20 de juny de 2025 (aquest \u00e9s l&#8217;\u00faltim dia&hellip;  <a href=\"https:\/\/agora.xtec.cat\/ceipjrjsabadell\/lescola\/calendari-del-curs\/\" title=\"Read Calendari del curs\">Llegeix m\u00e9s\u00bb<\/a><\/p>\n","protected":false},"author":1,"featured_media":0,"parent":22,"menu_order":50,"comment_status":"closed","ping_status":"closed","template":"page-templates\/side-menu.php","meta":{"_bbp_topic_count":0,"_bbp_reply_count":0,"_bbp_total_topic_count":0,"_bbp_total_reply_count":0,"_bbp_voice_count":0,"_bbp_anonymous_reply_count":0,"_bbp_topic_count_hidden":0,"_bbp_reply_count_hidden":0,"_bbp_forum_subforum_count":0,"footnotes":""},"class_list":["post-32","page","type-page","status-publish","hentry"],"post_mailing_queue_ids":[],"_links":{"self":[{"href":"https:\/\/agora.xtec.cat\/ceipjrjsabadell\/wp-json\/wp\/v2\/pages\/32","targetHints":{"allow":["GET"]}}],"collection":[{"href":"https:\/\/agora.xtec.cat\/ceipjrjsabadell\/wp-json\/wp\/v2\/pages"}],"about":[{"href":"https:\/\/agora.xtec.cat\/ceipjrjsabadell\/wp-json\/wp\/v2\/types\/page"}],"author":[{"embeddable":true,"href":"https:\/\/agora.xtec.cat\/ceipjrjsabadell\/wp-json\/wp\/v2\/users\/1"}],"replies":[{"embeddable":true,"href":"https:\/\/agora.xtec.cat\/ceipjrjsabadell\/wp-json\/wp\/v2\/comments?post=32"}],"version-history":[{"count":4,"href":"https:\/\/agora.xtec.cat\/ceipjrjsabadell\/wp-json\/wp\/v2\/pages\/32\/revisions"}],"predecessor-version":[{"id":1312,"href":"https:\/\/agora.xtec.cat\/ceipjrjsabadell\/wp-json\/wp\/v2\/pages\/32\/revisions\/1312"}],"up":[{"embeddable":true,"href":"https:\/\/agora.xtec.cat\/ceipjrjsabadell\/wp-json\/wp\/v2\/pages\/22"}],"wp:attachment":[{"href":"https:\/\/agora.xtec.cat\/ceipjrjsabadell\/wp-json\/wp\/v2\/media?parent=32"}],"curies":[{"name":"wp","href":"https:\/\/api.w.org\/{rel}","templated":true}]}}