{"id":26,"date":"2014-09-18T12:24:32","date_gmt":"2014-09-18T11:24:32","guid":{"rendered":"http:\/\/agora.xtec.cat\/ceipjrjsabadell\/?page_id=26"},"modified":"2019-03-07T12:06:17","modified_gmt":"2019-03-07T11:06:17","slug":"historia","status":"publish","type":"page","link":"https:\/\/agora.xtec.cat\/ceipjrjsabadell\/lescola\/historia\/","title":{"rendered":"Hist\u00f2ria"},"content":{"rendered":"<p>Quan parlem del barri de Poblenou de la Salut estem parlant d&#8217;un barri allunyat del centre urb\u00e0 de la ciutat; crida l&#8217;atenci\u00f3 la seva situaci\u00f3 i l&#8217;entorn privilegiat de que gaudeix, camps, boscos i quasi nul\u00b7la pres\u00e8ncia industrial.<\/p>\n<p>El barri neix en les primeries dels anys 50 amb l&#8217;arribada d&#8217;immigrants del sud d&#8217;Espanya. Els inicis van ser dif\u00edcils, pr\u00e0cticament mancava de tot: aigua, llum, comunicaci\u00f3 amb la resta de la ciutat i d&#8217;altres serveis dels que la resta de la poblaci\u00f3 d&#8217;aquest anys pogu\u00e9 gaudir amb celeritat per la seva situaci\u00f3 m\u00e9s c\u00e8ntrica.<\/p>\n<p>Des de llavors la situaci\u00f3 ha millorat molt, els canvis han estat evidents i el barri gaudeix de tots els serveis i d&#8217;una bona comunicaci\u00f3 amb la resta de la ciutat.<br \/>\nEl fet de no patir de la pressi\u00f3 constructiva d&#8217;altres zones ha perm\u00e8s conservar l&#8217;estructura b\u00e0sica dels seus inicis, cases d&#8217;una o dues plantes com m\u00e0xim, tot i que el darrer any s&#8217;han constru\u00eft uns pisos que han rejovenit la poblaci\u00f3 del barri.<\/p>\n","protected":false},"excerpt":{"rendered":"<p>Quan parlem del barri de Poblenou de la Salut estem parlant d&#8217;un barri allunyat del centre urb\u00e0 de la ciutat; crida l&#8217;atenci\u00f3 la seva situaci\u00f3 i l&#8217;entorn privilegiat de que gaudeix, camps, boscos i quasi nul\u00b7la pres\u00e8ncia industrial.<br \/>\nEl barri neix en les primeries dels anys&hellip;  <a href=\"https:\/\/agora.xtec.cat\/ceipjrjsabadell\/lescola\/historia\/\" title=\"Read Hist\u00f2ria\">Llegeix m\u00e9s\u00bb<\/a><\/p>\n","protected":false},"author":1,"featured_media":0,"parent":22,"menu_order":20,"comment_status":"closed","ping_status":"closed","template":"page-templates\/side-menu.php","meta":{"_bbp_topic_count":0,"_bbp_reply_count":0,"_bbp_total_topic_count":0,"_bbp_total_reply_count":0,"_bbp_voice_count":0,"_bbp_anonymous_reply_count":0,"_bbp_topic_count_hidden":0,"_bbp_reply_count_hidden":0,"_bbp_forum_subforum_count":0,"footnotes":""},"class_list":["post-26","page","type-page","status-publish","hentry"],"post_mailing_queue_ids":[],"_links":{"self":[{"href":"https:\/\/agora.xtec.cat\/ceipjrjsabadell\/wp-json\/wp\/v2\/pages\/26","targetHints":{"allow":["GET"]}}],"collection":[{"href":"https:\/\/agora.xtec.cat\/ceipjrjsabadell\/wp-json\/wp\/v2\/pages"}],"about":[{"href":"https:\/\/agora.xtec.cat\/ceipjrjsabadell\/wp-json\/wp\/v2\/types\/page"}],"author":[{"embeddable":true,"href":"https:\/\/agora.xtec.cat\/ceipjrjsabadell\/wp-json\/wp\/v2\/users\/1"}],"replies":[{"embeddable":true,"href":"https:\/\/agora.xtec.cat\/ceipjrjsabadell\/wp-json\/wp\/v2\/comments?post=26"}],"version-history":[{"count":1,"href":"https:\/\/agora.xtec.cat\/ceipjrjsabadell\/wp-json\/wp\/v2\/pages\/26\/revisions"}],"predecessor-version":[{"id":470,"href":"https:\/\/agora.xtec.cat\/ceipjrjsabadell\/wp-json\/wp\/v2\/pages\/26\/revisions\/470"}],"up":[{"embeddable":true,"href":"https:\/\/agora.xtec.cat\/ceipjrjsabadell\/wp-json\/wp\/v2\/pages\/22"}],"wp:attachment":[{"href":"https:\/\/agora.xtec.cat\/ceipjrjsabadell\/wp-json\/wp\/v2\/media?parent=26"}],"curies":[{"name":"wp","href":"https:\/\/api.w.org\/{rel}","templated":true}]}}