{"id":8939,"date":"2021-03-08T23:29:29","date_gmt":"2021-03-08T22:29:29","guid":{"rendered":"https:\/\/agora.xtec.cat\/ceipjpalacin\/?page_id=8939"},"modified":"2023-02-28T13:57:16","modified_gmt":"2023-02-28T12:57:16","slug":"preinscripcio-com-es-presenta-la-sollicitud","status":"publish","type":"page","link":"https:\/\/agora.xtec.cat\/ceipjpalacin\/lescola\/preinscripcio-2022-2023\/preinscripcio-com-es-presenta-la-sollicitud\/","title":{"rendered":"Preinscripci\u00f3: Com es presenta la sol\u00b7licitud?"},"content":{"rendered":"<h2 class=\"basic_title col-sm-12 pd-10\">Com es fa i com es presenta la sol\u00b7licitud de preinscripci\u00f3?<\/h2>\n<div class=\"col-sm-8 columna_esquerra\">\n<div class=\"cos_bloc basic_text_peq pd-15\">\n<ol>\n<li>Ves al formulari de preinscripci\u00f3 electr\u00f2nic (amb identificaci\u00f3 digital) o en suport inform\u00e0tic (en aquest darrer cas has d&#8217;adjuntar el teu document identificatiu i tamb\u00e9 el de filiaci\u00f3, per seguretat).<\/li>\n<li>Obre el formulari de preinscripci\u00f3:\n<ul>\n<li>Si t&#8217;has identificat digitalment i el teu fill o filla t\u00e9 codi d&#8217;identificador del Registre d&#8217;alumnes de Catalunya (RALC), especifica&#8217;l en la casella corresponent (o si no el saps,\u00a0<a title=\"cerca'l\" href=\"http:\/\/educacio.gencat.cat\/ca\/tramits\/tramits-temes\/identificador-alumne\">cerca&#8217;l<\/a>). Aix\u00ed es recuperaran totes les dades personals i nom\u00e9s caldr\u00e0 que hi afegeixis l&#8217;adre\u00e7a electr\u00f2nica i el tel\u00e8fon de contacte.<\/li>\n<li>Si no t&#8217;has identificat digitalment o b\u00e9 si t&#8217;has identificat digitalment, per\u00f2 el teu fill o filla no t\u00e9 codi d&#8217;identificador del Registre d&#8217;alumnes de Catalunya (RALC), omple totes les dades personals que se&#8217;t demanin, tamb\u00e9 l&#8217;adre\u00e7a electr\u00f2nica i el tel\u00e8fon de contacte.<\/li>\n<\/ul>\n<\/li>\n<li>Especifica els centres on t&#8217;agradaria obtenir pla\u00e7a (fins a 10).<\/li>\n<li>Indica si vols una pla\u00e7a d&#8217;ofici, que \u00e9s la que t&#8217;adjudicaria l&#8217;Administraci\u00f3 en cas que no se t&#8217;assignin cap dels centres demanats, i les circumst\u00e0ncies particulars del teu fill o filla (per exemple, si t\u00e9 alguna necessitat educativa espec\u00edfica o si t\u00e9 un germ\u00e0 o germana que demana pla\u00e7a per al mateix centre educatiu, ensenyament i curs).<\/li>\n<li>Marca els criteris de prioritat que vulguis al\u00b7legar (si t\u00e9 germans o germanes al mateix centre, la proximitat del domicili de resid\u00e8ncia, etc.).<\/li>\n<li>Adjunta tota la documentaci\u00f3 escanejada o fotografiada que es requereixi.<\/li>\n<li>Envia la sol\u00b7licitud de preinscripci\u00f3.<\/li>\n<\/ol>\n<p>Un cop hagis enviat la sol\u00b7licitud de preinscripci\u00f3 rebr\u00e0s un resguard per correu electr\u00f2nic, en qu\u00e8 pots consultar si has d&#8217;ajuntar, a la sol\u00b7licitud, documentaci\u00f3 addicional: el termini per presentar documents finalitza el 26 de mar\u00e7<\/p>\n<\/div>\n<\/div>\n","protected":false},"excerpt":{"rendered":"<p>Com es fa i com es presenta la sol\u00b7licitud de preinscripci\u00f3?<\/p>\n<ol>\n<li>Ves al formulari de preinscripci\u00f3 electr\u00f2nic (amb identificaci\u00f3 digital) o en suport inform\u00e0tic (en aquest darrer cas has d&#8217;adjuntar el teu document identificatiu i tamb\u00e9 el de filiaci\u00f3, per seguretat).<\/li>\n<li>Obre el formulari de preinscripci\u00f3:\n<ul>\n<li>Si t&#8217;has&hellip;  <a href=\"https:\/\/agora.xtec.cat\/ceipjpalacin\/lescola\/preinscripcio-2022-2023\/preinscripcio-com-es-presenta-la-sollicitud\/\" title=\"Read Preinscripci\u00f3: Com es presenta la sol\u00b7licitud?\">Llegeix m\u00e9s\u00bb<\/a><br \/>\n","protected":false},"author":3,"featured_media":0,"parent":6948,"menu_order":36,"comment_status":"closed","ping_status":"closed","template":"page-templates\/side-menu.php","meta":{"_bbp_topic_count":0,"_bbp_reply_count":0,"_bbp_total_topic_count":0,"_bbp_total_reply_count":0,"_bbp_voice_count":0,"_bbp_anonymous_reply_count":0,"_bbp_topic_count_hidden":0,"_bbp_reply_count_hidden":0,"_bbp_forum_subforum_count":0,"footnotes":""},"class_list":["post-8939","page","type-page","status-publish","hentry"],"post_mailing_queue_ids":[],"_links":{"self":[{"href":"https:\/\/agora.xtec.cat\/ceipjpalacin\/wp-json\/wp\/v2\/pages\/8939","targetHints":{"allow":["GET"]}}],"collection":[{"href":"https:\/\/agora.xtec.cat\/ceipjpalacin\/wp-json\/wp\/v2\/pages"}],"about":[{"href":"https:\/\/agora.xtec.cat\/ceipjpalacin\/wp-json\/wp\/v2\/types\/page"}],"author":[{"embeddable":true,"href":"https:\/\/agora.xtec.cat\/ceipjpalacin\/wp-json\/wp\/v2\/users\/3"}],"replies":[{"embeddable":true,"href":"https:\/\/agora.xtec.cat\/ceipjpalacin\/wp-json\/wp\/v2\/comments?post=8939"}],"version-history":[{"count":1,"href":"https:\/\/agora.xtec.cat\/ceipjpalacin\/wp-json\/wp\/v2\/pages\/8939\/revisions"}],"predecessor-version":[{"id":8940,"href":"https:\/\/agora.xtec.cat\/ceipjpalacin\/wp-json\/wp\/v2\/pages\/8939\/revisions\/8940"}],"up":[{"embeddable":true,"href":"https:\/\/agora.xtec.cat\/ceipjpalacin\/wp-json\/wp\/v2\/pages\/6948"}],"wp:attachment":[{"href":"https:\/\/agora.xtec.cat\/ceipjpalacin\/wp-json\/wp\/v2\/media?parent=8939"}],"curies":[{"name":"wp","href":"https:\/\/api.w.org\/{rel}","templated":true}]}}