{"id":8931,"date":"2021-03-09T13:25:51","date_gmt":"2021-03-09T12:25:51","guid":{"rendered":"https:\/\/agora.xtec.cat\/ceipjpalacin\/?page_id=8931"},"modified":"2026-02-14T19:38:31","modified_gmt":"2026-02-14T18:38:31","slug":"portes-obertes","status":"publish","type":"page","link":"https:\/\/agora.xtec.cat\/ceipjpalacin\/lescola\/preinscripcio-2022-2023\/portes-obertes\/","title":{"rendered":"Portes Obertes"},"content":{"rendered":"<p><a href=\"https:\/\/agora.xtec.cat\/ceipjpalacin\/wp-content\/uploads\/usu52\/2026\/02\/JORNADA-PORTES-OBERTES.pdf\"><img loading=\"lazy\" decoding=\"async\" class=\"alignnone wp-image-16271 size-large\" src=\"https:\/\/agora.xtec.cat\/ceipjpalacin\/wp-content\/uploads\/usu52\/2026\/02\/JORNADA-PORTES-OBERTES-pdf-1024x1024.jpg\" alt=\"\" width=\"1024\" height=\"1024\" \/><\/a><\/p>\n<p><span style=\"color: #008000;\">Confirmeu assist\u00e8ncia a trav\u00e9s dels tel\u00e8fons (<strong><em>973565328\/664724433<\/em><\/strong>)<\/span><\/p>\n<p><span style=\"color: #008000;\"> o @ escola (<em><strong>c<\/strong><strong>5001084@xtec.cat<\/strong><\/em>)<\/span><\/p>\n<p>Aqu\u00ed teniu un recull del funcionament de l&#8217;escola. <em>(Es podr\u00e0 veure a partir del dia 25)<\/em><\/p>\n<p><a href=\"https:\/\/drive.google.com\/file\/d\/1MzcAcFQvVw5bwV8G_EBACx1sMuqDbCcq\/view?usp=drive_link\"><img loading=\"lazy\" decoding=\"async\" class=\"alignnone wp-image-16273 size-medium\" src=\"https:\/\/agora.xtec.cat\/ceipjpalacin\/wp-content\/uploads\/usu52\/2026\/02\/Portada-portes-obertes-300x168.png\" alt=\"\" width=\"300\" height=\"168\" srcset=\"https:\/\/agora.xtec.cat\/ceipjpalacin\/wp-content\/uploads\/usu52\/2026\/02\/Portada-portes-obertes-300x168.png 300w, https:\/\/agora.xtec.cat\/ceipjpalacin\/wp-content\/uploads\/usu52\/2026\/02\/Portada-portes-obertes-768x431.png 768w, https:\/\/agora.xtec.cat\/ceipjpalacin\/wp-content\/uploads\/usu52\/2026\/02\/Portada-portes-obertes.png 959w\" sizes=\"auto, (max-width: 300px) 100vw, 300px\" \/><\/a><\/p>\n<p>Recordeu que teniu tota la informaci\u00f3 de la preinscripci\u00f3:\u200b<\/p>\n<table style=\"width: 88.4902%;\">\n<tbody>\n<tr>\n<td style=\"width: 49.3846%;\">Al nostre web<\/td>\n<td style=\"width: 49.3846%;\"><a href=\"https:\/\/preinscripcio.gencat.cat\/ca\/inici\">Al web del Departament d&#8217;Educaci\u00f3<\/a><\/td>\n<\/tr>\n<tr>\n<td style=\"width: 49.3846%;\">&nbsp;<\/p>\n<p><a href=\"https:\/\/agora.xtec.cat\/ceipjpalacin\/lescola\/preinscripcio-2022-2023\"><img loading=\"lazy\" decoding=\"async\" class=\"alignnone wp-image-14604 size-medium\" src=\"https:\/\/agora.xtec.cat\/ceipjpalacin\/wp-content\/uploads\/usu52\/2024\/02\/cartellpre3-300x144.png\" alt=\"\" width=\"300\" height=\"144\" srcset=\"https:\/\/agora.xtec.cat\/ceipjpalacin\/wp-content\/uploads\/usu52\/2024\/02\/cartellpre3-300x144.png 300w, https:\/\/agora.xtec.cat\/ceipjpalacin\/wp-content\/uploads\/usu52\/2024\/02\/cartellpre3-1024x491.png 1024w, https:\/\/agora.xtec.cat\/ceipjpalacin\/wp-content\/uploads\/usu52\/2024\/02\/cartellpre3-768x368.png 768w, https:\/\/agora.xtec.cat\/ceipjpalacin\/wp-content\/uploads\/usu52\/2024\/02\/cartellpre3-1536x736.png 1536w, https:\/\/agora.xtec.cat\/ceipjpalacin\/wp-content\/uploads\/usu52\/2024\/02\/cartellpre3.png 1661w\" sizes=\"auto, (max-width: 300px) 100vw, 300px\" \/><\/a><\/p>\n<p>&nbsp;<\/td>\n<td style=\"width: 49.3846%;\"><a href=\"https:\/\/preinscripcio.gencat.cat\/ca\/inici\"><img loading=\"lazy\" decoding=\"async\" class=\"alignnone wp-image-14601 size-medium\" src=\"https:\/\/agora.xtec.cat\/ceipjpalacin\/wp-content\/uploads\/usu52\/2024\/02\/cartellpre1-300x114.png\" alt=\"\" width=\"300\" height=\"114\" srcset=\"https:\/\/agora.xtec.cat\/ceipjpalacin\/wp-content\/uploads\/usu52\/2024\/02\/cartellpre1-300x114.png 300w, https:\/\/agora.xtec.cat\/ceipjpalacin\/wp-content\/uploads\/usu52\/2024\/02\/cartellpre1-1024x388.png 1024w, https:\/\/agora.xtec.cat\/ceipjpalacin\/wp-content\/uploads\/usu52\/2024\/02\/cartellpre1-768x291.png 768w, https:\/\/agora.xtec.cat\/ceipjpalacin\/wp-content\/uploads\/usu52\/2024\/02\/cartellpre1-1536x582.png 1536w, https:\/\/agora.xtec.cat\/ceipjpalacin\/wp-content\/uploads\/usu52\/2024\/02\/cartellpre1.png 1831w\" sizes=\"auto, (max-width: 300px) 100vw, 300px\" \/><\/a><\/td>\n<\/tr>\n<\/tbody>\n<\/table>\n<p>&nbsp;<\/p>\n","protected":false},"excerpt":{"rendered":"<p><a href=\"https:\/\/agora.xtec.cat\/ceipjpalacin\/wp-content\/uploads\/usu52\/2026\/02\/JORNADA-PORTES-OBERTES.pdf\"><\/a><br \/>\nConfirmeu assist\u00e8ncia a trav\u00e9s dels tel\u00e8fons (973565328\/664724433)<br \/>\n o @ escola (c5001084@xtec.cat)<br \/>\nAqu\u00ed teniu un recull del funcionament de l&#8217;escola. (Es podr\u00e0 veure a partir del dia 25)<br \/>\n<a href=\"https:\/\/drive.google.com\/file\/d\/1MzcAcFQvVw5bwV8G_EBACx1sMuqDbCcq\/view?usp=drive_link\"><\/a><br \/>\nRecordeu que teniu tota la informaci\u00f3 de la preinscripci\u00f3:\u200b<\/p>\n<p>Al nostre web<br \/>\n<a href=\"https:\/\/preinscripcio.gencat.cat\/ca\/inici\">Al web del Departament d&#8217;Educaci\u00f3<\/a><\/p>\n<p>&nbsp;<br \/>\n<a href=\"https:\/\/agora.xtec.cat\/ceipjpalacin\/lescola\/preinscripcio-2022-2023\"><\/a><br \/>\n&nbsp;<br \/>\n<a href=\"https:\/\/preinscripcio.gencat.cat\/ca\/inici\"><\/a><\/p>\n<p>&nbsp;<\/p>\n","protected":false},"author":3,"featured_media":0,"parent":6948,"menu_order":31,"comment_status":"closed","ping_status":"closed","template":"page-templates\/side-menu.php","meta":{"_bbp_topic_count":0,"_bbp_reply_count":0,"_bbp_total_topic_count":0,"_bbp_total_reply_count":0,"_bbp_voice_count":0,"_bbp_anonymous_reply_count":0,"_bbp_topic_count_hidden":0,"_bbp_reply_count_hidden":0,"_bbp_forum_subforum_count":0,"footnotes":""},"class_list":["post-8931","page","type-page","status-publish","hentry"],"post_mailing_queue_ids":[],"_links":{"self":[{"href":"https:\/\/agora.xtec.cat\/ceipjpalacin\/wp-json\/wp\/v2\/pages\/8931","targetHints":{"allow":["GET"]}}],"collection":[{"href":"https:\/\/agora.xtec.cat\/ceipjpalacin\/wp-json\/wp\/v2\/pages"}],"about":[{"href":"https:\/\/agora.xtec.cat\/ceipjpalacin\/wp-json\/wp\/v2\/types\/page"}],"author":[{"embeddable":true,"href":"https:\/\/agora.xtec.cat\/ceipjpalacin\/wp-json\/wp\/v2\/users\/3"}],"replies":[{"embeddable":true,"href":"https:\/\/agora.xtec.cat\/ceipjpalacin\/wp-json\/wp\/v2\/comments?post=8931"}],"version-history":[{"count":6,"href":"https:\/\/agora.xtec.cat\/ceipjpalacin\/wp-json\/wp\/v2\/pages\/8931\/revisions"}],"predecessor-version":[{"id":16274,"href":"https:\/\/agora.xtec.cat\/ceipjpalacin\/wp-json\/wp\/v2\/pages\/8931\/revisions\/16274"}],"up":[{"embeddable":true,"href":"https:\/\/agora.xtec.cat\/ceipjpalacin\/wp-json\/wp\/v2\/pages\/6948"}],"wp:attachment":[{"href":"https:\/\/agora.xtec.cat\/ceipjpalacin\/wp-json\/wp\/v2\/media?parent=8931"}],"curies":[{"name":"wp","href":"https:\/\/api.w.org\/{rel}","templated":true}]}}