{"id":7199,"date":"2021-03-08T19:53:10","date_gmt":"2021-03-08T18:53:10","guid":{"rendered":"https:\/\/agora.xtec.cat\/ceipjpalacin\/?page_id=7199"},"modified":"2023-02-28T13:58:02","modified_gmt":"2023-02-28T12:58:02","slug":"preinscripcio-telematica","status":"publish","type":"page","link":"https:\/\/agora.xtec.cat\/ceipjpalacin\/lescola\/preinscripcio-2022-2023\/preinscripcio-telematica\/","title":{"rendered":"Preinscripci\u00f3 telem\u00e0tica: qu\u00e8 es necessita?"},"content":{"rendered":"<p><strong><span style=\"color: #008000;\">La sol\u00b7licitud de preinscripci\u00f3 d&#8217;educaci\u00f3 infantil, s&#8217;ha de presentar del <span style=\"color: #000000;\">6 al 20 de mar\u00e7<\/span> i s&#8217;ha d&#8217;adjuntar-hi la documentaci\u00f3 d&#8217;identificaci\u00f3 o de criteris que correspongui. La documentaci\u00f3 que no s&#8217;hagi pogut adjuntar durant el per\u00edode de presentaci\u00f3 de sol\u00b7licituds, es pot afegir del 25 al 26 de mar\u00e7.<\/span><\/strong><\/p>\n<p><a href=\"https:\/\/agora.xtec.cat\/ceipjpalacin\/wp-content\/uploads\/usu52\/2023\/02\/datespreinscripcio.png\"><img loading=\"lazy\" decoding=\"async\" class=\"alignnone wp-image-12314 size-medium\" src=\"https:\/\/agora.xtec.cat\/ceipjpalacin\/wp-content\/uploads\/usu52\/2023\/02\/datespreinscripcio-300x169.png\" alt=\"\" width=\"300\" height=\"169\" srcset=\"https:\/\/agora.xtec.cat\/ceipjpalacin\/wp-content\/uploads\/usu52\/2023\/02\/datespreinscripcio-300x169.png 300w, https:\/\/agora.xtec.cat\/ceipjpalacin\/wp-content\/uploads\/usu52\/2023\/02\/datespreinscripcio-768x431.png 768w, https:\/\/agora.xtec.cat\/ceipjpalacin\/wp-content\/uploads\/usu52\/2023\/02\/datespreinscripcio.png 924w\" sizes=\"auto, (max-width: 300px) 100vw, 300px\" \/><\/a><\/p>\n<h2 class=\"basic_title col-sm-12 pd-10\">Qu\u00e8 es necessita per fer la preinscripci\u00f3?<\/h2>\n<div class=\"col-sm-8 columna_esquerra\">\n<div class=\"cos_bloc basic_text_peq pd-15\">\n<ul>\n<li><strong>Ordinador, tauleta o tel\u00e8fon m\u00f2bil amb connexi\u00f3 a Internet:<\/strong> Caldr\u00e0 un dispositiu electr\u00f2nic amb connexi\u00f3 a Internet perqu\u00e8 aquest any la preinscripci\u00f3 es fa del tot en l\u00ednia.<\/li>\n<li><strong>Eina d&#8217;identificaci\u00f3 digital:<\/strong> \u00c9s m\u00e9s segur que quan es faci el tr\u00e0mit (el pare, la mare o el tutor o tutora que faci el tr\u00e0mit) tingui una eina d&#8217;identificaci\u00f3 digital com el DNI electr\u00f2nic, la T-CAT, el sistema Cl@ve o l&#8217;<a title=\"idCAT M\u00f2bil\" href=\"https:\/\/web.gencat.cat\/ca\/tramits\/que-cal-fer-si\/Vull-identificar-me-digitalment\/idcat-mobil\/\" target=\"_blank\" rel=\"noopener noreferrer\">idCAT M\u00f2bil<\/a>.<\/li>\n<li><strong>Codi identificador del Registre d&#8217;alumnes de Catalunya (RALC) de l&#8217;alumne o alumna:<\/strong> Quan la sol\u00b7licitud de preinscripci\u00f3 es fa per demanar canvi de centre, \u00e9s a dir, per a alumnes que ja estan escolaritzats a Catalunya, a l&#8217;hora de fer la sol\u00b7licitud de preinscripci\u00f3 s&#8217;ha de tenir preparat el <strong>codi identificador de l&#8217;alumne o l&#8217;alumna<\/strong>. Aquest codi, es pot consultar amb identificaci\u00f3 electr\u00f2nica en aquest mateix web, a l&#8217;apartat <a title=\"Consulta de l'identificador de l'alumne\" href=\"http:\/\/educacio.gencat.cat\/ca\/tramits\/tramits-temes\/identificador-alumne\" target=\"_blank\" rel=\"noopener noreferrer\">Consulta de l&#8217;identificador de l&#8217;alumne<\/a>.\u00a0<strong>\u00c9s molt<\/strong>\u00a0<strong>important<\/strong> verificar tamb\u00e9 que tota la informaci\u00f3 que hi apareix \u00e9s correcta. En cas contrari, s&#8217;ha de sol\u00b7licitar una rectificaci\u00f3 de les dades, adjuntant la documentaci\u00f3 que correspongui.<\/li>\n<li><strong>Documentaci\u00f3 digitalitzada:<\/strong> Hi ha documentaci\u00f3 que no cal que es presentin, perqu\u00e8 es fan consultes interadministratives. Per\u00f2 si s&#8217;ha de presentar, s&#8217;ha d&#8217;adjuntar a la sol\u00b7licitud digitalitzada (mitjan\u00e7ant un esc\u00e0ner o una fotografia).<\/li>\n<li><strong>Documentaci\u00f3 identificativa:\u00a0<\/strong>\n<ul>\n<li>Si es disposa d&#8217;identificador digital i el codi identificador del RALC de l&#8217;alumne o l&#8217;alumna, es pot recuperar les dades personals i no caldr\u00e0 que adjuntar cap documentaci\u00f3 identificativa o de filiaci\u00f3. Nom\u00e9s si l&#8217;alumne o alumna no t\u00e9 codi identificador del RALC, es necessita el llibre de fam\u00edlia i el document d&#8217;identitat, si es tracta d&#8217;un passaport o un document d&#8217;identitat d&#8217;un pa\u00eds membre de la Uni\u00f3 Europea.<\/li>\n<li>\n<div>Si no es disposa d&#8217;identificador digital, cal adjuntar el llibre de fam\u00edlia i el document d&#8217;identitat (del pare, la mare o el tutor o tutora que presenta la sol\u00b7licitud): DNI, NIE, passaport o document d&#8217;identitat d&#8217;un pa\u00eds membre de la Uni\u00f3 Europea.<\/div>\n<\/li>\n<\/ul>\n<\/li>\n<li>\n<div><strong>Documentaci\u00f3 de criteris de prioritat:<\/strong>\u00a0en general, nom\u00e9s cal adjuntar documentaci\u00f3 acreditativa escanejada o fotografiada si no s&#8217;ha pogut obtenir o verificar la informaci\u00f3 a trav\u00e9s de la consulta autom\u00e0tica. Tanmateix, hi ha casos en els quals sempre cal adjuntar la documentaci\u00f3 acreditativa:<\/div>\n<ul>\n<li>El contracte laboral, certificat d&#8217;empresa o document de l&#8217;Ag\u00e8ncia Tribut\u00e0ria per justificar la proximitat del lloc de treball del pare, la mare, el tutor o tutora al centre escollit en primer lloc.<\/li>\n<li>L&#8217;acreditaci\u00f3 de la renda garantida de ciutadania.<\/li>\n<li>L&#8217;acreditaci\u00f3 de la discapacitat quan s&#8217;hagi obtingut en una altra comunitat aut\u00f2noma.<\/li>\n<li>El carnet de fam\u00edlia nombrosa o monoparental quan s&#8217;hagi obtingut en\u00a0una altra comunitat aut\u00f2noma.<\/li>\n<\/ul>\n<\/li>\n<\/ul>\n<\/div>\n<\/div>\n","protected":false},"excerpt":{"rendered":"<p>La sol\u00b7licitud de preinscripci\u00f3 d&#8217;educaci\u00f3 infantil, s&#8217;ha de presentar del 6 al 20 de mar\u00e7 i s&#8217;ha d&#8217;adjuntar-hi la documentaci\u00f3 d&#8217;identificaci\u00f3 o de criteris que correspongui. La documentaci\u00f3 que no s&#8217;hagi pogut adjuntar durant el per\u00edode de presentaci\u00f3 de sol\u00b7licituds, es pot afegir del 25&hellip;  <a href=\"https:\/\/agora.xtec.cat\/ceipjpalacin\/lescola\/preinscripcio-2022-2023\/preinscripcio-telematica\/\" title=\"Read Preinscripci\u00f3 telem\u00e0tica: qu\u00e8 es necessita?\">Llegeix m\u00e9s\u00bb<\/a><\/p>\n","protected":false},"author":3,"featured_media":0,"parent":6948,"menu_order":38,"comment_status":"closed","ping_status":"closed","template":"page-templates\/side-menu.php","meta":{"_bbp_topic_count":0,"_bbp_reply_count":0,"_bbp_total_topic_count":0,"_bbp_total_reply_count":0,"_bbp_voice_count":0,"_bbp_anonymous_reply_count":0,"_bbp_topic_count_hidden":0,"_bbp_reply_count_hidden":0,"_bbp_forum_subforum_count":0,"footnotes":""},"class_list":["post-7199","page","type-page","status-publish","hentry"],"post_mailing_queue_ids":[],"_links":{"self":[{"href":"https:\/\/agora.xtec.cat\/ceipjpalacin\/wp-json\/wp\/v2\/pages\/7199","targetHints":{"allow":["GET"]}}],"collection":[{"href":"https:\/\/agora.xtec.cat\/ceipjpalacin\/wp-json\/wp\/v2\/pages"}],"about":[{"href":"https:\/\/agora.xtec.cat\/ceipjpalacin\/wp-json\/wp\/v2\/types\/page"}],"author":[{"embeddable":true,"href":"https:\/\/agora.xtec.cat\/ceipjpalacin\/wp-json\/wp\/v2\/users\/3"}],"replies":[{"embeddable":true,"href":"https:\/\/agora.xtec.cat\/ceipjpalacin\/wp-json\/wp\/v2\/comments?post=7199"}],"version-history":[{"count":3,"href":"https:\/\/agora.xtec.cat\/ceipjpalacin\/wp-json\/wp\/v2\/pages\/7199\/revisions"}],"predecessor-version":[{"id":12315,"href":"https:\/\/agora.xtec.cat\/ceipjpalacin\/wp-json\/wp\/v2\/pages\/7199\/revisions\/12315"}],"up":[{"embeddable":true,"href":"https:\/\/agora.xtec.cat\/ceipjpalacin\/wp-json\/wp\/v2\/pages\/6948"}],"wp:attachment":[{"href":"https:\/\/agora.xtec.cat\/ceipjpalacin\/wp-json\/wp\/v2\/media?parent=7199"}],"curies":[{"name":"wp","href":"https:\/\/api.w.org\/{rel}","templated":true}]}}