{"id":7140,"date":"2020-05-12T09:31:33","date_gmt":"2020-05-12T07:31:33","guid":{"rendered":"https:\/\/agora.xtec.cat\/ceipjpalacin\/?page_id=7140"},"modified":"2023-02-28T13:25:48","modified_gmt":"2023-02-28T12:25:48","slug":"documentacio-preinscripcio","status":"publish","type":"page","link":"https:\/\/agora.xtec.cat\/ceipjpalacin\/lescola\/preinscripcio-2022-2023\/documentacio-preinscripcio\/","title":{"rendered":"Documentaci\u00f3 preinscripci\u00f3"},"content":{"rendered":"<p>Per fer la sol\u00b7licitud de preinscripci\u00f3 cal presentar tota la documentaci\u00f3 necess\u00e0ria per acreditar la identitat de les fam\u00edlies sol\u00b7licitants i l&#8217;acompliment dels criteris d&#8217;assignaci\u00f3 de places. Com que tots els tr\u00e0mits es fan de manera telem\u00e0tica,\u00a0<strong>cal escanejar o fotografiar tots els documents demanats per ambdues cares<\/strong>\u00a0i tenir-los disponibles en el dispositiu que utilitzareu per emplenar el formulari de preinscripci\u00f3, ja sigui un ordinador, una tauleta o un tel\u00e8fon intel\u00b7ligent, per tal de poder-los adjuntar.<\/p>\n<p><span style=\"color: #ff0000;\"><strong>Com digitalitzar els documents que s&#8217;han de presentar:<\/strong><\/span><\/p>\n<p><a href=\"https:\/\/www.youtube.com\/watch?v=NF__CTwHy3Y\"><img loading=\"lazy\" decoding=\"async\" class=\"alignnone wp-image-10299 size-medium\" src=\"https:\/\/agora.xtec.cat\/ceipjpalacin\/wp-content\/uploads\/usu52\/2022\/03\/digitaldocu-300x267.jpg\" alt=\"\" width=\"300\" height=\"267\" srcset=\"https:\/\/agora.xtec.cat\/ceipjpalacin\/wp-content\/uploads\/usu52\/2022\/03\/digitaldocu-300x267.jpg 300w, https:\/\/agora.xtec.cat\/ceipjpalacin\/wp-content\/uploads\/usu52\/2022\/03\/digitaldocu-768x682.jpg 768w, https:\/\/agora.xtec.cat\/ceipjpalacin\/wp-content\/uploads\/usu52\/2022\/03\/digitaldocu.jpg 1023w\" sizes=\"auto, (max-width: 300px) 100vw, 300px\" \/><\/a><\/p>\n<p>Els documents necessaris per acreditar la identitat de les fam\u00edlies en la sol\u00b7licitud de preinscripci\u00f3 s\u00f3n:<\/p>\n<ul>\n<li><strong>Llibre de fam\u00edlia o altres documents relatius a la filiaci\u00f3.<br \/>\n<\/strong>Quan l&#8217;alumne estigui en situaci\u00f3 d&#8217;acolliment, el document que cal aportar \u00e9s la\u00a0<strong>resoluci\u00f3 d&#8217;acolliment del Departament de Drets Socials<\/strong>.<\/li>\n<li><strong>El DNI o NIE del pare, la mare o el tutor o la tutora de l&#8217;alumne\/a si s&#8217;utilitza la sol\u00b7licitud en suport inform\u00e0tic.\u00a0<\/strong>Si \u00e9s estranger s&#8217;haur\u00e0 d&#8217;adjuntar el\u00a0<strong>passaport<\/strong>\u00a0o, si \u00e9s estranger d&#8217;un pa\u00eds membre de la Uni\u00f3 Europea, el\u00a0<strong>document d&#8217;identitat del pa\u00eds d&#8217;origen<\/strong>.<\/li>\n<\/ul>\n<p>De manera excepcional, es poden acreditar les dades d&#8217;identificaci\u00f3 o de filiaci\u00f3 de l&#8217;alumnat estranger amb el document d&#8217;identitat, el llibre de fam\u00edlia del pa\u00eds d&#8217;origen o la documentaci\u00f3 alternativa que la persona pugui aportar. El director o la directora del centre educatiu corresponent valorar\u00e0 i examinar\u00e0 la documentaci\u00f3 presentada.<\/p>\n<p><span style=\"color: #008000;\"><strong>Els documents necessaris per acreditar els criteris prioritaris s\u00f3n:<\/strong><\/span><\/p>\n<ul>\n<li><strong>Per justificar la proximitat del domicili habitual a l&#8217;escola.\u00a0<\/strong>En enviar la sol\u00b7licitud es programa la consulta automatitzada del padr\u00f3. Aquesta consulta serveix<strong>\u00a0<\/strong>per confirmar l&#8217;adre\u00e7a del domicili familiar. Si no es poden obtenir les dades del padr\u00f3 cal acreditar la resid\u00e8ncia adjuntant\u00a0<strong>un certificat o volant de conviv\u00e8ncia de l&#8217;alumne<\/strong>, on ha de constar l&#8217;adre\u00e7a del domicili i acreditar que l&#8217;alumne viu com a m\u00ednim amb el pare o la mare que presenta la sol\u00b7licitud.<\/li>\n<li><strong>Per acreditar la proximitat del lloc de treball del pare, la mare o el tutor legal a l&#8217;escola.<\/strong>\u00a0En el cas de les persones assalariades, \u00e9s suficient si s&#8217;aporta el\u00a0<strong>contracte laboral o un certificat em\u00e8s per l&#8217;empresa<\/strong>. En el cas de ser treballadora o treballador aut\u00f2nom, s&#8217;haur\u00e0 de presentar\u00a0<strong>el model de l&#8217;Ag\u00e8ncia tribut\u00e0ria 036 o 037<\/strong>, on es deixa const\u00e0ncia del domicili en qu\u00e8 es porta a terme l&#8217;activitat.<\/li>\n<li><strong>Per justificar la renda garantida de ciutadania.<\/strong>\u00a0Aportaci\u00f3 de documents com la certificaci\u00f3 o la resoluci\u00f3 emesa pel Departament de Drets Socials.<\/li>\n<\/ul>\n<p>Per acreditar els criteris complementaris s&#8217;ha de tenir en compte el seg\u00fcent:<\/p>\n<ul>\n<li><strong>Per acreditar que l&#8217;alumne forma part d&#8217;una fam\u00edlia nombrosa<\/strong>, aquesta informaci\u00f3 es validar\u00e0 mitjan\u00e7ant consultes interadministratives quan es faci la sol\u00b7licitud de preinscripci\u00f3. Nom\u00e9s quan no sigui possible validar-ho o es tracti de t\u00edtols emesos per altres comunitats aut\u00f2nomes, caldr\u00e0 presentar el t\u00edtol de fam\u00edlia nombrosa.<\/li>\n<li><strong>Per acreditar que l&#8217;alumne forma part d&#8217;una fam\u00edlia monoparental<\/strong>, aquesta informaci\u00f3 es validar\u00e0 mitjan\u00e7ant consultes interadministratives quan es faci la sol\u00b7licitud de preinscripci\u00f3. Nom\u00e9s quan no sigui possible validar-ho o quan es tracti de t\u00edtols emesos per altres comunitats aut\u00f2nomes, caldr\u00e0 adjuntar el t\u00edtol de fam\u00edlia monoparental.<\/li>\n<li><strong>El fet d&#8217;haver nascut en un part m\u00faltiple<\/strong>\u00a0s&#8217;acredita amb el llibre de fam\u00edlia.<\/li>\n<li><strong>La situaci\u00f3 d&#8217;acolliment familiar<\/strong>\u00a0s&#8217;acredita amb la\u202fresoluci\u00f3 d&#8217;acolliment del Departament de Drets Socials.<\/li>\n<li><strong>Per acreditar que un membre de la unitat familiar t\u00e9 una discapacitat<\/strong>.\u202fAquest sup\u00f2sit inclou la discapacitat igual o superior al 33 % de l&#8217;alumne, del pare o la mare o d&#8217;algun germ\u00e0 o germana, i es valida mitjan\u00e7ant consultes interadministratives. Si no es pot validar o si es tracta d&#8217;una discapacitat reconeguda per altres comunitats aut\u00f2nomes, cal presentar el certificat o la targeta acreditativa de discapacitat que emet el Departament de Drets Socials o els organismes competents en altres comunitats aut\u00f2nomes. Tamb\u00e9 es pot adjuntar el document que acrediti ser beneficiari o benefici\u00e0ria d&#8217;una pensi\u00f3 d&#8217;incapacitat permanent de grau total o de gran invalidesa, o b\u00e9, quan sigui oport\u00fa, el corresponent certificat de les classes passives que tenen reconeguda una pensi\u00f3 de jubilaci\u00f3 o retir per incapacitat permanent per al servei o inutilitat.<\/li>\n<li>La condici\u00f3 de\u00a0<strong>v\u00edctima de viol\u00e8ncia de g\u00e8nere o de terrorisme<\/strong>\u00a0s&#8217;acredita amb la sent\u00e8ncia judicial de qualsevol ordre jurisdiccional, l&#8217;ordre de protecci\u00f3 vigent, o l&#8217;informe dels serveis socials o el certificat que acredita la condici\u00f3 de v\u00edctima de terrorisme que emet la Subdirecci\u00f3n General de Apoyo a V\u00edctimas del Terrorismo del Ministeri de l&#8217;Interior.<\/li>\n<\/ul>\n<hr \/>\n<p><strong>Podeu trobar m\u00e9s informaci\u00f3 sobre el sistema de criteris de prioritat, el calendari i els terminis de preinscripci\u00f3 o sobre com triar l&#8217;escola, als diferents apartats de la seg\u00fcent p\u00e0gina web.<\/strong><\/p>\n<p>&nbsp;<\/p>\n<p><a href=\"https:\/\/preinscripcio.gencat.cat\/ca\/inici\"><img loading=\"lazy\" decoding=\"async\" class=\"alignnone wp-image-12306 size-medium\" src=\"https:\/\/agora.xtec.cat\/ceipjpalacin\/wp-content\/uploads\/usu52\/2023\/02\/webpreinscripcio-300x172.png\" alt=\"\" width=\"300\" height=\"172\" srcset=\"https:\/\/agora.xtec.cat\/ceipjpalacin\/wp-content\/uploads\/usu52\/2023\/02\/webpreinscripcio-300x172.png 300w, https:\/\/agora.xtec.cat\/ceipjpalacin\/wp-content\/uploads\/usu52\/2023\/02\/webpreinscripcio-1024x586.png 1024w, https:\/\/agora.xtec.cat\/ceipjpalacin\/wp-content\/uploads\/usu52\/2023\/02\/webpreinscripcio-768x439.png 768w, https:\/\/agora.xtec.cat\/ceipjpalacin\/wp-content\/uploads\/usu52\/2023\/02\/webpreinscripcio.png 1467w\" sizes=\"auto, (max-width: 300px) 100vw, 300px\" \/><\/a><\/p>\n","protected":false},"excerpt":{"rendered":"<p>Per fer la sol\u00b7licitud de preinscripci\u00f3 cal presentar tota la documentaci\u00f3 necess\u00e0ria per acreditar la identitat de les fam\u00edlies sol\u00b7licitants i l&#8217;acompliment dels criteris d&#8217;assignaci\u00f3 de places. Com que tots els tr\u00e0mits es fan de manera telem\u00e0tica,\u00a0cal escanejar o fotografiar tots els documents demanats per&hellip;  <a href=\"https:\/\/agora.xtec.cat\/ceipjpalacin\/lescola\/preinscripcio-2022-2023\/documentacio-preinscripcio\/\" title=\"Read Documentaci\u00f3 preinscripci\u00f3\">Llegeix m\u00e9s\u00bb<\/a><\/p>\n","protected":false},"author":3,"featured_media":0,"parent":6948,"menu_order":34,"comment_status":"closed","ping_status":"closed","template":"page-templates\/side-menu.php","meta":{"_bbp_topic_count":0,"_bbp_reply_count":0,"_bbp_total_topic_count":0,"_bbp_total_reply_count":0,"_bbp_voice_count":0,"_bbp_anonymous_reply_count":0,"_bbp_topic_count_hidden":0,"_bbp_reply_count_hidden":0,"_bbp_forum_subforum_count":0,"footnotes":""},"class_list":["post-7140","page","type-page","status-publish","hentry"],"post_mailing_queue_ids":[],"_links":{"self":[{"href":"https:\/\/agora.xtec.cat\/ceipjpalacin\/wp-json\/wp\/v2\/pages\/7140","targetHints":{"allow":["GET"]}}],"collection":[{"href":"https:\/\/agora.xtec.cat\/ceipjpalacin\/wp-json\/wp\/v2\/pages"}],"about":[{"href":"https:\/\/agora.xtec.cat\/ceipjpalacin\/wp-json\/wp\/v2\/types\/page"}],"author":[{"embeddable":true,"href":"https:\/\/agora.xtec.cat\/ceipjpalacin\/wp-json\/wp\/v2\/users\/3"}],"replies":[{"embeddable":true,"href":"https:\/\/agora.xtec.cat\/ceipjpalacin\/wp-json\/wp\/v2\/comments?post=7140"}],"version-history":[{"count":4,"href":"https:\/\/agora.xtec.cat\/ceipjpalacin\/wp-json\/wp\/v2\/pages\/7140\/revisions"}],"predecessor-version":[{"id":12313,"href":"https:\/\/agora.xtec.cat\/ceipjpalacin\/wp-json\/wp\/v2\/pages\/7140\/revisions\/12313"}],"up":[{"embeddable":true,"href":"https:\/\/agora.xtec.cat\/ceipjpalacin\/wp-json\/wp\/v2\/pages\/6948"}],"wp:attachment":[{"href":"https:\/\/agora.xtec.cat\/ceipjpalacin\/wp-json\/wp\/v2\/media?parent=7140"}],"curies":[{"name":"wp","href":"https:\/\/api.w.org\/{rel}","templated":true}]}}