{"id":6948,"date":"2023-02-28T09:30:05","date_gmt":"2023-02-28T08:30:05","guid":{"rendered":"https:\/\/agora.xtec.cat\/ceipjpalacin\/?page_id=6948"},"modified":"2026-02-14T16:50:38","modified_gmt":"2026-02-14T15:50:38","slug":"preinscripcio-2022-2023","status":"publish","type":"page","link":"https:\/\/agora.xtec.cat\/ceipjpalacin\/lescola\/preinscripcio-2022-2023\/","title":{"rendered":"Preinscripci\u00f3 2026-2027"},"content":{"rendered":"<p><a href=\"https:\/\/agora.xtec.cat\/ceipjpalacin\/wp-content\/uploads\/usu52\/2025\/03\/preinscripcio.png\"><img loading=\"lazy\" decoding=\"async\" class=\"alignleft wp-image-15738 size-medium\" src=\"https:\/\/agora.xtec.cat\/ceipjpalacin\/wp-content\/uploads\/usu52\/2025\/03\/preinscripcio-300x167.png\" alt=\"\" width=\"300\" height=\"167\" srcset=\"https:\/\/agora.xtec.cat\/ceipjpalacin\/wp-content\/uploads\/usu52\/2025\/03\/preinscripcio-300x167.png 300w, https:\/\/agora.xtec.cat\/ceipjpalacin\/wp-content\/uploads\/usu52\/2025\/03\/preinscripcio-1024x571.png 1024w, https:\/\/agora.xtec.cat\/ceipjpalacin\/wp-content\/uploads\/usu52\/2025\/03\/preinscripcio-768x428.png 768w, https:\/\/agora.xtec.cat\/ceipjpalacin\/wp-content\/uploads\/usu52\/2025\/03\/preinscripcio.png 1227w\" sizes=\"auto, (max-width: 300px) 100vw, 300px\" \/><\/a><\/p>\n<h3><span style=\"color: #000080;\">Web Preinscripci\u00f3<\/span><\/h3>\n<h5><a href=\"https:\/\/preinscripcio.gencat.cat\/ca\/inici\/\">https:\/\/preinscripcio.gencat.cat\/ca\/inici<\/a><\/h5>\n<h6><span style=\"color: #000000;\">.. Per\u00edode de preinscripci\u00f3 a Educaci\u00f3 <a style=\"color: #000000;\" href=\"https:\/\/preinscripcio.gencat.cat\/ca\/estudis\/infantil-3-6\/inici\/\">Infantil<\/a>\u00a0i <a style=\"color: #000000;\" href=\"https:\/\/preinscripcio.gencat.cat\/ca\/estudis\/primaria\/inici\/\">Prim\u00e0ria<\/a> del\u00a0<span style=\"color: #ff0000;\"> 4 al 18 de mar\u00e7<\/span> (nom\u00e9s per qui hagi de comen\u00e7ar I3 o per canvi d&#8217;escola)<\/span><\/h6>\n<h6><\/h6>\n<h6><span style=\"color: #000000;\">.. Per\u00edode de preinscripci\u00f3 a Educaci\u00f3 <a style=\"color: #000000;\" href=\"https:\/\/preinscripcio.gencat.cat\/ca\/estudis\/eso\/inici\/\">Secund\u00e0ria<\/a> del\u00a0<span style=\"color: #339966;\"> 6 al 18 de mar\u00e7<\/span> (nom\u00e9s per qui hagi de comen\u00e7ar 1r ESO o per canvi d&#8217;institut)<\/span><\/h6>\n<table style=\"border-collapse: collapse; width: 100%;\">\n<tbody>\n<tr>\n<td style=\"width: 50%;\"><a href=\"https:\/\/agora.xtec.cat\/ceipjpalacin\/wp-content\/uploads\/usu52\/2026\/02\/cartellpre-236x300-1.png\"><img loading=\"lazy\" decoding=\"async\" class=\"alignnone wp-image-16261 size-full\" src=\"https:\/\/agora.xtec.cat\/ceipjpalacin\/wp-content\/uploads\/usu52\/2026\/02\/cartellpre-236x300-1.png\" alt=\"\" width=\"236\" height=\"300\" \/><\/a><\/td>\n<td style=\"width: 50%;\"><a href=\"https:\/\/www.youtube.com\/watch?v=5DvAVUSNLCQ\"><img loading=\"lazy\" decoding=\"async\" class=\"alignnone wp-image-8875 size-medium\" src=\"https:\/\/agora.xtec.cat\/ceipjpalacin\/wp-content\/uploads\/usu52\/2021\/02\/preinscripcioline-300x168.jpg\" alt=\"\" width=\"300\" height=\"168\" srcset=\"https:\/\/agora.xtec.cat\/ceipjpalacin\/wp-content\/uploads\/usu52\/2021\/02\/preinscripcioline-300x168.jpg 300w, https:\/\/agora.xtec.cat\/ceipjpalacin\/wp-content\/uploads\/usu52\/2021\/02\/preinscripcioline-768x429.jpg 768w, https:\/\/agora.xtec.cat\/ceipjpalacin\/wp-content\/uploads\/usu52\/2021\/02\/preinscripcioline-1024x572.jpg 1024w, https:\/\/agora.xtec.cat\/ceipjpalacin\/wp-content\/uploads\/usu52\/2021\/02\/preinscripcioline.jpg 1228w\" sizes=\"auto, (max-width: 300px) 100vw, 300px\" \/><\/a><\/td>\n<\/tr>\n<\/tbody>\n<\/table>\n<p>&nbsp;<\/p>\n<p><a href=\"https:\/\/open.spotify.com\/episode\/2aIFfEgCgnM5NsRVyIZaH3?si=a78583ab9ff34053&amp;nd=1\">Podcasts preinscripci\u00f3<\/a><\/p>\n<p><span style=\"color: #000000;\"><strong>TERMINIS<\/strong><\/span><\/p>\n<ul class=\"llista-especial\">\n<li>Termini per presentar la sol\u00b7licitud <span style=\"color: #008000;\"><strong>electr\u00f2nica<\/strong><\/span> i <strong><span style=\"color: #993300;\">en suport inform\u00e0tic: <span style=\"color: #ff0000;\">del 4 al 18 de mar\u00e7 de 2026<\/span><br \/>\n<\/span><\/strong><\/li>\n<\/ul>\n<p><span style=\"color: #000000;\"><strong>INFORMACI\u00d3 GENERAL PREINSCRIPCI\u00d3 <em>(<a href=\"https:\/\/agora.xtec.cat\/ceipjpalacin\/lescola\/preinscripcio-2020-2021\/informacio-general-preinscripcio\/\">+ info. men\u00fa esquerra<\/a>)<\/em><\/strong><\/span><\/p>\n<p><strong>Nom\u00e9s<\/strong> es pot presentar<strong> una sol\u00b7licitud de preinscripci\u00f3 per alumne o alumna&#8230;<\/strong><\/p>\n<p><span style=\"color: #000000;\"><strong>DOCUMENTACI\u00d3 <em>(<a href=\"https:\/\/agora.xtec.cat\/ceipjpalacin\/lescola\/preinscripcio-2020-2021\/documentacio-preinscripcio\/\">+ info. men\u00fa esquerra<\/a>)<\/em><\/strong><\/span><\/p>\n<p>Quan es faci la preinscripci\u00f3 es generar\u00e0 un <strong>resguard <\/strong>aquest us permetr\u00e0 seguir el proc\u00e9s de matr\u00edcula. Tamb\u00e9 caldr\u00e0 tenir preparada la documentaci\u00f3 perqu\u00e8 caldr\u00e0 adjuntar-la<\/p>\n<p><span style=\"color: #000000;\"><strong>FORMALITZAR PREINSCRIPCI\u00d3:<\/strong><\/span><\/p>\n<p><strong><em>PER INTERNET (<span style=\"color: #ff0000;\">\u00fanica<\/span> manera de fer-ho, <span style=\"color: #ff0000;\">no<\/span> <span style=\"color: #ff0000;\">ser\u00e0 presencial<span style=\"color: #000000;\">)<\/span><\/span><\/em><\/strong><\/p>\n<ul>\n<li style=\"list-style-type: none;\">\n<ul>\n<li style=\"list-style-type: none;\">\n<ul style=\"list-style-type: circle;\">\n<li><em><strong>Per la sol\u00b7licitud <span style=\"color: #993300;\">electr\u00f2nica<\/span> o amb <span style=\"color: #993300;\">suport inform\u00e0tic <\/span><\/strong><\/em><em><strong>\u00a0\u00a0<strong style=\"color: #000000; font-style: normal;\"><em>(<a href=\"https:\/\/agora.xtec.cat\/ceipjpalacin\/lescola\/preinscripcio-2020-2021\/preinscripcio-telematica\/\">+info. men\u00fa esquerra<\/a>)<\/em><\/strong><br \/>\n<\/strong><\/em><\/li>\n<\/ul>\n<\/li>\n<\/ul>\n<\/li>\n<\/ul>\n<ul>\n<li style=\"list-style-type: none;\">\n<ul>\n<li style=\"list-style-type: none;\">\n<ul style=\"list-style-type: circle;\">\n<li><em><span style=\"color: #008000;\"><span style=\"color: #000000;\">Podeu contactar amb nosaltres a trav\u00e9s de:\u00a0 correu <strong>c5001084@xtec.cat<\/strong> o tel\u00e8fon <strong>973565328 \/ 664724433<\/strong><\/span><\/span><\/em><\/li>\n<\/ul>\n<\/li>\n<\/ul>\n<\/li>\n<\/ul>\n<p>&nbsp;<\/p>\n<p>&nbsp;<\/p>\n<p>&nbsp;<\/p>\n<div class=\"avis-modalitats\">\n<div class=\"texte-avis-modalitats\">\n<p>&nbsp;<\/p>\n<\/div>\n<\/div>\n<p>&nbsp;<\/p>\n<p>&nbsp;<\/p>\n","protected":false},"excerpt":{"rendered":"<p><a href=\"https:\/\/agora.xtec.cat\/ceipjpalacin\/wp-content\/uploads\/usu52\/2025\/03\/preinscripcio.png\"><\/a><br \/>\nWeb Preinscripci\u00f3<br \/>\n<a href=\"https:\/\/preinscripcio.gencat.cat\/ca\/inici\/\">https:\/\/preinscripcio.gencat.cat\/ca\/inici<\/a><br \/>\n.. Per\u00edode de preinscripci\u00f3 a Educaci\u00f3 <a style=\"color: #000000;\" href=\"https:\/\/preinscripcio.gencat.cat\/ca\/estudis\/infantil-3-6\/inici\/\">Infantil<\/a>\u00a0i <a style=\"color: #000000;\" href=\"https:\/\/preinscripcio.gencat.cat\/ca\/estudis\/primaria\/inici\/\">Prim\u00e0ria<\/a> del\u00a0 4 al 18 de mar\u00e7 (nom\u00e9s per qui hagi de comen\u00e7ar I3 o per canvi d&#8217;escola)<\/p>\n<p>.. Per\u00edode de preinscripci\u00f3 a Educaci\u00f3 <a style=\"color: #000000;\" href=\"https:\/\/preinscripcio.gencat.cat\/ca\/estudis\/eso\/inici\/\">Secund\u00e0ria<\/a> del\u00a0 6&hellip;  <a href=\"https:\/\/agora.xtec.cat\/ceipjpalacin\/lescola\/preinscripcio-2022-2023\/\" title=\"Read Preinscripci\u00f3 2026-2027\">Llegeix m\u00e9s\u00bb<\/a><\/p>\n","protected":false},"author":3,"featured_media":0,"parent":22,"menu_order":30,"comment_status":"closed","ping_status":"closed","template":"page-templates\/side-menu.php","meta":{"_bbp_topic_count":0,"_bbp_reply_count":0,"_bbp_total_topic_count":0,"_bbp_total_reply_count":0,"_bbp_voice_count":0,"_bbp_anonymous_reply_count":0,"_bbp_topic_count_hidden":0,"_bbp_reply_count_hidden":0,"_bbp_forum_subforum_count":0,"footnotes":""},"class_list":["post-6948","page","type-page","status-publish","hentry"],"post_mailing_queue_ids":[],"_links":{"self":[{"href":"https:\/\/agora.xtec.cat\/ceipjpalacin\/wp-json\/wp\/v2\/pages\/6948","targetHints":{"allow":["GET"]}}],"collection":[{"href":"https:\/\/agora.xtec.cat\/ceipjpalacin\/wp-json\/wp\/v2\/pages"}],"about":[{"href":"https:\/\/agora.xtec.cat\/ceipjpalacin\/wp-json\/wp\/v2\/types\/page"}],"author":[{"embeddable":true,"href":"https:\/\/agora.xtec.cat\/ceipjpalacin\/wp-json\/wp\/v2\/users\/3"}],"replies":[{"embeddable":true,"href":"https:\/\/agora.xtec.cat\/ceipjpalacin\/wp-json\/wp\/v2\/comments?post=6948"}],"version-history":[{"count":6,"href":"https:\/\/agora.xtec.cat\/ceipjpalacin\/wp-json\/wp\/v2\/pages\/6948\/revisions"}],"predecessor-version":[{"id":16263,"href":"https:\/\/agora.xtec.cat\/ceipjpalacin\/wp-json\/wp\/v2\/pages\/6948\/revisions\/16263"}],"up":[{"embeddable":true,"href":"https:\/\/agora.xtec.cat\/ceipjpalacin\/wp-json\/wp\/v2\/pages\/22"}],"wp:attachment":[{"href":"https:\/\/agora.xtec.cat\/ceipjpalacin\/wp-json\/wp\/v2\/media?parent=6948"}],"curies":[{"name":"wp","href":"https:\/\/api.w.org\/{rel}","templated":true}]}}