{"id":2694,"date":"2024-09-01T22:16:00","date_gmt":"2024-09-01T20:16:00","guid":{"rendered":"http:\/\/agora.xtec.cat\/ceipjpalacin\/?page_id=2694"},"modified":"2024-09-24T22:53:12","modified_gmt":"2024-09-24T20:53:12","slug":"carta-de-compromis","status":"publish","type":"page","link":"https:\/\/agora.xtec.cat\/ceipjpalacin\/lescola\/carta-de-compromis\/","title":{"rendered":"Cartes de comprom\u00eds"},"content":{"rendered":"<p>Aqu\u00ed podeu veure i descarregar les cartes de comprom\u00eds de cada cicle:<\/p>\n<table style=\"border-collapse: collapse; width: 64.4614%; height: 200px;\">\n<tbody>\n<tr style=\"height: 98px;\">\n<td style=\"width: 30.9917%; height: 200px;\" rowspan=\"2\"><a href=\"https:\/\/agora.xtec.cat\/ceipjpalacin\/wp-content\/uploads\/usu52\/2024\/09\/compromis.png\"><img loading=\"lazy\" decoding=\"async\" class=\"alignnone wp-image-15370 size-medium\" src=\"https:\/\/agora.xtec.cat\/ceipjpalacin\/wp-content\/uploads\/usu52\/2024\/09\/compromis-221x300.png\" alt=\"\" width=\"221\" height=\"300\" srcset=\"https:\/\/agora.xtec.cat\/ceipjpalacin\/wp-content\/uploads\/usu52\/2024\/09\/compromis-221x300.png 221w, https:\/\/agora.xtec.cat\/ceipjpalacin\/wp-content\/uploads\/usu52\/2024\/09\/compromis.png 582w\" sizes=\"auto, (max-width: 221px) 100vw, 221px\" \/><\/a><\/td>\n<td style=\"width: 16.7355%; height: 98px;\"><a href=\"https:\/\/agora.xtec.cat\/ceipjpalacin\/wp-content\/uploads\/usu52\/2024\/09\/compromis-infantil2425.pdf\">Educaci\u00f3 Infantil<\/a><\/td>\n<td style=\"width: 16.7355%; height: 98px;\"><a href=\"https:\/\/agora.xtec.cat\/ceipjpalacin\/wp-content\/uploads\/usu52\/2024\/09\/compromis-inicial-2425.pdf\">Cicle Inicial<\/a><\/td>\n<\/tr>\n<tr style=\"height: 102px;\">\n<td style=\"width: 16.7355%; height: 102px;\"><a href=\"https:\/\/agora.xtec.cat\/ceipjpalacin\/wp-content\/uploads\/usu52\/2024\/09\/compromis-mitja-2425.pdf\">Cicle Mitj\u00e0<\/a><\/p>\n<p>&nbsp;<\/td>\n<td style=\"width: 16.7355%; height: 102px;\"><a href=\"https:\/\/agora.xtec.cat\/ceipjpalacin\/wp-content\/uploads\/usu52\/2024\/09\/compromis-superior2425.pdf\">Cicle Superior<\/a><\/p>\n<p>&nbsp;<\/td>\n<\/tr>\n<\/tbody>\n<\/table>\n","protected":false},"excerpt":{"rendered":"<p>Aqu\u00ed podeu veure i descarregar les cartes de comprom\u00eds de cada cicle:<\/p>\n<p><a href=\"https:\/\/agora.xtec.cat\/ceipjpalacin\/wp-content\/uploads\/usu52\/2024\/09\/compromis.png\"><\/a><br \/>\n<a href=\"https:\/\/agora.xtec.cat\/ceipjpalacin\/wp-content\/uploads\/usu52\/2024\/09\/compromis-infantil2425.pdf\">Educaci\u00f3 Infantil<\/a><br \/>\n<a href=\"https:\/\/agora.xtec.cat\/ceipjpalacin\/wp-content\/uploads\/usu52\/2024\/09\/compromis-inicial-2425.pdf\">Cicle Inicial<\/a><\/p>\n<p><a href=\"https:\/\/agora.xtec.cat\/ceipjpalacin\/wp-content\/uploads\/usu52\/2024\/09\/compromis-mitja-2425.pdf\">Cicle Mitj\u00e0<\/a><br \/>\n&nbsp;<br \/>\n<a href=\"https:\/\/agora.xtec.cat\/ceipjpalacin\/wp-content\/uploads\/usu52\/2024\/09\/compromis-superior2425.pdf\">Cicle Superior<\/a><br \/>\n&nbsp;<\/p>\n","protected":false},"author":1,"featured_media":0,"parent":22,"menu_order":27,"comment_status":"closed","ping_status":"closed","template":"","meta":{"_bbp_topic_count":0,"_bbp_reply_count":0,"_bbp_total_topic_count":0,"_bbp_total_reply_count":0,"_bbp_voice_count":0,"_bbp_anonymous_reply_count":0,"_bbp_topic_count_hidden":0,"_bbp_reply_count_hidden":0,"_bbp_forum_subforum_count":0,"footnotes":""},"class_list":["post-2694","page","type-page","status-publish","hentry"],"post_mailing_queue_ids":[],"_links":{"self":[{"href":"https:\/\/agora.xtec.cat\/ceipjpalacin\/wp-json\/wp\/v2\/pages\/2694","targetHints":{"allow":["GET"]}}],"collection":[{"href":"https:\/\/agora.xtec.cat\/ceipjpalacin\/wp-json\/wp\/v2\/pages"}],"about":[{"href":"https:\/\/agora.xtec.cat\/ceipjpalacin\/wp-json\/wp\/v2\/types\/page"}],"author":[{"embeddable":true,"href":"https:\/\/agora.xtec.cat\/ceipjpalacin\/wp-json\/wp\/v2\/users\/1"}],"replies":[{"embeddable":true,"href":"https:\/\/agora.xtec.cat\/ceipjpalacin\/wp-json\/wp\/v2\/comments?post=2694"}],"version-history":[{"count":6,"href":"https:\/\/agora.xtec.cat\/ceipjpalacin\/wp-json\/wp\/v2\/pages\/2694\/revisions"}],"predecessor-version":[{"id":15372,"href":"https:\/\/agora.xtec.cat\/ceipjpalacin\/wp-json\/wp\/v2\/pages\/2694\/revisions\/15372"}],"up":[{"embeddable":true,"href":"https:\/\/agora.xtec.cat\/ceipjpalacin\/wp-json\/wp\/v2\/pages\/22"}],"wp:attachment":[{"href":"https:\/\/agora.xtec.cat\/ceipjpalacin\/wp-json\/wp\/v2\/media?parent=2694"}],"curies":[{"name":"wp","href":"https:\/\/api.w.org\/{rel}","templated":true}]}}