{"id":1153,"date":"2017-03-14T22:00:18","date_gmt":"2017-03-14T21:00:18","guid":{"rendered":"http:\/\/agora.xtec.cat\/ceipjpalacin\/?page_id=1153"},"modified":"2017-10-23T20:21:13","modified_gmt":"2017-10-23T18:21:13","slug":"celebrem-els-25-anys-i-recordem-a-en-joaquim-palacin","status":"publish","type":"page","link":"https:\/\/agora.xtec.cat\/ceipjpalacin\/lescola\/historia\/nom-de-lescola\/celebrem-els-25-anys-i-recordem-a-en-joaquim-palacin\/","title":{"rendered":"Qui era en Joaquim Palac\u00edn"},"content":{"rendered":"<p><span style=\"color: #800000;\"><strong>ACTE PER COMMEMORAR ELS 25 ANYS DEL NOM DE LA NOSTRA ESCOLA I HOMENATGE A EN JOAQUIM<br \/>\n<\/strong><\/span><\/p>\n<p><span style=\"color: #800000;\"><strong>\u00a0\u00a0\u00a0\u00a0\u00a0\u00a0\u00a0\u00a0\u00a0\u00a0\u00a0\u00a0\u00a0\u00a0\u00a0\u00a0\u00a0\u00a0\u00a0\u00a0\u00a0\u00a0\u00a0\u00a0\u00a0\u00a0\u00a0\u00a0\u00a0\u00a0\u00a0\u00a0\u00a0\u00a0\u00a0\u00a0\u00a0\u00a0\u00a0\u00a0\u00a0\u00a0\u00a0\u00a0\u00a0\u00a0\u00a0\u00a0\u00a0\u00a0\u00a0\u00a0\u00a0\u00a0\u00a0\u00a0\u00a0\u00a0\u00a0\u00a0\u00a0\u00a0\u00a0\u00a0\u00a0\u00a0\u00a0\u00a0\u00a0\u00a0\u00a0\u00a0\u00a0\u00a0\u00a0\u00a0\u00a0\u00a0\u00a0\u00a0\u00a0\u00a0\u00a0\u00a0\u00a0\u00a0\u00a0\u00a0\u00a0\u00a0\u00a0\u00a0\u00a0\u00a0\u00a0\u00a0\u00a0\u00a0\u00a0\u00a0\u00a0\u00a0\u00a0\u00a0\u00a0 Bellv\u00eds, 18 de desembre de 2016<\/strong><\/span><\/p>\n<p><strong>JOAQUIM PALAC\u00cdN\u00a0\u00a0\u00a0\u00a0\u00a0\u00a0\u00a0\u00a0\u00a0\u00a0\u00a0\u00a0\u00a0\u00a0\u00a0\u00a0\u00a0\u00a0\u00a0\u00a0\u00a0 <a href=\"http:\/\/agora.xtec.cat\/ceipjpalacin\/wp-content\/uploads\/usu52\/2017\/03\/claustrejoquim.jpg\"><img loading=\"lazy\" decoding=\"async\" class=\"alignnone wp-image-1165\" src=\"http:\/\/agora.xtec.cat\/ceipjpalacin\/wp-content\/uploads\/usu52\/2017\/03\/claustrejoquim.jpg\" alt=\"claustrejoquim\" width=\"428\" height=\"287\" srcset=\"https:\/\/agora.xtec.cat\/ceipjpalacin\/wp-content\/uploads\/usu52\/2017\/03\/claustrejoquim.jpg 520w, https:\/\/agora.xtec.cat\/ceipjpalacin\/wp-content\/uploads\/usu52\/2017\/03\/claustrejoquim-300x201.jpg 300w\" sizes=\"auto, (max-width: 428px) 100vw, 428px\" \/><\/a><\/strong><\/p>\n<p>Jo voldria dirigir-me a vosaltres com a mestra i com a part del claustre o dels claustres d\u2019aquesta escola que s\u2019anomena JOAQUIM PALAC\u00cdN.<\/p>\n<p><a href=\"http:\/\/agora.xtec.cat\/ceipjpalacin\/wp-content\/uploads\/usu52\/2017\/03\/carme.jpg\">\u00a0 \u00a0 \u00a0 \u00a0 \u00a0 \u00a0 \u00a0 \u00a0 \u00a0 \u00a0 \u00a0 \u00a0 \u00a0 <\/a><a href=\"http:\/\/agora.xtec.cat\/ceipjpalacin\/wp-content\/uploads\/usu52\/2017\/03\/carme.jpg\"><img loading=\"lazy\" decoding=\"async\" class=\"alignnone wp-image-1158\" src=\"http:\/\/agora.xtec.cat\/ceipjpalacin\/wp-content\/uploads\/usu52\/2017\/03\/carme.jpg\" alt=\"carme\" width=\"524\" height=\"349\" srcset=\"https:\/\/agora.xtec.cat\/ceipjpalacin\/wp-content\/uploads\/usu52\/2017\/03\/carme.jpg 600w, https:\/\/agora.xtec.cat\/ceipjpalacin\/wp-content\/uploads\/usu52\/2017\/03\/carme-300x200.jpg 300w\" sizes=\"auto, (max-width: 524px) 100vw, 524px\" \/><\/a><\/p>\n<p>Des d\u2019una visi\u00f3 personal, m\u2019agradaria trobar les paraules en qu\u00e8 ens pogu\u00e9ssim identificar tots, els mestres m\u00e9s antics i els m\u00e9s nous.<\/p>\n<p>Per bona part del professorat que som aqu\u00ed, el Joaquim va ser un company i el nostre director. Per a alguns de nosaltres tamb\u00e9 va ser qui ens va <strong>acollir<\/strong> a l\u2019escola de Bellv\u00eds, juntament amb la Dolors que formava part de la \u201cfam\u00edlia\u201d de l\u2019escola.<\/p>\n<p>Qu\u00e8 us puc dir del Joaquim?<\/p>\n<p>Per a mi, el Joaquim, amb la seva humilitat i senzillesa anava renovant l\u2019escola sense trasbalsar-la:<\/p>\n<p>Amb ell va arribar la calefacci\u00f3 i es va reobrir el menjador escolar, per atendre la demanda de la comunitat educativa.<\/p>\n<p><strong>Entenia l\u2019escola com un servei social<\/strong>.<\/p>\n<p>Amb ell van arribar els primers ordinadors i es va fer formaci\u00f3 pel professorat, despr\u00e9s, el senyor Vidal s\u2019encarregava de treballar-ho amb els alumnes.<\/p>\n<p><strong>La innovaci\u00f3 formava part de la seva visi\u00f3 d\u2019escola.<\/strong><\/p>\n<p>Cuidava amb paci\u00e8ncia les relacions humanes, entre alumnes, amb els pares, amb els companys&#8230;: escoltava, ajudava, restava obert a noves idees&#8230;<\/p>\n<p><strong>El clima de centre era important.<\/strong><\/p>\n<p>Un dia em va dir alguna cosa aix\u00ed: Carme, malgrat tot, els nens <strong>aprenen<\/strong>, aprenen per ells mateixos. Avui podr\u00edem completar la reflexi\u00f3 dient que ells s\u00f3n el centre de l\u2019aprenentatge i el paper del mestre i de tots \u00e9s acompanyar-los.<\/p>\n<p><strong>Aprenia dels alumnes i reflexionava sobre la pr\u00f2pia experi\u00e8ncia.<\/strong><\/p>\n<p>Avui, som la mateixa escola i intentem mantenir els mateixos principis:<\/p>\n<ul>\n<li>Formar\u00a0 part d\u2019una comunitat amb un bon clima de conviv\u00e8ncia i col\u00b7laboraci\u00f3 i estar al seu servei.<\/li>\n<li>Reflexionar sobre la nostra pr\u00e0ctica i millorar innovant i formant-nos.<\/li>\n<li>Tenir com a referents de l\u2019educaci\u00f3 a tots els nens i nenes.<\/li>\n<\/ul>\n<p>Amb el Joaquim vam posar les bases de l\u2019escola que tenim, per aix\u00f2 estem tant contents del seu nom i esperem continuar endavant amb dignitat.<\/p>\n<p>Carme Llobera Bosch<\/p>\n<p>Cap d\u2019Estudis<\/p>\n","protected":false},"excerpt":{"rendered":"<p>ACTE PER COMMEMORAR ELS 25 ANYS DEL NOM DE LA NOSTRA ESCOLA I HOMENATGE A EN JOAQUIM<\/p>\n<p>\u00a0\u00a0\u00a0\u00a0\u00a0\u00a0\u00a0\u00a0\u00a0\u00a0\u00a0\u00a0\u00a0\u00a0\u00a0\u00a0\u00a0\u00a0\u00a0\u00a0\u00a0\u00a0\u00a0\u00a0\u00a0\u00a0\u00a0\u00a0\u00a0\u00a0\u00a0\u00a0\u00a0\u00a0\u00a0\u00a0\u00a0\u00a0\u00a0\u00a0\u00a0\u00a0\u00a0\u00a0\u00a0\u00a0\u00a0\u00a0\u00a0\u00a0\u00a0\u00a0\u00a0\u00a0\u00a0\u00a0\u00a0\u00a0\u00a0\u00a0\u00a0\u00a0\u00a0\u00a0\u00a0\u00a0\u00a0\u00a0\u00a0\u00a0\u00a0\u00a0\u00a0\u00a0\u00a0\u00a0\u00a0\u00a0\u00a0\u00a0\u00a0\u00a0\u00a0\u00a0\u00a0\u00a0\u00a0\u00a0\u00a0\u00a0\u00a0\u00a0\u00a0\u00a0\u00a0\u00a0\u00a0\u00a0\u00a0\u00a0\u00a0\u00a0\u00a0\u00a0\u00a0 Bellv\u00eds, 18 de desembre de 2016<br \/>\nJOAQUIM PALAC\u00cdN\u00a0\u00a0\u00a0\u00a0\u00a0\u00a0\u00a0\u00a0\u00a0\u00a0\u00a0\u00a0\u00a0\u00a0\u00a0\u00a0\u00a0\u00a0\u00a0\u00a0\u00a0 <a href=\"http:\/\/agora.xtec.cat\/ceipjpalacin\/wp-content\/uploads\/usu52\/2017\/03\/claustrejoquim.jpg\"><\/a><br \/>\nJo voldria dirigir-me a vosaltres com a mestra i com a part del claustre o dels claustres d\u2019aquesta escola que&hellip;  <a href=\"https:\/\/agora.xtec.cat\/ceipjpalacin\/lescola\/historia\/nom-de-lescola\/celebrem-els-25-anys-i-recordem-a-en-joaquim-palacin\/\" title=\"Read Qui era en Joaquim Palac\u00edn\">Llegeix m\u00e9s\u00bb<\/a><\/p>\n","protected":false},"author":3,"featured_media":0,"parent":1150,"menu_order":10,"comment_status":"closed","ping_status":"closed","template":"","meta":{"_bbp_topic_count":0,"_bbp_reply_count":0,"_bbp_total_topic_count":0,"_bbp_total_reply_count":0,"_bbp_voice_count":0,"_bbp_anonymous_reply_count":0,"_bbp_topic_count_hidden":0,"_bbp_reply_count_hidden":0,"_bbp_forum_subforum_count":0,"footnotes":""},"class_list":["post-1153","page","type-page","status-publish","hentry"],"post_mailing_queue_ids":[],"_links":{"self":[{"href":"https:\/\/agora.xtec.cat\/ceipjpalacin\/wp-json\/wp\/v2\/pages\/1153","targetHints":{"allow":["GET"]}}],"collection":[{"href":"https:\/\/agora.xtec.cat\/ceipjpalacin\/wp-json\/wp\/v2\/pages"}],"about":[{"href":"https:\/\/agora.xtec.cat\/ceipjpalacin\/wp-json\/wp\/v2\/types\/page"}],"author":[{"embeddable":true,"href":"https:\/\/agora.xtec.cat\/ceipjpalacin\/wp-json\/wp\/v2\/users\/3"}],"replies":[{"embeddable":true,"href":"https:\/\/agora.xtec.cat\/ceipjpalacin\/wp-json\/wp\/v2\/comments?post=1153"}],"version-history":[{"count":3,"href":"https:\/\/agora.xtec.cat\/ceipjpalacin\/wp-json\/wp\/v2\/pages\/1153\/revisions"}],"predecessor-version":[{"id":1172,"href":"https:\/\/agora.xtec.cat\/ceipjpalacin\/wp-json\/wp\/v2\/pages\/1153\/revisions\/1172"}],"up":[{"embeddable":true,"href":"https:\/\/agora.xtec.cat\/ceipjpalacin\/wp-json\/wp\/v2\/pages\/1150"}],"wp:attachment":[{"href":"https:\/\/agora.xtec.cat\/ceipjpalacin\/wp-json\/wp\/v2\/media?parent=1153"}],"curies":[{"name":"wp","href":"https:\/\/api.w.org\/{rel}","templated":true}]}}