{"id":1150,"date":"2017-03-14T21:33:19","date_gmt":"2017-03-14T20:33:19","guid":{"rendered":"http:\/\/agora.xtec.cat\/ceipjpalacin\/?page_id=1150"},"modified":"2017-10-23T20:20:44","modified_gmt":"2017-10-23T18:20:44","slug":"nom-de-lescola","status":"publish","type":"page","link":"https:\/\/agora.xtec.cat\/ceipjpalacin\/lescola\/historia\/nom-de-lescola\/","title":{"rendered":"Nom de l&#8217;escola"},"content":{"rendered":"<p><span style=\"color: #800000;\"><strong>ACTE PER COMMEMORAR ELS 25 ANYS DEL NOM DE LA NOSTRA ESCOLA I HOMENATGE A EN JOAQUIM<br \/>\n<\/strong><\/span><\/p>\n<p><span style=\"color: #800000;\"><strong>\u00a0\u00a0\u00a0\u00a0\u00a0\u00a0\u00a0\u00a0\u00a0\u00a0\u00a0\u00a0\u00a0\u00a0\u00a0\u00a0\u00a0\u00a0\u00a0\u00a0\u00a0\u00a0\u00a0\u00a0\u00a0\u00a0\u00a0\u00a0\u00a0\u00a0\u00a0\u00a0\u00a0\u00a0\u00a0\u00a0\u00a0\u00a0\u00a0\u00a0\u00a0\u00a0\u00a0\u00a0\u00a0\u00a0\u00a0\u00a0\u00a0\u00a0\u00a0\u00a0\u00a0\u00a0\u00a0\u00a0\u00a0\u00a0\u00a0\u00a0\u00a0\u00a0\u00a0\u00a0\u00a0\u00a0\u00a0\u00a0\u00a0\u00a0\u00a0\u00a0\u00a0\u00a0\u00a0\u00a0\u00a0\u00a0\u00a0\u00a0\u00a0\u00a0\u00a0\u00a0\u00a0\u00a0\u00a0\u00a0\u00a0\u00a0\u00a0\u00a0\u00a0\u00a0\u00a0\u00a0\u00a0\u00a0\u00a0\u00a0\u00a0\u00a0\u00a0\u00a0\u00a0 Bellv\u00eds, 18 de desembre de 2016<\/strong><\/span><\/p>\n<p><strong>25 ANYS NOM ESCOLA DE BELLV\u00cdS<\/strong><\/p>\n<p>Aquest 2016 l\u2019escola de Bellv\u00eds fa 25 anys que porta el nom de Joaquim Palac\u00edn.<\/p>\n<p>Hem volgut festejar aquest esdeveniment tan important amb un acte emotiu i de gratitud a la mem\u00f2ria del que fou mestre i director del centre per professi\u00f3 i vocaci\u00f3.<\/p>\n<p><a href=\"http:\/\/agora.xtec.cat\/ceipjpalacin\/wp-content\/uploads\/usu52\/2017\/03\/joaquim-palacin.jpg\">\u00a0 \u00a0 \u00a0 \u00a0 \u00a0 \u00a0 \u00a0 \u00a0 \u00a0 \u00a0 \u00a0 \u00a0 \u00a0 \u00a0 \u00a0 \u00a0 \u00a0 \u00a0 \u00a0 \u00a0 \u00a0 \u00a0 \u00a0 \u00a0 \u00a0 \u00a0 \u00a0 \u00a0 \u00a0 \u00a0 \u00a0 \u00a0 \u00a0 \u00a0 \u00a0 \u00a0 \u00a0 \u00a0 \u00a0 \u00a0 \u00a0\u00a0 \u00a0 \u00a0 \u00a0 \u00a0 \u00a0\u00a0 <\/a><a href=\"http:\/\/agora.xtec.cat\/ceipjpalacin\/wp-content\/uploads\/usu52\/2017\/03\/joaquim-palacin.jpg\"><img loading=\"lazy\" decoding=\"async\" class=\"alignnone wp-image-1109\" src=\"http:\/\/agora.xtec.cat\/ceipjpalacin\/wp-content\/uploads\/usu52\/2017\/03\/joaquim-palacin.jpg\" alt=\"joaquim-palacin\" width=\"114\" height=\"160\" srcset=\"https:\/\/agora.xtec.cat\/ceipjpalacin\/wp-content\/uploads\/usu52\/2017\/03\/joaquim-palacin.jpg 546w, https:\/\/agora.xtec.cat\/ceipjpalacin\/wp-content\/uploads\/usu52\/2017\/03\/joaquim-palacin-214x300.jpg 214w\" sizes=\"auto, (max-width: 114px) 100vw, 114px\" \/><\/a><\/p>\n<p>El recordem pel seu tarann\u00e0 ser\u00e8 i equilibrat, respectat per tothom i que es va guanyar l\u2019estima de companys i alumnes.<\/p>\n<p>El Joaquim Palac\u00edn va obtenir pla\u00e7a a Bellv\u00eds l\u2019any 1975 i el 1981 es pos\u00e0 al front de la direcci\u00f3.<\/p>\n<p>El 1.990 mor\u00ed de forma gaireb\u00e9 sobtada amb nom\u00e9s 48 anys i l\u2019any seg\u00fcent l\u2019escola pass\u00e0 a anomenar-se amb el seu nom.<\/p>\n<p>El diumenge 18 de desembre es va celebrar a l\u2019escola un acte d\u2019homenatge amb la fam\u00edlia, el claustre actual, excompanys, ajuntament i representants d\u2019ara i de llavors d\u2019entitats municipals i culturals i la inauguraci\u00f3 d\u2019una exposici\u00f3 de fotografies i escrits que els alumnes i els pares han pogut visitar durant el mes de gener.<\/p>\n<p>La sra. Dolors Arderiu ens manifest\u00e0 en nom propi, dels seus fills i fam\u00edlia, l\u2019agra\u00efment i satisfacci\u00f3 pel reconeixement a la figura del Joaquim, que tant va estimar i tantes hores dedic\u00e0 a la seva escola i per les mostres d\u2019afecte rebudes.<\/p>\n<p>M\u00e9s tard, l\u2019acte es va compartir amb tots els alumnes i les fam\u00edlies al poliesportiu amb la tradicional cantada de nadales de tot l\u2019alumnat.<\/p>\n\n<p>Per l\u2019equip docent, ha estat una enorme satisfacci\u00f3 organitzar aquest \u00a0acte de recordan\u00e7a i homenatge al mestre que, amb el seu esfor\u00e7 i la seva manera de fer, va contribuir a educar i preparar per la vida molts nens i nenes de Bellv\u00eds, que avui ja s\u00f3n pares de l\u2019alumnat de l\u2019escola<\/p>\n<p><a href=\"http:\/\/agora.xtec.cat\/ceipjpalacin\/wp-content\/uploads\/usu52\/2017\/03\/cecilia.jpg\"><img loading=\"lazy\" decoding=\"async\" class=\"alignnone wp-image-1174\" src=\"http:\/\/agora.xtec.cat\/ceipjpalacin\/wp-content\/uploads\/usu52\/2017\/03\/cecilia.jpg\" alt=\"cecilia\" width=\"359\" height=\"239\" srcset=\"https:\/\/agora.xtec.cat\/ceipjpalacin\/wp-content\/uploads\/usu52\/2017\/03\/cecilia.jpg 600w, https:\/\/agora.xtec.cat\/ceipjpalacin\/wp-content\/uploads\/usu52\/2017\/03\/cecilia-300x200.jpg 300w\" sizes=\"auto, (max-width: 359px) 100vw, 359px\" \/>\u00a0\u00a0\u00a0 <\/a>Cec\u00edlia Nav\u00e9s Peig\u00a0\u00a0\u00a0 Directora<\/p>\n","protected":false},"excerpt":{"rendered":"<p>ACTE PER COMMEMORAR ELS 25 ANYS DEL NOM DE LA NOSTRA ESCOLA I HOMENATGE A EN JOAQUIM<\/p>\n<p>\u00a0\u00a0\u00a0\u00a0\u00a0\u00a0\u00a0\u00a0\u00a0\u00a0\u00a0\u00a0\u00a0\u00a0\u00a0\u00a0\u00a0\u00a0\u00a0\u00a0\u00a0\u00a0\u00a0\u00a0\u00a0\u00a0\u00a0\u00a0\u00a0\u00a0\u00a0\u00a0\u00a0\u00a0\u00a0\u00a0\u00a0\u00a0\u00a0\u00a0\u00a0\u00a0\u00a0\u00a0\u00a0\u00a0\u00a0\u00a0\u00a0\u00a0\u00a0\u00a0\u00a0\u00a0\u00a0\u00a0\u00a0\u00a0\u00a0\u00a0\u00a0\u00a0\u00a0\u00a0\u00a0\u00a0\u00a0\u00a0\u00a0\u00a0\u00a0\u00a0\u00a0\u00a0\u00a0\u00a0\u00a0\u00a0\u00a0\u00a0\u00a0\u00a0\u00a0\u00a0\u00a0\u00a0\u00a0\u00a0\u00a0\u00a0\u00a0\u00a0\u00a0\u00a0\u00a0\u00a0\u00a0\u00a0\u00a0\u00a0\u00a0\u00a0\u00a0\u00a0\u00a0 Bellv\u00eds, 18 de desembre de 2016<br \/>\n25 ANYS NOM ESCOLA DE BELLV\u00cdS<br \/>\nAquest 2016 l\u2019escola de Bellv\u00eds fa 25 anys que porta el nom de Joaquim Palac\u00edn.<br \/>\nHem volgut festejar aquest&hellip;  <a href=\"https:\/\/agora.xtec.cat\/ceipjpalacin\/lescola\/historia\/nom-de-lescola\/\" title=\"Read Nom de l&#8217;escola\">Llegeix m\u00e9s\u00bb<\/a><\/p>\n","protected":false},"author":3,"featured_media":0,"parent":26,"menu_order":5,"comment_status":"closed","ping_status":"closed","template":"","meta":{"_bbp_topic_count":0,"_bbp_reply_count":0,"_bbp_total_topic_count":0,"_bbp_total_reply_count":0,"_bbp_voice_count":0,"_bbp_anonymous_reply_count":0,"_bbp_topic_count_hidden":0,"_bbp_reply_count_hidden":0,"_bbp_forum_subforum_count":0,"footnotes":""},"class_list":["post-1150","page","type-page","status-publish","hentry"],"post_mailing_queue_ids":[],"_links":{"self":[{"href":"https:\/\/agora.xtec.cat\/ceipjpalacin\/wp-json\/wp\/v2\/pages\/1150","targetHints":{"allow":["GET"]}}],"collection":[{"href":"https:\/\/agora.xtec.cat\/ceipjpalacin\/wp-json\/wp\/v2\/pages"}],"about":[{"href":"https:\/\/agora.xtec.cat\/ceipjpalacin\/wp-json\/wp\/v2\/types\/page"}],"author":[{"embeddable":true,"href":"https:\/\/agora.xtec.cat\/ceipjpalacin\/wp-json\/wp\/v2\/users\/3"}],"replies":[{"embeddable":true,"href":"https:\/\/agora.xtec.cat\/ceipjpalacin\/wp-json\/wp\/v2\/comments?post=1150"}],"version-history":[{"count":3,"href":"https:\/\/agora.xtec.cat\/ceipjpalacin\/wp-json\/wp\/v2\/pages\/1150\/revisions"}],"predecessor-version":[{"id":1175,"href":"https:\/\/agora.xtec.cat\/ceipjpalacin\/wp-json\/wp\/v2\/pages\/1150\/revisions\/1175"}],"up":[{"embeddable":true,"href":"https:\/\/agora.xtec.cat\/ceipjpalacin\/wp-json\/wp\/v2\/pages\/26"}],"wp:attachment":[{"href":"https:\/\/agora.xtec.cat\/ceipjpalacin\/wp-json\/wp\/v2\/media?parent=1150"}],"curies":[{"name":"wp","href":"https:\/\/api.w.org\/{rel}","templated":true}]}}