{"id":38,"date":"2014-09-18T12:34:08","date_gmt":"2014-09-18T11:34:08","guid":{"rendered":"http:\/\/agora.xtec.cat\/ceipjoventutcallus\/?page_id=38"},"modified":"2022-07-13T11:25:30","modified_gmt":"2022-07-13T09:25:30","slug":"salut","status":"publish","type":"page","link":"https:\/\/agora.xtec.cat\/ceipjoventutcallus\/bon-estiu\/salut\/","title":{"rendered":"Salut"},"content":{"rendered":"<ul style=\"list-style-type: disc;\">\n<li><strong>MEDICAMENTS<\/strong><\/li>\n<\/ul>\n<p>A l\u2019escola no es pot administrar cap medicament. <span style=\"font-family: inherit; font-size: 1em;\">En cas que sigui necessari fer-ho durant l&#8217;horari lectiu, s\u2019ha de portar un informe signat pel metge o metgessa on constin la dosi i les recomanacions pertinents.\u00a0<\/span><\/p>\n<ul>\n<li><strong>AL\u00b7L\u00c8RGIES<\/strong><\/li>\n<\/ul>\n<p><a href=\"https:\/\/drive.google.com\/file\/d\/1q5SRAqT0-J4pL3xDA4idKwCtkxEOW4y6\/view?usp=sharing\" target=\"_blank\" rel=\"noopener noreferrer\">PROTOCOL AL\u00b7L\u00c8RGIES<\/a><\/p>\n<ul style=\"list-style-type: disc;\">\n<li><strong>PAR\u00c0SITS<\/strong><\/li>\n<\/ul>\n<p>En cas de la detecci\u00f3 de par\u00e0sits (polls) \u00e9s important que les fam\u00edlies n&#8217;informeu a l&#8217;escola, perqu\u00e8 aquesta ho comuniqui a la resta de fam\u00edlies i es puguin prendre les mesures adients per evitar-ne el contagi.<\/p>\n<p>&nbsp;<\/p>\n<p>&nbsp;<\/p>\n<p>&nbsp;<\/p>\n","protected":false},"excerpt":{"rendered":"<ul style=\"list-style-type: disc;\">\n<li>MEDICAMENTS<\/li>\n<\/ul>\n<p>A l\u2019escola no es pot administrar cap medicament. En cas que sigui necessari fer-ho durant l&#8217;horari lectiu, s\u2019ha de portar un informe signat pel metge o metgessa on constin la dosi i les recomanacions pertinents.\u00a0<\/p>\n<ul>\n<li>AL\u00b7L\u00c8RGIES<\/li>\n<\/ul>\n<p><a href=\"https:\/\/drive.google.com\/file\/d\/1q5SRAqT0-J4pL3xDA4idKwCtkxEOW4y6\/view?usp=sharing\" target=\"_blank\" rel=\"noopener noreferrer\">PROTOCOL AL\u00b7L\u00c8RGIES<\/a><\/p>\n<ul style=\"list-style-type: disc;\">\n<li>PAR\u00c0SITS<\/li>\n<\/ul>\n<p>En cas&hellip;  <a href=\"https:\/\/agora.xtec.cat\/ceipjoventutcallus\/bon-estiu\/salut\/\" title=\"Read Salut\">Llegeix m\u00e9s\u00bb<\/a><\/p>\n","protected":false},"author":1,"featured_media":0,"parent":22,"menu_order":80,"comment_status":"closed","ping_status":"closed","template":"page-templates\/side-menu.php","meta":{"_bbp_topic_count":0,"_bbp_reply_count":0,"_bbp_total_topic_count":0,"_bbp_total_reply_count":0,"_bbp_voice_count":0,"_bbp_anonymous_reply_count":0,"_bbp_topic_count_hidden":0,"_bbp_reply_count_hidden":0,"_bbp_forum_subforum_count":0,"footnotes":""},"class_list":["post-38","page","type-page","status-publish","hentry"],"post_mailing_queue_ids":[],"_links":{"self":[{"href":"https:\/\/agora.xtec.cat\/ceipjoventutcallus\/wp-json\/wp\/v2\/pages\/38","targetHints":{"allow":["GET"]}}],"collection":[{"href":"https:\/\/agora.xtec.cat\/ceipjoventutcallus\/wp-json\/wp\/v2\/pages"}],"about":[{"href":"https:\/\/agora.xtec.cat\/ceipjoventutcallus\/wp-json\/wp\/v2\/types\/page"}],"author":[{"embeddable":true,"href":"https:\/\/agora.xtec.cat\/ceipjoventutcallus\/wp-json\/wp\/v2\/users\/1"}],"replies":[{"embeddable":true,"href":"https:\/\/agora.xtec.cat\/ceipjoventutcallus\/wp-json\/wp\/v2\/comments?post=38"}],"version-history":[{"count":4,"href":"https:\/\/agora.xtec.cat\/ceipjoventutcallus\/wp-json\/wp\/v2\/pages\/38\/revisions"}],"predecessor-version":[{"id":4547,"href":"https:\/\/agora.xtec.cat\/ceipjoventutcallus\/wp-json\/wp\/v2\/pages\/38\/revisions\/4547"}],"up":[{"embeddable":true,"href":"https:\/\/agora.xtec.cat\/ceipjoventutcallus\/wp-json\/wp\/v2\/pages\/22"}],"wp:attachment":[{"href":"https:\/\/agora.xtec.cat\/ceipjoventutcallus\/wp-json\/wp\/v2\/media?parent=38"}],"curies":[{"name":"wp","href":"https:\/\/api.w.org\/{rel}","templated":true}]}}