{"id":82,"date":"2014-09-18T14:10:51","date_gmt":"2014-09-18T13:10:51","guid":{"rendered":"http:\/\/agora.xtec.cat\/ceipjosepnin\/?page_id=82"},"modified":"2026-01-26T12:59:37","modified_gmt":"2026-01-26T11:59:37","slug":"casal-destiu","status":"publish","type":"page","link":"https:\/\/agora.xtec.cat\/ceipjosepnin\/programes-dinnovacio-pedagogica\/casal-destiu\/","title":{"rendered":"Xarxa de Compet\u00e8ncies"},"content":{"rendered":"<p style=\"text-align: justify;\">La Xarxa de Compet\u00e8ncies \u00e9s una modalitat de formaci\u00f3 i desenvolupament professional docent basat en l\u2019aprenentatge entre iguals i en xarxa. La Xarxa de Compet\u00e8ncies est\u00e0 formada per equips docents d\u2019escoles, instituts, instituts-escola, CFA i CEE que volen iniciar, mantenir o consolidar processos de reflexi\u00f3-acci\u00f3 en equip i en xarxa per transformar l\u2019escola en un espai que afavoreixi l\u2019aprenentatge i ajudi els docents a millorar el seu desenvolupament professional i als centres a constituir-se en organitzacions que aprenen. Actualment, est\u00e0 formada per m\u00e9s de 650 centres organitzats en xarxes territorials, i implica m\u00e9s de 10.000 docents.<\/p>\n<p style=\"text-align: justify;\">Per a m\u00e9s informaci\u00f3 cliqueu a l&#8217;enlla\u00e7.<\/p>\n<p><a href=\"https:\/\/projectes.xtec.cat\/nou-curriculum\/educacio-basica\/programes-innovacio\/xarxa-de-competencies\/\"><img loading=\"lazy\" decoding=\"async\" class=\"aligncenter size-full wp-image-4757\" src=\"https:\/\/agora.xtec.cat\/ceipjosepnin\/wp-content\/uploads\/usu1980\/2024\/10\/Xarxa-de-competencies.png\" alt=\"\" width=\"378\" height=\"133\" srcset=\"https:\/\/agora.xtec.cat\/ceipjosepnin\/wp-content\/uploads\/usu1980\/2024\/10\/Xarxa-de-competencies.png 378w, https:\/\/agora.xtec.cat\/ceipjosepnin\/wp-content\/uploads\/usu1980\/2024\/10\/Xarxa-de-competencies-300x106.png 300w\" sizes=\"auto, (max-width: 378px) 100vw, 378px\" \/><\/a><\/p>\n","protected":false},"excerpt":{"rendered":"<p>La Xarxa de Compet\u00e8ncies \u00e9s una modalitat de formaci\u00f3 i desenvolupament professional docent basat en l\u2019aprenentatge entre iguals i en xarxa. La Xarxa de Compet\u00e8ncies est\u00e0 formada per equips docents d\u2019escoles, instituts, instituts-escola, CFA i CEE que volen iniciar, mantenir o consolidar processos de reflexi\u00f3-acci\u00f3 en equip i en xarxa per transformar l\u2019escola en un [&hellip;]<\/p>\n","protected":false},"author":1,"featured_media":0,"parent":5321,"menu_order":3,"comment_status":"closed","ping_status":"closed","template":"","meta":{"_bbp_topic_count":0,"_bbp_reply_count":0,"_bbp_total_topic_count":0,"_bbp_total_reply_count":0,"_bbp_voice_count":0,"_bbp_anonymous_reply_count":0,"_bbp_topic_count_hidden":0,"_bbp_reply_count_hidden":0,"_bbp_forum_subforum_count":0,"site-sidebar-layout":"default","site-content-layout":"","ast-site-content-layout":"default","site-content-style":"default","site-sidebar-style":"default","ast-global-header-display":"","ast-banner-title-visibility":"","ast-main-header-display":"","ast-hfb-above-header-display":"","ast-hfb-below-header-display":"","ast-hfb-mobile-header-display":"","site-post-title":"","ast-breadcrumbs-content":"","ast-featured-img":"","footer-sml-layout":"","theme-transparent-header-meta":"default","adv-header-id-meta":"","stick-header-meta":"","header-above-stick-meta":"","header-main-stick-meta":"","header-below-stick-meta":"","astra-migrate-meta-layouts":"set","ast-page-background-enabled":"default","ast-page-background-meta":{"desktop":{"background-color":"var(--ast-global-color-4)","background-image":"","background-repeat":"repeat","background-position":"center center","background-size":"auto","background-attachment":"scroll","background-type":"","background-media":"","overlay-type":"","overlay-color":"","overlay-opacity":"","overlay-gradient":""},"tablet":{"background-color":"","background-image":"","background-repeat":"repeat","background-position":"center center","background-size":"auto","background-attachment":"scroll","background-type":"","background-media":"","overlay-type":"","overlay-color":"","overlay-opacity":"","overlay-gradient":""},"mobile":{"background-color":"","background-image":"","background-repeat":"repeat","background-position":"center center","background-size":"auto","background-attachment":"scroll","background-type":"","background-media":"","overlay-type":"","overlay-color":"","overlay-opacity":"","overlay-gradient":""}},"ast-content-background-meta":{"desktop":{"background-color":"var(--ast-global-color-5)","background-image":"","background-repeat":"repeat","background-position":"center center","background-size":"auto","background-attachment":"scroll","background-type":"","background-media":"","overlay-type":"","overlay-color":"","overlay-opacity":"","overlay-gradient":""},"tablet":{"background-color":"var(--ast-global-color-5)","background-image":"","background-repeat":"repeat","background-position":"center center","background-size":"auto","background-attachment":"scroll","background-type":"","background-media":"","overlay-type":"","overlay-color":"","overlay-opacity":"","overlay-gradient":""},"mobile":{"background-color":"var(--ast-global-color-5)","background-image":"","background-repeat":"repeat","background-position":"center center","background-size":"auto","background-attachment":"scroll","background-type":"","background-media":"","overlay-type":"","overlay-color":"","overlay-opacity":"","overlay-gradient":""}},"footnotes":""},"class_list":["post-82","page","type-page","status-publish","hentry"],"post_mailing_queue_ids":[],"_links":{"self":[{"href":"https:\/\/agora.xtec.cat\/ceipjosepnin\/wp-json\/wp\/v2\/pages\/82","targetHints":{"allow":["GET"]}}],"collection":[{"href":"https:\/\/agora.xtec.cat\/ceipjosepnin\/wp-json\/wp\/v2\/pages"}],"about":[{"href":"https:\/\/agora.xtec.cat\/ceipjosepnin\/wp-json\/wp\/v2\/types\/page"}],"author":[{"embeddable":true,"href":"https:\/\/agora.xtec.cat\/ceipjosepnin\/wp-json\/wp\/v2\/users\/1"}],"replies":[{"embeddable":true,"href":"https:\/\/agora.xtec.cat\/ceipjosepnin\/wp-json\/wp\/v2\/comments?post=82"}],"version-history":[{"count":6,"href":"https:\/\/agora.xtec.cat\/ceipjosepnin\/wp-json\/wp\/v2\/pages\/82\/revisions"}],"predecessor-version":[{"id":4761,"href":"https:\/\/agora.xtec.cat\/ceipjosepnin\/wp-json\/wp\/v2\/pages\/82\/revisions\/4761"}],"up":[{"embeddable":true,"href":"https:\/\/agora.xtec.cat\/ceipjosepnin\/wp-json\/wp\/v2\/pages\/5321"}],"wp:attachment":[{"href":"https:\/\/agora.xtec.cat\/ceipjosepnin\/wp-json\/wp\/v2\/media?parent=82"}],"curies":[{"name":"wp","href":"https:\/\/api.w.org\/{rel}","templated":true}]}}