{"id":73,"date":"2014-09-18T14:01:51","date_gmt":"2014-09-18T13:01:51","guid":{"rendered":"http:\/\/agora.xtec.cat\/ceipjosepnin\/?page_id=73"},"modified":"2026-03-02T13:50:44","modified_gmt":"2026-03-02T12:50:44","slug":"menjador-escolar","status":"publish","type":"page","link":"https:\/\/agora.xtec.cat\/ceipjosepnin\/serveis\/menjador-escolar\/","title":{"rendered":"Menjador escolar"},"content":{"rendered":"<p><strong>Benvinguts a \u2018\u00c0pats Sans\u2019, c\u00e0tering per centres educatius<\/strong><\/p>\n<p><strong>MEN\u00da GENERAL:<\/strong><\/p>\n<p><a href=\"https:\/\/agora.xtec.cat\/ceipjosepnin\/serveis\/menjador-escolar\/attachment\/menu-marc\/\" rel=\"attachment wp-att-5895\"><img loading=\"lazy\" decoding=\"async\" class=\"aligncenter size-large wp-image-5895\" src=\"https:\/\/agora.xtec.cat\/ceipjosepnin\/wp-content\/uploads\/usu1980\/2026\/03\/MENU-MARC-1024x725.jpg\" alt=\"\" width=\"1024\" height=\"725\" srcset=\"https:\/\/agora.xtec.cat\/ceipjosepnin\/wp-content\/uploads\/usu1980\/2026\/03\/MENU-MARC-1024x725.jpg 1024w, https:\/\/agora.xtec.cat\/ceipjosepnin\/wp-content\/uploads\/usu1980\/2026\/03\/MENU-MARC-300x212.jpg 300w, https:\/\/agora.xtec.cat\/ceipjosepnin\/wp-content\/uploads\/usu1980\/2026\/03\/MENU-MARC-768x544.jpg 768w, https:\/\/agora.xtec.cat\/ceipjosepnin\/wp-content\/uploads\/usu1980\/2026\/03\/MENU-MARC.jpg 1251w\" sizes=\"auto, (max-width: 1024px) 100vw, 1024px\" \/><\/a><\/p>\n<p>&nbsp;<\/p>\n<p><strong style=\"font-family: inherit; font-size: 1em;\"><span style=\"font-family: inherit; font-size: 1em;\">MEN\u00da HALAL:<\/span><\/strong><\/p>\n<p><a href=\"https:\/\/agora.xtec.cat\/ceipjosepnin\/serveis\/menjador-escolar\/attachment\/menu-halal-marc\/\" rel=\"attachment wp-att-5896\"><img loading=\"lazy\" decoding=\"async\" class=\"aligncenter size-large wp-image-5896\" src=\"https:\/\/agora.xtec.cat\/ceipjosepnin\/wp-content\/uploads\/usu1980\/2026\/03\/MENU-HALAL-MARC-1024x818.jpg\" alt=\"\" width=\"1024\" height=\"818\" srcset=\"https:\/\/agora.xtec.cat\/ceipjosepnin\/wp-content\/uploads\/usu1980\/2026\/03\/MENU-HALAL-MARC-1024x818.jpg 1024w, https:\/\/agora.xtec.cat\/ceipjosepnin\/wp-content\/uploads\/usu1980\/2026\/03\/MENU-HALAL-MARC-300x240.jpg 300w, https:\/\/agora.xtec.cat\/ceipjosepnin\/wp-content\/uploads\/usu1980\/2026\/03\/MENU-HALAL-MARC-768x613.jpg 768w, https:\/\/agora.xtec.cat\/ceipjosepnin\/wp-content\/uploads\/usu1980\/2026\/03\/MENU-HALAL-MARC.jpg 1053w\" sizes=\"auto, (max-width: 1024px) 100vw, 1024px\" \/><\/a><\/p>\n<p><strong>MEN\u00da SENSE GLUTEN:<\/strong><\/p>\n<p><a href=\"https:\/\/agora.xtec.cat\/ceipjosepnin\/serveis\/menjador-escolar\/attachment\/menu-marc-sense-gluten\/\" rel=\"attachment wp-att-5897\"><img loading=\"lazy\" decoding=\"async\" class=\"aligncenter size-full wp-image-5897\" src=\"https:\/\/agora.xtec.cat\/ceipjosepnin\/wp-content\/uploads\/usu1980\/2026\/03\/MENU-MARC-SENSE-GLUTEN.jpg\" alt=\"\" width=\"973\" height=\"768\" srcset=\"https:\/\/agora.xtec.cat\/ceipjosepnin\/wp-content\/uploads\/usu1980\/2026\/03\/MENU-MARC-SENSE-GLUTEN.jpg 973w, https:\/\/agora.xtec.cat\/ceipjosepnin\/wp-content\/uploads\/usu1980\/2026\/03\/MENU-MARC-SENSE-GLUTEN-300x237.jpg 300w, https:\/\/agora.xtec.cat\/ceipjosepnin\/wp-content\/uploads\/usu1980\/2026\/03\/MENU-MARC-SENSE-GLUTEN-768x606.jpg 768w\" sizes=\"auto, (max-width: 973px) 100vw, 973px\" \/><\/a><\/p>\n<p>&nbsp;<\/p>\n<p>&nbsp;<\/p>\n<p><span style=\"font-family: inherit; font-size: 1em;\">El nostre projecte educatiu com a empresa t\u00e9 com a objectiu, transmetre als infants de les escoles uns valors i actituds que es consideren com a b\u00e0sics per a la seva formaci\u00f3 com a persones.<\/span><\/p>\n<div class=\"wpb_text_column wpb_content_element \">\n<div class=\"wpb_wrapper\">\n<p>La nostra tasca educativa es desenvolupa en el temps de migdia, malgrat ser un temps breu, \u00e9s un temps privilegiat pels monitors i monitores que intervenen. \u00c9s dona una relaci\u00f3 d\u2019afecte i cordialitat entre els infants-i monitor\/a.<\/p>\n<\/div>\n<\/div>\n<div class=\"wpb_text_column wpb_content_element \">\n<div class=\"wpb_wrapper\">\n<p style=\"text-align: left;\">\u2022 Desenvolupar el seu esperit cr\u00edtic i reflexiu.<br \/>\n\u2022 Acceptar-se a si mateix tal com \u00e9s i als altres.<br \/>\n\u2022 Aprendre a ser solidaris amb els altres, donant i compartint quan calgui.<br \/>\n\u2022 Ser respectu\u00f3s amb el medi ambient, aprenent a ser un consumidor responsable.<br \/>\n\u2022 Ser agent actiu de la seva educaci\u00f3.<br \/>\n\u2022 Con\u00e8ixer les tradicions, costums i gastronomia del pa\u00eds en qu\u00e8 vivim.<br \/>\n\u2022 Aprendre en qu\u00e8 consisteix una bona alimentaci\u00f3 i la seva vinculaci\u00f3 amb la salut.<br \/>\n\u2022 Aprendre a ser tolerants amb les persones d\u2019altres \u00e8tnies, religions, cultura i sexe.<br \/>\n\u2022 Desenvolupar la seva autonomia.<\/p>\n<p>Per a m\u00e9s informaci\u00f3: <a href=\"https:\/\/apatssans.com\/apats-sans\/\">https:\/\/apatssans.com\/apats-sans\/<\/a><\/p>\n<\/div>\n<\/div>\n","protected":false},"excerpt":{"rendered":"<p>Benvinguts a \u2018\u00c0pats Sans\u2019, c\u00e0tering per centres educatius MEN\u00da GENERAL: &nbsp; MEN\u00da HALAL: MEN\u00da SENSE GLUTEN: &nbsp; &nbsp; El nostre projecte educatiu com a empresa t\u00e9 com a objectiu, transmetre als infants de les escoles uns valors i actituds que es consideren com a b\u00e0sics per a la seva formaci\u00f3 com a persones. La nostra [&hellip;]<\/p>\n","protected":false},"author":1,"featured_media":0,"parent":66,"menu_order":30,"comment_status":"closed","ping_status":"closed","template":"","meta":{"_bbp_topic_count":0,"_bbp_reply_count":0,"_bbp_total_topic_count":0,"_bbp_total_reply_count":0,"_bbp_voice_count":0,"_bbp_anonymous_reply_count":0,"_bbp_topic_count_hidden":0,"_bbp_reply_count_hidden":0,"_bbp_forum_subforum_count":0,"site-sidebar-layout":"default","site-content-layout":"","ast-site-content-layout":"default","site-content-style":"default","site-sidebar-style":"default","ast-global-header-display":"","ast-banner-title-visibility":"","ast-main-header-display":"","ast-hfb-above-header-display":"","ast-hfb-below-header-display":"","ast-hfb-mobile-header-display":"","site-post-title":"","ast-breadcrumbs-content":"","ast-featured-img":"","footer-sml-layout":"","theme-transparent-header-meta":"default","adv-header-id-meta":"","stick-header-meta":"","header-above-stick-meta":"","header-main-stick-meta":"","header-below-stick-meta":"","astra-migrate-meta-layouts":"set","ast-page-background-enabled":"default","ast-page-background-meta":{"desktop":{"background-color":"var(--ast-global-color-4)","background-image":"","background-repeat":"repeat","background-position":"center center","background-size":"auto","background-attachment":"scroll","background-type":"","background-media":"","overlay-type":"","overlay-color":"","overlay-opacity":"","overlay-gradient":""},"tablet":{"background-color":"","background-image":"","background-repeat":"repeat","background-position":"center center","background-size":"auto","background-attachment":"scroll","background-type":"","background-media":"","overlay-type":"","overlay-color":"","overlay-opacity":"","overlay-gradient":""},"mobile":{"background-color":"","background-image":"","background-repeat":"repeat","background-position":"center center","background-size":"auto","background-attachment":"scroll","background-type":"","background-media":"","overlay-type":"","overlay-color":"","overlay-opacity":"","overlay-gradient":""}},"ast-content-background-meta":{"desktop":{"background-color":"var(--ast-global-color-5)","background-image":"","background-repeat":"repeat","background-position":"center center","background-size":"auto","background-attachment":"scroll","background-type":"","background-media":"","overlay-type":"","overlay-color":"","overlay-opacity":"","overlay-gradient":""},"tablet":{"background-color":"var(--ast-global-color-5)","background-image":"","background-repeat":"repeat","background-position":"center center","background-size":"auto","background-attachment":"scroll","background-type":"","background-media":"","overlay-type":"","overlay-color":"","overlay-opacity":"","overlay-gradient":""},"mobile":{"background-color":"var(--ast-global-color-5)","background-image":"","background-repeat":"repeat","background-position":"center center","background-size":"auto","background-attachment":"scroll","background-type":"","background-media":"","overlay-type":"","overlay-color":"","overlay-opacity":"","overlay-gradient":""}},"footnotes":""},"class_list":["post-73","page","type-page","status-publish","hentry"],"post_mailing_queue_ids":[],"_links":{"self":[{"href":"https:\/\/agora.xtec.cat\/ceipjosepnin\/wp-json\/wp\/v2\/pages\/73","targetHints":{"allow":["GET"]}}],"collection":[{"href":"https:\/\/agora.xtec.cat\/ceipjosepnin\/wp-json\/wp\/v2\/pages"}],"about":[{"href":"https:\/\/agora.xtec.cat\/ceipjosepnin\/wp-json\/wp\/v2\/types\/page"}],"author":[{"embeddable":true,"href":"https:\/\/agora.xtec.cat\/ceipjosepnin\/wp-json\/wp\/v2\/users\/1"}],"replies":[{"embeddable":true,"href":"https:\/\/agora.xtec.cat\/ceipjosepnin\/wp-json\/wp\/v2\/comments?post=73"}],"version-history":[{"count":7,"href":"https:\/\/agora.xtec.cat\/ceipjosepnin\/wp-json\/wp\/v2\/pages\/73\/revisions"}],"predecessor-version":[{"id":5898,"href":"https:\/\/agora.xtec.cat\/ceipjosepnin\/wp-json\/wp\/v2\/pages\/73\/revisions\/5898"}],"up":[{"embeddable":true,"href":"https:\/\/agora.xtec.cat\/ceipjosepnin\/wp-json\/wp\/v2\/pages\/66"}],"wp:attachment":[{"href":"https:\/\/agora.xtec.cat\/ceipjosepnin\/wp-json\/wp\/v2\/media?parent=73"}],"curies":[{"name":"wp","href":"https:\/\/api.w.org\/{rel}","templated":true}]}}