{"id":64,"date":"2014-09-18T12:39:08","date_gmt":"2014-09-18T11:39:08","guid":{"rendered":"http:\/\/agora.xtec.cat\/ceipjosepnin\/?page_id=64"},"modified":"2026-03-18T12:50:33","modified_gmt":"2026-03-18T11:50:33","slug":"projecte-educatiu","status":"publish","type":"page","link":"https:\/\/agora.xtec.cat\/ceipjosepnin\/curs-2025-26\/projecte-educatiu\/","title":{"rendered":"Projecte educatiu del centre"},"content":{"rendered":"<p><em><strong>PROJECTE EDUCATIU I LING\u00dc\u00cdSTIC<\/strong><\/em><\/p>\n<ul>\n<li><a href=\"https:\/\/agora.xtec.cat\/ceipjosepnin\/wp-content\/uploads\/usu1980\/2025\/10\/PROJECTE-EDUCATIU-3_compressed.pdf\" target=\"_blank\" rel=\"noopener\">Projecte Educatiu de Centre<\/a><\/li>\n<\/ul>\n<p><a href=\"https:\/\/agora.xtec.cat\/ceipjosepnin\/wp-content\/uploads\/usu1980\/2021\/09\/ELS-FONAMENTS.jpg\"><img loading=\"lazy\" decoding=\"async\" class=\"aligncenter wp-image-2356 size-full\" src=\"https:\/\/agora.xtec.cat\/ceipjosepnin\/wp-content\/uploads\/usu1980\/2021\/09\/ELS-FONAMENTS.jpg\" alt=\"\" width=\"1024\" height=\"768\" srcset=\"https:\/\/agora.xtec.cat\/ceipjosepnin\/wp-content\/uploads\/usu1980\/2021\/09\/ELS-FONAMENTS.jpg 1024w, https:\/\/agora.xtec.cat\/ceipjosepnin\/wp-content\/uploads\/usu1980\/2021\/09\/ELS-FONAMENTS-300x225.jpg 300w, https:\/\/agora.xtec.cat\/ceipjosepnin\/wp-content\/uploads\/usu1980\/2021\/09\/ELS-FONAMENTS-768x576.jpg 768w, https:\/\/agora.xtec.cat\/ceipjosepnin\/wp-content\/uploads\/usu1980\/2021\/09\/ELS-FONAMENTS-200x150.jpg 200w\" sizes=\"auto, (max-width: 1024px) 100vw, 1024px\" \/><\/a><\/p>\n<ul>\n<li><a href=\"https:\/\/agora.xtec.cat\/ceipjosepnin\/wp-content\/uploads\/usu1980\/2025\/11\/PGA-Curs-25-26-3.pdf\">Programaci\u00f3 General Anual de Centre 2025-26<\/a><\/li>\n<li><a href=\"https:\/\/agora.xtec.cat\/ceipjosepnin\/wp-content\/uploads\/usu1980\/2024\/10\/DISTRIBUCIO-HORARIA-PRIMARIA.-LOMLOE-Curs-24-25.pdf\">Distribuci\u00f3 Hor\u00e0ria Prim\u00e0ria 2024-25<\/a><\/li>\n<li><a href=\"https:\/\/agora.xtec.cat\/ceipjosepnin\/wp-content\/uploads\/usu1980\/2025\/10\/PLA-DACCIO-TUTORIAL-25-26.pdf\">Pla d&#8217;Acci\u00f3 Tutorial 2025-26<\/a><\/li>\n<li><a href=\"https:\/\/agora.xtec.cat\/ceipjosepnin\/wp-content\/uploads\/usu1980\/2025\/10\/PLA-DACOLLIDA-DE-CENTRE.docx.pdf\">Pla d&#8217;Acollida de Centre 2025-26<\/a><\/li>\n<li><a href=\"https:\/\/drive.google.com\/file\/d\/1LyytNky87nMB-eTD4Qr4bktwt-EbbY_6\/view\">Projecte Ling\u00fc\u00edstic de Centre 2024-25<\/a><\/li>\n<\/ul>\n<p><iframe loading=\"lazy\" src=\"https:\/\/agora.xtec.cat\/ceipjosepnin\/wp-content\/uploads\/usu1980\/2025\/04\/PROJECTE-LINGUISTIC-DE-CENTRE.pdf\" width=\"500\" height=\"400\"><span data-mce-type=\"bookmark\" style=\"display: inline-block; width: 0px; overflow: hidden; line-height: 0;\" class=\"mce_SELRES_start\">\ufeff<\/span><span data-mce-type=\"bookmark\" style=\"display: inline-block; width: 0px; overflow: hidden; line-height: 0;\" class=\"mce_SELRES_start\">\ufeff<\/span><span data-mce-type=\"bookmark\" style=\"display: inline-block; width: 0px; overflow: hidden; line-height: 0;\" class=\"mce_SELRES_start\">\ufeff<\/span><span data-mce-type=\"bookmark\" style=\"display: inline-block; width: 0px; overflow: hidden; line-height: 0;\" class=\"mce_SELRES_start\">\ufeff<\/span><span data-mce-type=\"bookmark\" style=\"display: inline-block; width: 0px; overflow: hidden; line-height: 0;\" class=\"mce_SELRES_start\">\ufeff<\/span><span data-mce-type=\"bookmark\" style=\"display: inline-block; width: 0px; overflow: hidden; line-height: 0;\" class=\"mce_SELRES_start\">\ufeff<\/span><\/iframe><\/p>\n<ul>\n<li><a href=\"https:\/\/agora.xtec.cat\/ceipjosepnin\/wp-content\/uploads\/usu1980\/2025\/10\/PLA-LECTOR-DE-CENTRE.pdf\" rel=\"attachment wp-att-5449\">Pla Lector de Centre 2025-26<\/a><\/li>\n<li><a href=\"https:\/\/agora.xtec.cat\/ceipjosepnin\/wp-content\/uploads\/usu1980\/2025\/10\/PLA-DATENCIO-EDUCATIVA-INCLUSIVA.-.pdf\">Pla d&#8217;Atenci\u00f3 Educativa Inclusiva<\/a><\/li>\n<li><a href=\"https:\/\/agora.xtec.cat\/ceipjosepnin\/wp-content\/uploads\/usu1980\/2025\/10\/PLA-DEDUCACIO-PER-LA-SOSTENIBILITAT.pdf\">Pla d&#8217;Educaci\u00f3 per a la Sostenibilitat<\/a><\/li>\n<li><a href=\"https:\/\/agora.xtec.cat\/ceipjosepnin\/wp-content\/uploads\/usu1980\/2025\/10\/PLA-DE-TREBALL-2025_2026.pdf\">Pla de Treball de la T\u00e8cnica en Integraci\u00f3 Social (TIS) 2025-26<\/a><\/li>\n<\/ul>\n<p>&nbsp;<\/p>\n<p><em><strong>METODOLOGIA<\/strong><\/em><\/p>\n<ul>\n<li><a href=\"https:\/\/agora.xtec.cat\/ceipjosepnin\/wp-content\/uploads\/usu1980\/2025\/10\/LINIA-PEDAGOGICA-DES-DE-LA-LLAR-FINS-A-6e.pdf\">L\u00ednia pedag\u00f2gica des de la Llar d&#8217;Infants fins a 6\u00e8 de Prim\u00e0ria<\/a><\/li>\n<li><a href=\"https:\/\/agora.xtec.cat\/ceipjosepnin\/wp-content\/uploads\/usu1980\/2025\/10\/Organitzacio-pedagogica-25-26-.pdf\">Organitzaci\u00f3 Pedag\u00f2gica 2025-26<\/a><\/li>\n<\/ul>\n<p><a href=\"https:\/\/agora.xtec.cat\/ceipjosepnin\/wp-content\/uploads\/usu1980\/2021\/09\/Metodologia-ESCOLA-JOSE-NIN.jpg\"><img loading=\"lazy\" decoding=\"async\" class=\" wp-image-2355 aligncenter\" src=\"https:\/\/agora.xtec.cat\/ceipjosepnin\/wp-content\/uploads\/usu1980\/2021\/09\/Metodologia-ESCOLA-JOSE-NIN-1024x819.jpg\" alt=\"\" width=\"500\" height=\"400\" srcset=\"https:\/\/agora.xtec.cat\/ceipjosepnin\/wp-content\/uploads\/usu1980\/2021\/09\/Metodologia-ESCOLA-JOSE-NIN-1024x819.jpg 1024w, https:\/\/agora.xtec.cat\/ceipjosepnin\/wp-content\/uploads\/usu1980\/2021\/09\/Metodologia-ESCOLA-JOSE-NIN-300x240.jpg 300w, https:\/\/agora.xtec.cat\/ceipjosepnin\/wp-content\/uploads\/usu1980\/2021\/09\/Metodologia-ESCOLA-JOSE-NIN-768x614.jpg 768w, https:\/\/agora.xtec.cat\/ceipjosepnin\/wp-content\/uploads\/usu1980\/2021\/09\/Metodologia-ESCOLA-JOSE-NIN-1536x1229.jpg 1536w, https:\/\/agora.xtec.cat\/ceipjosepnin\/wp-content\/uploads\/usu1980\/2021\/09\/Metodologia-ESCOLA-JOSE-NIN.jpg 2000w\" sizes=\"auto, (max-width: 500px) 100vw, 500px\" \/><\/a><\/p>\n<p>&nbsp;<\/p>\n<p><a href=\"https:\/\/agora.xtec.cat\/ceipjosepnin\/wp-content\/uploads\/usu1980\/2021\/09\/Treball-per-projectes.-Escola-Josep-Nin.jpg\"><img loading=\"lazy\" decoding=\"async\" class=\"size-large wp-image-2354 aligncenter\" src=\"https:\/\/agora.xtec.cat\/ceipjosepnin\/wp-content\/uploads\/usu1980\/2021\/09\/Treball-per-projectes.-Escola-Josep-Nin-483x1024.jpg\" alt=\"\" width=\"483\" height=\"1024\" srcset=\"https:\/\/agora.xtec.cat\/ceipjosepnin\/wp-content\/uploads\/usu1980\/2021\/09\/Treball-per-projectes.-Escola-Josep-Nin-483x1024.jpg 483w, https:\/\/agora.xtec.cat\/ceipjosepnin\/wp-content\/uploads\/usu1980\/2021\/09\/Treball-per-projectes.-Escola-Josep-Nin-141x300.jpg 141w, https:\/\/agora.xtec.cat\/ceipjosepnin\/wp-content\/uploads\/usu1980\/2021\/09\/Treball-per-projectes.-Escola-Josep-Nin-768x1629.jpg 768w, https:\/\/agora.xtec.cat\/ceipjosepnin\/wp-content\/uploads\/usu1980\/2021\/09\/Treball-per-projectes.-Escola-Josep-Nin-724x1536.jpg 724w, https:\/\/agora.xtec.cat\/ceipjosepnin\/wp-content\/uploads\/usu1980\/2021\/09\/Treball-per-projectes.-Escola-Josep-Nin.jpg 943w\" sizes=\"auto, (max-width: 483px) 100vw, 483px\" \/><\/a><\/p>\n<p>&nbsp;<\/p>\n<p><em><strong>NORMES DE FUNCIONAMENT I ORGANITZACI\u00d3 DEL CENTRE<\/strong><\/em><\/p>\n<ul>\n<li><a href=\"https:\/\/agora.xtec.cat\/ceipjosepnin\/wp-content\/uploads\/usu1980\/2025\/10\/NORMES-DE-CONVIENCIA.-24-25.jpg\">Protocol Disciplinari<\/a><\/li>\n<li><a href=\"https:\/\/agora.xtec.cat\/ceipjosepnin\/wp-content\/uploads\/usu1980\/2025\/10\/CONVIVENCIA-25-26.pdf\">Conviv\u00e8ncia en el Centre 2025-26<\/a><\/li>\n<li><a href=\"https:\/\/agora.xtec.cat\/ceipjosepnin\/wp-content\/uploads\/usu1980\/2025\/10\/Estructura-organitzativa-A.-25-26-1.pdf\">Estructura Organitzativa (A) 2025-26<\/a><\/li>\n<li><a href=\"https:\/\/agora.xtec.cat\/ceipjosepnin\/wp-content\/uploads\/usu1980\/2025\/10\/ESTRUCTURA-ORGANITZATIVA-B-25-26.pdf\">Estructura Organitzativa (B) 2025-26<\/a><\/li>\n<li><a href=\"https:\/\/agora.xtec.cat\/ceipjosepnin\/wp-content\/uploads\/usu1980\/2025\/10\/Funcionament-general-25-26-.pdf\">Funcionament General 2025-26<\/a><\/li>\n<li><a href=\"https:\/\/agora.xtec.cat\/ceipjosepnin\/wp-content\/uploads\/usu1980\/2025\/10\/FUNCIONAMENT-GENERAL-DE-LA-LLAR-D-1.pdf\">Funcionament General de la Llar d&#8217;Infants 2025-26<\/a><\/li>\n<li><a href=\"https:\/\/agora.xtec.cat\/ceipjosepnin\/wp-content\/uploads\/usu1980\/2024\/10\/Pla-de-funcionament-menjador-2024-25.pdf\">Pla de Funcionament Menjador 2024-25<\/a><\/li>\n<li><a href=\"https:\/\/drive.google.com\/file\/d\/1Ie-G27lYky5GvBN0xFYEtwfdy6IXoFuq\/view?usp=sharing\">Mem\u00f2ria Curs 2024-25<\/a><\/li>\n<\/ul>\n<p>&nbsp;<\/p>\n<p><em><strong>COMUNICACI\u00d3<\/strong><\/em><\/p>\n<ul>\n<li><a href=\"https:\/\/drive.google.com\/file\/d\/1LjJUxyfhpgN65IgUD0mcxJnkOKshKimA\/view?usp=drive_link\">Pla de comunicaci\u00f3. Mar\u00e7 2026<\/a><\/li>\n<\/ul>\n","protected":false},"excerpt":{"rendered":"<p>PROJECTE EDUCATIU I LING\u00dc\u00cdSTIC Projecte Educatiu de Centre Programaci\u00f3 General Anual de Centre 2025-26 Distribuci\u00f3 Hor\u00e0ria Prim\u00e0ria 2024-25 Pla d&#8217;Acci\u00f3 Tutorial 2025-26 Pla d&#8217;Acollida de Centre 2025-26 Projecte Ling\u00fc\u00edstic de Centre 2024-25 \ufeff\ufeff\ufeff\ufeff\ufeff\ufeff Pla Lector de Centre 2025-26 Pla d&#8217;Atenci\u00f3 Educativa Inclusiva Pla d&#8217;Educaci\u00f3 per a la Sostenibilitat Pla de Treball de la T\u00e8cnica en [&hellip;]<\/p>\n","protected":false},"author":1,"featured_media":0,"parent":3662,"menu_order":3,"comment_status":"closed","ping_status":"closed","template":"","meta":{"_bbp_topic_count":0,"_bbp_reply_count":0,"_bbp_total_topic_count":0,"_bbp_total_reply_count":0,"_bbp_voice_count":0,"_bbp_anonymous_reply_count":0,"_bbp_topic_count_hidden":0,"_bbp_reply_count_hidden":0,"_bbp_forum_subforum_count":0,"site-sidebar-layout":"default","site-content-layout":"","ast-site-content-layout":"default","site-content-style":"default","site-sidebar-style":"default","ast-global-header-display":"","ast-banner-title-visibility":"","ast-main-header-display":"","ast-hfb-above-header-display":"","ast-hfb-below-header-display":"","ast-hfb-mobile-header-display":"","site-post-title":"","ast-breadcrumbs-content":"","ast-featured-img":"","footer-sml-layout":"","theme-transparent-header-meta":"default","adv-header-id-meta":"","stick-header-meta":"","header-above-stick-meta":"","header-main-stick-meta":"","header-below-stick-meta":"","astra-migrate-meta-layouts":"set","ast-page-background-enabled":"default","ast-page-background-meta":{"desktop":{"background-color":"var(--ast-global-color-4)","background-image":"","background-repeat":"repeat","background-position":"center center","background-size":"auto","background-attachment":"scroll","background-type":"","background-media":"","overlay-type":"","overlay-color":"","overlay-opacity":"","overlay-gradient":""},"tablet":{"background-color":"","background-image":"","background-repeat":"repeat","background-position":"center center","background-size":"auto","background-attachment":"scroll","background-type":"","background-media":"","overlay-type":"","overlay-color":"","overlay-opacity":"","overlay-gradient":""},"mobile":{"background-color":"","background-image":"","background-repeat":"repeat","background-position":"center center","background-size":"auto","background-attachment":"scroll","background-type":"","background-media":"","overlay-type":"","overlay-color":"","overlay-opacity":"","overlay-gradient":""}},"ast-content-background-meta":{"desktop":{"background-color":"var(--ast-global-color-5)","background-image":"","background-repeat":"repeat","background-position":"center center","background-size":"auto","background-attachment":"scroll","background-type":"","background-media":"","overlay-type":"","overlay-color":"","overlay-opacity":"","overlay-gradient":""},"tablet":{"background-color":"var(--ast-global-color-5)","background-image":"","background-repeat":"repeat","background-position":"center center","background-size":"auto","background-attachment":"scroll","background-type":"","background-media":"","overlay-type":"","overlay-color":"","overlay-opacity":"","overlay-gradient":""},"mobile":{"background-color":"var(--ast-global-color-5)","background-image":"","background-repeat":"repeat","background-position":"center center","background-size":"auto","background-attachment":"scroll","background-type":"","background-media":"","overlay-type":"","overlay-color":"","overlay-opacity":"","overlay-gradient":""}},"footnotes":""},"class_list":["post-64","page","type-page","status-publish","hentry"],"post_mailing_queue_ids":[],"_links":{"self":[{"href":"https:\/\/agora.xtec.cat\/ceipjosepnin\/wp-json\/wp\/v2\/pages\/64","targetHints":{"allow":["GET"]}}],"collection":[{"href":"https:\/\/agora.xtec.cat\/ceipjosepnin\/wp-json\/wp\/v2\/pages"}],"about":[{"href":"https:\/\/agora.xtec.cat\/ceipjosepnin\/wp-json\/wp\/v2\/types\/page"}],"author":[{"embeddable":true,"href":"https:\/\/agora.xtec.cat\/ceipjosepnin\/wp-json\/wp\/v2\/users\/1"}],"replies":[{"embeddable":true,"href":"https:\/\/agora.xtec.cat\/ceipjosepnin\/wp-json\/wp\/v2\/comments?post=64"}],"version-history":[{"count":8,"href":"https:\/\/agora.xtec.cat\/ceipjosepnin\/wp-json\/wp\/v2\/pages\/64\/revisions"}],"predecessor-version":[{"id":5946,"href":"https:\/\/agora.xtec.cat\/ceipjosepnin\/wp-json\/wp\/v2\/pages\/64\/revisions\/5946"}],"up":[{"embeddable":true,"href":"https:\/\/agora.xtec.cat\/ceipjosepnin\/wp-json\/wp\/v2\/pages\/3662"}],"wp:attachment":[{"href":"https:\/\/agora.xtec.cat\/ceipjosepnin\/wp-json\/wp\/v2\/media?parent=64"}],"curies":[{"name":"wp","href":"https:\/\/api.w.org\/{rel}","templated":true}]}}