{"id":5559,"date":"2025-11-05T13:46:34","date_gmt":"2025-11-05T12:46:34","guid":{"rendered":"https:\/\/agora.xtec.cat\/ceipjosepnin\/?page_id=5559"},"modified":"2025-11-05T13:48:57","modified_gmt":"2025-11-05T12:48:57","slug":"contacte","status":"publish","type":"page","link":"https:\/\/agora.xtec.cat\/ceipjosepnin\/contacte\/","title":{"rendered":"Contacte"},"content":{"rendered":"<h2 data-start=\"332\" data-end=\"346\">\ud83d\udcde Contacte<\/h2>\n<h3 data-start=\"348\" data-end=\"363\"><strong data-start=\"352\" data-end=\"363\">Tel\u00e8fon<\/strong><\/h3>\n<p data-start=\"364\" data-end=\"376\">977 62 90 85<\/p>\n<h3 data-start=\"378\" data-end=\"392\"><strong data-start=\"382\" data-end=\"392\">Adre\u00e7a<\/strong><\/h3>\n<p data-start=\"393\" data-end=\"438\">Arrabal Cal Toni, 9<br data-start=\"412\" data-end=\"415\" \/>43885 Salom\u00f3, Tarragona<\/p>\n<h3 data-start=\"440\" data-end=\"473\"><strong data-start=\"444\" data-end=\"473\">Correu electr\u00f2nic general<\/strong><\/h3>\n<p data-start=\"474\" data-end=\"494\">\ud83d\udce9 <a class=\"decorated-link cursor-pointer\" rel=\"noopener\" data-start=\"477\" data-end=\"494\">e3005662@xtec.cat<\/a><\/p>\n<h3 data-start=\"496\" data-end=\"520\"><strong data-start=\"500\" data-end=\"518\">Web del centre<\/strong><\/h3>\n<p data-start=\"521\" data-end=\"600\">\ud83c\udf10 <a class=\"decorated-link\" href=\"https:\/\/agora.xtec.cat\/ceipjosepnin\/\" target=\"_new\" rel=\"noopener\" data-start=\"524\" data-end=\"600\">https:\/\/agora.xtec.cat\/ceipjosepnin\/<\/a><\/p>\n<hr data-start=\"602\" data-end=\"605\" \/>\n<h2 data-start=\"607\" data-end=\"647\">\u23f0 <strong data-start=\"612\" data-end=\"647\">Horari d\u2019atenci\u00f3 a les fam\u00edlies<\/strong><\/h2>\n<p data-start=\"649\" data-end=\"726\"><strong data-start=\"649\" data-end=\"661\">Direcci\u00f3<\/strong><br data-start=\"661\" data-end=\"664\" \/>\ud83d\udd58 Dimarts de 9:30 a 10:30 h<br data-start=\"692\" data-end=\"695\" \/>\ud83d\udd5f Divendres de 15:30 a 16:30 h<\/p>\n<p data-start=\"728\" data-end=\"771\"><strong data-start=\"728\" data-end=\"739\">Mestres<\/strong><br data-start=\"739\" data-end=\"742\" \/>\ud83d\udd5b Dilluns de 12:30 a 13:30 h<\/p>\n<p data-start=\"773\" data-end=\"867\"><strong data-start=\"773\" data-end=\"805\">T\u00e8cnica en Integraci\u00f3 Social<\/strong><br data-start=\"805\" data-end=\"808\" \/>\ud83d\udd5f Dilluns de 15:30 a 16:30 h<br data-start=\"837\" data-end=\"840\" \/>\ud83d\udd58 Dijous de 9:30 a 10:30 h<\/p>\n<hr data-start=\"869\" data-end=\"872\" \/>\n<h2 data-start=\"874\" data-end=\"911\">\ud83d\udc69\u200d\ud83c\udfeb Tutories i referents docents<\/h2>\n<p data-start=\"913\" data-end=\"928\"><strong data-start=\"913\" data-end=\"926\">Llar d&#8217;Infants i I3<\/strong><\/p>\n<ul data-start=\"929\" data-end=\"1042\">\n<li data-start=\"929\" data-end=\"988\">\n<p data-start=\"931\" data-end=\"988\">Montserrat Fontova Mestre \u2014 \ud83d\udce9 <a class=\"decorated-link cursor-pointer\" rel=\"noopener\" data-start=\"962\" data-end=\"986\">montsefm@escjosepnin.cat<\/a><\/p>\n<\/li>\n<li data-start=\"989\" data-end=\"1042\">\n<p data-start=\"991\" data-end=\"1042\">Cristina Prats Polo \u2014 \ud83d\udce9 <a class=\"decorated-link cursor-pointer\" rel=\"noopener\" data-start=\"1016\" data-end=\"1042\">cristinapp@escjosepnin.cat<\/a><\/p>\n<\/li>\n<\/ul>\n<p data-start=\"1044\" data-end=\"1057\"><strong data-start=\"1044\" data-end=\"1055\">I4 i I5<\/strong><\/p>\n<ul data-start=\"1058\" data-end=\"1108\">\n<li data-start=\"1058\" data-end=\"1108\">\n<p data-start=\"1060\" data-end=\"1108\">Marta Moreno Escoda \u2014 \ud83d\udce9 <a class=\"decorated-link cursor-pointer\" rel=\"noopener\" data-start=\"1085\" data-end=\"1108\">martame@escjosepnin.cat<\/a><\/p>\n<\/li>\n<\/ul>\n<p data-start=\"1110\" data-end=\"1123\"><strong data-start=\"1110\" data-end=\"1121\">1r i 2n<\/strong><\/p>\n<ul data-start=\"1124\" data-end=\"1227\">\n<li data-start=\"1124\" data-end=\"1175\">\n<p data-start=\"1126\" data-end=\"1175\">Aleix Ferrer Birbe \u2014 \ud83d\udce9 <a class=\"decorated-link cursor-pointer\" rel=\"noopener\" data-start=\"1150\" data-end=\"1173\">aleixfl@escjosepnin.cat<\/a><\/p>\n<\/li>\n<li data-start=\"1176\" data-end=\"1227\">\n<p data-start=\"1178\" data-end=\"1227\">Mireia Parera Casas \u2014 \ud83d\udce9 <a class=\"decorated-link cursor-pointer\" rel=\"noopener\" data-start=\"1203\" data-end=\"1227\">mireiapc@escjosepnin.cat<\/a><\/p>\n<\/li>\n<\/ul>\n<p data-start=\"1229\" data-end=\"1242\"><strong data-start=\"1229\" data-end=\"1240\">3r i 4t<\/strong><\/p>\n<ul data-start=\"1243\" data-end=\"1359\">\n<li data-start=\"1243\" data-end=\"1304\">\n<p data-start=\"1245\" data-end=\"1304\">Alejandro Moreno de las Heras \u2014 \ud83d\udce9 <a class=\"decorated-link cursor-pointer\" rel=\"noopener\" data-start=\"1280\" data-end=\"1302\">alexmh@escjosepnin.cat<\/a><\/p>\n<\/li>\n<li data-start=\"1305\" data-end=\"1359\">\n<p data-start=\"1307\" data-end=\"1359\">Marina Torrente Andr\u00e9s \u2014 \ud83d\udce9 <a class=\"decorated-link cursor-pointer\" rel=\"noopener\" data-start=\"1335\" data-end=\"1359\">marinata@escjosepnin.cat<\/a><\/p>\n<\/li>\n<\/ul>\n<p data-start=\"1361\" data-end=\"1374\"><strong data-start=\"1361\" data-end=\"1372\">5\u00e8 i 6\u00e8<\/strong><\/p>\n<ul data-start=\"1375\" data-end=\"1473\">\n<li data-start=\"1375\" data-end=\"1423\">\n<p data-start=\"1377\" data-end=\"1423\">Eva Barba Soliano \u2014 \ud83d\udce9 <a class=\"decorated-link cursor-pointer\" rel=\"noopener\" data-start=\"1400\" data-end=\"1421\">evabs@escjosepnin.cat<\/a><\/p>\n<\/li>\n<li data-start=\"1424\" data-end=\"1473\">\n<p data-start=\"1426\" data-end=\"1473\">Jes\u00fas Moliner Moya \u2014 \ud83d\udce9 <a class=\"decorated-link cursor-pointer\" rel=\"noopener\" data-start=\"1450\" data-end=\"1473\">jesusmm@escjosepnin.cat<\/a><\/p>\n<\/li>\n<\/ul>\n<p data-start=\"1475\" data-end=\"1498\"><strong data-start=\"1475\" data-end=\"1496\">Educaci\u00f3 Especial<\/strong><\/p>\n<ul data-start=\"1499\" data-end=\"1602\">\n<li data-start=\"1499\" data-end=\"1550\">\n<p data-start=\"1501\" data-end=\"1550\">Sergi P\u00e9rez Ferrer \u2014 \ud83d\udce9 <a class=\"decorated-link cursor-pointer\" rel=\"noopener\" data-start=\"1525\" data-end=\"1548\">sergipf@escjosepnin.cat<\/a><\/p>\n<\/li>\n<li data-start=\"1551\" data-end=\"1602\">\n<p data-start=\"1553\" data-end=\"1602\">Caterina Ma\u00f1a Pau \u2014 \ud83d\udce9 <a class=\"decorated-link cursor-pointer\" rel=\"noopener\" data-start=\"1576\" data-end=\"1602\">caterinamp@escjosepnin.cat<\/a><\/p>\n<\/li>\n<\/ul>\n<p data-start=\"1604\" data-end=\"1638\"><strong data-start=\"1604\" data-end=\"1636\">T\u00e8cnica en Integraci\u00f3 Social<\/strong><\/p>\n<ul data-start=\"1639\" data-end=\"1697\">\n<li data-start=\"1639\" data-end=\"1697\">\n<p data-start=\"1641\" data-end=\"1697\">Natalia Fern\u00e1ndez Hurtado \u2014 \ud83d\udce9 <a class=\"decorated-link cursor-pointer\" rel=\"noopener\" data-start=\"1672\" data-end=\"1697\">nataliafh@escjosepnin.cat<\/a><\/p>\n<\/li>\n<\/ul>\n","protected":false},"excerpt":{"rendered":"<p>\ud83d\udcde Contacte Tel\u00e8fon 977 62 90 85 Adre\u00e7a Arrabal Cal Toni, 943885 Salom\u00f3, Tarragona Correu electr\u00f2nic general \ud83d\udce9 e3005662@xtec.cat Web del centre \ud83c\udf10 https:\/\/agora.xtec.cat\/ceipjosepnin\/ \u23f0 Horari d\u2019atenci\u00f3 a les fam\u00edlies Direcci\u00f3\ud83d\udd58 Dimarts de 9:30 a 10:30 h\ud83d\udd5f Divendres de 15:30 a 16:30 h Mestres\ud83d\udd5b Dilluns de 12:30 a 13:30 h T\u00e8cnica en Integraci\u00f3 Social\ud83d\udd5f Dilluns [&hellip;]<\/p>\n","protected":false},"author":1,"featured_media":0,"parent":0,"menu_order":0,"comment_status":"closed","ping_status":"closed","template":"","meta":{"_bbp_topic_count":0,"_bbp_reply_count":0,"_bbp_total_topic_count":0,"_bbp_total_reply_count":0,"_bbp_voice_count":0,"_bbp_anonymous_reply_count":0,"_bbp_topic_count_hidden":0,"_bbp_reply_count_hidden":0,"_bbp_forum_subforum_count":0,"site-sidebar-layout":"default","site-content-layout":"","ast-site-content-layout":"default","site-content-style":"default","site-sidebar-style":"default","ast-global-header-display":"","ast-banner-title-visibility":"","ast-main-header-display":"","ast-hfb-above-header-display":"","ast-hfb-below-header-display":"","ast-hfb-mobile-header-display":"","site-post-title":"","ast-breadcrumbs-content":"","ast-featured-img":"","footer-sml-layout":"","theme-transparent-header-meta":"default","adv-header-id-meta":"","stick-header-meta":"","header-above-stick-meta":"","header-main-stick-meta":"","header-below-stick-meta":"","astra-migrate-meta-layouts":"set","ast-page-background-enabled":"default","ast-page-background-meta":{"desktop":{"background-color":"var(--ast-global-color-4)","background-image":"","background-repeat":"repeat","background-position":"center center","background-size":"auto","background-attachment":"scroll","background-type":"","background-media":"","overlay-type":"","overlay-color":"","overlay-opacity":"","overlay-gradient":""},"tablet":{"background-color":"","background-image":"","background-repeat":"repeat","background-position":"center center","background-size":"auto","background-attachment":"scroll","background-type":"","background-media":"","overlay-type":"","overlay-color":"","overlay-opacity":"","overlay-gradient":""},"mobile":{"background-color":"","background-image":"","background-repeat":"repeat","background-position":"center center","background-size":"auto","background-attachment":"scroll","background-type":"","background-media":"","overlay-type":"","overlay-color":"","overlay-opacity":"","overlay-gradient":""}},"ast-content-background-meta":{"desktop":{"background-color":"var(--ast-global-color-5)","background-image":"","background-repeat":"repeat","background-position":"center center","background-size":"auto","background-attachment":"scroll","background-type":"","background-media":"","overlay-type":"","overlay-color":"","overlay-opacity":"","overlay-gradient":""},"tablet":{"background-color":"var(--ast-global-color-5)","background-image":"","background-repeat":"repeat","background-position":"center center","background-size":"auto","background-attachment":"scroll","background-type":"","background-media":"","overlay-type":"","overlay-color":"","overlay-opacity":"","overlay-gradient":""},"mobile":{"background-color":"var(--ast-global-color-5)","background-image":"","background-repeat":"repeat","background-position":"center center","background-size":"auto","background-attachment":"scroll","background-type":"","background-media":"","overlay-type":"","overlay-color":"","overlay-opacity":"","overlay-gradient":""}},"footnotes":""},"class_list":["post-5559","page","type-page","status-publish","hentry"],"post_mailing_queue_ids":[],"_links":{"self":[{"href":"https:\/\/agora.xtec.cat\/ceipjosepnin\/wp-json\/wp\/v2\/pages\/5559","targetHints":{"allow":["GET"]}}],"collection":[{"href":"https:\/\/agora.xtec.cat\/ceipjosepnin\/wp-json\/wp\/v2\/pages"}],"about":[{"href":"https:\/\/agora.xtec.cat\/ceipjosepnin\/wp-json\/wp\/v2\/types\/page"}],"author":[{"embeddable":true,"href":"https:\/\/agora.xtec.cat\/ceipjosepnin\/wp-json\/wp\/v2\/users\/1"}],"replies":[{"embeddable":true,"href":"https:\/\/agora.xtec.cat\/ceipjosepnin\/wp-json\/wp\/v2\/comments?post=5559"}],"version-history":[{"count":2,"href":"https:\/\/agora.xtec.cat\/ceipjosepnin\/wp-json\/wp\/v2\/pages\/5559\/revisions"}],"predecessor-version":[{"id":5562,"href":"https:\/\/agora.xtec.cat\/ceipjosepnin\/wp-json\/wp\/v2\/pages\/5559\/revisions\/5562"}],"wp:attachment":[{"href":"https:\/\/agora.xtec.cat\/ceipjosepnin\/wp-json\/wp\/v2\/media?parent=5559"}],"curies":[{"name":"wp","href":"https:\/\/api.w.org\/{rel}","templated":true}]}}