{"id":4556,"date":"2024-09-23T12:06:34","date_gmt":"2024-09-23T10:06:34","guid":{"rendered":"https:\/\/agora.xtec.cat\/ceipjosepnin\/?page_id=4556"},"modified":"2026-01-26T12:56:02","modified_gmt":"2026-01-26T11:56:02","slug":"el-consell-dinfancia-i-adolescencia","status":"publish","type":"page","link":"https:\/\/agora.xtec.cat\/ceipjosepnin\/programes-dinnovacio-pedagogica\/el-consell-dinfancia-i-adolescencia\/","title":{"rendered":"DEMOCRAT: El consell d&#8217;inf\u00e0ncia i adolesc\u00e8ncia"},"content":{"rendered":"<p style=\"text-align: justify;\">Amb molta il\u00b7lusi\u00f3, aquest any hem iniciat el <a href=\"https:\/\/agora.democrat-horizon.eu\/\"><strong>projecte DEMOCRAT<\/strong><\/a> a la nostra escola, un projecte europeu finan\u00e7at per la Uni\u00f3 Europea dins el programa <em>Horizon Europe<\/em>, que promou l&#8217;educaci\u00f3 per a la democr\u00e0cia. Mitjan\u00e7ant aquest projecte, treballarem valors com la inclusi\u00f3, la toler\u00e0ncia, la just\u00edcia, la solidaritat i la no discriminaci\u00f3, alhora que donarem veu als infants i adolescents del nostre municipi a trav\u00e9s de la creaci\u00f3 del Consell d&#8217;Inf\u00e0ncia i Adolesc\u00e8ncia. L\u2019objectiu \u00e9s que l&#8217;alumnat participi activament en la presa de decisions que afecten el seu entorn i en la vida municipal.<\/p>\n<p style=\"text-align: justify;\">Durant la reuni\u00f3 de fam\u00edlies, es va presentar el <strong>projecte DEMOCRAT<\/strong> i es va explicar com s&#8217;implantar\u00e0 el Consell d&#8217;Inf\u00e0ncia i Adolesc\u00e8ncia a la nostra escola i municipi. Podeu veure la presentaci\u00f3 aqu\u00ed:<\/p>\n<p><iframe loading=\"lazy\" src=\"https:\/\/agora.xtec.cat\/ceipjosepnin\/wp-content\/uploads\/usu1980\/2024\/09\/Projecte-DEMOCRAT-families.pdf\" width=\"800\" height=\"700\"><\/iframe><\/p>\n<p>&nbsp;<\/p>\n<p style=\"text-align: justify;\">Dies m\u00e9s tard, en l&#8217;Assemblea de Conviv\u00e8ncia, es va explicar als alumnes en qu\u00e8 consisteix el <strong>projecte DEMOCRAT<\/strong> i com es formar\u00e0 el Consell d&#8217;Inf\u00e0ncia i Adolesc\u00e8ncia. Podeu consultar la presentaci\u00f3 aqu\u00ed:<\/p>\n<p><a href=\"https:\/\/agora.xtec.cat\/ceipjosepnin\/wp-content\/uploads\/usu1980\/2024\/09\/Projecte-DEMOCRAT-alumnat.jpg\"><img loading=\"lazy\" decoding=\"async\" class=\"aligncenter size-large wp-image-4561\" src=\"https:\/\/agora.xtec.cat\/ceipjosepnin\/wp-content\/uploads\/usu1980\/2024\/09\/Projecte-DEMOCRAT-alumnat-1024x576.jpg\" alt=\"\" width=\"1024\" height=\"576\" srcset=\"https:\/\/agora.xtec.cat\/ceipjosepnin\/wp-content\/uploads\/usu1980\/2024\/09\/Projecte-DEMOCRAT-alumnat-1024x576.jpg 1024w, https:\/\/agora.xtec.cat\/ceipjosepnin\/wp-content\/uploads\/usu1980\/2024\/09\/Projecte-DEMOCRAT-alumnat-300x169.jpg 300w, https:\/\/agora.xtec.cat\/ceipjosepnin\/wp-content\/uploads\/usu1980\/2024\/09\/Projecte-DEMOCRAT-alumnat-768x432.jpg 768w, https:\/\/agora.xtec.cat\/ceipjosepnin\/wp-content\/uploads\/usu1980\/2024\/09\/Projecte-DEMOCRAT-alumnat-1536x864.jpg 1536w, https:\/\/agora.xtec.cat\/ceipjosepnin\/wp-content\/uploads\/usu1980\/2024\/09\/Projecte-DEMOCRAT-alumnat.jpg 1920w\" sizes=\"auto, (max-width: 1024px) 100vw, 1024px\" \/><\/a><\/p>\n<p>&nbsp;<\/p>\n<p>A continuaci\u00f3, us presentem el Pla Pilot elaborat:<\/p>\n<p><iframe loading=\"lazy\" src=\"https:\/\/agora.xtec.cat\/ceipjosepnin\/wp-content\/uploads\/usu1980\/2024\/10\/WP5-Projecte-pilot-Escola-Josep-Nin-.-DEFINITIU.pdf\" width=\"800\" height=\"700\"><\/iframe><\/p>\n<p>&nbsp;<\/p>\n<p style=\"text-align: justify;\">Us mantindrem informats amb les novetats i les activitats relacionades amb el projecte DEMOCRAT que anirem actualitzant en aquesta p\u00e0gina.<\/p>\n","protected":false},"excerpt":{"rendered":"<p>Amb molta il\u00b7lusi\u00f3, aquest any hem iniciat el projecte DEMOCRAT a la nostra escola, un projecte europeu finan\u00e7at per la Uni\u00f3 Europea dins el programa Horizon Europe, que promou l&#8217;educaci\u00f3 per a la democr\u00e0cia. Mitjan\u00e7ant aquest projecte, treballarem valors com la inclusi\u00f3, la toler\u00e0ncia, la just\u00edcia, la solidaritat i la no discriminaci\u00f3, alhora que donarem [&hellip;]<\/p>\n","protected":false},"author":1,"featured_media":0,"parent":5321,"menu_order":1,"comment_status":"closed","ping_status":"closed","template":"","meta":{"_bbp_topic_count":0,"_bbp_reply_count":0,"_bbp_total_topic_count":0,"_bbp_total_reply_count":0,"_bbp_voice_count":0,"_bbp_anonymous_reply_count":0,"_bbp_topic_count_hidden":0,"_bbp_reply_count_hidden":0,"_bbp_forum_subforum_count":0,"site-sidebar-layout":"default","site-content-layout":"","ast-site-content-layout":"default","site-content-style":"default","site-sidebar-style":"default","ast-global-header-display":"","ast-banner-title-visibility":"","ast-main-header-display":"","ast-hfb-above-header-display":"","ast-hfb-below-header-display":"","ast-hfb-mobile-header-display":"","site-post-title":"","ast-breadcrumbs-content":"","ast-featured-img":"","footer-sml-layout":"","theme-transparent-header-meta":"default","adv-header-id-meta":"","stick-header-meta":"","header-above-stick-meta":"","header-main-stick-meta":"","header-below-stick-meta":"","astra-migrate-meta-layouts":"set","ast-page-background-enabled":"default","ast-page-background-meta":{"desktop":{"background-color":"var(--ast-global-color-4)","background-image":"","background-repeat":"repeat","background-position":"center center","background-size":"auto","background-attachment":"scroll","background-type":"","background-media":"","overlay-type":"","overlay-color":"","overlay-opacity":"","overlay-gradient":""},"tablet":{"background-color":"","background-image":"","background-repeat":"repeat","background-position":"center center","background-size":"auto","background-attachment":"scroll","background-type":"","background-media":"","overlay-type":"","overlay-color":"","overlay-opacity":"","overlay-gradient":""},"mobile":{"background-color":"","background-image":"","background-repeat":"repeat","background-position":"center center","background-size":"auto","background-attachment":"scroll","background-type":"","background-media":"","overlay-type":"","overlay-color":"","overlay-opacity":"","overlay-gradient":""}},"ast-content-background-meta":{"desktop":{"background-color":"var(--ast-global-color-5)","background-image":"","background-repeat":"repeat","background-position":"center center","background-size":"auto","background-attachment":"scroll","background-type":"","background-media":"","overlay-type":"","overlay-color":"","overlay-opacity":"","overlay-gradient":""},"tablet":{"background-color":"var(--ast-global-color-5)","background-image":"","background-repeat":"repeat","background-position":"center center","background-size":"auto","background-attachment":"scroll","background-type":"","background-media":"","overlay-type":"","overlay-color":"","overlay-opacity":"","overlay-gradient":""},"mobile":{"background-color":"var(--ast-global-color-5)","background-image":"","background-repeat":"repeat","background-position":"center center","background-size":"auto","background-attachment":"scroll","background-type":"","background-media":"","overlay-type":"","overlay-color":"","overlay-opacity":"","overlay-gradient":""}},"footnotes":""},"class_list":["post-4556","page","type-page","status-publish","hentry"],"post_mailing_queue_ids":[],"_links":{"self":[{"href":"https:\/\/agora.xtec.cat\/ceipjosepnin\/wp-json\/wp\/v2\/pages\/4556","targetHints":{"allow":["GET"]}}],"collection":[{"href":"https:\/\/agora.xtec.cat\/ceipjosepnin\/wp-json\/wp\/v2\/pages"}],"about":[{"href":"https:\/\/agora.xtec.cat\/ceipjosepnin\/wp-json\/wp\/v2\/types\/page"}],"author":[{"embeddable":true,"href":"https:\/\/agora.xtec.cat\/ceipjosepnin\/wp-json\/wp\/v2\/users\/1"}],"replies":[{"embeddable":true,"href":"https:\/\/agora.xtec.cat\/ceipjosepnin\/wp-json\/wp\/v2\/comments?post=4556"}],"version-history":[{"count":7,"href":"https:\/\/agora.xtec.cat\/ceipjosepnin\/wp-json\/wp\/v2\/pages\/4556\/revisions"}],"predecessor-version":[{"id":5048,"href":"https:\/\/agora.xtec.cat\/ceipjosepnin\/wp-json\/wp\/v2\/pages\/4556\/revisions\/5048"}],"up":[{"embeddable":true,"href":"https:\/\/agora.xtec.cat\/ceipjosepnin\/wp-json\/wp\/v2\/pages\/5321"}],"wp:attachment":[{"href":"https:\/\/agora.xtec.cat\/ceipjosepnin\/wp-json\/wp\/v2\/media?parent=4556"}],"curies":[{"name":"wp","href":"https:\/\/api.w.org\/{rel}","templated":true}]}}