{"id":38,"date":"2014-09-18T12:34:08","date_gmt":"2014-09-18T11:34:08","guid":{"rendered":"http:\/\/agora.xtec.cat\/ceipjosepnin\/?page_id=38"},"modified":"2026-01-26T12:47:53","modified_gmt":"2026-01-26T11:47:53","slug":"salut","status":"publish","type":"page","link":"https:\/\/agora.xtec.cat\/ceipjosepnin\/curs-2025-26\/salut\/","title":{"rendered":"Salut"},"content":{"rendered":"<p style=\"text-align: left;\"><strong>4Farmaciola<\/strong><\/p>\n<p style=\"text-align: left;\">El nostre centre t\u00e9 una farmaciola a l&#8217;abast dels Mestres per a les urg\u00e8ncies que puguin apar\u00e8ixer.<br \/>\nHi ha una persona responsable de supervisar i reposar el seu contingut<span class=\"hiddenGrammarError\">.<\/span><\/p>\n<p style=\"text-align: left;\"><strong>Administraci\u00f3 de medicaments<\/strong><\/p>\n<p style=\"text-align: left;\">El centre no administrar\u00e0 medicaments als alumnes llevat que sigui estrictament necessari i s&#8217;hagi de donar en horari lectiu, que els pares portin un justificant amb el nom de l&#8217;alumne i del medicament, <span class=\"hiddenGreenError\">aix\u00ed com tamb\u00e9<\/span>\u00a0la dosis exacte que s&#8217;ha d&#8217;administrar.<\/p>\n<p style=\"text-align: left;\"><strong>Actuaci\u00f3 davant d&#8217;una emerg\u00e8ncia<\/strong><\/p>\n<p style=\"text-align: left;\">Mai deixarem a l&#8217;alumne sol. Seguidament\u00a0es\u00a0comunicar\u00e0 a la fam\u00edlia, i sols en el cas\u00a0que\u00a0no hi hagi cap pare o tutor legal, seria algun membre de l&#8217;escola qui acompanyaria a l&#8217;alumne al centre sanitari.<\/p>\n<p style=\"text-align: left;\"><strong>Abs\u00e8ncia a l&#8217;escola<\/strong><\/p>\n<p style=\"text-align: left;\">Per tal d&#8217;evitar possibles contagis de malalties infecciones entre alumnes, evitarem portar a l&#8217;alumne fins a la seva total recuperaci\u00f3. En el moment de tornar, portaran un justificant del metge indicant la seva curaci\u00f3.<br \/>\nSi a l&#8217;escola es detecta que un alumne pateix alguna malaltia infecciosa s&#8217;avisar\u00e0 a la fam\u00edlia\u00a0perqu\u00e8\u00a0el vinguin a buscar.<br \/>\nSeria convenient que els pares informessin l&#8217;escola de les malalties, cr\u00f2niques o no, dels nens tals com al\u00b7l\u00e8rgies, intoler\u00e0ncies, etc. per tal d&#8217;evitar incid\u00e8ncies.<\/p>\n<p style=\"text-align: left;\"><strong><em>Recomanacions del Departament de Sanitat davant\u00a0d&#8217;alguns\u00a0casos de malaltia<\/em>:<\/strong><\/p>\n<p style=\"text-align: left;\"><strong>FEBRE:<\/strong> Seria convenient que no vingu\u00e9s a l&#8217;escola fins que el nen no hagi deixat de tenir febre durant 24 hores.<\/p>\n<p style=\"text-align: left;\"><strong>VARICEL\u00b7LA:<\/strong> No venir a l&#8217;escola un cop hagin passat 6 dies despr\u00e9s d&#8217;haver aparegut l&#8217;exantema, o quan les lesions han fet crosta.<\/p>\n<p style=\"text-align: left;\"><strong>CONJUNTIVITIS<\/strong>: \u00c9s molt important que no vinguin a l&#8217;escola un cop passat les\u00a0<span class=\"hiddenGrammarError\">24h<\/span>\u00a0d&#8217;haver comen\u00e7at el tractament.<\/p>\n<p style=\"text-align: left;\"><strong>POLLS<\/strong>: \u00c9s necessari fer el tractament\u00a0complet\u00a0i eliminar els restes que puguin quedar. Seria convenient revisar els cabells\u00a0cada dia\u00a0i repetir el tractament al cap d&#8217;una setmana.<\/p>\n<p style=\"text-align: left;\"><strong>HERPES A LA BOCA:<\/strong>\u00a0A causa de\u00a0l&#8217;alt contagi d&#8217;aquesta malaltia, no portar al nen\/a fins que no s&#8217;hagin assecat i hagi fet crosta.<\/p>\n","protected":false},"excerpt":{"rendered":"<p>4Farmaciola El nostre centre t\u00e9 una farmaciola a l&#8217;abast dels Mestres per a les urg\u00e8ncies que puguin apar\u00e8ixer. Hi ha una persona responsable de supervisar i reposar el seu contingut. Administraci\u00f3 de medicaments El centre no administrar\u00e0 medicaments als alumnes llevat que sigui estrictament necessari i s&#8217;hagi de donar en horari lectiu, que els pares [&hellip;]<\/p>\n","protected":false},"author":1,"featured_media":0,"parent":3662,"menu_order":10,"comment_status":"closed","ping_status":"closed","template":"","meta":{"_bbp_topic_count":0,"_bbp_reply_count":0,"_bbp_total_topic_count":0,"_bbp_total_reply_count":0,"_bbp_voice_count":0,"_bbp_anonymous_reply_count":0,"_bbp_topic_count_hidden":0,"_bbp_reply_count_hidden":0,"_bbp_forum_subforum_count":0,"site-sidebar-layout":"default","site-content-layout":"","ast-site-content-layout":"default","site-content-style":"default","site-sidebar-style":"default","ast-global-header-display":"","ast-banner-title-visibility":"","ast-main-header-display":"","ast-hfb-above-header-display":"","ast-hfb-below-header-display":"","ast-hfb-mobile-header-display":"","site-post-title":"","ast-breadcrumbs-content":"","ast-featured-img":"","footer-sml-layout":"","theme-transparent-header-meta":"default","adv-header-id-meta":"","stick-header-meta":"","header-above-stick-meta":"","header-main-stick-meta":"","header-below-stick-meta":"","astra-migrate-meta-layouts":"set","ast-page-background-enabled":"default","ast-page-background-meta":{"desktop":{"background-color":"var(--ast-global-color-4)","background-image":"","background-repeat":"repeat","background-position":"center center","background-size":"auto","background-attachment":"scroll","background-type":"","background-media":"","overlay-type":"","overlay-color":"","overlay-opacity":"","overlay-gradient":""},"tablet":{"background-color":"","background-image":"","background-repeat":"repeat","background-position":"center center","background-size":"auto","background-attachment":"scroll","background-type":"","background-media":"","overlay-type":"","overlay-color":"","overlay-opacity":"","overlay-gradient":""},"mobile":{"background-color":"","background-image":"","background-repeat":"repeat","background-position":"center center","background-size":"auto","background-attachment":"scroll","background-type":"","background-media":"","overlay-type":"","overlay-color":"","overlay-opacity":"","overlay-gradient":""}},"ast-content-background-meta":{"desktop":{"background-color":"var(--ast-global-color-5)","background-image":"","background-repeat":"repeat","background-position":"center center","background-size":"auto","background-attachment":"scroll","background-type":"","background-media":"","overlay-type":"","overlay-color":"","overlay-opacity":"","overlay-gradient":""},"tablet":{"background-color":"var(--ast-global-color-5)","background-image":"","background-repeat":"repeat","background-position":"center center","background-size":"auto","background-attachment":"scroll","background-type":"","background-media":"","overlay-type":"","overlay-color":"","overlay-opacity":"","overlay-gradient":""},"mobile":{"background-color":"var(--ast-global-color-5)","background-image":"","background-repeat":"repeat","background-position":"center center","background-size":"auto","background-attachment":"scroll","background-type":"","background-media":"","overlay-type":"","overlay-color":"","overlay-opacity":"","overlay-gradient":""}},"footnotes":""},"class_list":["post-38","page","type-page","status-publish","hentry"],"post_mailing_queue_ids":[],"_links":{"self":[{"href":"https:\/\/agora.xtec.cat\/ceipjosepnin\/wp-json\/wp\/v2\/pages\/38","targetHints":{"allow":["GET"]}}],"collection":[{"href":"https:\/\/agora.xtec.cat\/ceipjosepnin\/wp-json\/wp\/v2\/pages"}],"about":[{"href":"https:\/\/agora.xtec.cat\/ceipjosepnin\/wp-json\/wp\/v2\/types\/page"}],"author":[{"embeddable":true,"href":"https:\/\/agora.xtec.cat\/ceipjosepnin\/wp-json\/wp\/v2\/users\/1"}],"replies":[{"embeddable":true,"href":"https:\/\/agora.xtec.cat\/ceipjosepnin\/wp-json\/wp\/v2\/comments?post=38"}],"version-history":[{"count":5,"href":"https:\/\/agora.xtec.cat\/ceipjosepnin\/wp-json\/wp\/v2\/pages\/38\/revisions"}],"predecessor-version":[{"id":5802,"href":"https:\/\/agora.xtec.cat\/ceipjosepnin\/wp-json\/wp\/v2\/pages\/38\/revisions\/5802"}],"up":[{"embeddable":true,"href":"https:\/\/agora.xtec.cat\/ceipjosepnin\/wp-json\/wp\/v2\/pages\/3662"}],"wp:attachment":[{"href":"https:\/\/agora.xtec.cat\/ceipjosepnin\/wp-json\/wp\/v2\/media?parent=38"}],"curies":[{"name":"wp","href":"https:\/\/api.w.org\/{rel}","templated":true}]}}