{"id":30,"date":"2014-09-18T12:30:23","date_gmt":"2014-09-18T11:30:23","guid":{"rendered":"http:\/\/agora.xtec.cat\/ceipjosepnin\/?page_id=30"},"modified":"2025-11-06T12:56:40","modified_gmt":"2025-11-06T11:56:40","slug":"instal%c2%b7lacions","status":"publish","type":"page","link":"https:\/\/agora.xtec.cat\/ceipjosepnin\/lescola\/instal%c2%b7lacions\/","title":{"rendered":"Instal\u00b7lacions"},"content":{"rendered":"<p data-start=\"324\" data-end=\"470\">L\u2019edifici de l\u2019Escola Josep Nin \u00e9s funcional i est\u00e0 distribu\u00eft en <strong data-start=\"390\" data-end=\"406\">tres nivells<\/strong>, amb espais adaptats a les necessitats educatives de l\u2019alumnat.<\/p>\n<hr data-start=\"472\" data-end=\"475\" \/>\n<h4 data-start=\"477\" data-end=\"523\">\ud83d\udfe9 <strong data-start=\"485\" data-end=\"503\">Zona d\u2019entrada<\/strong> <em data-start=\"504\" data-end=\"521\">(nivell carrer)<\/em><\/h4>\n<ul data-start=\"524\" data-end=\"715\">\n<li data-start=\"524\" data-end=\"537\">\n<p data-start=\"526\" data-end=\"537\">\ud83c\udf7d\ufe0f Cuina<\/p>\n<\/li>\n<li data-start=\"538\" data-end=\"603\">\n<p data-start=\"540\" data-end=\"603\">\ud83e\udde9 Sala polivalent (audiovisuals, psicomotricitat, menjador\u2026)<\/p>\n<\/li>\n<li data-start=\"604\" data-end=\"628\">\n<p data-start=\"606\" data-end=\"628\">\ud83d\udebb Lavabo de mestres<\/p>\n<\/li>\n<li data-start=\"629\" data-end=\"658\">\n<p data-start=\"631\" data-end=\"658\">\ud83e\uddf1 Petita sala polivalent<\/p>\n<\/li>\n<li data-start=\"659\" data-end=\"676\">\n<p data-start=\"661\" data-end=\"676\">\ud83d\udcda Biblioteca<\/p>\n<\/li>\n<li data-start=\"677\" data-end=\"715\">\n<p data-start=\"679\" data-end=\"715\">\ud83d\udda5\ufe0f Despatx de direcci\u00f3 i secretaria<\/p>\n<\/li>\n<\/ul>\n<hr data-start=\"717\" data-end=\"720\" \/>\n<h4 data-start=\"722\" data-end=\"748\">\ud83d\udfe8 <strong data-start=\"730\" data-end=\"746\">Planta baixa<\/strong><\/h4>\n<ul data-start=\"749\" data-end=\"905\">\n<li data-start=\"749\" data-end=\"819\">\n<p data-start=\"751\" data-end=\"789\">\ud83e\uddd2 Aula de la classe de les Llavors:<\/p>\n<ul data-start=\"792\" data-end=\"819\">\n<li data-start=\"792\" data-end=\"805\">\n<p data-start=\"794\" data-end=\"805\">Llar i I3<\/p>\n<\/li>\n<li data-start=\"808\" data-end=\"819\">\n<p data-start=\"810\" data-end=\"819\">I4 i I5<\/p>\n<\/li>\n<\/ul>\n<\/li>\n<li data-start=\"820\" data-end=\"854\">\n<p data-start=\"822\" data-end=\"854\">\ud83e\uddfc Dos lavabos per a l\u2019alumnat<\/p>\n<\/li>\n<li data-start=\"855\" data-end=\"905\">\n<p data-start=\"857\" data-end=\"905\">\ud83c\udfde\ufe0f Cadascuna de les aules disposa de pati propi<\/p>\n<\/li>\n<\/ul>\n<hr data-start=\"907\" data-end=\"910\" \/>\n<h4 data-start=\"912\" data-end=\"940\">\ud83d\udfe6 <strong data-start=\"920\" data-end=\"938\">Primera planta<\/strong><\/h4>\n<ul data-start=\"941\" data-end=\"1139\">\n<li data-start=\"941\" data-end=\"1048\">\n<p data-start=\"943\" data-end=\"974\">\ud83e\uddd1\u200d\ud83c\udfeb Tres aules de prim\u00e0ria:<\/p>\n<ul data-start=\"977\" data-end=\"1048\">\n<li data-start=\"977\" data-end=\"1001\">\n<p data-start=\"979\" data-end=\"1001\">Classe de les Arrels<\/p>\n<\/li>\n<li data-start=\"1004\" data-end=\"1023\">\n<p data-start=\"1006\" data-end=\"1023\">Classe de les Branques<\/p>\n<\/li>\n<li data-start=\"1026\" data-end=\"1048\">\n<p data-start=\"1028\" data-end=\"1048\">Classe dels Fruits<\/p>\n<\/li>\n<\/ul>\n<\/li>\n<li data-start=\"1049\" data-end=\"1078\">\n<p data-start=\"1051\" data-end=\"1078\">\ud83e\uddf1 Petita aula polivalent<\/p>\n<\/li>\n<li data-start=\"1079\" data-end=\"1113\">\n<p data-start=\"1081\" data-end=\"1113\">\ud83d\udebb Dos lavabos per a l\u2019alumnat<\/p>\n<\/li>\n<li data-start=\"1114\" data-end=\"1139\">\n<p data-start=\"1116\" data-end=\"1139\">\ud83d\udce6 Magatzem de material<\/p>\n<\/li>\n<\/ul>\n<hr data-start=\"1141\" data-end=\"1144\" \/>\n<h3 data-start=\"1146\" data-end=\"1169\">\ud83c\udf3f Espais exteriors<\/h3>\n<ul data-start=\"1171\" data-end=\"1328\">\n<li data-start=\"1171\" data-end=\"1203\">\n<p data-start=\"1173\" data-end=\"1203\">\ud83c\udfdb\ufe0f Ampli vest\u00edbul d\u2019entrada<\/p>\n<\/li>\n<li data-start=\"1204\" data-end=\"1237\">\n<p data-start=\"1206\" data-end=\"1237\">\ud83c\udfe0 Porxos al pati de prim\u00e0ria<\/p>\n<\/li>\n<li data-start=\"1238\" data-end=\"1328\">\n<p data-start=\"1240\" data-end=\"1263\">\ud83c\udfc3\u200d\u2642\ufe0f Zona esportiva:<\/p>\n<ul data-start=\"1266\" data-end=\"1328\">\n<li data-start=\"1266\" data-end=\"1300\">\n<p data-start=\"1268\" data-end=\"1300\">Pista poliesportiva amb grades<\/p>\n<\/li>\n<li data-start=\"1303\" data-end=\"1316\">\n<p data-start=\"1305\" data-end=\"1316\">Vestidors<\/p>\n<\/li>\n<li data-start=\"1319\" data-end=\"1328\">\n<p data-start=\"1321\" data-end=\"1328\">Lavabos<\/p>\n<\/li>\n<\/ul>\n<\/li>\n<\/ul>\n","protected":false},"excerpt":{"rendered":"<p>L\u2019edifici de l\u2019Escola Josep Nin \u00e9s funcional i est\u00e0 distribu\u00eft en tres nivells, amb espais adaptats a les necessitats educatives de l\u2019alumnat. \ud83d\udfe9 Zona d\u2019entrada (nivell carrer) \ud83c\udf7d\ufe0f Cuina \ud83e\udde9 Sala polivalent (audiovisuals, psicomotricitat, menjador\u2026) \ud83d\udebb Lavabo de mestres \ud83e\uddf1 Petita sala polivalent \ud83d\udcda Biblioteca \ud83d\udda5\ufe0f Despatx de direcci\u00f3 i secretaria \ud83d\udfe8 Planta baixa \ud83e\uddd2 [&hellip;]<\/p>\n","protected":false},"author":1,"featured_media":0,"parent":22,"menu_order":3,"comment_status":"closed","ping_status":"closed","template":"","meta":{"_bbp_topic_count":0,"_bbp_reply_count":0,"_bbp_total_topic_count":0,"_bbp_total_reply_count":0,"_bbp_voice_count":0,"_bbp_anonymous_reply_count":0,"_bbp_topic_count_hidden":0,"_bbp_reply_count_hidden":0,"_bbp_forum_subforum_count":0,"site-sidebar-layout":"default","site-content-layout":"","ast-site-content-layout":"default","site-content-style":"default","site-sidebar-style":"default","ast-global-header-display":"","ast-banner-title-visibility":"","ast-main-header-display":"","ast-hfb-above-header-display":"","ast-hfb-below-header-display":"","ast-hfb-mobile-header-display":"","site-post-title":"","ast-breadcrumbs-content":"","ast-featured-img":"","footer-sml-layout":"","theme-transparent-header-meta":"default","adv-header-id-meta":"","stick-header-meta":"","header-above-stick-meta":"","header-main-stick-meta":"","header-below-stick-meta":"","astra-migrate-meta-layouts":"set","ast-page-background-enabled":"default","ast-page-background-meta":{"desktop":{"background-color":"var(--ast-global-color-4)","background-image":"","background-repeat":"repeat","background-position":"center center","background-size":"auto","background-attachment":"scroll","background-type":"","background-media":"","overlay-type":"","overlay-color":"","overlay-opacity":"","overlay-gradient":""},"tablet":{"background-color":"","background-image":"","background-repeat":"repeat","background-position":"center center","background-size":"auto","background-attachment":"scroll","background-type":"","background-media":"","overlay-type":"","overlay-color":"","overlay-opacity":"","overlay-gradient":""},"mobile":{"background-color":"","background-image":"","background-repeat":"repeat","background-position":"center center","background-size":"auto","background-attachment":"scroll","background-type":"","background-media":"","overlay-type":"","overlay-color":"","overlay-opacity":"","overlay-gradient":""}},"ast-content-background-meta":{"desktop":{"background-color":"var(--ast-global-color-5)","background-image":"","background-repeat":"repeat","background-position":"center center","background-size":"auto","background-attachment":"scroll","background-type":"","background-media":"","overlay-type":"","overlay-color":"","overlay-opacity":"","overlay-gradient":""},"tablet":{"background-color":"var(--ast-global-color-5)","background-image":"","background-repeat":"repeat","background-position":"center center","background-size":"auto","background-attachment":"scroll","background-type":"","background-media":"","overlay-type":"","overlay-color":"","overlay-opacity":"","overlay-gradient":""},"mobile":{"background-color":"var(--ast-global-color-5)","background-image":"","background-repeat":"repeat","background-position":"center center","background-size":"auto","background-attachment":"scroll","background-type":"","background-media":"","overlay-type":"","overlay-color":"","overlay-opacity":"","overlay-gradient":""}},"footnotes":""},"class_list":["post-30","page","type-page","status-publish","hentry"],"post_mailing_queue_ids":[],"_links":{"self":[{"href":"https:\/\/agora.xtec.cat\/ceipjosepnin\/wp-json\/wp\/v2\/pages\/30","targetHints":{"allow":["GET"]}}],"collection":[{"href":"https:\/\/agora.xtec.cat\/ceipjosepnin\/wp-json\/wp\/v2\/pages"}],"about":[{"href":"https:\/\/agora.xtec.cat\/ceipjosepnin\/wp-json\/wp\/v2\/types\/page"}],"author":[{"embeddable":true,"href":"https:\/\/agora.xtec.cat\/ceipjosepnin\/wp-json\/wp\/v2\/users\/1"}],"replies":[{"embeddable":true,"href":"https:\/\/agora.xtec.cat\/ceipjosepnin\/wp-json\/wp\/v2\/comments?post=30"}],"version-history":[{"count":7,"href":"https:\/\/agora.xtec.cat\/ceipjosepnin\/wp-json\/wp\/v2\/pages\/30\/revisions"}],"predecessor-version":[{"id":5573,"href":"https:\/\/agora.xtec.cat\/ceipjosepnin\/wp-json\/wp\/v2\/pages\/30\/revisions\/5573"}],"up":[{"embeddable":true,"href":"https:\/\/agora.xtec.cat\/ceipjosepnin\/wp-json\/wp\/v2\/pages\/22"}],"wp:attachment":[{"href":"https:\/\/agora.xtec.cat\/ceipjosepnin\/wp-json\/wp\/v2\/media?parent=30"}],"curies":[{"name":"wp","href":"https:\/\/api.w.org\/{rel}","templated":true}]}}