{"id":2872,"date":"2022-04-29T09:17:20","date_gmt":"2022-04-29T07:17:20","guid":{"rendered":"https:\/\/agora.xtec.cat\/ceipjosepnin\/?page_id=2872"},"modified":"2025-10-29T16:04:33","modified_gmt":"2025-10-29T15:04:33","slug":"alumnes","status":"publish","type":"page","link":"https:\/\/agora.xtec.cat\/ceipjosepnin\/programes-dinnovacio-pedagogica\/estrategia-i-cultura-digital-de-centre\/cultura-digital\/alumnes\/","title":{"rendered":"Canals de comunicaci\u00f3 de l&#8217;alumnat"},"content":{"rendered":"<p style=\"text-align: center;\"><a href=\"https:\/\/agora.xtec.cat\/ceipjosepnin\/wp-content\/uploads\/usu1980\/2022\/05\/CANALS-DE-COMUNICACIO-ALUMNAT_page-0001-1-scaled.jpg\"><img loading=\"lazy\" decoding=\"async\" class=\"alignnone size-large wp-image-2918\" src=\"https:\/\/agora.xtec.cat\/ceipjosepnin\/wp-content\/uploads\/usu1980\/2022\/05\/CANALS-DE-COMUNICACIO-ALUMNAT_page-0001-1-410x1024.jpg\" alt=\"\" width=\"410\" height=\"1024\" srcset=\"https:\/\/agora.xtec.cat\/ceipjosepnin\/wp-content\/uploads\/usu1980\/2022\/05\/CANALS-DE-COMUNICACIO-ALUMNAT_page-0001-1-410x1024.jpg 410w, https:\/\/agora.xtec.cat\/ceipjosepnin\/wp-content\/uploads\/usu1980\/2022\/05\/CANALS-DE-COMUNICACIO-ALUMNAT_page-0001-1-120x300.jpg 120w, https:\/\/agora.xtec.cat\/ceipjosepnin\/wp-content\/uploads\/usu1980\/2022\/05\/CANALS-DE-COMUNICACIO-ALUMNAT_page-0001-1-768x1920.jpg 768w, https:\/\/agora.xtec.cat\/ceipjosepnin\/wp-content\/uploads\/usu1980\/2022\/05\/CANALS-DE-COMUNICACIO-ALUMNAT_page-0001-1-819x2048.jpg 819w, https:\/\/agora.xtec.cat\/ceipjosepnin\/wp-content\/uploads\/usu1980\/2022\/05\/CANALS-DE-COMUNICACIO-ALUMNAT_page-0001-1-scaled.jpg 1024w\" sizes=\"auto, (max-width: 410px) 100vw, 410px\" \/><\/a><\/p>\n<ul>\n<li>\n<h5><span style=\"font-size: 1.125em;\">Google Workspace<\/span><b><\/b><\/h5>\n<\/li>\n<\/ul>\n<p>Cada alumne\/a de l\u2019escola disposa del seu compte personal i intransferible, format per\u00a0<b>nomcognom@escolajosepnin.cat <\/b>que li permet poder obrir els diferents serveis de Google Workspace.<\/p>\n<p>Per assegurar que els infants trobaran un entorn del tot correcte i adequat s\u2019han activat alguns dels serveis potencials de l\u2019eina:<\/p>\n<ul>\n<li aria-level=\"1\">Classroom (aulari virtual)<\/li>\n<li aria-level=\"1\">Drive i Documents (eines de treball)<img loading=\"lazy\" decoding=\"async\" class=\"alignright\" src=\"https:\/\/s1.eestatic.com\/2020\/10\/06\/omicrono\/software\/google-software-internet_526208679_161870832_1024x576.jpg\" alt=\"Adi\u00f3s a tu cuenta gratis de G Suite en julio: Google obligar\u00e1 a pagar por Workspace\" width=\"224\" height=\"126\" \/><\/li>\n<li aria-level=\"1\">Meet (videoconfer\u00e8ncies amb les fam\u00edlies o amb alumnes, en cas de malaltia)<\/li>\n<li aria-level=\"1\">Gmail<\/li>\n<\/ul>\n<p>&nbsp;<\/p>\n<p><strong>Utilitzaci\u00f3 del\u00a0 Google Workspace\u00a0 \u00a0 \u00a0 \u00a0 \u00a0 \u00a0 \u00a0 \u00a0 \u00a0 \u00a0 \u00a0 \u00a0 \u00a0 \u00a0 \u00a0 \u00a0 \u00a0 \u00a0 \u00a0 \u00a0 \u00a0 \u00a0 \u00a0 \u00a0 \u00a0 \u00a0 \u00a0 \u00a0 \u00a0 \u00a0 \u00a0 \u00a0\u00a0<\/strong><\/p>\n<p>L\u2019\u00fas i els serveis de Google Workspace estan disponibles per la comunitat de l\u2019Escola Josep Nin i en pot fer \u00fas qualsevol persona que tingui identificaci\u00f3 \u00fanica del centre.<\/p>\n<p>Els comptes de Google Workspace for Education estan creats i utilitzats d\u2019acord amb les condicions establertes en l\u2019acord subscrit entre l\u2019escola i Google.<\/p>\n<p>Tot l\u2019alumnat disposar\u00e0 d\u2019un usuari que consistir\u00e0 en: \u201d nom + cognom\u201d @escolajosepnin.cat<\/p>\n<p>&nbsp;<\/p>\n<p><b>Comprom\u00eds dels usuaris amb un compte de Google<\/b><\/p>\n<p><strong>L\u2019\u00fas del compte Google Workspace per part dels alumnes \u00e9s exclusivament educatiu. Queda prohibit l\u2019\u00fas d\u2019aquest compte en el registre a p\u00e0gines web o aplicacions de car\u00e0cter no educatiu, com videojocs o xarxes socials.<\/strong><\/p>\n<p>No es podr\u00e0 fer servir l\u2019entorn Google Workspace de l\u2019escola per emmagatzemar, compartir o editar cap tipus de material obtingut de manera il\u00b7legal o que no respecti els drets d\u2019autor.<\/p>\n<p>L\u2019\u00fas del compte ha de respectar en tot moment les normes de conviv\u00e8ncia del centre recollides a la normativa del centre. El seu incompliment pot comportar la limitaci\u00f3 d\u2019acc\u00e9s a la mateixa.<\/p>\n<p>&nbsp;<\/p>\n<p><b>Administraci\u00f3 del compte de Google<\/b><\/p>\n<p>\u00c9s el centre qui gestionar\u00e0 la creaci\u00f3 dels usuaris i les contrasenyes associades als serveis de Google Workspace, sempre amb finalitats pedag\u00f2giques.<\/p>\n<p>Cada alumne disposar\u00e0 d\u2019un \u00fanic compte de Google Workspace de\u00a0 l\u2019escola per \u00fas exclusiu a l\u2019\u00e0mbit escolar i educatiu. Aquest compte \u00e9s personal i intransferible, \u00e9s una falta greu facilitar o oferir acc\u00e9s a persones no autoritzades.<\/p>\n<p>Quan un alumne deixi d\u2019estar matriculat a l\u2019escola, es procedir\u00e0 a eliminar el seu compte.<\/p>\n<p>L\u2019escola es reserva el dret a condicionar el desplegament de les aplicacions segons criteris pedag\u00f2gics i l\u2019edat dels alumnes.<\/p>\n<p><strong>Els docents podran consultar el registre de les accions que realitzen els alumnes, consultar el seu historial de navegaci\u00f3, entrar al correu dels alumnes i veure els mails que han enviat o rebut i entrar als documents que han generat encara que no els hagi compartit amb ning\u00fa.<\/strong><\/p>\n<p><strong>En el cas que hi hagi indicis que el compte d\u2019un alumne es pugui veure involucrada en casos greus de disciplina com ciberassetjament, podr\u00e0 ser intervinguda, suspesa i\/o supervisada per la Direcci\u00f3 del centre.<\/strong><\/p>\n<p><strong>El centre no es fa responsable de l\u2019\u00fas indegut del recurs i dels seus continguts per part dels usuaris. L\u2019usuari\/a, acompanyat\/da dels seus tutors legals, ser\u00e0 l\u2019\u00fanic\/a responsable de les infraccions en qu\u00e8 pugui inc\u00f3rrer o dels prejudicis que pugui causar per un \u00fas inadequat dels seus serveis o dels seus continguts.<\/strong><\/p>\n<p>&nbsp;<\/p>\n<p><b>Autoritzacions<\/b><\/p>\n<p>Tots els alumnes hauran de tenir obligat\u00f2riament l\u2019autoritzaci\u00f3 d\u2019\u00fas dels serveis per part dels seus responsables legals.<\/p>\n<p>&nbsp;<\/p>\n<ul>\n<li>\n<h5><span style=\"font-size: 1.125em;\">Compet\u00e8ncies b\u00e0siques de l\u2019\u00e0mbit digital<\/span><\/h5>\n<\/li>\n<\/ul>\n<p>Segons el <em>decret 175\/2022, de 27 de setembre de 2022, d&#8217;ordenaci\u00f3 dels ensenyaments de l&#8217;educaci\u00f3 b\u00e0sica a Catalunya<\/em>; la compet\u00e8ncia digital passa a formar part de les 8 compet\u00e8ncies clau, que es recullen en el perfil de sortida de l&#8217;alumne\/a, i que aquest\/a a ha d&#8217;assolir durant l&#8217;etapa de l&#8217;educaci\u00f3 b\u00e0sica.<\/p>\n<p style=\"text-align: left;\"><strong>Compet\u00e8ncia digital (CD)<\/strong><br \/>\nLa compet\u00e8ncia digital implica l\u2019\u00fas segur, saludable, sostenible, cr\u00edtic i responsable de les tecnologies digitals per al desenvolupament i benestar personal, per a l\u2019aprenentatge, per a la feina, per a l\u2019oci i per a la participaci\u00f3 en la societat.<br \/>\nInclou la gesti\u00f3 de dispositius i aplicacions digitals (maneig, configuraci\u00f3, manteniment), l\u2019alfabetitzaci\u00f3 en informaci\u00f3 i dades, la comunicaci\u00f3 i la col\u00b7laboraci\u00f3, l\u2019educaci\u00f3 medi\u00e0tica, la creaci\u00f3 de continguts digitals (inclosa la programaci\u00f3), la seguretat (incl\u00f2s el benestar digital i les compet\u00e8ncies relacionades amb la ciberseguretat), assumptes relacionats amb la ciutadania digital, la privacitat, la propietat intel\u00b7lectual, la resoluci\u00f3 de problemes i el pensament computacional i cr\u00edtic.<\/p>\n<p>Consulta <a href=\"https:\/\/portaldogc.gencat.cat\/utilsEADOP\/PDF\/8762\/1928585.pdf\">aqu\u00ed<\/a> l&#8217;apartat del <em>decret 175\/2022<\/em> dedica a la compet\u00e8ncia digital (p\u00e0gines 39-40 i 455)<\/p>\n","protected":false},"excerpt":{"rendered":"<p>Google Workspace Cada alumne\/a de l\u2019escola disposa del seu compte personal i intransferible, format per\u00a0nomcognom@escolajosepnin.cat que li permet poder obrir els diferents serveis de Google Workspace. Per assegurar que els infants trobaran un entorn del tot correcte i adequat s\u2019han activat alguns dels serveis potencials de l\u2019eina: Classroom (aulari virtual) Drive i Documents (eines de [&hellip;]<\/p>\n","protected":false},"author":1,"featured_media":0,"parent":2845,"menu_order":2,"comment_status":"closed","ping_status":"closed","template":"","meta":{"_bbp_topic_count":0,"_bbp_reply_count":0,"_bbp_total_topic_count":0,"_bbp_total_reply_count":0,"_bbp_voice_count":0,"_bbp_anonymous_reply_count":0,"_bbp_topic_count_hidden":0,"_bbp_reply_count_hidden":0,"_bbp_forum_subforum_count":0,"site-sidebar-layout":"default","site-content-layout":"","ast-site-content-layout":"default","site-content-style":"default","site-sidebar-style":"default","ast-global-header-display":"","ast-banner-title-visibility":"","ast-main-header-display":"","ast-hfb-above-header-display":"","ast-hfb-below-header-display":"","ast-hfb-mobile-header-display":"","site-post-title":"","ast-breadcrumbs-content":"","ast-featured-img":"","footer-sml-layout":"","theme-transparent-header-meta":"default","adv-header-id-meta":"","stick-header-meta":"","header-above-stick-meta":"","header-main-stick-meta":"","header-below-stick-meta":"","astra-migrate-meta-layouts":"set","ast-page-background-enabled":"default","ast-page-background-meta":{"desktop":{"background-color":"var(--ast-global-color-4)","background-image":"","background-repeat":"repeat","background-position":"center center","background-size":"auto","background-attachment":"scroll","background-type":"","background-media":"","overlay-type":"","overlay-color":"","overlay-opacity":"","overlay-gradient":""},"tablet":{"background-color":"","background-image":"","background-repeat":"repeat","background-position":"center center","background-size":"auto","background-attachment":"scroll","background-type":"","background-media":"","overlay-type":"","overlay-color":"","overlay-opacity":"","overlay-gradient":""},"mobile":{"background-color":"","background-image":"","background-repeat":"repeat","background-position":"center center","background-size":"auto","background-attachment":"scroll","background-type":"","background-media":"","overlay-type":"","overlay-color":"","overlay-opacity":"","overlay-gradient":""}},"ast-content-background-meta":{"desktop":{"background-color":"var(--ast-global-color-5)","background-image":"","background-repeat":"repeat","background-position":"center center","background-size":"auto","background-attachment":"scroll","background-type":"","background-media":"","overlay-type":"","overlay-color":"","overlay-opacity":"","overlay-gradient":""},"tablet":{"background-color":"var(--ast-global-color-5)","background-image":"","background-repeat":"repeat","background-position":"center center","background-size":"auto","background-attachment":"scroll","background-type":"","background-media":"","overlay-type":"","overlay-color":"","overlay-opacity":"","overlay-gradient":""},"mobile":{"background-color":"var(--ast-global-color-5)","background-image":"","background-repeat":"repeat","background-position":"center center","background-size":"auto","background-attachment":"scroll","background-type":"","background-media":"","overlay-type":"","overlay-color":"","overlay-opacity":"","overlay-gradient":""}},"footnotes":""},"class_list":["post-2872","page","type-page","status-publish","hentry"],"post_mailing_queue_ids":[],"_links":{"self":[{"href":"https:\/\/agora.xtec.cat\/ceipjosepnin\/wp-json\/wp\/v2\/pages\/2872","targetHints":{"allow":["GET"]}}],"collection":[{"href":"https:\/\/agora.xtec.cat\/ceipjosepnin\/wp-json\/wp\/v2\/pages"}],"about":[{"href":"https:\/\/agora.xtec.cat\/ceipjosepnin\/wp-json\/wp\/v2\/types\/page"}],"author":[{"embeddable":true,"href":"https:\/\/agora.xtec.cat\/ceipjosepnin\/wp-json\/wp\/v2\/users\/1"}],"replies":[{"embeddable":true,"href":"https:\/\/agora.xtec.cat\/ceipjosepnin\/wp-json\/wp\/v2\/comments?post=2872"}],"version-history":[{"count":5,"href":"https:\/\/agora.xtec.cat\/ceipjosepnin\/wp-json\/wp\/v2\/pages\/2872\/revisions"}],"predecessor-version":[{"id":5370,"href":"https:\/\/agora.xtec.cat\/ceipjosepnin\/wp-json\/wp\/v2\/pages\/2872\/revisions\/5370"}],"up":[{"embeddable":true,"href":"https:\/\/agora.xtec.cat\/ceipjosepnin\/wp-json\/wp\/v2\/pages\/2845"}],"wp:attachment":[{"href":"https:\/\/agora.xtec.cat\/ceipjosepnin\/wp-json\/wp\/v2\/media?parent=2872"}],"curies":[{"name":"wp","href":"https:\/\/api.w.org\/{rel}","templated":true}]}}