{"id":2860,"date":"2022-04-28T12:10:14","date_gmt":"2022-04-28T10:10:14","guid":{"rendered":"https:\/\/agora.xtec.cat\/ceipjosepnin\/?page_id=2860"},"modified":"2026-02-18T12:04:02","modified_gmt":"2026-02-18T11:04:02","slug":"estrategia-i-cultura-digital-de-centre","status":"publish","type":"page","link":"https:\/\/agora.xtec.cat\/ceipjosepnin\/programes-dinnovacio-pedagogica\/estrategia-i-cultura-digital-de-centre\/","title":{"rendered":"Estrat\u00e8gia digital de centre"},"content":{"rendered":"<p style=\"text-align: justify;\">L\u2019<strong>Estrat\u00e8gia Digital de Centre<\/strong> (EDC)\u00a0 recull totes les accions que es realitzen en un centre per aconseguir la compet\u00e8ncia digital de l\u2019alumnat, del professorat i del centre educatiu. Per aconseguir aquesta compet\u00e8ncia digital, l\u2019EDC compr\u00e8n tots els \u00e0mbits del centre: organitzatius, metodol\u00f2gics, curriculars i comunicatius, els quals s\u2019han de veure necess\u00e0riament implicats i, si escau, transformats, des d\u2019una perspectiva d\u2019innovaci\u00f3 i de millora cont\u00ednua.<\/p>\n<p style=\"text-align: justify;\">Els objectius de l\u2019EDC es poden agrupar en cinc \u00e0mbits:<\/p>\n<ul>\n<li style=\"text-align: justify;\">Assoliment de la compet\u00e8ncia digital<\/li>\n<li style=\"text-align: justify;\">Planificaci\u00f3 estrat\u00e8gica i organitzaci\u00f3<\/li>\n<li style=\"text-align: justify;\">Metodologies did\u00e0ctiques i innovaci\u00f3<\/li>\n<li style=\"text-align: justify;\">Inclusi\u00f3 digital i de g\u00e8nere<\/li>\n<li style=\"text-align: justify;\">Seguretat i protecci\u00f3 de dades<\/li>\n<\/ul>\n<p>&nbsp;<\/p>\n<p>&nbsp;<\/p>\n<p>&nbsp;<\/p>\n","protected":false},"excerpt":{"rendered":"<p>L\u2019Estrat\u00e8gia Digital de Centre (EDC)\u00a0 recull totes les accions que es realitzen en un centre per aconseguir la compet\u00e8ncia digital de l\u2019alumnat, del professorat i del centre educatiu. Per aconseguir aquesta compet\u00e8ncia digital, l\u2019EDC compr\u00e8n tots els \u00e0mbits del centre: organitzatius, metodol\u00f2gics, curriculars i comunicatius, els quals s\u2019han de veure necess\u00e0riament implicats i, si escau, [&hellip;]<\/p>\n","protected":false},"author":1,"featured_media":0,"parent":5321,"menu_order":5,"comment_status":"closed","ping_status":"closed","template":"","meta":{"_bbp_topic_count":0,"_bbp_reply_count":0,"_bbp_total_topic_count":0,"_bbp_total_reply_count":0,"_bbp_voice_count":0,"_bbp_anonymous_reply_count":0,"_bbp_topic_count_hidden":0,"_bbp_reply_count_hidden":0,"_bbp_forum_subforum_count":0,"site-sidebar-layout":"default","site-content-layout":"","ast-site-content-layout":"default","site-content-style":"default","site-sidebar-style":"default","ast-global-header-display":"","ast-banner-title-visibility":"","ast-main-header-display":"","ast-hfb-above-header-display":"","ast-hfb-below-header-display":"","ast-hfb-mobile-header-display":"","site-post-title":"","ast-breadcrumbs-content":"","ast-featured-img":"","footer-sml-layout":"","theme-transparent-header-meta":"default","adv-header-id-meta":"","stick-header-meta":"","header-above-stick-meta":"","header-main-stick-meta":"","header-below-stick-meta":"","astra-migrate-meta-layouts":"set","ast-page-background-enabled":"default","ast-page-background-meta":{"desktop":{"background-color":"var(--ast-global-color-4)","background-image":"","background-repeat":"repeat","background-position":"center center","background-size":"auto","background-attachment":"scroll","background-type":"","background-media":"","overlay-type":"","overlay-color":"","overlay-opacity":"","overlay-gradient":""},"tablet":{"background-color":"","background-image":"","background-repeat":"repeat","background-position":"center center","background-size":"auto","background-attachment":"scroll","background-type":"","background-media":"","overlay-type":"","overlay-color":"","overlay-opacity":"","overlay-gradient":""},"mobile":{"background-color":"","background-image":"","background-repeat":"repeat","background-position":"center center","background-size":"auto","background-attachment":"scroll","background-type":"","background-media":"","overlay-type":"","overlay-color":"","overlay-opacity":"","overlay-gradient":""}},"ast-content-background-meta":{"desktop":{"background-color":"var(--ast-global-color-5)","background-image":"","background-repeat":"repeat","background-position":"center center","background-size":"auto","background-attachment":"scroll","background-type":"","background-media":"","overlay-type":"","overlay-color":"","overlay-opacity":"","overlay-gradient":""},"tablet":{"background-color":"var(--ast-global-color-5)","background-image":"","background-repeat":"repeat","background-position":"center center","background-size":"auto","background-attachment":"scroll","background-type":"","background-media":"","overlay-type":"","overlay-color":"","overlay-opacity":"","overlay-gradient":""},"mobile":{"background-color":"var(--ast-global-color-5)","background-image":"","background-repeat":"repeat","background-position":"center center","background-size":"auto","background-attachment":"scroll","background-type":"","background-media":"","overlay-type":"","overlay-color":"","overlay-opacity":"","overlay-gradient":""}},"footnotes":""},"class_list":["post-2860","page","type-page","status-publish","hentry"],"post_mailing_queue_ids":[],"_links":{"self":[{"href":"https:\/\/agora.xtec.cat\/ceipjosepnin\/wp-json\/wp\/v2\/pages\/2860","targetHints":{"allow":["GET"]}}],"collection":[{"href":"https:\/\/agora.xtec.cat\/ceipjosepnin\/wp-json\/wp\/v2\/pages"}],"about":[{"href":"https:\/\/agora.xtec.cat\/ceipjosepnin\/wp-json\/wp\/v2\/types\/page"}],"author":[{"embeddable":true,"href":"https:\/\/agora.xtec.cat\/ceipjosepnin\/wp-json\/wp\/v2\/users\/1"}],"replies":[{"embeddable":true,"href":"https:\/\/agora.xtec.cat\/ceipjosepnin\/wp-json\/wp\/v2\/comments?post=2860"}],"version-history":[{"count":6,"href":"https:\/\/agora.xtec.cat\/ceipjosepnin\/wp-json\/wp\/v2\/pages\/2860\/revisions"}],"predecessor-version":[{"id":5876,"href":"https:\/\/agora.xtec.cat\/ceipjosepnin\/wp-json\/wp\/v2\/pages\/2860\/revisions\/5876"}],"up":[{"embeddable":true,"href":"https:\/\/agora.xtec.cat\/ceipjosepnin\/wp-json\/wp\/v2\/pages\/5321"}],"wp:attachment":[{"href":"https:\/\/agora.xtec.cat\/ceipjosepnin\/wp-json\/wp\/v2\/media?parent=2860"}],"curies":[{"name":"wp","href":"https:\/\/api.w.org\/{rel}","templated":true}]}}