{"id":2848,"date":"2022-04-28T12:07:45","date_gmt":"2022-04-28T10:07:45","guid":{"rendered":"https:\/\/agora.xtec.cat\/ceipjosepnin\/?page_id=2848"},"modified":"2025-10-29T15:47:40","modified_gmt":"2025-10-29T14:47:40","slug":"diagnosi","status":"publish","type":"page","link":"https:\/\/agora.xtec.cat\/ceipjosepnin\/programes-dinnovacio-pedagogica\/estrategia-i-cultura-digital-de-centre\/estrategia-digital\/diagnosi\/","title":{"rendered":"Diagnosi"},"content":{"rendered":"<p><a href=\"https:\/\/agora.xtec.cat\/ceipjosepnin\/wp-content\/uploads\/usu1980\/2022\/05\/Captura-2.jpg\"><img loading=\"lazy\" decoding=\"async\" class=\" wp-image-2960 aligncenter\" src=\"https:\/\/agora.xtec.cat\/ceipjosepnin\/wp-content\/uploads\/usu1980\/2022\/05\/Captura-2.jpg\" alt=\"\" width=\"469\" height=\"191\" srcset=\"https:\/\/agora.xtec.cat\/ceipjosepnin\/wp-content\/uploads\/usu1980\/2022\/05\/Captura-2.jpg 545w, https:\/\/agora.xtec.cat\/ceipjosepnin\/wp-content\/uploads\/usu1980\/2022\/05\/Captura-2-300x122.jpg 300w\" sizes=\"auto, (max-width: 469px) 100vw, 469px\" \/><\/a><\/p>\n<h5 style=\"text-align: justify;\"><strong>L\u2019objectiu de la diagnosi \u00e9s trobar aquells punts forts que el centre ja est\u00e0 fent correctament sobre l\u2019\u00fas de les tecnologies digitals i, tamb\u00e9, trobar aquells aspectes en qu\u00e8 el centre ha de millorar.<\/strong><\/h5>\n<p style=\"text-align: justify;\">Cada centre selecciona les eines que creu millor segons la seva maduresa digital i segons el treball realitzat pr\u00e8viament.<\/p>\n<p style=\"text-align: justify;\">La diagnosi ha de comptar amb l\u2019opini\u00f3 de tota la comunitat educativa. En el nostre cas, s&#8217;han portat a terme enquestes a alumnat, fam\u00edlies, docents i personal no docent.<\/p>\n<p style=\"text-align: justify;\">Les eines que hem utilitzat han estat les seg\u00fcents:<\/p>\n<ul style=\"text-align: justify;\">\n<li><strong>Enquesta Selfie<\/strong>: \u00e9s una eina que agrupa als\/les alumnes de cicle superior (en el nostre cas), mestres i directors en una reflexi\u00f3 col\u00b7lectiva sobre la utilitzaci\u00f3 de la tecnologia al centre.<\/li>\n<li><strong>Enquesta a les fam\u00edlies sobre usos digitals\u00a0<\/strong><\/li>\n<\/ul>\n<p style=\"text-align: justify;\">A m\u00e9s, tamb\u00e9 s&#8217;ha tingut en compte els seg\u00fcents aspectes i documents:<\/p>\n<ul>\n<li style=\"text-align: justify;\">Objectius del PEC Projecte <em>Educatiu de Centre<\/em><\/li>\n<li style=\"text-align: justify;\">Objectius del PDC <em>Projecte de Direcci\u00f3 de Centre<\/em><\/li>\n<li style=\"text-align: justify;\">Objectius del Pla TAC<\/li>\n<li style=\"text-align: justify;\">PEDC <em><span style=\"font-weight: 400;\">Pla d&#8217;Educaci\u00f3 Digital de Catalunya<\/span><\/em><\/li>\n<\/ul>\n<p>&nbsp;<\/p>\n","protected":false},"excerpt":{"rendered":"<p>L\u2019objectiu de la diagnosi \u00e9s trobar aquells punts forts que el centre ja est\u00e0 fent correctament sobre l\u2019\u00fas de les tecnologies digitals i, tamb\u00e9, trobar aquells aspectes en qu\u00e8 el centre ha de millorar. Cada centre selecciona les eines que creu millor segons la seva maduresa digital i segons el treball realitzat pr\u00e8viament. La diagnosi [&hellip;]<\/p>\n","protected":false},"author":1,"featured_media":0,"parent":2842,"menu_order":1,"comment_status":"closed","ping_status":"closed","template":"","meta":{"_bbp_topic_count":0,"_bbp_reply_count":0,"_bbp_total_topic_count":0,"_bbp_total_reply_count":0,"_bbp_voice_count":0,"_bbp_anonymous_reply_count":0,"_bbp_topic_count_hidden":0,"_bbp_reply_count_hidden":0,"_bbp_forum_subforum_count":0,"site-sidebar-layout":"default","site-content-layout":"","ast-site-content-layout":"default","site-content-style":"default","site-sidebar-style":"default","ast-global-header-display":"","ast-banner-title-visibility":"","ast-main-header-display":"","ast-hfb-above-header-display":"","ast-hfb-below-header-display":"","ast-hfb-mobile-header-display":"","site-post-title":"","ast-breadcrumbs-content":"","ast-featured-img":"","footer-sml-layout":"","theme-transparent-header-meta":"default","adv-header-id-meta":"","stick-header-meta":"","header-above-stick-meta":"","header-main-stick-meta":"","header-below-stick-meta":"","astra-migrate-meta-layouts":"set","ast-page-background-enabled":"default","ast-page-background-meta":{"desktop":{"background-color":"var(--ast-global-color-4)","background-image":"","background-repeat":"repeat","background-position":"center center","background-size":"auto","background-attachment":"scroll","background-type":"","background-media":"","overlay-type":"","overlay-color":"","overlay-opacity":"","overlay-gradient":""},"tablet":{"background-color":"","background-image":"","background-repeat":"repeat","background-position":"center center","background-size":"auto","background-attachment":"scroll","background-type":"","background-media":"","overlay-type":"","overlay-color":"","overlay-opacity":"","overlay-gradient":""},"mobile":{"background-color":"","background-image":"","background-repeat":"repeat","background-position":"center center","background-size":"auto","background-attachment":"scroll","background-type":"","background-media":"","overlay-type":"","overlay-color":"","overlay-opacity":"","overlay-gradient":""}},"ast-content-background-meta":{"desktop":{"background-color":"var(--ast-global-color-5)","background-image":"","background-repeat":"repeat","background-position":"center center","background-size":"auto","background-attachment":"scroll","background-type":"","background-media":"","overlay-type":"","overlay-color":"","overlay-opacity":"","overlay-gradient":""},"tablet":{"background-color":"var(--ast-global-color-5)","background-image":"","background-repeat":"repeat","background-position":"center center","background-size":"auto","background-attachment":"scroll","background-type":"","background-media":"","overlay-type":"","overlay-color":"","overlay-opacity":"","overlay-gradient":""},"mobile":{"background-color":"var(--ast-global-color-5)","background-image":"","background-repeat":"repeat","background-position":"center center","background-size":"auto","background-attachment":"scroll","background-type":"","background-media":"","overlay-type":"","overlay-color":"","overlay-opacity":"","overlay-gradient":""}},"footnotes":""},"class_list":["post-2848","page","type-page","status-publish","hentry"],"post_mailing_queue_ids":[],"_links":{"self":[{"href":"https:\/\/agora.xtec.cat\/ceipjosepnin\/wp-json\/wp\/v2\/pages\/2848","targetHints":{"allow":["GET"]}}],"collection":[{"href":"https:\/\/agora.xtec.cat\/ceipjosepnin\/wp-json\/wp\/v2\/pages"}],"about":[{"href":"https:\/\/agora.xtec.cat\/ceipjosepnin\/wp-json\/wp\/v2\/types\/page"}],"author":[{"embeddable":true,"href":"https:\/\/agora.xtec.cat\/ceipjosepnin\/wp-json\/wp\/v2\/users\/1"}],"replies":[{"embeddable":true,"href":"https:\/\/agora.xtec.cat\/ceipjosepnin\/wp-json\/wp\/v2\/comments?post=2848"}],"version-history":[{"count":4,"href":"https:\/\/agora.xtec.cat\/ceipjosepnin\/wp-json\/wp\/v2\/pages\/2848\/revisions"}],"predecessor-version":[{"id":4835,"href":"https:\/\/agora.xtec.cat\/ceipjosepnin\/wp-json\/wp\/v2\/pages\/2848\/revisions\/4835"}],"up":[{"embeddable":true,"href":"https:\/\/agora.xtec.cat\/ceipjosepnin\/wp-json\/wp\/v2\/pages\/2842"}],"wp:attachment":[{"href":"https:\/\/agora.xtec.cat\/ceipjosepnin\/wp-json\/wp\/v2\/media?parent=2848"}],"curies":[{"name":"wp","href":"https:\/\/api.w.org\/{rel}","templated":true}]}}