{"id":28,"date":"2014-09-18T12:29:35","date_gmt":"2014-09-18T11:29:35","guid":{"rendered":"http:\/\/agora.xtec.cat\/ceipjosepnin\/?page_id=28"},"modified":"2026-01-30T15:33:16","modified_gmt":"2026-01-30T14:33:16","slug":"consell-escolar","status":"publish","type":"page","link":"https:\/\/agora.xtec.cat\/ceipjosepnin\/lescola\/consell-escolar\/","title":{"rendered":"Consell escolar"},"content":{"rendered":"<p><strong>RELACI\u00d3 DE MEMBRES DEL CONSELL ESCOLAR- <\/strong><strong>Curs 2025-26<\/strong><\/p>\n<table style=\"height: 372px; width: 100%; border-collapse: collapse; background-color: #ffffff; border-color: #ffffff;\">\n<tbody>\n<tr style=\"height: 31px;\">\n<td style=\"width: 50%; height: 31px; background-color: #e6e1e1; border-color: #000000;\"><strong>PRESIDENTA<\/strong><\/td>\n<td style=\"width: 50%; height: 31px; border-color: #000000;\">Eva M. Barba<\/td>\n<\/tr>\n<tr style=\"height: 31px;\">\n<td style=\"width: 50%; height: 31px; background-color: #e6e1e1; border-color: #000000;\"><strong>SECRET\u00c0RIA<\/strong><\/td>\n<td style=\"width: 50%; height: 31px; border-color: #000000; background-color: #f5f0f0;\">Marta Moreno Escoda<\/td>\n<\/tr>\n<tr style=\"height: 31px;\">\n<td style=\"width: 50%; height: 155px; background-color: #e6e1e1; border-color: #000000;\" rowspan=\"4\"><strong>REPRESENTANTS MESTRES<\/strong><\/td>\n<td style=\"width: 50%; height: 31px; border-color: #000000; background-color: #ffffff;\">Sergi P\u00e9rez Ferrer<\/td>\n<\/tr>\n<tr style=\"height: 31px;\">\n<td style=\"width: 50%; height: 31px; border-color: #000000; background-color: #ffffff;\">Jes\u00fas Moliner Moya<\/td>\n<\/tr>\n<tr style=\"height: 31px;\">\n<td style=\"width: 50%; height: 31px; border-color: #000000; background-color: #ffffff;\">Aleix Ferrer Birbe<\/td>\n<\/tr>\n<tr style=\"height: 31px;\">\n<td style=\"width: 50%; height: 31px; border-color: #000000; background-color: #ffffff;\">Cristina Prats Polo<\/td>\n<\/tr>\n<tr style=\"height: 31px;\">\n<td style=\"width: 50%; height: 93px; background-color: #e6e1e1; border-color: #000000;\" rowspan=\"3\"><strong>REPRESENTANTS PARES\/MARES<\/strong><\/td>\n<td style=\"width: 50%; height: 31px; border-color: #000000; background-color: #f5f0f0;\">Kaoutar Chahmout<\/td>\n<\/tr>\n<tr style=\"height: 31px;\">\n<td style=\"width: 50%; height: 31px; border-color: #000000; background-color: #f5f0f0;\">Izadi Salsamendi Serrano<\/td>\n<\/tr>\n<tr style=\"height: 31px;\">\n<td style=\"width: 50%; height: 31px; border-color: #000000; background-color: #f5f0f0;\">Mar Figueras Lafuente<\/td>\n<\/tr>\n<tr style=\"height: 31px;\">\n<td style=\"width: 50%; height: 31px; background-color: #e6e1e1; border-color: #000000;\"><strong>REPRESENTANTS AFA<\/strong><\/td>\n<td style=\"width: 50%; height: 31px; border-color: #000000;\">Anna Ripoll Companys<\/td>\n<\/tr>\n<tr style=\"height: 31px;\">\n<td style=\"width: 50%; height: 31px; background-color: #e6e1e1; border-color: #000000;\"><strong>REPRESENTANT AJUNTAMENT<\/strong><\/td>\n<td style=\"width: 50%; height: 31px; border-color: #000000; background-color: #f0f0f0;\">Ester Valverde Ban\u00fas<\/td>\n<\/tr>\n<tr>\n<td style=\"width: 50%; background-color: #e6e1e1; border-color: #000000;\"><strong>REPRESENTANT ADMINISTRACI\u00d3 I SERVEIS<\/strong><\/td>\n<td style=\"width: 50%; border-color: #000000; background-color: #f0f0f0;\">Montserrat Fontova Mestre<\/td>\n<\/tr>\n<\/tbody>\n<\/table>\n<p><strong>ACORDS PRESOS A LES REUNIONS- Curs 2025-26<\/strong><\/p>\n<p><a href=\"https:\/\/drive.google.com\/file\/d\/10nrkabmewTBxIQJ3gjuosqgOEuIyCvvg\/view?usp=sharing\">Acords Consell Escolar Juliol 2025<\/a><\/p>\n<p><a href=\"https:\/\/drive.google.com\/file\/d\/16oDo_GntNF1JMaeVKAQ-S8wUw6oBjfM9\/view?usp=sharing\">Acords Consell Escolar Octubre 2025<\/a><\/p>\n<p><a href=\"https:\/\/drive.google.com\/file\/d\/1p8vuq4FkkhQGpZsCZTn_22YGycCKGMLX\/view?usp=sharing\">Acords Consell Escolar Gener 2026<\/a><\/p>\n<p>&nbsp;<\/p>\n","protected":false},"excerpt":{"rendered":"<p>RELACI\u00d3 DE MEMBRES DEL CONSELL ESCOLAR- Curs 2025-26 PRESIDENTA Eva M. Barba SECRET\u00c0RIA Marta Moreno Escoda REPRESENTANTS MESTRES Sergi P\u00e9rez Ferrer Jes\u00fas Moliner Moya Aleix Ferrer Birbe Cristina Prats Polo REPRESENTANTS PARES\/MARES Kaoutar Chahmout Izadi Salsamendi Serrano Mar Figueras Lafuente REPRESENTANTS AFA Anna Ripoll Companys REPRESENTANT AJUNTAMENT Ester Valverde Ban\u00fas REPRESENTANT ADMINISTRACI\u00d3 I SERVEIS Montserrat [&hellip;]<\/p>\n","protected":false},"author":1,"featured_media":0,"parent":22,"menu_order":5,"comment_status":"closed","ping_status":"closed","template":"","meta":{"_bbp_topic_count":0,"_bbp_reply_count":0,"_bbp_total_topic_count":0,"_bbp_total_reply_count":0,"_bbp_voice_count":0,"_bbp_anonymous_reply_count":0,"_bbp_topic_count_hidden":0,"_bbp_reply_count_hidden":0,"_bbp_forum_subforum_count":0,"site-sidebar-layout":"default","site-content-layout":"","ast-site-content-layout":"default","site-content-style":"default","site-sidebar-style":"default","ast-global-header-display":"","ast-banner-title-visibility":"","ast-main-header-display":"","ast-hfb-above-header-display":"","ast-hfb-below-header-display":"","ast-hfb-mobile-header-display":"","site-post-title":"","ast-breadcrumbs-content":"","ast-featured-img":"","footer-sml-layout":"","theme-transparent-header-meta":"default","adv-header-id-meta":"","stick-header-meta":"","header-above-stick-meta":"","header-main-stick-meta":"","header-below-stick-meta":"","astra-migrate-meta-layouts":"set","ast-page-background-enabled":"default","ast-page-background-meta":{"desktop":{"background-color":"var(--ast-global-color-4)","background-image":"","background-repeat":"repeat","background-position":"center center","background-size":"auto","background-attachment":"scroll","background-type":"","background-media":"","overlay-type":"","overlay-color":"","overlay-opacity":"","overlay-gradient":""},"tablet":{"background-color":"","background-image":"","background-repeat":"repeat","background-position":"center center","background-size":"auto","background-attachment":"scroll","background-type":"","background-media":"","overlay-type":"","overlay-color":"","overlay-opacity":"","overlay-gradient":""},"mobile":{"background-color":"","background-image":"","background-repeat":"repeat","background-position":"center center","background-size":"auto","background-attachment":"scroll","background-type":"","background-media":"","overlay-type":"","overlay-color":"","overlay-opacity":"","overlay-gradient":""}},"ast-content-background-meta":{"desktop":{"background-color":"var(--ast-global-color-5)","background-image":"","background-repeat":"repeat","background-position":"center center","background-size":"auto","background-attachment":"scroll","background-type":"","background-media":"","overlay-type":"","overlay-color":"","overlay-opacity":"","overlay-gradient":""},"tablet":{"background-color":"var(--ast-global-color-5)","background-image":"","background-repeat":"repeat","background-position":"center center","background-size":"auto","background-attachment":"scroll","background-type":"","background-media":"","overlay-type":"","overlay-color":"","overlay-opacity":"","overlay-gradient":""},"mobile":{"background-color":"var(--ast-global-color-5)","background-image":"","background-repeat":"repeat","background-position":"center center","background-size":"auto","background-attachment":"scroll","background-type":"","background-media":"","overlay-type":"","overlay-color":"","overlay-opacity":"","overlay-gradient":""}},"footnotes":""},"class_list":["post-28","page","type-page","status-publish","hentry"],"post_mailing_queue_ids":[],"_links":{"self":[{"href":"https:\/\/agora.xtec.cat\/ceipjosepnin\/wp-json\/wp\/v2\/pages\/28","targetHints":{"allow":["GET"]}}],"collection":[{"href":"https:\/\/agora.xtec.cat\/ceipjosepnin\/wp-json\/wp\/v2\/pages"}],"about":[{"href":"https:\/\/agora.xtec.cat\/ceipjosepnin\/wp-json\/wp\/v2\/types\/page"}],"author":[{"embeddable":true,"href":"https:\/\/agora.xtec.cat\/ceipjosepnin\/wp-json\/wp\/v2\/users\/1"}],"replies":[{"embeddable":true,"href":"https:\/\/agora.xtec.cat\/ceipjosepnin\/wp-json\/wp\/v2\/comments?post=28"}],"version-history":[{"count":7,"href":"https:\/\/agora.xtec.cat\/ceipjosepnin\/wp-json\/wp\/v2\/pages\/28\/revisions"}],"predecessor-version":[{"id":5818,"href":"https:\/\/agora.xtec.cat\/ceipjosepnin\/wp-json\/wp\/v2\/pages\/28\/revisions\/5818"}],"up":[{"embeddable":true,"href":"https:\/\/agora.xtec.cat\/ceipjosepnin\/wp-json\/wp\/v2\/pages\/22"}],"wp:attachment":[{"href":"https:\/\/agora.xtec.cat\/ceipjosepnin\/wp-json\/wp\/v2\/media?parent=28"}],"curies":[{"name":"wp","href":"https:\/\/api.w.org\/{rel}","templated":true}]}}