{"id":1038,"date":"2019-11-19T11:03:45","date_gmt":"2019-11-19T10:03:45","guid":{"rendered":"https:\/\/agora.xtec.cat\/ceipjosepnin\/?page_id=1038"},"modified":"2025-11-06T12:57:11","modified_gmt":"2025-11-06T11:57:11","slug":"equip-huma","status":"publish","type":"page","link":"https:\/\/agora.xtec.cat\/ceipjosepnin\/lescola\/equip-huma\/","title":{"rendered":"Equip hum\u00e0"},"content":{"rendered":"<p><a href=\"https:\/\/agora.xtec.cat\/ceipjosepnin\/lescola\/equip-huma\/attachment\/aquests-som-nosaltres\/\" rel=\"attachment wp-att-5577\"><img loading=\"lazy\" decoding=\"async\" class=\"aligncenter wp-image-5577 size-full\" src=\"https:\/\/agora.xtec.cat\/ceipjosepnin\/wp-content\/uploads\/usu1980\/2025\/11\/Aquests-som-nosaltres.jpg\" alt=\"\" width=\"1324\" height=\"633\" srcset=\"https:\/\/agora.xtec.cat\/ceipjosepnin\/wp-content\/uploads\/usu1980\/2025\/11\/Aquests-som-nosaltres.jpg 1324w, https:\/\/agora.xtec.cat\/ceipjosepnin\/wp-content\/uploads\/usu1980\/2025\/11\/Aquests-som-nosaltres-300x143.jpg 300w, https:\/\/agora.xtec.cat\/ceipjosepnin\/wp-content\/uploads\/usu1980\/2025\/11\/Aquests-som-nosaltres-1024x490.jpg 1024w, https:\/\/agora.xtec.cat\/ceipjosepnin\/wp-content\/uploads\/usu1980\/2025\/11\/Aquests-som-nosaltres-768x367.jpg 768w\" sizes=\"auto, (max-width: 1324px) 100vw, 1324px\" \/><\/a><\/p>\n<table style=\"height: 728px; width: 100%; border-color: #000000;\">\n<thead>\n<tr style=\"height: 52px;\">\n<th style=\"height: 52px;\">\ud83d\udc65 Classe \/ \u00c0mbit<\/th>\n<th style=\"height: 52px;\">\ud83e\uddd1\u200d\ud83c\udfeb Nom i cognoms<\/th>\n<th style=\"height: 52px;\">\ud83c\udfaf Rol o especialitat<\/th>\n<\/tr>\n<\/thead>\n<tbody>\n<tr style=\"height: 52px;\">\n<td style=\"text-align: center; height: 156px;\" rowspan=\"3\">Classe de les Llavors<br \/>\n(Llar, I3, I4 i I5)<\/td>\n<td style=\"height: 52px; text-align: center;\">Montse Fontova<\/td>\n<td style=\"height: 52px; text-align: left;\">Tutora<\/td>\n<\/tr>\n<tr style=\"height: 52px;\">\n<td style=\"height: 52px; text-align: center;\">Marta Moreno<\/td>\n<td style=\"height: 52px;\">Tutora \u00b7 Secret\u00e0ria<\/td>\n<\/tr>\n<tr style=\"height: 52px;\">\n<td style=\"height: 52px; text-align: center;\">Cristina Prats<\/td>\n<td style=\"height: 52px;\">Tutora<\/td>\n<\/tr>\n<tr style=\"height: 52px;\">\n<td style=\"height: 104px; text-align: center;\" rowspan=\"2\">Classe de les Arrels<br \/>\n(1r i 2n)<\/td>\n<td style=\"height: 52px; text-align: center;\">Aleix Ferrer<\/td>\n<td style=\"height: 52px;\">Tutor \u00b7 Educaci\u00f3 F\u00edsica<\/td>\n<\/tr>\n<tr style=\"height: 52px;\">\n<td style=\"height: 52px; text-align: center;\">Mireia Parera<\/td>\n<td style=\"height: 52px;\">Educaci\u00f3 Especial<\/td>\n<\/tr>\n<tr style=\"height: 52px;\">\n<td style=\"height: 208px; text-align: center;\" rowspan=\"4\">Classe de les Branques<br \/>\n(3r i 4t)<\/td>\n<td style=\"height: 52px; text-align: center;\">Alejandro Moreno<\/td>\n<td style=\"height: 52px;\">Tutor \u00b7 Angl\u00e8s<\/td>\n<\/tr>\n<tr style=\"height: 52px;\">\n<td style=\"height: 52px; text-align: center;\">Marina Torrente<\/td>\n<td style=\"height: 52px;\">Tutora \u00b7 M\u00fasica<\/td>\n<\/tr>\n<tr style=\"height: 52px;\">\n<td style=\"height: 52px; text-align: center;\">Sergi P\u00e9rez<\/td>\n<td style=\"height: 52px;\">Educaci\u00f3 Especial<\/td>\n<\/tr>\n<tr style=\"height: 52px;\">\n<td style=\"height: 52px; text-align: center;\">Caterina Ma\u00f1a<\/td>\n<td style=\"height: 52px;\">M\u00fasica<\/td>\n<\/tr>\n<tr style=\"height: 52px;\">\n<td style=\"text-align: center; height: 104px;\" rowspan=\"2\">Classe dels Fruits<br \/>\n(5\u00e8 i 6\u00e8)<\/td>\n<td style=\"height: 52px; text-align: center;\">Eva M. Barba<\/td>\n<td style=\"height: 52px;\">Tutora \u00b7 Directora<\/td>\n<\/tr>\n<tr style=\"height: 52px;\">\n<td style=\"height: 52px; text-align: center;\">Jes\u00fas Moliner<\/td>\n<td style=\"height: 52px;\">Tutor<\/td>\n<\/tr>\n<tr style=\"height: 52px;\">\n<td style=\"text-align: center; height: 52px;\">Religi\u00f3<\/td>\n<td style=\"height: 52px; text-align: center;\">Sergi Gonz\u00e1lez<\/td>\n<td style=\"height: 52px;\">Religi\u00f3<\/td>\n<\/tr>\n<tr style=\"height: 52px;\">\n<td style=\"height: 52px; text-align: center;\">Suport i inclusi\u00f3<\/td>\n<td style=\"height: 52px; text-align: center;\">Natalia Fern\u00e1ndez<\/td>\n<td style=\"height: 52px;\">T\u00e8cnica d\u2019Integraci\u00f3 Social<\/td>\n<\/tr>\n<\/tbody>\n<\/table>\n<p><strong style=\"font-size: 16px;\">PERFILS PROFESSIONALS EQUIP DIRECTIU<\/strong><\/p>\n<ul>\n<li><a href=\"https:\/\/drive.google.com\/file\/d\/1tSsCGyQYuwMYHw5aBUX6D2xJgqDLtrYh\/view?usp=sharing\">Directora<\/a>, Eva M. Barba Soliano<\/li>\n<li><a href=\"https:\/\/drive.google.com\/file\/d\/1Wx2PAB7nAOcCgOYo9vYAc6zworaOIsAW\/view?usp=sharing\">Secretari<\/a>, Jes\u00fas Moliner Moya<\/li>\n<\/ul>\n<p>&nbsp;<\/p>\n<p>&nbsp;<\/p>\n<p>&nbsp;<\/p>\n<p>&nbsp;<\/p>\n","protected":false},"excerpt":{"rendered":"<p>\ud83d\udc65 Classe \/ \u00c0mbit \ud83e\uddd1\u200d\ud83c\udfeb Nom i cognoms \ud83c\udfaf Rol o especialitat Classe de les Llavors (Llar, I3, I4 i I5) Montse Fontova Tutora Marta Moreno Tutora \u00b7 Secret\u00e0ria Cristina Prats Tutora Classe de les Arrels (1r i 2n) Aleix Ferrer Tutor \u00b7 Educaci\u00f3 F\u00edsica Mireia Parera Educaci\u00f3 Especial Classe de les Branques (3r i [&hellip;]<\/p>\n","protected":false},"author":1,"featured_media":0,"parent":22,"menu_order":4,"comment_status":"closed","ping_status":"closed","template":"","meta":{"_bbp_topic_count":0,"_bbp_reply_count":0,"_bbp_total_topic_count":0,"_bbp_total_reply_count":0,"_bbp_voice_count":0,"_bbp_anonymous_reply_count":0,"_bbp_topic_count_hidden":0,"_bbp_reply_count_hidden":0,"_bbp_forum_subforum_count":0,"site-sidebar-layout":"default","site-content-layout":"","ast-site-content-layout":"default","site-content-style":"default","site-sidebar-style":"default","ast-global-header-display":"","ast-banner-title-visibility":"","ast-main-header-display":"","ast-hfb-above-header-display":"","ast-hfb-below-header-display":"","ast-hfb-mobile-header-display":"","site-post-title":"","ast-breadcrumbs-content":"","ast-featured-img":"","footer-sml-layout":"","theme-transparent-header-meta":"default","adv-header-id-meta":"","stick-header-meta":"","header-above-stick-meta":"","header-main-stick-meta":"","header-below-stick-meta":"","astra-migrate-meta-layouts":"set","ast-page-background-enabled":"default","ast-page-background-meta":{"desktop":{"background-color":"var(--ast-global-color-4)","background-image":"","background-repeat":"repeat","background-position":"center center","background-size":"auto","background-attachment":"scroll","background-type":"","background-media":"","overlay-type":"","overlay-color":"","overlay-opacity":"","overlay-gradient":""},"tablet":{"background-color":"","background-image":"","background-repeat":"repeat","background-position":"center center","background-size":"auto","background-attachment":"scroll","background-type":"","background-media":"","overlay-type":"","overlay-color":"","overlay-opacity":"","overlay-gradient":""},"mobile":{"background-color":"","background-image":"","background-repeat":"repeat","background-position":"center center","background-size":"auto","background-attachment":"scroll","background-type":"","background-media":"","overlay-type":"","overlay-color":"","overlay-opacity":"","overlay-gradient":""}},"ast-content-background-meta":{"desktop":{"background-color":"var(--ast-global-color-5)","background-image":"","background-repeat":"repeat","background-position":"center center","background-size":"auto","background-attachment":"scroll","background-type":"","background-media":"","overlay-type":"","overlay-color":"","overlay-opacity":"","overlay-gradient":""},"tablet":{"background-color":"var(--ast-global-color-5)","background-image":"","background-repeat":"repeat","background-position":"center center","background-size":"auto","background-attachment":"scroll","background-type":"","background-media":"","overlay-type":"","overlay-color":"","overlay-opacity":"","overlay-gradient":""},"mobile":{"background-color":"var(--ast-global-color-5)","background-image":"","background-repeat":"repeat","background-position":"center center","background-size":"auto","background-attachment":"scroll","background-type":"","background-media":"","overlay-type":"","overlay-color":"","overlay-opacity":"","overlay-gradient":""}},"footnotes":""},"class_list":["post-1038","page","type-page","status-publish","hentry"],"post_mailing_queue_ids":[],"_links":{"self":[{"href":"https:\/\/agora.xtec.cat\/ceipjosepnin\/wp-json\/wp\/v2\/pages\/1038","targetHints":{"allow":["GET"]}}],"collection":[{"href":"https:\/\/agora.xtec.cat\/ceipjosepnin\/wp-json\/wp\/v2\/pages"}],"about":[{"href":"https:\/\/agora.xtec.cat\/ceipjosepnin\/wp-json\/wp\/v2\/types\/page"}],"author":[{"embeddable":true,"href":"https:\/\/agora.xtec.cat\/ceipjosepnin\/wp-json\/wp\/v2\/users\/1"}],"replies":[{"embeddable":true,"href":"https:\/\/agora.xtec.cat\/ceipjosepnin\/wp-json\/wp\/v2\/comments?post=1038"}],"version-history":[{"count":6,"href":"https:\/\/agora.xtec.cat\/ceipjosepnin\/wp-json\/wp\/v2\/pages\/1038\/revisions"}],"predecessor-version":[{"id":5579,"href":"https:\/\/agora.xtec.cat\/ceipjosepnin\/wp-json\/wp\/v2\/pages\/1038\/revisions\/5579"}],"up":[{"embeddable":true,"href":"https:\/\/agora.xtec.cat\/ceipjosepnin\/wp-json\/wp\/v2\/pages\/22"}],"wp:attachment":[{"href":"https:\/\/agora.xtec.cat\/ceipjosepnin\/wp-json\/wp\/v2\/media?parent=1038"}],"curies":[{"name":"wp","href":"https:\/\/api.w.org\/{rel}","templated":true}]}}