{"id":66,"date":"2014-09-18T12:40:47","date_gmt":"2014-09-18T11:40:47","guid":{"rendered":"http:\/\/agora.xtec.cat\/ceipjosepmontserrat\/?page_id=66"},"modified":"2026-04-09T15:56:50","modified_gmt":"2026-04-09T13:56:50","slug":"serveis","status":"publish","type":"page","link":"https:\/\/agora.xtec.cat\/ceipjosepmontserrat\/serveis\/","title":{"rendered":"SERVEIS"},"content":{"rendered":"\n<p class=\"has-text-align-center has-white-color has-ast-global-color-1-background-color has-text-color has-background has-link-color has-medium-font-size wp-elements-d1d2906ce82118203535bbb9015a8001\"><strong>MENJADOR<\/strong><\/p>\n\n\n\n<figure class=\"wp-block-image aligncenter size-full is-resized\"><a href=\"https:\/\/agora.xtec.cat\/ceipjosepmontserrat\/wp-content\/uploads\/usu2501\/2026\/03\/posters-cubiertos-de-dibujos-animados-agradable-situado-en-vector-1.jpg\"><img loading=\"lazy\" decoding=\"async\" width=\"577\" height=\"521\" src=\"https:\/\/agora.xtec.cat\/ceipjosepmontserrat\/wp-content\/uploads\/usu2501\/2026\/03\/posters-cubiertos-de-dibujos-animados-agradable-situado-en-vector-1.jpg\" alt=\"\" class=\"wp-image-5718\" style=\"width:171px;height:auto\" srcset=\"https:\/\/agora.xtec.cat\/ceipjosepmontserrat\/wp-content\/uploads\/usu2501\/2026\/03\/posters-cubiertos-de-dibujos-animados-agradable-situado-en-vector-1.jpg 577w, https:\/\/agora.xtec.cat\/ceipjosepmontserrat\/wp-content\/uploads\/usu2501\/2026\/03\/posters-cubiertos-de-dibujos-animados-agradable-situado-en-vector-1-300x271.jpg 300w\" sizes=\"auto, (max-width: 577px) 100vw, 577px\" \/><\/a><\/figure>\n\n\n\n<p><\/p>\n\n\n\n<p class=\"has-text-align-center\"><a href=\"https:\/\/agora.xtec.cat\/ceipjosepmontserrat\/wp-content\/uploads\/usu2501\/2026\/04\/Menu_Abril-1.pdf\">MEN\u00da DEL MES D&#8217;ABRIL. <\/a><\/p>\n\n\n\n<p><\/p>\n\n\n\n<p><\/p>\n\n\n\n<p><\/p>\n\n\n\n<p class=\"has-text-align-center has-white-color has-ast-global-color-0-background-color has-text-color has-background has-link-color has-medium-font-size wp-elements-a06827cfc1ab4ee1dbacf63c92c5de46\"><strong>CURS DE CATAL\u00c0 B\u00c0SIC PER FAM\u00cdLIES <\/strong><\/p>\n\n\n\n<p>LLoc:  Escola Josep Montserrat<\/p>\n\n\n\n<p>Horari: Els dilluns de 9:00h a 11:00h<\/p>\n\n\n\n<figure class=\"wp-block-image size-full\"><a href=\"https:\/\/agora.xtec.cat\/ceipjosepmontserrat\/wp-content\/uploads\/usu2501\/2026\/03\/Curs-catala-22-23.png\"><img loading=\"lazy\" decoding=\"async\" width=\"1011\" height=\"444\" src=\"https:\/\/agora.xtec.cat\/ceipjosepmontserrat\/wp-content\/uploads\/usu2501\/2026\/03\/Curs-catala-22-23.png\" alt=\"\" class=\"wp-image-5758\" srcset=\"https:\/\/agora.xtec.cat\/ceipjosepmontserrat\/wp-content\/uploads\/usu2501\/2026\/03\/Curs-catala-22-23.png 1011w, https:\/\/agora.xtec.cat\/ceipjosepmontserrat\/wp-content\/uploads\/usu2501\/2026\/03\/Curs-catala-22-23-300x132.png 300w, https:\/\/agora.xtec.cat\/ceipjosepmontserrat\/wp-content\/uploads\/usu2501\/2026\/03\/Curs-catala-22-23-768x337.png 768w\" sizes=\"auto, (max-width: 1011px) 100vw, 1011px\" \/><\/a><\/figure>\n","protected":false},"excerpt":{"rendered":"<p>MENJADOR MEN\u00da DEL MES D&#8217;ABRIL. CURS DE CATAL\u00c0 B\u00c0SIC PER FAM\u00cdLIES LLoc: Escola Josep Montserrat Horari: Els dilluns de 9:00h a 11:00h<\/p>\n","protected":false},"author":1,"featured_media":0,"parent":0,"menu_order":0,"comment_status":"closed","ping_status":"closed","template":"","meta":{"_bbp_topic_count":0,"_bbp_reply_count":0,"_bbp_total_topic_count":0,"_bbp_total_reply_count":0,"_bbp_voice_count":0,"_bbp_anonymous_reply_count":0,"_bbp_topic_count_hidden":0,"_bbp_reply_count_hidden":0,"_bbp_forum_subforum_count":0,"site-sidebar-layout":"default","site-content-layout":"","ast-site-content-layout":"default","site-content-style":"default","site-sidebar-style":"default","ast-global-header-display":"","ast-banner-title-visibility":"","ast-main-header-display":"","ast-hfb-above-header-display":"","ast-hfb-below-header-display":"","ast-hfb-mobile-header-display":"","site-post-title":"","ast-breadcrumbs-content":"","ast-featured-img":"","footer-sml-layout":"","theme-transparent-header-meta":"","adv-header-id-meta":"","stick-header-meta":"","header-above-stick-meta":"","header-main-stick-meta":"","header-below-stick-meta":"","astra-migrate-meta-layouts":"set","ast-page-background-enabled":"default","ast-page-background-meta":{"desktop":{"background-color":"var(--ast-global-color-4)","background-image":"","background-repeat":"repeat","background-position":"center center","background-size":"auto","background-attachment":"scroll","background-type":"","background-media":"","overlay-type":"","overlay-color":"","overlay-opacity":"","overlay-gradient":""},"tablet":{"background-color":"","background-image":"","background-repeat":"repeat","background-position":"center center","background-size":"auto","background-attachment":"scroll","background-type":"","background-media":"","overlay-type":"","overlay-color":"","overlay-opacity":"","overlay-gradient":""},"mobile":{"background-color":"","background-image":"","background-repeat":"repeat","background-position":"center center","background-size":"auto","background-attachment":"scroll","background-type":"","background-media":"","overlay-type":"","overlay-color":"","overlay-opacity":"","overlay-gradient":""}},"ast-content-background-meta":{"desktop":{"background-color":"var(--ast-global-color-5)","background-image":"","background-repeat":"repeat","background-position":"center center","background-size":"auto","background-attachment":"scroll","background-type":"","background-media":"","overlay-type":"","overlay-color":"","overlay-opacity":"","overlay-gradient":""},"tablet":{"background-color":"var(--ast-global-color-5)","background-image":"","background-repeat":"repeat","background-position":"center center","background-size":"auto","background-attachment":"scroll","background-type":"","background-media":"","overlay-type":"","overlay-color":"","overlay-opacity":"","overlay-gradient":""},"mobile":{"background-color":"var(--ast-global-color-5)","background-image":"","background-repeat":"repeat","background-position":"center center","background-size":"auto","background-attachment":"scroll","background-type":"","background-media":"","overlay-type":"","overlay-color":"","overlay-opacity":"","overlay-gradient":""}},"footnotes":""},"class_list":["post-66","page","type-page","status-publish","hentry"],"post_mailing_queue_ids":[],"_links":{"self":[{"href":"https:\/\/agora.xtec.cat\/ceipjosepmontserrat\/wp-json\/wp\/v2\/pages\/66","targetHints":{"allow":["GET"]}}],"collection":[{"href":"https:\/\/agora.xtec.cat\/ceipjosepmontserrat\/wp-json\/wp\/v2\/pages"}],"about":[{"href":"https:\/\/agora.xtec.cat\/ceipjosepmontserrat\/wp-json\/wp\/v2\/types\/page"}],"author":[{"embeddable":true,"href":"https:\/\/agora.xtec.cat\/ceipjosepmontserrat\/wp-json\/wp\/v2\/users\/1"}],"replies":[{"embeddable":true,"href":"https:\/\/agora.xtec.cat\/ceipjosepmontserrat\/wp-json\/wp\/v2\/comments?post=66"}],"version-history":[{"count":6,"href":"https:\/\/agora.xtec.cat\/ceipjosepmontserrat\/wp-json\/wp\/v2\/pages\/66\/revisions"}],"predecessor-version":[{"id":5939,"href":"https:\/\/agora.xtec.cat\/ceipjosepmontserrat\/wp-json\/wp\/v2\/pages\/66\/revisions\/5939"}],"wp:attachment":[{"href":"https:\/\/agora.xtec.cat\/ceipjosepmontserrat\/wp-json\/wp\/v2\/media?parent=66"}],"curies":[{"name":"wp","href":"https:\/\/api.w.org\/{rel}","templated":true}]}}