{"id":5857,"date":"2026-03-23T13:29:34","date_gmt":"2026-03-23T12:29:34","guid":{"rendered":"https:\/\/agora.xtec.cat\/ceipjosepmontserrat\/?page_id=5857"},"modified":"2026-03-25T13:02:10","modified_gmt":"2026-03-25T12:02:10","slug":"programa-si","status":"publish","type":"page","link":"https:\/\/agora.xtec.cat\/ceipjosepmontserrat\/programa-si\/","title":{"rendered":"Programa SI!"},"content":{"rendered":"\n<figure class=\"wp-block-image size-full is-resized\"><a href=\"https:\/\/agora.xtec.cat\/ceipjosepmontserrat\/wp-content\/uploads\/usu2501\/2026\/03\/programa-salu-integral.jpg_1595044798.jpg\"><img loading=\"lazy\" decoding=\"async\" width=\"538\" height=\"538\" src=\"https:\/\/agora.xtec.cat\/ceipjosepmontserrat\/wp-content\/uploads\/usu2501\/2026\/03\/programa-salu-integral.jpg_1595044798.jpg\" alt=\"\" class=\"wp-image-5864\" style=\"width:114px;height:auto\" srcset=\"https:\/\/agora.xtec.cat\/ceipjosepmontserrat\/wp-content\/uploads\/usu2501\/2026\/03\/programa-salu-integral.jpg_1595044798.jpg 538w, https:\/\/agora.xtec.cat\/ceipjosepmontserrat\/wp-content\/uploads\/usu2501\/2026\/03\/programa-salu-integral.jpg_1595044798-300x300.jpg 300w, https:\/\/agora.xtec.cat\/ceipjosepmontserrat\/wp-content\/uploads\/usu2501\/2026\/03\/programa-salu-integral.jpg_1595044798-150x150.jpg 150w\" sizes=\"auto, (max-width: 538px) 100vw, 538px\" \/><\/a><\/figure>\n\n\n\n<p class=\"has-text-align-left\">La nostra escola forma part del PROGRAMA S\u00cd. <\/p>\n\n\n\n<figure class=\"wp-block-image size-full is-resized\"><a href=\"https:\/\/agora.xtec.cat\/ceipjosepmontserrat\/wp-content\/uploads\/usu2501\/2026\/03\/Prog-si-claustre.png\"><img loading=\"lazy\" decoding=\"async\" width=\"916\" height=\"827\" src=\"https:\/\/agora.xtec.cat\/ceipjosepmontserrat\/wp-content\/uploads\/usu2501\/2026\/03\/Prog-si-claustre.png\" alt=\"\" class=\"wp-image-5905\" style=\"width:564px;height:auto\" srcset=\"https:\/\/agora.xtec.cat\/ceipjosepmontserrat\/wp-content\/uploads\/usu2501\/2026\/03\/Prog-si-claustre.png 916w, https:\/\/agora.xtec.cat\/ceipjosepmontserrat\/wp-content\/uploads\/usu2501\/2026\/03\/Prog-si-claustre-300x271.png 300w, https:\/\/agora.xtec.cat\/ceipjosepmontserrat\/wp-content\/uploads\/usu2501\/2026\/03\/Prog-si-claustre-768x693.png 768w\" sizes=\"auto, (max-width: 916px) 100vw, 916px\" \/><\/a><\/figure>\n\n\n\n<p><\/p>\n\n\n\n<figure class=\"wp-block-image alignleft size-full is-resized\"><a href=\"https:\/\/agora.xtec.cat\/ceipjosepmontserrat\/wp-content\/uploads\/usu2501\/2026\/03\/cardio-foto.png\"><img loading=\"lazy\" decoding=\"async\" width=\"365\" height=\"272\" src=\"https:\/\/agora.xtec.cat\/ceipjosepmontserrat\/wp-content\/uploads\/usu2501\/2026\/03\/cardio-foto.png\" alt=\"\" class=\"wp-image-5860\" style=\"width:117px;height:auto\" srcset=\"https:\/\/agora.xtec.cat\/ceipjosepmontserrat\/wp-content\/uploads\/usu2501\/2026\/03\/cardio-foto.png 365w, https:\/\/agora.xtec.cat\/ceipjosepmontserrat\/wp-content\/uploads\/usu2501\/2026\/03\/cardio-foto-300x224.png 300w\" sizes=\"auto, (max-width: 365px) 100vw, 365px\" \/><\/a><\/figure>\n\n\n\n<p>Aquest \u00e9s en Cardio, el protagonista principal, que tant agrada els nens i nenes.<\/p>\n\n\n\n<p><\/p>\n\n\n\n<p>El nou Programa SI! se centra a&nbsp;<strong>refor\u00e7ar els h\u00e0bits<\/strong>&nbsp;de vida, que afavoreixen la salut, fent especial \u00e8mfasi en el&nbsp;<strong>desenvolupament de les compet\u00e8ncies emocionals protectores<\/strong>&nbsp;i en la<strong>&nbsp;influ\u00e8ncia de l&#8217;entorn&nbsp;<\/strong>en els comportaments individuals.<\/p>\n\n\n\n<p>Aqu\u00ed teniu imatges de la visita del Cardio a l&#8217;escola.<\/p>\n\n\n\n<figure class=\"wp-block-image size-full\"><a href=\"https:\/\/agora.xtec.cat\/ceipjosepmontserrat\/wp-content\/uploads\/usu2501\/2026\/03\/Cardiomix.jpg\"><img loading=\"lazy\" decoding=\"async\" width=\"917\" height=\"907\" src=\"https:\/\/agora.xtec.cat\/ceipjosepmontserrat\/wp-content\/uploads\/usu2501\/2026\/03\/Cardiomix.jpg\" alt=\"\" class=\"wp-image-5912\" srcset=\"https:\/\/agora.xtec.cat\/ceipjosepmontserrat\/wp-content\/uploads\/usu2501\/2026\/03\/Cardiomix.jpg 917w, https:\/\/agora.xtec.cat\/ceipjosepmontserrat\/wp-content\/uploads\/usu2501\/2026\/03\/Cardiomix-300x297.jpg 300w, https:\/\/agora.xtec.cat\/ceipjosepmontserrat\/wp-content\/uploads\/usu2501\/2026\/03\/Cardiomix-768x760.jpg 768w\" sizes=\"auto, (max-width: 917px) 100vw, 917px\" \/><\/a><\/figure>\n\n\n\n<p>Si voleu saber-ne m\u00e9s feu un clic al seg\u00fcent enlla\u00e7.<\/p>\n\n\n\n<p><a href=\"https:\/\/www.programasi.org\">https:\/\/www.programasi.org<\/a><\/p>\n\n\n\n<p><\/p>\n","protected":false},"excerpt":{"rendered":"<p>La nostra escola forma part del PROGRAMA S\u00cd. Aquest \u00e9s en Cardio, el protagonista principal, que tant agrada els nens i nenes. El nou Programa SI! se centra a&nbsp;refor\u00e7ar els h\u00e0bits&nbsp;de vida, que afavoreixen la salut, fent especial \u00e8mfasi en el&nbsp;desenvolupament de les compet\u00e8ncies emocionals protectores&nbsp;i en la&nbsp;influ\u00e8ncia de l&#8217;entorn&nbsp;en els comportaments individuals. Aqu\u00ed teniu [&hellip;]<\/p>\n","protected":false},"author":1,"featured_media":5864,"parent":0,"menu_order":0,"comment_status":"closed","ping_status":"close","template":"","meta":{"_bbp_topic_count":0,"_bbp_reply_count":0,"_bbp_total_topic_count":0,"_bbp_total_reply_count":0,"_bbp_voice_count":0,"_bbp_anonymous_reply_count":0,"_bbp_topic_count_hidden":0,"_bbp_reply_count_hidden":0,"_bbp_forum_subforum_count":0,"site-sidebar-layout":"default","site-content-layout":"","ast-site-content-layout":"default","site-content-style":"default","site-sidebar-style":"default","ast-global-header-display":"","ast-banner-title-visibility":"","ast-main-header-display":"","ast-hfb-above-header-display":"","ast-hfb-below-header-display":"","ast-hfb-mobile-header-display":"","site-post-title":"","ast-breadcrumbs-content":"","ast-featured-img":"","footer-sml-layout":"","theme-transparent-header-meta":"","adv-header-id-meta":"","stick-header-meta":"","header-above-stick-meta":"","header-main-stick-meta":"","header-below-stick-meta":"","astra-migrate-meta-layouts":"set","ast-page-background-enabled":"default","ast-page-background-meta":{"desktop":{"background-color":"var(--ast-global-color-4)","background-image":"","background-repeat":"repeat","background-position":"center center","background-size":"auto","background-attachment":"scroll","background-type":"","background-media":"","overlay-type":"","overlay-color":"","overlay-opacity":"","overlay-gradient":""},"tablet":{"background-color":"","background-image":"","background-repeat":"repeat","background-position":"center center","background-size":"auto","background-attachment":"scroll","background-type":"","background-media":"","overlay-type":"","overlay-color":"","overlay-opacity":"","overlay-gradient":""},"mobile":{"background-color":"","background-image":"","background-repeat":"repeat","background-position":"center center","background-size":"auto","background-attachment":"scroll","background-type":"","background-media":"","overlay-type":"","overlay-color":"","overlay-opacity":"","overlay-gradient":""}},"ast-content-background-meta":{"desktop":{"background-color":"var(--ast-global-color-5)","background-image":"","background-repeat":"repeat","background-position":"center center","background-size":"auto","background-attachment":"scroll","background-type":"","background-media":"","overlay-type":"","overlay-color":"","overlay-opacity":"","overlay-gradient":""},"tablet":{"background-color":"var(--ast-global-color-5)","background-image":"","background-repeat":"repeat","background-position":"center center","background-size":"auto","background-attachment":"scroll","background-type":"","background-media":"","overlay-type":"","overlay-color":"","overlay-opacity":"","overlay-gradient":""},"mobile":{"background-color":"var(--ast-global-color-5)","background-image":"","background-repeat":"repeat","background-position":"center center","background-size":"auto","background-attachment":"scroll","background-type":"","background-media":"","overlay-type":"","overlay-color":"","overlay-opacity":"","overlay-gradient":""}},"footnotes":""},"class_list":["post-5857","page","type-page","status-publish","has-post-thumbnail","hentry"],"post_mailing_queue_ids":[],"_links":{"self":[{"href":"https:\/\/agora.xtec.cat\/ceipjosepmontserrat\/wp-json\/wp\/v2\/pages\/5857","targetHints":{"allow":["GET"]}}],"collection":[{"href":"https:\/\/agora.xtec.cat\/ceipjosepmontserrat\/wp-json\/wp\/v2\/pages"}],"about":[{"href":"https:\/\/agora.xtec.cat\/ceipjosepmontserrat\/wp-json\/wp\/v2\/types\/page"}],"author":[{"embeddable":true,"href":"https:\/\/agora.xtec.cat\/ceipjosepmontserrat\/wp-json\/wp\/v2\/users\/1"}],"replies":[{"embeddable":true,"href":"https:\/\/agora.xtec.cat\/ceipjosepmontserrat\/wp-json\/wp\/v2\/comments?post=5857"}],"version-history":[{"count":6,"href":"https:\/\/agora.xtec.cat\/ceipjosepmontserrat\/wp-json\/wp\/v2\/pages\/5857\/revisions"}],"predecessor-version":[{"id":5915,"href":"https:\/\/agora.xtec.cat\/ceipjosepmontserrat\/wp-json\/wp\/v2\/pages\/5857\/revisions\/5915"}],"wp:featuredmedia":[{"embeddable":true,"href":"https:\/\/agora.xtec.cat\/ceipjosepmontserrat\/wp-json\/wp\/v2\/media\/5864"}],"wp:attachment":[{"href":"https:\/\/agora.xtec.cat\/ceipjosepmontserrat\/wp-json\/wp\/v2\/media?parent=5857"}],"curies":[{"name":"wp","href":"https:\/\/api.w.org\/{rel}","templated":true}]}}