{"id":572,"date":"2021-03-18T13:17:37","date_gmt":"2021-03-18T12:17:37","guid":{"rendered":"https:\/\/agora.xtec.cat\/ceipjosepmontserrat\/?page_id=572"},"modified":"2026-03-24T15:42:18","modified_gmt":"2026-03-24T14:42:18","slug":"documents-escola","status":"publish","type":"page","link":"https:\/\/agora.xtec.cat\/ceipjosepmontserrat\/documents-escola\/","title":{"rendered":"Documents escola"},"content":{"rendered":"<p><strong>AUTORITZACI\u00d3 RECOLLIDA DE L&#8217;ALUMNAT<\/strong><\/p>\n<p><a href=\"https:\/\/drive.google.com\/file\/d\/1v50gI637XvqCoApt_cpL4AZi3mbL0iZg\/view?usp=sharing\">Autoritzaci\u00f3 recollida<\/a><\/p>\n<p><strong>CARTA DE COMPROM\u00cdS<\/strong><\/p>\n<p><a href=\"https:\/\/drive.google.com\/file\/d\/13f7D3vpsxnO6wDl4L96RszJ1VPKV3wFL\/view?usp=sharing\">Carta de comprom\u00eds<\/a><\/p>\n<p><strong>ADDENDA<\/strong><\/p>\n<p><a href=\"https:\/\/drive.google.com\/file\/d\/1XKmLQvN3yozCEAoV4M88S_v4eMaHt3wT\/view?usp=sharing\">Addenda NOFC retards.<\/a><\/p>\n<p><strong>CURS 25-26<\/strong><\/p>\n<p><a href=\"https:\/\/drive.google.com\/file\/d\/1_O9tqYAO5XVleMAJG9prdhZ75x_qv2JS\/view?usp=sharing\">Pressupost<\/a><\/p>\n","protected":false},"excerpt":{"rendered":"<p>AUTORITZACI\u00d3 RECOLLIDA DE L&#8217;ALUMNAT Autoritzaci\u00f3 recollida CARTA DE COMPROM\u00cdS Carta de comprom\u00eds ADDENDA Addenda NOFC retards. CURS 25-26 Pressupost<\/p>\n","protected":false},"author":1,"featured_media":0,"parent":0,"menu_order":3,"comment_status":"closed","ping_status":"closed","template":"","meta":{"_bbp_topic_count":0,"_bbp_reply_count":0,"_bbp_total_topic_count":0,"_bbp_total_reply_count":0,"_bbp_voice_count":0,"_bbp_anonymous_reply_count":0,"_bbp_topic_count_hidden":0,"_bbp_reply_count_hidden":0,"_bbp_forum_subforum_count":0,"site-sidebar-layout":"default","site-content-layout":"","ast-site-content-layout":"default","site-content-style":"default","site-sidebar-style":"default","ast-global-header-display":"","ast-banner-title-visibility":"","ast-main-header-display":"","ast-hfb-above-header-display":"","ast-hfb-below-header-display":"","ast-hfb-mobile-header-display":"","site-post-title":"","ast-breadcrumbs-content":"","ast-featured-img":"","footer-sml-layout":"","theme-transparent-header-meta":"","adv-header-id-meta":"","stick-header-meta":"","header-above-stick-meta":"","header-main-stick-meta":"","header-below-stick-meta":"","astra-migrate-meta-layouts":"set","ast-page-background-enabled":"default","ast-page-background-meta":{"desktop":{"background-color":"var(--ast-global-color-4)","background-image":"","background-repeat":"repeat","background-position":"center center","background-size":"auto","background-attachment":"scroll","background-type":"","background-media":"","overlay-type":"","overlay-color":"","overlay-opacity":"","overlay-gradient":""},"tablet":{"background-color":"","background-image":"","background-repeat":"repeat","background-position":"center center","background-size":"auto","background-attachment":"scroll","background-type":"","background-media":"","overlay-type":"","overlay-color":"","overlay-opacity":"","overlay-gradient":""},"mobile":{"background-color":"","background-image":"","background-repeat":"repeat","background-position":"center center","background-size":"auto","background-attachment":"scroll","background-type":"","background-media":"","overlay-type":"","overlay-color":"","overlay-opacity":"","overlay-gradient":""}},"ast-content-background-meta":{"desktop":{"background-color":"var(--ast-global-color-5)","background-image":"","background-repeat":"repeat","background-position":"center center","background-size":"auto","background-attachment":"scroll","background-type":"","background-media":"","overlay-type":"","overlay-color":"","overlay-opacity":"","overlay-gradient":""},"tablet":{"background-color":"var(--ast-global-color-5)","background-image":"","background-repeat":"repeat","background-position":"center center","background-size":"auto","background-attachment":"scroll","background-type":"","background-media":"","overlay-type":"","overlay-color":"","overlay-opacity":"","overlay-gradient":""},"mobile":{"background-color":"var(--ast-global-color-5)","background-image":"","background-repeat":"repeat","background-position":"center center","background-size":"auto","background-attachment":"scroll","background-type":"","background-media":"","overlay-type":"","overlay-color":"","overlay-opacity":"","overlay-gradient":""}},"footnotes":""},"class_list":["post-572","page","type-page","status-publish","hentry"],"post_mailing_queue_ids":[],"_links":{"self":[{"href":"https:\/\/agora.xtec.cat\/ceipjosepmontserrat\/wp-json\/wp\/v2\/pages\/572","targetHints":{"allow":["GET"]}}],"collection":[{"href":"https:\/\/agora.xtec.cat\/ceipjosepmontserrat\/wp-json\/wp\/v2\/pages"}],"about":[{"href":"https:\/\/agora.xtec.cat\/ceipjosepmontserrat\/wp-json\/wp\/v2\/types\/page"}],"author":[{"embeddable":true,"href":"https:\/\/agora.xtec.cat\/ceipjosepmontserrat\/wp-json\/wp\/v2\/users\/1"}],"replies":[{"embeddable":true,"href":"https:\/\/agora.xtec.cat\/ceipjosepmontserrat\/wp-json\/wp\/v2\/comments?post=572"}],"version-history":[{"count":5,"href":"https:\/\/agora.xtec.cat\/ceipjosepmontserrat\/wp-json\/wp\/v2\/pages\/572\/revisions"}],"predecessor-version":[{"id":5885,"href":"https:\/\/agora.xtec.cat\/ceipjosepmontserrat\/wp-json\/wp\/v2\/pages\/572\/revisions\/5885"}],"wp:attachment":[{"href":"https:\/\/agora.xtec.cat\/ceipjosepmontserrat\/wp-json\/wp\/v2\/media?parent=572"}],"curies":[{"name":"wp","href":"https:\/\/api.w.org\/{rel}","templated":true}]}}